{"id":1238,"date":"2024-09-06T11:27:52","date_gmt":"2024-09-06T09:27:52","guid":{"rendered":"https:\/\/site.ellistat.com\/?page_id=1238"},"modified":"2025-07-22T10:59:53","modified_gmt":"2025-07-22T08:59:53","slug":"du-bist-dsi","status":"publish","type":"page","link":"https:\/\/ellistat.com\/de\/vous-etes-dsi\/","title":{"rendered":"Sie sind - ISD"},"content":{"rendered":"","protected":false},"excerpt":{"rendered":"","protected":false},"author":2,"featured_media":0,"parent":0,"menu_order":0,"comment_status":"closed","ping_status":"closed","template":"","meta":{"_acf_changed":false,"footnotes":""},"categories":[],"tags":[],"class_list":["post-1238","page","type-page","status-publish","hentry"],"acf":[],"yoast_head":"<!-- This site is optimized with the Yoast SEO plugin v27.3 - https:\/\/yoast.com\/product\/yoast-seo-wordpress\/ -->\n<title>Vous \u00eates Responsable des Syst\u00e8mes d&#039;Information ? - Ellistat<\/title>\n<meta name=\"description\" content=\"Vous cherchez un logiciel qualit\u00e9 simple \u00e0 d\u00e9ployer, qui vous garantit de passer les audits s\u00e9curit\u00e9 sereinement ? D\u00e9couvrez Ellistat !\" \/>\n<meta name=\"robots\" content=\"index, follow, max-snippet:-1, max-image-preview:large, max-video-preview:-1\" \/>\n<link rel=\"canonical\" href=\"https:\/\/ellistat.com\/de\/du-bist-dsi\/\" \/>\n<meta property=\"og:locale\" content=\"de_DE\" \/>\n<meta property=\"og:type\" content=\"article\" \/>\n<meta property=\"og:title\" content=\"Vous \u00eates Responsable des Syst\u00e8mes d&#039;Information ? - Ellistat\" \/>\n<meta property=\"og:description\" content=\"Vous cherchez un logiciel qualit\u00e9 simple \u00e0 d\u00e9ployer, qui vous garantit de passer les audits s\u00e9curit\u00e9 sereinement ? D\u00e9couvrez Ellistat !\" \/>\n<meta property=\"og:url\" content=\"https:\/\/ellistat.com\/de\/du-bist-dsi\/\" \/>\n<meta property=\"og:site_name\" content=\"Ellistat\" \/>\n<meta property=\"article:modified_time\" content=\"2025-07-22T08:59:53+00:00\" \/>\n<meta name=\"twitter:card\" content=\"summary_large_image\" \/>\n<script type=\"application\/ld+json\" class=\"yoast-schema-graph\">{\"@context\":\"https:\\\/\\\/schema.org\",\"@graph\":[{\"@type\":\"WebPage\",\"@id\":\"https:\\\/\\\/ellistat.com\\\/vous-etes-dsi\\\/\",\"url\":\"https:\\\/\\\/ellistat.com\\\/vous-etes-dsi\\\/\",\"name\":\"Vous \u00eates Responsable des Syst\u00e8mes d'Information ? - Ellistat\",\"isPartOf\":{\"@id\":\"https:\\\/\\\/ellistat.com\\\/#website\"},\"datePublished\":\"2024-09-06T09:27:52+00:00\",\"dateModified\":\"2025-07-22T08:59:53+00:00\",\"description\":\"Vous cherchez un logiciel qualit\u00e9 simple \u00e0 d\u00e9ployer, qui vous garantit de passer les audits s\u00e9curit\u00e9 sereinement ? D\u00e9couvrez Ellistat !\",\"breadcrumb\":{\"@id\":\"https:\\\/\\\/ellistat.com\\\/vous-etes-dsi\\\/#breadcrumb\"},\"inLanguage\":\"de\",\"potentialAction\":[{\"@type\":\"ReadAction\",\"target\":[\"https:\\\/\\\/ellistat.com\\\/vous-etes-dsi\\\/\"]}]},{\"@type\":\"BreadcrumbList\",\"@id\":\"https:\\\/\\\/ellistat.com\\\/vous-etes-dsi\\\/#breadcrumb\",\"itemListElement\":[{\"@type\":\"ListItem\",\"position\":1,\"name\":\"Accueil\",\"item\":\"https:\\\/\\\/ellistat.com\\\/\"},{\"@type\":\"ListItem\",\"position\":2,\"name\":\"Vous \u00eates &#8211; DSI\"}]},{\"@type\":\"WebSite\",\"@id\":\"https:\\\/\\\/ellistat.com\\\/#website\",\"url\":\"https:\\\/\\\/ellistat.com\\\/\",\"name\":\"Ellistat\",\"description\":\"La suite qualit\u00e9 de l&#039;industrie m\u00e9canique\",\"potentialAction\":[{\"@type\":\"SearchAction\",\"target\":{\"@type\":\"EntryPoint\",\"urlTemplate\":\"https:\\\/\\\/ellistat.com\\\/?s={search_term_string}\"},\"query-input\":{\"@type\":\"PropertyValueSpecification\",\"valueRequired\":true,\"valueName\":\"search_term_string\"}}],\"inLanguage\":\"de\"}]}<\/script>\n<!-- \/ Yoast SEO plugin. -->","yoast_head_json":{"title":"Sind Sie IT-Manager\/in? - Ellistat","description":"Sie suchen eine Qualit\u00e4tssoftware, die einfach zu implementieren ist und Ihnen garantiert, dass Sie Sicherheitsaudits gelassen \u00fcberstehen? Entdecken Sie Ellistat!","robots":{"index":"index","follow":"follow","max-snippet":"max-snippet:-1","max-image-preview":"max-image-preview:large","max-video-preview":"max-video-preview:-1"},"canonical":"https:\/\/ellistat.com\/de\/du-bist-dsi\/","og_locale":"de_DE","og_type":"article","og_title":"Vous \u00eates Responsable des Syst\u00e8mes d'Information ? - Ellistat","og_description":"Vous cherchez un logiciel qualit\u00e9 simple \u00e0 d\u00e9ployer, qui vous garantit de passer les audits s\u00e9curit\u00e9 sereinement ? D\u00e9couvrez Ellistat !","og_url":"https:\/\/ellistat.com\/de\/du-bist-dsi\/","og_site_name":"Ellistat","article_modified_time":"2025-07-22T08:59:53+00:00","twitter_card":"summary_large_image","schema":{"@context":"https:\/\/schema.org","@graph":[{"@type":"WebPage","@id":"https:\/\/ellistat.com\/vous-etes-dsi\/","url":"https:\/\/ellistat.com\/vous-etes-dsi\/","name":"Sind Sie IT-Manager\/in? - Ellistat","isPartOf":{"@id":"https:\/\/ellistat.com\/#website"},"datePublished":"2024-09-06T09:27:52+00:00","dateModified":"2025-07-22T08:59:53+00:00","description":"Sie suchen eine Qualit\u00e4tssoftware, die einfach zu implementieren ist und Ihnen garantiert, dass Sie Sicherheitsaudits gelassen \u00fcberstehen? Entdecken Sie Ellistat!","breadcrumb":{"@id":"https:\/\/ellistat.com\/vous-etes-dsi\/#breadcrumb"},"inLanguage":"de","potentialAction":[{"@type":"ReadAction","target":["https:\/\/ellistat.com\/vous-etes-dsi\/"]}]},{"@type":"BreadcrumbList","@id":"https:\/\/ellistat.com\/vous-etes-dsi\/#breadcrumb","itemListElement":[{"@type":"ListItem","position":1,"name":"Accueil","item":"https:\/\/ellistat.com\/"},{"@type":"ListItem","position":2,"name":"Vous \u00eates &#8211; DSI"}]},{"@type":"WebSite","@id":"https:\/\/ellistat.com\/#website","url":"https:\/\/ellistat.com\/","name":"Ellistat","description":"Die Qualit\u00e4tssuite der Maschinenbauindustrie","potentialAction":[{"@type":"SearchAction","target":{"@type":"EntryPoint","urlTemplate":"https:\/\/ellistat.com\/?s={search_term_string}"},"query-input":{"@type":"PropertyValueSpecification","valueRequired":true,"valueName":"search_term_string"}}],"inLanguage":"de"}]}},"_links":{"self":[{"href":"https:\/\/ellistat.com\/de\/wp-json\/wp\/v2\/pages\/1238","targetHints":{"allow":["GET"]}}],"collection":[{"href":"https:\/\/ellistat.com\/de\/wp-json\/wp\/v2\/pages"}],"about":[{"href":"https:\/\/ellistat.com\/de\/wp-json\/wp\/v2\/types\/page"}],"author":[{"embeddable":true,"href":"https:\/\/ellistat.com\/de\/wp-json\/wp\/v2\/users\/2"}],"replies":[{"embeddable":true,"href":"https:\/\/ellistat.com\/de\/wp-json\/wp\/v2\/comments?post=1238"}],"version-history":[{"count":10,"href":"https:\/\/ellistat.com\/de\/wp-json\/wp\/v2\/pages\/1238\/revisions"}],"predecessor-version":[{"id":4063,"href":"https:\/\/ellistat.com\/de\/wp-json\/wp\/v2\/pages\/1238\/revisions\/4063"}],"wp:attachment":[{"href":"https:\/\/ellistat.com\/de\/wp-json\/wp\/v2\/media?parent=1238"}],"wp:term":[{"taxonomy":"category","embeddable":true,"href":"https:\/\/ellistat.com\/de\/wp-json\/wp\/v2\/categories?post=1238"},{"taxonomy":"post_tag","embeddable":true,"href":"https:\/\/ellistat.com\/de\/wp-json\/wp\/v2\/tags?post=1238"}],"curies":[{"name":"wp","href":"https:\/\/api.w.org\/{rel}","templated":true}]}}