{"id":1291,"date":"2024-09-06T16:03:42","date_gmt":"2024-09-06T14:03:42","guid":{"rendered":"https:\/\/site.ellistat.com\/?page_id=1291"},"modified":"2025-07-22T10:58:02","modified_gmt":"2025-07-22T08:58:02","slug":"medizinsektor","status":"publish","type":"page","link":"https:\/\/ellistat.com\/de\/secteur-medical\/","title":{"rendered":"Sektor - Medizin"},"content":{"rendered":"","protected":false},"excerpt":{"rendered":"","protected":false},"author":2,"featured_media":0,"parent":0,"menu_order":0,"comment_status":"closed","ping_status":"closed","template":"","meta":{"_acf_changed":false,"footnotes":""},"categories":[],"tags":[],"class_list":["post-1291","page","type-page","status-publish","hentry"],"acf":[],"yoast_head":"<!-- This site is optimized with the Yoast SEO plugin v27.3 - https:\/\/yoast.com\/product\/yoast-seo-wordpress\/ -->\n<title>Secteur - M\u00e9dical - Ellistat<\/title>\n<meta name=\"description\" content=\"La suite qualit\u00e9 d&#039;Ellistat est compatible avec les exigences des entreprises du secteur m\u00e9dical.\" \/>\n<meta name=\"robots\" content=\"index, follow, max-snippet:-1, max-image-preview:large, max-video-preview:-1\" \/>\n<link rel=\"canonical\" href=\"https:\/\/ellistat.com\/de\/medizinsektor\/\" \/>\n<meta property=\"og:locale\" content=\"de_DE\" \/>\n<meta property=\"og:type\" content=\"article\" \/>\n<meta property=\"og:title\" content=\"Secteur - M\u00e9dical - Ellistat\" \/>\n<meta property=\"og:description\" content=\"La suite qualit\u00e9 d&#039;Ellistat est compatible avec les exigences des entreprises du secteur m\u00e9dical.\" \/>\n<meta property=\"og:url\" content=\"https:\/\/ellistat.com\/de\/medizinsektor\/\" \/>\n<meta property=\"og:site_name\" content=\"Ellistat\" \/>\n<meta property=\"article:modified_time\" content=\"2025-07-22T08:58:02+00:00\" \/>\n<meta name=\"twitter:card\" content=\"summary_large_image\" \/>\n<script type=\"application\/ld+json\" class=\"yoast-schema-graph\">{\"@context\":\"https:\\\/\\\/schema.org\",\"@graph\":[{\"@type\":\"WebPage\",\"@id\":\"https:\\\/\\\/ellistat.com\\\/secteur-medical\\\/\",\"url\":\"https:\\\/\\\/ellistat.com\\\/secteur-medical\\\/\",\"name\":\"Secteur - M\u00e9dical - Ellistat\",\"isPartOf\":{\"@id\":\"https:\\\/\\\/ellistat.com\\\/#website\"},\"datePublished\":\"2024-09-06T14:03:42+00:00\",\"dateModified\":\"2025-07-22T08:58:02+00:00\",\"description\":\"La suite qualit\u00e9 d'Ellistat est compatible avec les exigences des entreprises du secteur m\u00e9dical.\",\"breadcrumb\":{\"@id\":\"https:\\\/\\\/ellistat.com\\\/secteur-medical\\\/#breadcrumb\"},\"inLanguage\":\"de\",\"potentialAction\":[{\"@type\":\"ReadAction\",\"target\":[\"https:\\\/\\\/ellistat.com\\\/secteur-medical\\\/\"]}]},{\"@type\":\"BreadcrumbList\",\"@id\":\"https:\\\/\\\/ellistat.com\\\/secteur-medical\\\/#breadcrumb\",\"itemListElement\":[{\"@type\":\"ListItem\",\"position\":1,\"name\":\"Accueil\",\"item\":\"https:\\\/\\\/ellistat.com\\\/\"},{\"@type\":\"ListItem\",\"position\":2,\"name\":\"Secteur &#8211; M\u00e9dical\"}]},{\"@type\":\"WebSite\",\"@id\":\"https:\\\/\\\/ellistat.com\\\/#website\",\"url\":\"https:\\\/\\\/ellistat.com\\\/\",\"name\":\"Ellistat\",\"description\":\"La suite qualit\u00e9 de l&#039;industrie m\u00e9canique\",\"potentialAction\":[{\"@type\":\"SearchAction\",\"target\":{\"@type\":\"EntryPoint\",\"urlTemplate\":\"https:\\\/\\\/ellistat.com\\\/?s={search_term_string}\"},\"query-input\":{\"@type\":\"PropertyValueSpecification\",\"valueRequired\":true,\"valueName\":\"search_term_string\"}}],\"inLanguage\":\"de\"}]}<\/script>\n<!-- \/ Yoast SEO plugin. -->","yoast_head_json":{"title":"Sektor - Medizinisch - Ellistat","description":"Die Ellistat-Qualit\u00e4tssuite ist mit den Anforderungen von Unternehmen im medizinischen Bereich kompatibel.","robots":{"index":"index","follow":"follow","max-snippet":"max-snippet:-1","max-image-preview":"max-image-preview:large","max-video-preview":"max-video-preview:-1"},"canonical":"https:\/\/ellistat.com\/de\/medizinsektor\/","og_locale":"de_DE","og_type":"article","og_title":"Secteur - M\u00e9dical - Ellistat","og_description":"La suite qualit\u00e9 d'Ellistat est compatible avec les exigences des entreprises du secteur m\u00e9dical.","og_url":"https:\/\/ellistat.com\/de\/medizinsektor\/","og_site_name":"Ellistat","article_modified_time":"2025-07-22T08:58:02+00:00","twitter_card":"summary_large_image","schema":{"@context":"https:\/\/schema.org","@graph":[{"@type":"WebPage","@id":"https:\/\/ellistat.com\/secteur-medical\/","url":"https:\/\/ellistat.com\/secteur-medical\/","name":"Sektor - Medizinisch - Ellistat","isPartOf":{"@id":"https:\/\/ellistat.com\/#website"},"datePublished":"2024-09-06T14:03:42+00:00","dateModified":"2025-07-22T08:58:02+00:00","description":"Die Ellistat-Qualit\u00e4tssuite ist mit den Anforderungen von Unternehmen im medizinischen Bereich kompatibel.","breadcrumb":{"@id":"https:\/\/ellistat.com\/secteur-medical\/#breadcrumb"},"inLanguage":"de","potentialAction":[{"@type":"ReadAction","target":["https:\/\/ellistat.com\/secteur-medical\/"]}]},{"@type":"BreadcrumbList","@id":"https:\/\/ellistat.com\/secteur-medical\/#breadcrumb","itemListElement":[{"@type":"ListItem","position":1,"name":"Accueil","item":"https:\/\/ellistat.com\/"},{"@type":"ListItem","position":2,"name":"Secteur &#8211; M\u00e9dical"}]},{"@type":"WebSite","@id":"https:\/\/ellistat.com\/#website","url":"https:\/\/ellistat.com\/","name":"Ellistat","description":"Die Qualit\u00e4tssuite der Maschinenbauindustrie","potentialAction":[{"@type":"SearchAction","target":{"@type":"EntryPoint","urlTemplate":"https:\/\/ellistat.com\/?s={search_term_string}"},"query-input":{"@type":"PropertyValueSpecification","valueRequired":true,"valueName":"search_term_string"}}],"inLanguage":"de"}]}},"_links":{"self":[{"href":"https:\/\/ellistat.com\/de\/wp-json\/wp\/v2\/pages\/1291","targetHints":{"allow":["GET"]}}],"collection":[{"href":"https:\/\/ellistat.com\/de\/wp-json\/wp\/v2\/pages"}],"about":[{"href":"https:\/\/ellistat.com\/de\/wp-json\/wp\/v2\/types\/page"}],"author":[{"embeddable":true,"href":"https:\/\/ellistat.com\/de\/wp-json\/wp\/v2\/users\/2"}],"replies":[{"embeddable":true,"href":"https:\/\/ellistat.com\/de\/wp-json\/wp\/v2\/comments?post=1291"}],"version-history":[{"count":21,"href":"https:\/\/ellistat.com\/de\/wp-json\/wp\/v2\/pages\/1291\/revisions"}],"predecessor-version":[{"id":4062,"href":"https:\/\/ellistat.com\/de\/wp-json\/wp\/v2\/pages\/1291\/revisions\/4062"}],"wp:attachment":[{"href":"https:\/\/ellistat.com\/de\/wp-json\/wp\/v2\/media?parent=1291"}],"wp:term":[{"taxonomy":"category","embeddable":true,"href":"https:\/\/ellistat.com\/de\/wp-json\/wp\/v2\/categories?post=1291"},{"taxonomy":"post_tag","embeddable":true,"href":"https:\/\/ellistat.com\/de\/wp-json\/wp\/v2\/tags?post=1291"}],"curies":[{"name":"wp","href":"https:\/\/api.w.org\/{rel}","templated":true}]}}