{"id":1298,"date":"2024-09-06T16:06:06","date_gmt":"2024-09-06T14:06:06","guid":{"rendered":"https:\/\/site.ellistat.com\/?page_id=1298"},"modified":"2025-02-25T11:57:58","modified_gmt":"2025-02-25T10:57:58","slug":"sie-sind-produktionsleiter-in","status":"publish","type":"page","link":"https:\/\/ellistat.com\/de\/vous-etes-responsable-de-production\/","title":{"rendered":"Sind Sie - Produktionsleiter\/in?"},"content":{"rendered":"","protected":false},"excerpt":{"rendered":"","protected":false},"author":2,"featured_media":0,"parent":0,"menu_order":0,"comment_status":"closed","ping_status":"closed","template":"","meta":{"_acf_changed":false,"footnotes":""},"categories":[],"tags":[],"class_list":["post-1298","page","type-page","status-publish","hentry"],"acf":[],"yoast_head":"<!-- This site is optimized with the Yoast SEO plugin v27.4 - https:\/\/yoast.com\/product\/yoast-seo-wordpress\/ -->\n<title>Vous \u00eates Responsable des Syst\u00e8mes d&#039;Information ? - Ellistat<\/title>\n<meta name=\"description\" content=\"Vous \u00eates Responsable Qualit\u00e9 ou faites partie de l\u2019\u00e9quipe Qualit\u00e9 de votre entreprise ? Vous cherchez un outil pour la digitalisation du flux de production et pouvoir r\u00e9pondre facilement \u00e0 vos audits qualit\u00e9 ? D\u00e9couvrez la suite logiciel Ellistat !\" \/>\n<meta name=\"robots\" content=\"index, follow, max-snippet:-1, max-image-preview:large, max-video-preview:-1\" \/>\n<link rel=\"canonical\" href=\"https:\/\/ellistat.com\/de\/sie-sind-produktionsleiter-in\/\" \/>\n<meta property=\"og:locale\" content=\"de_DE\" \/>\n<meta property=\"og:type\" content=\"article\" \/>\n<meta property=\"og:title\" content=\"Vous \u00eates Responsable des Syst\u00e8mes d&#039;Information ? - Ellistat\" \/>\n<meta property=\"og:description\" content=\"Vous \u00eates Responsable Qualit\u00e9 ou faites partie de l\u2019\u00e9quipe Qualit\u00e9 de votre entreprise ? Vous cherchez un outil pour la digitalisation du flux de production et pouvoir r\u00e9pondre facilement \u00e0 vos audits qualit\u00e9 ? D\u00e9couvrez la suite logiciel Ellistat !\" \/>\n<meta property=\"og:url\" content=\"https:\/\/ellistat.com\/de\/sie-sind-produktionsleiter-in\/\" \/>\n<meta property=\"og:site_name\" content=\"Ellistat\" \/>\n<meta property=\"article:modified_time\" content=\"2025-02-25T10:57:58+00:00\" \/>\n<meta name=\"twitter:card\" content=\"summary_large_image\" \/>\n<script type=\"application\/ld+json\" class=\"yoast-schema-graph\">{\"@context\":\"https:\\\/\\\/schema.org\",\"@graph\":[{\"@type\":\"WebPage\",\"@id\":\"https:\\\/\\\/ellistat.com\\\/vous-etes-responsable-de-production\\\/\",\"url\":\"https:\\\/\\\/ellistat.com\\\/vous-etes-responsable-de-production\\\/\",\"name\":\"Vous \u00eates Responsable des Syst\u00e8mes d'Information ? - Ellistat\",\"isPartOf\":{\"@id\":\"https:\\\/\\\/ellistat.com\\\/#website\"},\"datePublished\":\"2024-09-06T14:06:06+00:00\",\"dateModified\":\"2025-02-25T10:57:58+00:00\",\"description\":\"Vous \u00eates Responsable Qualit\u00e9 ou faites partie de l\u2019\u00e9quipe Qualit\u00e9 de votre entreprise ? Vous cherchez un outil pour la digitalisation du flux de production et pouvoir r\u00e9pondre facilement \u00e0 vos audits qualit\u00e9 ? D\u00e9couvrez la suite logiciel Ellistat !\",\"breadcrumb\":{\"@id\":\"https:\\\/\\\/ellistat.com\\\/vous-etes-responsable-de-production\\\/#breadcrumb\"},\"inLanguage\":\"de\",\"potentialAction\":[{\"@type\":\"ReadAction\",\"target\":[\"https:\\\/\\\/ellistat.com\\\/vous-etes-responsable-de-production\\\/\"]}]},{\"@type\":\"BreadcrumbList\",\"@id\":\"https:\\\/\\\/ellistat.com\\\/vous-etes-responsable-de-production\\\/#breadcrumb\",\"itemListElement\":[{\"@type\":\"ListItem\",\"position\":1,\"name\":\"Accueil\",\"item\":\"https:\\\/\\\/ellistat.com\\\/\"},{\"@type\":\"ListItem\",\"position\":2,\"name\":\"Vous \u00eates &#8211; Responsable de Production ?\"}]},{\"@type\":\"WebSite\",\"@id\":\"https:\\\/\\\/ellistat.com\\\/#website\",\"url\":\"https:\\\/\\\/ellistat.com\\\/\",\"name\":\"Ellistat\",\"description\":\"La suite qualit\u00e9 de l&#039;industrie m\u00e9canique\",\"potentialAction\":[{\"@type\":\"SearchAction\",\"target\":{\"@type\":\"EntryPoint\",\"urlTemplate\":\"https:\\\/\\\/ellistat.com\\\/?s={search_term_string}\"},\"query-input\":{\"@type\":\"PropertyValueSpecification\",\"valueRequired\":true,\"valueName\":\"search_term_string\"}}],\"inLanguage\":\"de\"}]}<\/script>\n<!-- \/ Yoast SEO plugin. -->","yoast_head_json":{"title":"Sind Sie IT-Manager\/in? - Ellistat","description":"Sie sind Qualit\u00e4tsmanager oder Teil des Qualit\u00e4tsteams Ihres Unternehmens? Sie suchen nach einem Werkzeug zur Digitalisierung des Produktionsablaufs und um einfach auf Ihre Qualit\u00e4tsaudits reagieren zu k\u00f6nnen? Entdecken Sie die Software-Suite Ellistat!","robots":{"index":"index","follow":"follow","max-snippet":"max-snippet:-1","max-image-preview":"max-image-preview:large","max-video-preview":"max-video-preview:-1"},"canonical":"https:\/\/ellistat.com\/de\/sie-sind-produktionsleiter-in\/","og_locale":"de_DE","og_type":"article","og_title":"Vous \u00eates Responsable des Syst\u00e8mes d'Information ? - Ellistat","og_description":"Vous \u00eates Responsable Qualit\u00e9 ou faites partie de l\u2019\u00e9quipe Qualit\u00e9 de votre entreprise ? Vous cherchez un outil pour la digitalisation du flux de production et pouvoir r\u00e9pondre facilement \u00e0 vos audits qualit\u00e9 ? D\u00e9couvrez la suite logiciel Ellistat !","og_url":"https:\/\/ellistat.com\/de\/sie-sind-produktionsleiter-in\/","og_site_name":"Ellistat","article_modified_time":"2025-02-25T10:57:58+00:00","twitter_card":"summary_large_image","schema":{"@context":"https:\/\/schema.org","@graph":[{"@type":"WebPage","@id":"https:\/\/ellistat.com\/vous-etes-responsable-de-production\/","url":"https:\/\/ellistat.com\/vous-etes-responsable-de-production\/","name":"Sind Sie IT-Manager\/in? - Ellistat","isPartOf":{"@id":"https:\/\/ellistat.com\/#website"},"datePublished":"2024-09-06T14:06:06+00:00","dateModified":"2025-02-25T10:57:58+00:00","description":"Sie sind Qualit\u00e4tsmanager oder Teil des Qualit\u00e4tsteams Ihres Unternehmens? Sie suchen nach einem Werkzeug zur Digitalisierung des Produktionsablaufs und um einfach auf Ihre Qualit\u00e4tsaudits reagieren zu k\u00f6nnen? Entdecken Sie die Software-Suite Ellistat!","breadcrumb":{"@id":"https:\/\/ellistat.com\/vous-etes-responsable-de-production\/#breadcrumb"},"inLanguage":"de","potentialAction":[{"@type":"ReadAction","target":["https:\/\/ellistat.com\/vous-etes-responsable-de-production\/"]}]},{"@type":"BreadcrumbList","@id":"https:\/\/ellistat.com\/vous-etes-responsable-de-production\/#breadcrumb","itemListElement":[{"@type":"ListItem","position":1,"name":"Accueil","item":"https:\/\/ellistat.com\/"},{"@type":"ListItem","position":2,"name":"Vous \u00eates &#8211; Responsable de Production ?"}]},{"@type":"WebSite","@id":"https:\/\/ellistat.com\/#website","url":"https:\/\/ellistat.com\/","name":"Ellistat","description":"Die Qualit\u00e4tssuite der Maschinenbauindustrie","potentialAction":[{"@type":"SearchAction","target":{"@type":"EntryPoint","urlTemplate":"https:\/\/ellistat.com\/?s={search_term_string}"},"query-input":{"@type":"PropertyValueSpecification","valueRequired":true,"valueName":"search_term_string"}}],"inLanguage":"de"}]}},"_links":{"self":[{"href":"https:\/\/ellistat.com\/de\/wp-json\/wp\/v2\/pages\/1298","targetHints":{"allow":["GET"]}}],"collection":[{"href":"https:\/\/ellistat.com\/de\/wp-json\/wp\/v2\/pages"}],"about":[{"href":"https:\/\/ellistat.com\/de\/wp-json\/wp\/v2\/types\/page"}],"author":[{"embeddable":true,"href":"https:\/\/ellistat.com\/de\/wp-json\/wp\/v2\/users\/2"}],"replies":[{"embeddable":true,"href":"https:\/\/ellistat.com\/de\/wp-json\/wp\/v2\/comments?post=1298"}],"version-history":[{"count":13,"href":"https:\/\/ellistat.com\/de\/wp-json\/wp\/v2\/pages\/1298\/revisions"}],"predecessor-version":[{"id":3901,"href":"https:\/\/ellistat.com\/de\/wp-json\/wp\/v2\/pages\/1298\/revisions\/3901"}],"wp:attachment":[{"href":"https:\/\/ellistat.com\/de\/wp-json\/wp\/v2\/media?parent=1298"}],"wp:term":[{"taxonomy":"category","embeddable":true,"href":"https:\/\/ellistat.com\/de\/wp-json\/wp\/v2\/categories?post=1298"},{"taxonomy":"post_tag","embeddable":true,"href":"https:\/\/ellistat.com\/de\/wp-json\/wp\/v2\/tags?post=1298"}],"curies":[{"name":"wp","href":"https:\/\/api.w.org\/{rel}","templated":true}]}}