{"id":1577,"date":"2024-09-11T07:32:20","date_gmt":"2024-09-11T05:32:20","guid":{"rendered":"https:\/\/site.ellistat.com\/?page_id=1577"},"modified":"2025-10-01T16:23:54","modified_gmt":"2025-10-01T14:23:54","slug":"befahigung-2","status":"publish","type":"page","link":"https:\/\/ellistat.com\/de\/formation\/capabilite-2\/","title":{"rendered":"Bildung - F\u00e4higkeit"},"content":{"rendered":"","protected":false},"excerpt":{"rendered":"<p>Prozessf\u00e4higkeit verstehen, berechnen und interpretieren<\/p>","protected":false},"author":2,"featured_media":3776,"parent":1754,"menu_order":0,"comment_status":"closed","ping_status":"closed","template":"","meta":{"_acf_changed":false,"footnotes":""},"categories":[8],"tags":[16,17,14],"class_list":["post-1577","page","type-page","status-publish","has-post-thumbnail","hentry","category-formation","tag-e-learning","tag-presentiel","tag-statistiques"],"acf":[],"yoast_head":"<!-- This site is optimized with the Yoast SEO plugin v27.4 - https:\/\/yoast.com\/product\/yoast-seo-wordpress\/ -->\n<title>Formation Capabilit\u00e9<\/title>\n<meta name=\"description\" content=\"La formation Capabilit\u00e9 fournit une compr\u00e9hension approfondie des diff\u00e9rents termes et concepts de capabilit\u00e9, essentiels pour analyser et am\u00e9liorer la qualit\u00e9 et l&#039;efficacit\u00e9 des processus de production dans divers secteurs industriels\u200b\u200b.\" \/>\n<meta name=\"robots\" content=\"index, follow, max-snippet:-1, max-image-preview:large, max-video-preview:-1\" \/>\n<link rel=\"canonical\" href=\"https:\/\/ellistat.com\/de\/ausbildung\/befahigung-2\/\" \/>\n<meta property=\"og:locale\" content=\"de_DE\" \/>\n<meta property=\"og:type\" content=\"article\" \/>\n<meta property=\"og:title\" content=\"Formation Capabilit\u00e9\" \/>\n<meta property=\"og:description\" content=\"La formation Capabilit\u00e9 fournit une compr\u00e9hension approfondie des diff\u00e9rents termes et concepts de capabilit\u00e9, essentiels pour analyser et am\u00e9liorer la qualit\u00e9 et l&#039;efficacit\u00e9 des processus de production dans divers secteurs industriels\u200b\u200b.\" \/>\n<meta property=\"og:url\" content=\"https:\/\/ellistat.com\/de\/ausbildung\/befahigung-2\/\" \/>\n<meta property=\"og:site_name\" content=\"Ellistat\" \/>\n<meta property=\"article:modified_time\" content=\"2025-10-01T14:23:54+00:00\" \/>\n<meta property=\"og:image\" content=\"https:\/\/ellistat.com\/wp-content\/uploads\/Formation_picto_GO_Capabilite.png\" \/>\n\t<meta property=\"og:image:width\" content=\"209\" \/>\n\t<meta property=\"og:image:height\" content=\"209\" \/>\n\t<meta property=\"og:image:type\" content=\"image\/png\" \/>\n<meta name=\"twitter:card\" content=\"summary_large_image\" \/>\n<meta name=\"twitter:label1\" content=\"Gesch\u00e4tzte Lesezeit\" \/>\n\t<meta name=\"twitter:data1\" content=\"1\u00a0Minute\" \/>\n<script type=\"application\/ld+json\" class=\"yoast-schema-graph\">{\"@context\":\"https:\\\/\\\/schema.org\",\"@graph\":[{\"@type\":\"WebPage\",\"@id\":\"https:\\\/\\\/ellistat.com\\\/formation\\\/capabilite-2\\\/\",\"url\":\"https:\\\/\\\/ellistat.com\\\/formation\\\/capabilite-2\\\/\",\"name\":\"Formation Capabilit\u00e9\",\"isPartOf\":{\"@id\":\"https:\\\/\\\/ellistat.com\\\/#website\"},\"primaryImageOfPage\":{\"@id\":\"https:\\\/\\\/ellistat.com\\\/formation\\\/capabilite-2\\\/#primaryimage\"},\"image\":{\"@id\":\"https:\\\/\\\/ellistat.com\\\/formation\\\/capabilite-2\\\/#primaryimage\"},\"thumbnailUrl\":\"https:\\\/\\\/ellistat.com\\\/wp-content\\\/uploads\\\/Formation_picto_GO_Capabilite.png\",\"datePublished\":\"2024-09-11T05:32:20+00:00\",\"dateModified\":\"2025-10-01T14:23:54+00:00\",\"description\":\"La formation Capabilit\u00e9 fournit une compr\u00e9hension approfondie des diff\u00e9rents termes et concepts de capabilit\u00e9, essentiels pour analyser et am\u00e9liorer la qualit\u00e9 et l'efficacit\u00e9 des processus de production dans divers secteurs industriels\u200b\u200b.\",\"breadcrumb\":{\"@id\":\"https:\\\/\\\/ellistat.com\\\/formation\\\/capabilite-2\\\/#breadcrumb\"},\"inLanguage\":\"de\",\"potentialAction\":[{\"@type\":\"ReadAction\",\"target\":[\"https:\\\/\\\/ellistat.com\\\/formation\\\/capabilite-2\\\/\"]}]},{\"@type\":\"ImageObject\",\"inLanguage\":\"de\",\"@id\":\"https:\\\/\\\/ellistat.com\\\/formation\\\/capabilite-2\\\/#primaryimage\",\"url\":\"https:\\\/\\\/ellistat.com\\\/wp-content\\\/uploads\\\/Formation_picto_GO_Capabilite.png\",\"contentUrl\":\"https:\\\/\\\/ellistat.com\\\/wp-content\\\/uploads\\\/Formation_picto_GO_Capabilite.png\",\"width\":209,\"height\":209,\"caption\":\"Courbe de Gauss pour repr\u00e9senter la capabilit\u00e9 et notre formation\"},{\"@type\":\"BreadcrumbList\",\"@id\":\"https:\\\/\\\/ellistat.com\\\/formation\\\/capabilite-2\\\/#breadcrumb\",\"itemListElement\":[{\"@type\":\"ListItem\",\"position\":1,\"name\":\"Accueil\",\"item\":\"https:\\\/\\\/ellistat.com\\\/\"},{\"@type\":\"ListItem\",\"position\":2,\"name\":\"Formation\",\"item\":\"https:\\\/\\\/ellistat.com\\\/formation\\\/\"},{\"@type\":\"ListItem\",\"position\":3,\"name\":\"Formation &#8211; Capabilit\u00e9\"}]},{\"@type\":\"WebSite\",\"@id\":\"https:\\\/\\\/ellistat.com\\\/#website\",\"url\":\"https:\\\/\\\/ellistat.com\\\/\",\"name\":\"Ellistat\",\"description\":\"La suite qualit\u00e9 de l&#039;industrie m\u00e9canique\",\"potentialAction\":[{\"@type\":\"SearchAction\",\"target\":{\"@type\":\"EntryPoint\",\"urlTemplate\":\"https:\\\/\\\/ellistat.com\\\/?s={search_term_string}\"},\"query-input\":{\"@type\":\"PropertyValueSpecification\",\"valueRequired\":true,\"valueName\":\"search_term_string\"}}],\"inLanguage\":\"de\"}]}<\/script>\n<!-- \/ Yoast SEO plugin. -->","yoast_head_json":{"title":"Capability Training","description":"Der Kurs Prozessf\u00e4higkeit vermittelt ein umfassendes Verst\u00e4ndnis der verschiedenen Begriffe und Konzepte der Prozessf\u00e4higkeit, die f\u00fcr die Analyse und Verbesserung der Qualit\u00e4t und Effizienz von Produktionsprozessen in verschiedenen Industriezweigen von entscheidender Bedeutung sind.","robots":{"index":"index","follow":"follow","max-snippet":"max-snippet:-1","max-image-preview":"max-image-preview:large","max-video-preview":"max-video-preview:-1"},"canonical":"https:\/\/ellistat.com\/de\/ausbildung\/befahigung-2\/","og_locale":"de_DE","og_type":"article","og_title":"Formation Capabilit\u00e9","og_description":"La formation Capabilit\u00e9 fournit une compr\u00e9hension approfondie des diff\u00e9rents termes et concepts de capabilit\u00e9, essentiels pour analyser et am\u00e9liorer la qualit\u00e9 et l'efficacit\u00e9 des processus de production dans divers secteurs industriels\u200b\u200b.","og_url":"https:\/\/ellistat.com\/de\/ausbildung\/befahigung-2\/","og_site_name":"Ellistat","article_modified_time":"2025-10-01T14:23:54+00:00","og_image":[{"width":209,"height":209,"url":"https:\/\/ellistat.com\/wp-content\/uploads\/Formation_picto_GO_Capabilite.png","type":"image\/png"}],"twitter_card":"summary_large_image","twitter_misc":{"Gesch\u00e4tzte Lesezeit":"1\u00a0Minute"},"schema":{"@context":"https:\/\/schema.org","@graph":[{"@type":"WebPage","@id":"https:\/\/ellistat.com\/formation\/capabilite-2\/","url":"https:\/\/ellistat.com\/formation\/capabilite-2\/","name":"Capability Training","isPartOf":{"@id":"https:\/\/ellistat.com\/#website"},"primaryImageOfPage":{"@id":"https:\/\/ellistat.com\/formation\/capabilite-2\/#primaryimage"},"image":{"@id":"https:\/\/ellistat.com\/formation\/capabilite-2\/#primaryimage"},"thumbnailUrl":"https:\/\/ellistat.com\/wp-content\/uploads\/Formation_picto_GO_Capabilite.png","datePublished":"2024-09-11T05:32:20+00:00","dateModified":"2025-10-01T14:23:54+00:00","description":"Der Kurs Prozessf\u00e4higkeit vermittelt ein umfassendes Verst\u00e4ndnis der verschiedenen Begriffe und Konzepte der Prozessf\u00e4higkeit, die f\u00fcr die Analyse und Verbesserung der Qualit\u00e4t und Effizienz von Produktionsprozessen in verschiedenen Industriezweigen von entscheidender Bedeutung sind.","breadcrumb":{"@id":"https:\/\/ellistat.com\/formation\/capabilite-2\/#breadcrumb"},"inLanguage":"de","potentialAction":[{"@type":"ReadAction","target":["https:\/\/ellistat.com\/formation\/capabilite-2\/"]}]},{"@type":"ImageObject","inLanguage":"de","@id":"https:\/\/ellistat.com\/formation\/capabilite-2\/#primaryimage","url":"https:\/\/ellistat.com\/wp-content\/uploads\/Formation_picto_GO_Capabilite.png","contentUrl":"https:\/\/ellistat.com\/wp-content\/uploads\/Formation_picto_GO_Capabilite.png","width":209,"height":209,"caption":"Courbe de Gauss pour repr\u00e9senter la capabilit\u00e9 et notre formation"},{"@type":"BreadcrumbList","@id":"https:\/\/ellistat.com\/formation\/capabilite-2\/#breadcrumb","itemListElement":[{"@type":"ListItem","position":1,"name":"Accueil","item":"https:\/\/ellistat.com\/"},{"@type":"ListItem","position":2,"name":"Formation","item":"https:\/\/ellistat.com\/formation\/"},{"@type":"ListItem","position":3,"name":"Formation &#8211; Capabilit\u00e9"}]},{"@type":"WebSite","@id":"https:\/\/ellistat.com\/#website","url":"https:\/\/ellistat.com\/","name":"Ellistat","description":"Die Qualit\u00e4tssuite der Maschinenbauindustrie","potentialAction":[{"@type":"SearchAction","target":{"@type":"EntryPoint","urlTemplate":"https:\/\/ellistat.com\/?s={search_term_string}"},"query-input":{"@type":"PropertyValueSpecification","valueRequired":true,"valueName":"search_term_string"}}],"inLanguage":"de"}]}},"_links":{"self":[{"href":"https:\/\/ellistat.com\/de\/wp-json\/wp\/v2\/pages\/1577","targetHints":{"allow":["GET"]}}],"collection":[{"href":"https:\/\/ellistat.com\/de\/wp-json\/wp\/v2\/pages"}],"about":[{"href":"https:\/\/ellistat.com\/de\/wp-json\/wp\/v2\/types\/page"}],"author":[{"embeddable":true,"href":"https:\/\/ellistat.com\/de\/wp-json\/wp\/v2\/users\/2"}],"replies":[{"embeddable":true,"href":"https:\/\/ellistat.com\/de\/wp-json\/wp\/v2\/comments?post=1577"}],"version-history":[{"count":30,"href":"https:\/\/ellistat.com\/de\/wp-json\/wp\/v2\/pages\/1577\/revisions"}],"predecessor-version":[{"id":4183,"href":"https:\/\/ellistat.com\/de\/wp-json\/wp\/v2\/pages\/1577\/revisions\/4183"}],"up":[{"embeddable":true,"href":"https:\/\/ellistat.com\/de\/wp-json\/wp\/v2\/pages\/1754"}],"wp:featuredmedia":[{"embeddable":true,"href":"https:\/\/ellistat.com\/de\/wp-json\/wp\/v2\/media\/3776"}],"wp:attachment":[{"href":"https:\/\/ellistat.com\/de\/wp-json\/wp\/v2\/media?parent=1577"}],"wp:term":[{"taxonomy":"category","embeddable":true,"href":"https:\/\/ellistat.com\/de\/wp-json\/wp\/v2\/categories?post=1577"},{"taxonomy":"post_tag","embeddable":true,"href":"https:\/\/ellistat.com\/de\/wp-json\/wp\/v2\/tags?post=1577"}],"curies":[{"name":"wp","href":"https:\/\/api.w.org\/{rel}","templated":true}]}}