{"id":842,"date":"2024-09-05T09:07:14","date_gmt":"2024-09-05T07:07:14","guid":{"rendered":"https:\/\/site.ellistat.com\/?page_id=842"},"modified":"2025-02-25T15:55:49","modified_gmt":"2025-02-25T14:55:49","slug":"befahigung-3","status":"publish","type":"page","link":"https:\/\/ellistat.com\/de\/capabilite\/","title":{"rendered":"Data Analysis - F\u00e4higkeit"},"content":{"rendered":"","protected":false},"excerpt":{"rendered":"","protected":false},"author":2,"featured_media":0,"parent":0,"menu_order":0,"comment_status":"closed","ping_status":"closed","template":"","meta":{"_acf_changed":false,"footnotes":""},"categories":[],"tags":[],"class_list":["post-842","page","type-page","status-publish","hentry"],"acf":[],"yoast_head":"<!-- This site is optimized with the Yoast SEO plugin v27.3 - https:\/\/yoast.com\/product\/yoast-seo-wordpress\/ -->\n<title>Ellistat - Logiciel de calcul de capabilit\u00e9 et carte de contr\u00f4le<\/title>\n<meta name=\"description\" content=\"Le logiciel statistique con\u00e7u pour les industriels, permettant de calculer capabilit\u00e9, histogrammes et cartes de contr\u00f4le en deux clics.\" \/>\n<meta name=\"robots\" content=\"index, follow, max-snippet:-1, max-image-preview:large, max-video-preview:-1\" \/>\n<link rel=\"canonical\" href=\"https:\/\/ellistat.com\/de\/befahigung-3\/\" \/>\n<meta property=\"og:locale\" content=\"de_DE\" \/>\n<meta property=\"og:type\" content=\"article\" \/>\n<meta property=\"og:title\" content=\"Ellistat - Logiciel de calcul de capabilit\u00e9 et carte de contr\u00f4le\" \/>\n<meta property=\"og:description\" content=\"Le logiciel statistique con\u00e7u pour les industriels, permettant de calculer capabilit\u00e9, histogrammes et cartes de contr\u00f4le en deux clics.\" \/>\n<meta property=\"og:url\" content=\"https:\/\/ellistat.com\/de\/befahigung-3\/\" \/>\n<meta property=\"og:site_name\" content=\"Ellistat\" \/>\n<meta property=\"article:modified_time\" content=\"2025-02-25T14:55:49+00:00\" \/>\n<meta name=\"twitter:card\" content=\"summary_large_image\" \/>\n<script type=\"application\/ld+json\" class=\"yoast-schema-graph\">{\"@context\":\"https:\\\/\\\/schema.org\",\"@graph\":[{\"@type\":\"WebPage\",\"@id\":\"https:\\\/\\\/ellistat.com\\\/capabilite\\\/\",\"url\":\"https:\\\/\\\/ellistat.com\\\/capabilite\\\/\",\"name\":\"Ellistat - Logiciel de calcul de capabilit\u00e9 et carte de contr\u00f4le\",\"isPartOf\":{\"@id\":\"https:\\\/\\\/ellistat.com\\\/#website\"},\"datePublished\":\"2024-09-05T07:07:14+00:00\",\"dateModified\":\"2025-02-25T14:55:49+00:00\",\"description\":\"Le logiciel statistique con\u00e7u pour les industriels, permettant de calculer capabilit\u00e9, histogrammes et cartes de contr\u00f4le en deux clics.\",\"breadcrumb\":{\"@id\":\"https:\\\/\\\/ellistat.com\\\/capabilite\\\/#breadcrumb\"},\"inLanguage\":\"de\",\"potentialAction\":[{\"@type\":\"ReadAction\",\"target\":[\"https:\\\/\\\/ellistat.com\\\/capabilite\\\/\"]}]},{\"@type\":\"BreadcrumbList\",\"@id\":\"https:\\\/\\\/ellistat.com\\\/capabilite\\\/#breadcrumb\",\"itemListElement\":[{\"@type\":\"ListItem\",\"position\":1,\"name\":\"Accueil\",\"item\":\"https:\\\/\\\/ellistat.com\\\/\"},{\"@type\":\"ListItem\",\"position\":2,\"name\":\"Data Analysis &#8211; Capabilit\u00e9\"}]},{\"@type\":\"WebSite\",\"@id\":\"https:\\\/\\\/ellistat.com\\\/#website\",\"url\":\"https:\\\/\\\/ellistat.com\\\/\",\"name\":\"Ellistat\",\"description\":\"La suite qualit\u00e9 de l&#039;industrie m\u00e9canique\",\"potentialAction\":[{\"@type\":\"SearchAction\",\"target\":{\"@type\":\"EntryPoint\",\"urlTemplate\":\"https:\\\/\\\/ellistat.com\\\/?s={search_term_string}\"},\"query-input\":{\"@type\":\"PropertyValueSpecification\",\"valueRequired\":true,\"valueName\":\"search_term_string\"}}],\"inLanguage\":\"de\"}]}<\/script>\n<!-- \/ Yoast SEO plugin. -->","yoast_head_json":{"title":"Ellistat - Software zur Berechnung der Prozessf\u00e4higkeit und Regelkarte","description":"Die f\u00fcr die Industrie entwickelte Statistiksoftware, mit der Sie mit zwei Klicks Prozessf\u00e4higkeit, Histogramme und Regelkarten berechnen k\u00f6nnen.","robots":{"index":"index","follow":"follow","max-snippet":"max-snippet:-1","max-image-preview":"max-image-preview:large","max-video-preview":"max-video-preview:-1"},"canonical":"https:\/\/ellistat.com\/de\/befahigung-3\/","og_locale":"de_DE","og_type":"article","og_title":"Ellistat - Logiciel de calcul de capabilit\u00e9 et carte de contr\u00f4le","og_description":"Le logiciel statistique con\u00e7u pour les industriels, permettant de calculer capabilit\u00e9, histogrammes et cartes de contr\u00f4le en deux clics.","og_url":"https:\/\/ellistat.com\/de\/befahigung-3\/","og_site_name":"Ellistat","article_modified_time":"2025-02-25T14:55:49+00:00","twitter_card":"summary_large_image","schema":{"@context":"https:\/\/schema.org","@graph":[{"@type":"WebPage","@id":"https:\/\/ellistat.com\/capabilite\/","url":"https:\/\/ellistat.com\/capabilite\/","name":"Ellistat - Software zur Berechnung der Prozessf\u00e4higkeit und Regelkarte","isPartOf":{"@id":"https:\/\/ellistat.com\/#website"},"datePublished":"2024-09-05T07:07:14+00:00","dateModified":"2025-02-25T14:55:49+00:00","description":"Die f\u00fcr die Industrie entwickelte Statistiksoftware, mit der Sie mit zwei Klicks Prozessf\u00e4higkeit, Histogramme und Regelkarten berechnen k\u00f6nnen.","breadcrumb":{"@id":"https:\/\/ellistat.com\/capabilite\/#breadcrumb"},"inLanguage":"de","potentialAction":[{"@type":"ReadAction","target":["https:\/\/ellistat.com\/capabilite\/"]}]},{"@type":"BreadcrumbList","@id":"https:\/\/ellistat.com\/capabilite\/#breadcrumb","itemListElement":[{"@type":"ListItem","position":1,"name":"Accueil","item":"https:\/\/ellistat.com\/"},{"@type":"ListItem","position":2,"name":"Data Analysis &#8211; Capabilit\u00e9"}]},{"@type":"WebSite","@id":"https:\/\/ellistat.com\/#website","url":"https:\/\/ellistat.com\/","name":"Ellistat","description":"Die Qualit\u00e4tssuite der Maschinenbauindustrie","potentialAction":[{"@type":"SearchAction","target":{"@type":"EntryPoint","urlTemplate":"https:\/\/ellistat.com\/?s={search_term_string}"},"query-input":{"@type":"PropertyValueSpecification","valueRequired":true,"valueName":"search_term_string"}}],"inLanguage":"de"}]}},"_links":{"self":[{"href":"https:\/\/ellistat.com\/de\/wp-json\/wp\/v2\/pages\/842","targetHints":{"allow":["GET"]}}],"collection":[{"href":"https:\/\/ellistat.com\/de\/wp-json\/wp\/v2\/pages"}],"about":[{"href":"https:\/\/ellistat.com\/de\/wp-json\/wp\/v2\/types\/page"}],"author":[{"embeddable":true,"href":"https:\/\/ellistat.com\/de\/wp-json\/wp\/v2\/users\/2"}],"replies":[{"embeddable":true,"href":"https:\/\/ellistat.com\/de\/wp-json\/wp\/v2\/comments?post=842"}],"version-history":[{"count":30,"href":"https:\/\/ellistat.com\/de\/wp-json\/wp\/v2\/pages\/842\/revisions"}],"predecessor-version":[{"id":3917,"href":"https:\/\/ellistat.com\/de\/wp-json\/wp\/v2\/pages\/842\/revisions\/3917"}],"wp:attachment":[{"href":"https:\/\/ellistat.com\/de\/wp-json\/wp\/v2\/media?parent=842"}],"wp:term":[{"taxonomy":"category","embeddable":true,"href":"https:\/\/ellistat.com\/de\/wp-json\/wp\/v2\/categories?post=842"},{"taxonomy":"post_tag","embeddable":true,"href":"https:\/\/ellistat.com\/de\/wp-json\/wp\/v2\/tags?post=842"}],"curies":[{"name":"wp","href":"https:\/\/api.w.org\/{rel}","templated":true}]}}