{"id":860,"date":"2024-09-04T14:54:01","date_gmt":"2024-09-04T12:54:01","guid":{"rendered":"https:\/\/site.ellistat.com\/?page_id=860"},"modified":"2025-10-01T16:47:26","modified_gmt":"2025-10-01T14:47:26","slug":"software-zur-empfangskontrolle","status":"publish","type":"page","link":"https:\/\/ellistat.com\/de\/logiciel-controle-reception\/","title":{"rendered":"IQC-L\u00f6sung"},"content":{"rendered":"","protected":false},"excerpt":{"rendered":"","protected":false},"author":4,"featured_media":0,"parent":0,"menu_order":0,"comment_status":"closed","ping_status":"closed","template":"","meta":{"_acf_changed":false,"footnotes":""},"categories":[],"tags":[],"class_list":["post-860","page","type-page","status-publish","hentry"],"acf":[],"yoast_head":"<!-- This site is optimized with the Yoast SEO plugin v27.3 - https:\/\/yoast.com\/product\/yoast-seo-wordpress\/ -->\n<title>Ellistat - Logiciel contr\u00f4le qualit\u00e9 (IQC)<\/title>\n<meta name=\"description\" content=\"Minimisez vos contr\u00f4les r\u00e9ception avec le module IQC d\u2019Ellistat. Am\u00e9liorez la qualit\u00e9 des lots entrants en suivant les normes ISO.\" \/>\n<meta name=\"robots\" content=\"index, follow, max-snippet:-1, max-image-preview:large, max-video-preview:-1\" \/>\n<link rel=\"canonical\" href=\"https:\/\/ellistat.com\/de\/software-zur-empfangskontrolle\/\" \/>\n<meta property=\"og:locale\" content=\"de_DE\" \/>\n<meta property=\"og:type\" content=\"article\" \/>\n<meta property=\"og:title\" content=\"Ellistat - Logiciel contr\u00f4le qualit\u00e9 (IQC)\" \/>\n<meta property=\"og:description\" content=\"Minimisez vos contr\u00f4les r\u00e9ception avec le module IQC d\u2019Ellistat. Am\u00e9liorez la qualit\u00e9 des lots entrants en suivant les normes ISO.\" \/>\n<meta property=\"og:url\" content=\"https:\/\/ellistat.com\/de\/software-zur-empfangskontrolle\/\" \/>\n<meta property=\"og:site_name\" content=\"Ellistat\" \/>\n<meta property=\"article:modified_time\" content=\"2025-10-01T14:47:26+00:00\" \/>\n<meta name=\"twitter:card\" content=\"summary_large_image\" \/>\n<meta name=\"twitter:label1\" content=\"Gesch\u00e4tzte Lesezeit\" \/>\n\t<meta name=\"twitter:data1\" content=\"12\u00a0Minuten\" \/>\n<script type=\"application\/ld+json\" class=\"yoast-schema-graph\">{\"@context\":\"https:\\\/\\\/schema.org\",\"@graph\":[{\"@type\":\"WebPage\",\"@id\":\"https:\\\/\\\/ellistat.com\\\/logiciel-controle-reception\\\/\",\"url\":\"https:\\\/\\\/ellistat.com\\\/logiciel-controle-reception\\\/\",\"name\":\"Ellistat - Logiciel contr\u00f4le qualit\u00e9 (IQC)\",\"isPartOf\":{\"@id\":\"https:\\\/\\\/ellistat.com\\\/#website\"},\"datePublished\":\"2024-09-04T12:54:01+00:00\",\"dateModified\":\"2025-10-01T14:47:26+00:00\",\"description\":\"Minimisez vos contr\u00f4les r\u00e9ception avec le module IQC d\u2019Ellistat. Am\u00e9liorez la qualit\u00e9 des lots entrants en suivant les normes ISO.\",\"breadcrumb\":{\"@id\":\"https:\\\/\\\/ellistat.com\\\/logiciel-controle-reception\\\/#breadcrumb\"},\"inLanguage\":\"de\",\"potentialAction\":[{\"@type\":\"ReadAction\",\"target\":[\"https:\\\/\\\/ellistat.com\\\/logiciel-controle-reception\\\/\"]}]},{\"@type\":\"BreadcrumbList\",\"@id\":\"https:\\\/\\\/ellistat.com\\\/logiciel-controle-reception\\\/#breadcrumb\",\"itemListElement\":[{\"@type\":\"ListItem\",\"position\":1,\"name\":\"Accueil\",\"item\":\"https:\\\/\\\/ellistat.com\\\/\"},{\"@type\":\"ListItem\",\"position\":2,\"name\":\"Solution IQC\"}]},{\"@type\":\"WebSite\",\"@id\":\"https:\\\/\\\/ellistat.com\\\/#website\",\"url\":\"https:\\\/\\\/ellistat.com\\\/\",\"name\":\"Ellistat\",\"description\":\"La suite qualit\u00e9 de l&#039;industrie m\u00e9canique\",\"potentialAction\":[{\"@type\":\"SearchAction\",\"target\":{\"@type\":\"EntryPoint\",\"urlTemplate\":\"https:\\\/\\\/ellistat.com\\\/?s={search_term_string}\"},\"query-input\":{\"@type\":\"PropertyValueSpecification\",\"valueRequired\":true,\"valueName\":\"search_term_string\"}}],\"inLanguage\":\"de\"}]}<\/script>\n<!-- \/ Yoast SEO plugin. -->","yoast_head_json":{"title":"Ellistat - Software f\u00fcr Qualit\u00e4tskontrolle (IQC)","description":"Minimieren Sie Ihre Eingangskontrollen mit dem IQC-Modul von Ellistat. Verbessern Sie die Qualit\u00e4t der eingehenden Chargen, indem Sie die ISO-Normen befolgen.","robots":{"index":"index","follow":"follow","max-snippet":"max-snippet:-1","max-image-preview":"max-image-preview:large","max-video-preview":"max-video-preview:-1"},"canonical":"https:\/\/ellistat.com\/de\/software-zur-empfangskontrolle\/","og_locale":"de_DE","og_type":"article","og_title":"Ellistat - Logiciel contr\u00f4le qualit\u00e9 (IQC)","og_description":"Minimisez vos contr\u00f4les r\u00e9ception avec le module IQC d\u2019Ellistat. Am\u00e9liorez la qualit\u00e9 des lots entrants en suivant les normes ISO.","og_url":"https:\/\/ellistat.com\/de\/software-zur-empfangskontrolle\/","og_site_name":"Ellistat","article_modified_time":"2025-10-01T14:47:26+00:00","twitter_card":"summary_large_image","twitter_misc":{"Gesch\u00e4tzte Lesezeit":"12\u00a0Minuten"},"schema":{"@context":"https:\/\/schema.org","@graph":[{"@type":"WebPage","@id":"https:\/\/ellistat.com\/logiciel-controle-reception\/","url":"https:\/\/ellistat.com\/logiciel-controle-reception\/","name":"Ellistat - Software f\u00fcr Qualit\u00e4tskontrolle (IQC)","isPartOf":{"@id":"https:\/\/ellistat.com\/#website"},"datePublished":"2024-09-04T12:54:01+00:00","dateModified":"2025-10-01T14:47:26+00:00","description":"Minimieren Sie Ihre Eingangskontrollen mit dem IQC-Modul von Ellistat. Verbessern Sie die Qualit\u00e4t der eingehenden Chargen, indem Sie die ISO-Normen befolgen.","breadcrumb":{"@id":"https:\/\/ellistat.com\/logiciel-controle-reception\/#breadcrumb"},"inLanguage":"de","potentialAction":[{"@type":"ReadAction","target":["https:\/\/ellistat.com\/logiciel-controle-reception\/"]}]},{"@type":"BreadcrumbList","@id":"https:\/\/ellistat.com\/logiciel-controle-reception\/#breadcrumb","itemListElement":[{"@type":"ListItem","position":1,"name":"Accueil","item":"https:\/\/ellistat.com\/"},{"@type":"ListItem","position":2,"name":"Solution IQC"}]},{"@type":"WebSite","@id":"https:\/\/ellistat.com\/#website","url":"https:\/\/ellistat.com\/","name":"Ellistat","description":"Die Qualit\u00e4tssuite der Maschinenbauindustrie","potentialAction":[{"@type":"SearchAction","target":{"@type":"EntryPoint","urlTemplate":"https:\/\/ellistat.com\/?s={search_term_string}"},"query-input":{"@type":"PropertyValueSpecification","valueRequired":true,"valueName":"search_term_string"}}],"inLanguage":"de"}]}},"_links":{"self":[{"href":"https:\/\/ellistat.com\/de\/wp-json\/wp\/v2\/pages\/860","targetHints":{"allow":["GET"]}}],"collection":[{"href":"https:\/\/ellistat.com\/de\/wp-json\/wp\/v2\/pages"}],"about":[{"href":"https:\/\/ellistat.com\/de\/wp-json\/wp\/v2\/types\/page"}],"author":[{"embeddable":true,"href":"https:\/\/ellistat.com\/de\/wp-json\/wp\/v2\/users\/4"}],"replies":[{"embeddable":true,"href":"https:\/\/ellistat.com\/de\/wp-json\/wp\/v2\/comments?post=860"}],"version-history":[{"count":24,"href":"https:\/\/ellistat.com\/de\/wp-json\/wp\/v2\/pages\/860\/revisions"}],"predecessor-version":[{"id":4192,"href":"https:\/\/ellistat.com\/de\/wp-json\/wp\/v2\/pages\/860\/revisions\/4192"}],"wp:attachment":[{"href":"https:\/\/ellistat.com\/de\/wp-json\/wp\/v2\/media?parent=860"}],"wp:term":[{"taxonomy":"category","embeddable":true,"href":"https:\/\/ellistat.com\/de\/wp-json\/wp\/v2\/categories?post=860"},{"taxonomy":"post_tag","embeddable":true,"href":"https:\/\/ellistat.com\/de\/wp-json\/wp\/v2\/tags?post=860"}],"curies":[{"name":"wp","href":"https:\/\/api.w.org\/{rel}","templated":true}]}}