{"id":1032,"date":"2024-09-05T09:09:41","date_gmt":"2024-09-05T07:09:41","guid":{"rendered":"https:\/\/site.ellistat.com\/?page_id=1032"},"modified":"2025-02-04T10:17:58","modified_gmt":"2025-02-04T09:17:58","slug":"graphic-analysis","status":"publish","type":"page","link":"https:\/\/ellistat.com\/en\/analyse-graphique\/","title":{"rendered":"Data Analysis - Graphical analysis"},"content":{"rendered":"","protected":false},"excerpt":{"rendered":"","protected":false},"author":2,"featured_media":0,"parent":0,"menu_order":0,"comment_status":"closed","ping_status":"closed","template":"","meta":{"_acf_changed":false,"footnotes":""},"categories":[],"tags":[],"class_list":["post-1032","page","type-page","status-publish","hentry"],"acf":[],"yoast_head":"<!-- This site is optimized with the Yoast SEO plugin v27.3 - https:\/\/yoast.com\/product\/yoast-seo-wordpress\/ -->\n<title>Ellistat - Logiciel d&#039;analyse graphique<\/title>\n<meta name=\"description\" content=\"L&#039;analyse graphique dans Ellistat offre des fonctionnalit\u00e9s avanc\u00e9es pour visualiser des donn\u00e9es de mani\u00e8re claire et intuitive.\" \/>\n<meta name=\"robots\" content=\"index, follow, max-snippet:-1, max-image-preview:large, max-video-preview:-1\" \/>\n<link rel=\"canonical\" href=\"https:\/\/ellistat.com\/en\/graphic-analysis\/\" \/>\n<meta property=\"og:locale\" content=\"en_US\" \/>\n<meta property=\"og:type\" content=\"article\" \/>\n<meta property=\"og:title\" content=\"Ellistat - Logiciel d&#039;analyse graphique\" \/>\n<meta property=\"og:description\" content=\"L&#039;analyse graphique dans Ellistat offre des fonctionnalit\u00e9s avanc\u00e9es pour visualiser des donn\u00e9es de mani\u00e8re claire et intuitive.\" \/>\n<meta property=\"og:url\" content=\"https:\/\/ellistat.com\/en\/graphic-analysis\/\" \/>\n<meta property=\"og:site_name\" content=\"Ellistat\" \/>\n<meta property=\"article:modified_time\" content=\"2025-02-04T09:17:58+00:00\" \/>\n<meta name=\"twitter:card\" content=\"summary_large_image\" \/>\n<script type=\"application\/ld+json\" class=\"yoast-schema-graph\">{\"@context\":\"https:\\\/\\\/schema.org\",\"@graph\":[{\"@type\":\"WebPage\",\"@id\":\"https:\\\/\\\/ellistat.com\\\/analyse-graphique\\\/\",\"url\":\"https:\\\/\\\/ellistat.com\\\/analyse-graphique\\\/\",\"name\":\"Ellistat - Logiciel d'analyse graphique\",\"isPartOf\":{\"@id\":\"https:\\\/\\\/ellistat.com\\\/#website\"},\"datePublished\":\"2024-09-05T07:09:41+00:00\",\"dateModified\":\"2025-02-04T09:17:58+00:00\",\"description\":\"L'analyse graphique dans Ellistat offre des fonctionnalit\u00e9s avanc\u00e9es pour visualiser des donn\u00e9es de mani\u00e8re claire et intuitive.\",\"breadcrumb\":{\"@id\":\"https:\\\/\\\/ellistat.com\\\/analyse-graphique\\\/#breadcrumb\"},\"inLanguage\":\"en-US\",\"potentialAction\":[{\"@type\":\"ReadAction\",\"target\":[\"https:\\\/\\\/ellistat.com\\\/analyse-graphique\\\/\"]}]},{\"@type\":\"BreadcrumbList\",\"@id\":\"https:\\\/\\\/ellistat.com\\\/analyse-graphique\\\/#breadcrumb\",\"itemListElement\":[{\"@type\":\"ListItem\",\"position\":1,\"name\":\"Accueil\",\"item\":\"https:\\\/\\\/ellistat.com\\\/\"},{\"@type\":\"ListItem\",\"position\":2,\"name\":\"Data Analysis &#8211; Analyse graphique\"}]},{\"@type\":\"WebSite\",\"@id\":\"https:\\\/\\\/ellistat.com\\\/#website\",\"url\":\"https:\\\/\\\/ellistat.com\\\/\",\"name\":\"Ellistat\",\"description\":\"La suite qualit\u00e9 de l&#039;industrie m\u00e9canique\",\"potentialAction\":[{\"@type\":\"SearchAction\",\"target\":{\"@type\":\"EntryPoint\",\"urlTemplate\":\"https:\\\/\\\/ellistat.com\\\/?s={search_term_string}\"},\"query-input\":{\"@type\":\"PropertyValueSpecification\",\"valueRequired\":true,\"valueName\":\"search_term_string\"}}],\"inLanguage\":\"en-US\"}]}<\/script>\n<!-- \/ Yoast SEO plugin. -->","yoast_head_json":{"title":"Ellistat - Graphic analysis software","description":"Ellistat's graphical analysis offers advanced features for visualizing data in a clear and intuitive way.","robots":{"index":"index","follow":"follow","max-snippet":"max-snippet:-1","max-image-preview":"max-image-preview:large","max-video-preview":"max-video-preview:-1"},"canonical":"https:\/\/ellistat.com\/en\/graphic-analysis\/","og_locale":"en_US","og_type":"article","og_title":"Ellistat - Logiciel d'analyse graphique","og_description":"L'analyse graphique dans Ellistat offre des fonctionnalit\u00e9s avanc\u00e9es pour visualiser des donn\u00e9es de mani\u00e8re claire et intuitive.","og_url":"https:\/\/ellistat.com\/en\/graphic-analysis\/","og_site_name":"Ellistat","article_modified_time":"2025-02-04T09:17:58+00:00","twitter_card":"summary_large_image","schema":{"@context":"https:\/\/schema.org","@graph":[{"@type":"WebPage","@id":"https:\/\/ellistat.com\/analyse-graphique\/","url":"https:\/\/ellistat.com\/analyse-graphique\/","name":"Ellistat - Graphic analysis software","isPartOf":{"@id":"https:\/\/ellistat.com\/#website"},"datePublished":"2024-09-05T07:09:41+00:00","dateModified":"2025-02-04T09:17:58+00:00","description":"Ellistat's graphical analysis offers advanced features for visualizing data in a clear and intuitive way.","breadcrumb":{"@id":"https:\/\/ellistat.com\/analyse-graphique\/#breadcrumb"},"inLanguage":"en-US","potentialAction":[{"@type":"ReadAction","target":["https:\/\/ellistat.com\/analyse-graphique\/"]}]},{"@type":"BreadcrumbList","@id":"https:\/\/ellistat.com\/analyse-graphique\/#breadcrumb","itemListElement":[{"@type":"ListItem","position":1,"name":"Accueil","item":"https:\/\/ellistat.com\/"},{"@type":"ListItem","position":2,"name":"Data Analysis &#8211; Analyse graphique"}]},{"@type":"WebSite","@id":"https:\/\/ellistat.com\/#website","url":"https:\/\/ellistat.com\/","name":"Ellistat","description":"The quality suite for the mechanical engineering industry","potentialAction":[{"@type":"SearchAction","target":{"@type":"EntryPoint","urlTemplate":"https:\/\/ellistat.com\/?s={search_term_string}"},"query-input":{"@type":"PropertyValueSpecification","valueRequired":true,"valueName":"search_term_string"}}],"inLanguage":"en-US"}]}},"_links":{"self":[{"href":"https:\/\/ellistat.com\/en\/wp-json\/wp\/v2\/pages\/1032","targetHints":{"allow":["GET"]}}],"collection":[{"href":"https:\/\/ellistat.com\/en\/wp-json\/wp\/v2\/pages"}],"about":[{"href":"https:\/\/ellistat.com\/en\/wp-json\/wp\/v2\/types\/page"}],"author":[{"embeddable":true,"href":"https:\/\/ellistat.com\/en\/wp-json\/wp\/v2\/users\/2"}],"replies":[{"embeddable":true,"href":"https:\/\/ellistat.com\/en\/wp-json\/wp\/v2\/comments?post=1032"}],"version-history":[{"count":17,"href":"https:\/\/ellistat.com\/en\/wp-json\/wp\/v2\/pages\/1032\/revisions"}],"predecessor-version":[{"id":3665,"href":"https:\/\/ellistat.com\/en\/wp-json\/wp\/v2\/pages\/1032\/revisions\/3665"}],"wp:attachment":[{"href":"https:\/\/ellistat.com\/en\/wp-json\/wp\/v2\/media?parent=1032"}],"wp:term":[{"taxonomy":"category","embeddable":true,"href":"https:\/\/ellistat.com\/en\/wp-json\/wp\/v2\/categories?post=1032"},{"taxonomy":"post_tag","embeddable":true,"href":"https:\/\/ellistat.com\/en\/wp-json\/wp\/v2\/tags?post=1032"}],"curies":[{"name":"wp","href":"https:\/\/api.w.org\/{rel}","templated":true}]}}