{"id":1086,"date":"2024-09-05T16:17:33","date_gmt":"2024-09-05T14:17:33","guid":{"rendered":"https:\/\/site.ellistat.com\/?page_id=1086"},"modified":"2025-07-22T10:21:05","modified_gmt":"2025-07-22T08:21:05","slug":"other-industries","status":"publish","type":"page","link":"https:\/\/ellistat.com\/en\/autres-industries\/","title":{"rendered":"Sector - Industries"},"content":{"rendered":"","protected":false},"excerpt":{"rendered":"","protected":false},"author":4,"featured_media":0,"parent":0,"menu_order":0,"comment_status":"closed","ping_status":"closed","template":"","meta":{"_acf_changed":false,"footnotes":""},"categories":[],"tags":[],"class_list":["post-1086","page","type-page","status-publish","hentry"],"acf":[],"yoast_head":"<!-- This site is optimized with the Yoast SEO plugin v27.3 - https:\/\/yoast.com\/product\/yoast-seo-wordpress\/ -->\n<title>Ellistat - Industries<\/title>\n<meta name=\"description\" content=\"La suite logicielle qualit\u00e9 d&#039;Ellistat s&#039;adapte \u00e0 tout type d&#039;industries pour vous aider \u00e0 am\u00e9liorer votre qualit\u00e9 et votre performance.\" \/>\n<meta name=\"robots\" content=\"index, follow, max-snippet:-1, max-image-preview:large, max-video-preview:-1\" \/>\n<link rel=\"canonical\" href=\"https:\/\/ellistat.com\/en\/other-industries\/\" \/>\n<meta property=\"og:locale\" content=\"en_US\" \/>\n<meta property=\"og:type\" content=\"article\" \/>\n<meta property=\"og:title\" content=\"Ellistat - Industries\" \/>\n<meta property=\"og:description\" content=\"La suite logicielle qualit\u00e9 d&#039;Ellistat s&#039;adapte \u00e0 tout type d&#039;industries pour vous aider \u00e0 am\u00e9liorer votre qualit\u00e9 et votre performance.\" \/>\n<meta property=\"og:url\" content=\"https:\/\/ellistat.com\/en\/other-industries\/\" \/>\n<meta property=\"og:site_name\" content=\"Ellistat\" \/>\n<meta property=\"article:modified_time\" content=\"2025-07-22T08:21:05+00:00\" \/>\n<meta name=\"twitter:card\" content=\"summary_large_image\" \/>\n<meta name=\"twitter:label1\" content=\"Est. reading time\" \/>\n\t<meta name=\"twitter:data1\" content=\"4 minutes\" \/>\n<script type=\"application\/ld+json\" class=\"yoast-schema-graph\">{\"@context\":\"https:\\\/\\\/schema.org\",\"@graph\":[{\"@type\":\"WebPage\",\"@id\":\"https:\\\/\\\/ellistat.com\\\/autres-industries\\\/\",\"url\":\"https:\\\/\\\/ellistat.com\\\/autres-industries\\\/\",\"name\":\"Ellistat - Industries\",\"isPartOf\":{\"@id\":\"https:\\\/\\\/ellistat.com\\\/#website\"},\"datePublished\":\"2024-09-05T14:17:33+00:00\",\"dateModified\":\"2025-07-22T08:21:05+00:00\",\"description\":\"La suite logicielle qualit\u00e9 d'Ellistat s'adapte \u00e0 tout type d'industries pour vous aider \u00e0 am\u00e9liorer votre qualit\u00e9 et votre performance.\",\"breadcrumb\":{\"@id\":\"https:\\\/\\\/ellistat.com\\\/autres-industries\\\/#breadcrumb\"},\"inLanguage\":\"en-US\",\"potentialAction\":[{\"@type\":\"ReadAction\",\"target\":[\"https:\\\/\\\/ellistat.com\\\/autres-industries\\\/\"]}]},{\"@type\":\"BreadcrumbList\",\"@id\":\"https:\\\/\\\/ellistat.com\\\/autres-industries\\\/#breadcrumb\",\"itemListElement\":[{\"@type\":\"ListItem\",\"position\":1,\"name\":\"Accueil\",\"item\":\"https:\\\/\\\/ellistat.com\\\/\"},{\"@type\":\"ListItem\",\"position\":2,\"name\":\"Secteur &#8211; Industries\"}]},{\"@type\":\"WebSite\",\"@id\":\"https:\\\/\\\/ellistat.com\\\/#website\",\"url\":\"https:\\\/\\\/ellistat.com\\\/\",\"name\":\"Ellistat\",\"description\":\"La suite qualit\u00e9 de l&#039;industrie m\u00e9canique\",\"potentialAction\":[{\"@type\":\"SearchAction\",\"target\":{\"@type\":\"EntryPoint\",\"urlTemplate\":\"https:\\\/\\\/ellistat.com\\\/?s={search_term_string}\"},\"query-input\":{\"@type\":\"PropertyValueSpecification\",\"valueRequired\":true,\"valueName\":\"search_term_string\"}}],\"inLanguage\":\"en-US\"}]}<\/script>\n<!-- \/ Yoast SEO plugin. -->","yoast_head_json":{"title":"Ellistat - Industries","description":"Ellistat's quality software suite adapts to all types of industry to help you improve your quality and performance.","robots":{"index":"index","follow":"follow","max-snippet":"max-snippet:-1","max-image-preview":"max-image-preview:large","max-video-preview":"max-video-preview:-1"},"canonical":"https:\/\/ellistat.com\/en\/other-industries\/","og_locale":"en_US","og_type":"article","og_title":"Ellistat - Industries","og_description":"La suite logicielle qualit\u00e9 d'Ellistat s'adapte \u00e0 tout type d'industries pour vous aider \u00e0 am\u00e9liorer votre qualit\u00e9 et votre performance.","og_url":"https:\/\/ellistat.com\/en\/other-industries\/","og_site_name":"Ellistat","article_modified_time":"2025-07-22T08:21:05+00:00","twitter_card":"summary_large_image","twitter_misc":{"Est. reading time":"4 minutes"},"schema":{"@context":"https:\/\/schema.org","@graph":[{"@type":"WebPage","@id":"https:\/\/ellistat.com\/autres-industries\/","url":"https:\/\/ellistat.com\/autres-industries\/","name":"Ellistat - Industries","isPartOf":{"@id":"https:\/\/ellistat.com\/#website"},"datePublished":"2024-09-05T14:17:33+00:00","dateModified":"2025-07-22T08:21:05+00:00","description":"Ellistat's quality software suite adapts to all types of industry to help you improve your quality and performance.","breadcrumb":{"@id":"https:\/\/ellistat.com\/autres-industries\/#breadcrumb"},"inLanguage":"en-US","potentialAction":[{"@type":"ReadAction","target":["https:\/\/ellistat.com\/autres-industries\/"]}]},{"@type":"BreadcrumbList","@id":"https:\/\/ellistat.com\/autres-industries\/#breadcrumb","itemListElement":[{"@type":"ListItem","position":1,"name":"Accueil","item":"https:\/\/ellistat.com\/"},{"@type":"ListItem","position":2,"name":"Secteur &#8211; Industries"}]},{"@type":"WebSite","@id":"https:\/\/ellistat.com\/#website","url":"https:\/\/ellistat.com\/","name":"Ellistat","description":"The quality suite for the mechanical engineering industry","potentialAction":[{"@type":"SearchAction","target":{"@type":"EntryPoint","urlTemplate":"https:\/\/ellistat.com\/?s={search_term_string}"},"query-input":{"@type":"PropertyValueSpecification","valueRequired":true,"valueName":"search_term_string"}}],"inLanguage":"en-US"}]}},"_links":{"self":[{"href":"https:\/\/ellistat.com\/en\/wp-json\/wp\/v2\/pages\/1086","targetHints":{"allow":["GET"]}}],"collection":[{"href":"https:\/\/ellistat.com\/en\/wp-json\/wp\/v2\/pages"}],"about":[{"href":"https:\/\/ellistat.com\/en\/wp-json\/wp\/v2\/types\/page"}],"author":[{"embeddable":true,"href":"https:\/\/ellistat.com\/en\/wp-json\/wp\/v2\/users\/4"}],"replies":[{"embeddable":true,"href":"https:\/\/ellistat.com\/en\/wp-json\/wp\/v2\/comments?post=1086"}],"version-history":[{"count":24,"href":"https:\/\/ellistat.com\/en\/wp-json\/wp\/v2\/pages\/1086\/revisions"}],"predecessor-version":[{"id":4052,"href":"https:\/\/ellistat.com\/en\/wp-json\/wp\/v2\/pages\/1086\/revisions\/4052"}],"wp:attachment":[{"href":"https:\/\/ellistat.com\/en\/wp-json\/wp\/v2\/media?parent=1086"}],"wp:term":[{"taxonomy":"category","embeddable":true,"href":"https:\/\/ellistat.com\/en\/wp-json\/wp\/v2\/categories?post=1086"},{"taxonomy":"post_tag","embeddable":true,"href":"https:\/\/ellistat.com\/en\/wp-json\/wp\/v2\/tags?post=1086"}],"curies":[{"name":"wp","href":"https:\/\/api.w.org\/{rel}","templated":true}]}}