{"id":1309,"date":"2024-09-13T11:25:52","date_gmt":"2024-09-13T09:25:52","guid":{"rendered":"https:\/\/site.ellistat.com\/?page_id=1309"},"modified":"2026-02-02T08:30:47","modified_gmt":"2026-02-02T07:30:47","slug":"about-dellistat","status":"publish","type":"page","link":"https:\/\/ellistat.com\/en\/a-propos-dellistat\/","title":{"rendered":"About Ellistat"},"content":{"rendered":"","protected":false},"excerpt":{"rendered":"","protected":false},"author":2,"featured_media":0,"parent":0,"menu_order":0,"comment_status":"closed","ping_status":"closed","template":"","meta":{"_acf_changed":false,"footnotes":""},"categories":[],"tags":[],"class_list":["post-1309","page","type-page","status-publish","hentry"],"acf":[],"yoast_head":"<!-- This site is optimized with the Yoast SEO plugin v27.3 - https:\/\/yoast.com\/product\/yoast-seo-wordpress\/ -->\n<title>L&#039;Equipe Ellistat - Qui sommes nous ?<\/title>\n<meta name=\"description\" content=\"Qui sommes-nous ? L&#039;Equipe d&#039;Ellistat est une \u00e9quipe soud\u00e9e, dynamique et innovante. Nous sommes engag\u00e9s dans la RSE !\" \/>\n<meta name=\"robots\" content=\"index, follow, max-snippet:-1, max-image-preview:large, max-video-preview:-1\" \/>\n<link rel=\"canonical\" href=\"https:\/\/ellistat.com\/en\/about-dellistat\/\" \/>\n<meta property=\"og:locale\" content=\"en_US\" \/>\n<meta property=\"og:type\" content=\"article\" \/>\n<meta property=\"og:title\" content=\"L&#039;Equipe Ellistat - Qui sommes nous ?\" \/>\n<meta property=\"og:description\" content=\"Qui sommes-nous ? L&#039;Equipe d&#039;Ellistat est une \u00e9quipe soud\u00e9e, dynamique et innovante. Nous sommes engag\u00e9s dans la RSE !\" \/>\n<meta property=\"og:url\" content=\"https:\/\/ellistat.com\/en\/about-dellistat\/\" \/>\n<meta property=\"og:site_name\" content=\"Ellistat\" \/>\n<meta property=\"article:modified_time\" content=\"2026-02-02T07:30:47+00:00\" \/>\n<meta name=\"twitter:card\" content=\"summary_large_image\" \/>\n<meta name=\"twitter:label1\" content=\"Est. reading time\" \/>\n\t<meta name=\"twitter:data1\" content=\"9 minutes\" \/>\n<script type=\"application\/ld+json\" class=\"yoast-schema-graph\">{\"@context\":\"https:\\\/\\\/schema.org\",\"@graph\":[{\"@type\":\"WebPage\",\"@id\":\"https:\\\/\\\/ellistat.com\\\/a-propos-dellistat\\\/\",\"url\":\"https:\\\/\\\/ellistat.com\\\/a-propos-dellistat\\\/\",\"name\":\"L'Equipe Ellistat - Qui sommes nous ?\",\"isPartOf\":{\"@id\":\"https:\\\/\\\/ellistat.com\\\/#website\"},\"datePublished\":\"2024-09-13T09:25:52+00:00\",\"dateModified\":\"2026-02-02T07:30:47+00:00\",\"description\":\"Qui sommes-nous ? L'Equipe d'Ellistat est une \u00e9quipe soud\u00e9e, dynamique et innovante. Nous sommes engag\u00e9s dans la RSE !\",\"breadcrumb\":{\"@id\":\"https:\\\/\\\/ellistat.com\\\/a-propos-dellistat\\\/#breadcrumb\"},\"inLanguage\":\"en-US\",\"potentialAction\":[{\"@type\":\"ReadAction\",\"target\":[\"https:\\\/\\\/ellistat.com\\\/a-propos-dellistat\\\/\"]}]},{\"@type\":\"BreadcrumbList\",\"@id\":\"https:\\\/\\\/ellistat.com\\\/a-propos-dellistat\\\/#breadcrumb\",\"itemListElement\":[{\"@type\":\"ListItem\",\"position\":1,\"name\":\"Accueil\",\"item\":\"https:\\\/\\\/ellistat.com\\\/\"},{\"@type\":\"ListItem\",\"position\":2,\"name\":\"A propos d&rsquo;Ellistat\"}]},{\"@type\":\"WebSite\",\"@id\":\"https:\\\/\\\/ellistat.com\\\/#website\",\"url\":\"https:\\\/\\\/ellistat.com\\\/\",\"name\":\"Ellistat\",\"description\":\"La suite qualit\u00e9 de l&#039;industrie m\u00e9canique\",\"potentialAction\":[{\"@type\":\"SearchAction\",\"target\":{\"@type\":\"EntryPoint\",\"urlTemplate\":\"https:\\\/\\\/ellistat.com\\\/?s={search_term_string}\"},\"query-input\":{\"@type\":\"PropertyValueSpecification\",\"valueRequired\":true,\"valueName\":\"search_term_string\"}}],\"inLanguage\":\"en-US\"}]}<\/script>\n<!-- \/ Yoast SEO plugin. -->","yoast_head_json":{"title":"The Ellistat Team - Who are we?","description":"Who we are The Ellistat team is close-knit, dynamic and innovative. We are committed to CSR!","robots":{"index":"index","follow":"follow","max-snippet":"max-snippet:-1","max-image-preview":"max-image-preview:large","max-video-preview":"max-video-preview:-1"},"canonical":"https:\/\/ellistat.com\/en\/about-dellistat\/","og_locale":"en_US","og_type":"article","og_title":"L'Equipe Ellistat - Qui sommes nous ?","og_description":"Qui sommes-nous ? L'Equipe d'Ellistat est une \u00e9quipe soud\u00e9e, dynamique et innovante. Nous sommes engag\u00e9s dans la RSE !","og_url":"https:\/\/ellistat.com\/en\/about-dellistat\/","og_site_name":"Ellistat","article_modified_time":"2026-02-02T07:30:47+00:00","twitter_card":"summary_large_image","twitter_misc":{"Est. reading time":"9 minutes"},"schema":{"@context":"https:\/\/schema.org","@graph":[{"@type":"WebPage","@id":"https:\/\/ellistat.com\/a-propos-dellistat\/","url":"https:\/\/ellistat.com\/a-propos-dellistat\/","name":"The Ellistat Team - Who are we?","isPartOf":{"@id":"https:\/\/ellistat.com\/#website"},"datePublished":"2024-09-13T09:25:52+00:00","dateModified":"2026-02-02T07:30:47+00:00","description":"Who we are The Ellistat team is close-knit, dynamic and innovative. We are committed to CSR!","breadcrumb":{"@id":"https:\/\/ellistat.com\/a-propos-dellistat\/#breadcrumb"},"inLanguage":"en-US","potentialAction":[{"@type":"ReadAction","target":["https:\/\/ellistat.com\/a-propos-dellistat\/"]}]},{"@type":"BreadcrumbList","@id":"https:\/\/ellistat.com\/a-propos-dellistat\/#breadcrumb","itemListElement":[{"@type":"ListItem","position":1,"name":"Accueil","item":"https:\/\/ellistat.com\/"},{"@type":"ListItem","position":2,"name":"A propos d&rsquo;Ellistat"}]},{"@type":"WebSite","@id":"https:\/\/ellistat.com\/#website","url":"https:\/\/ellistat.com\/","name":"Ellistat","description":"The quality suite for the mechanical engineering industry","potentialAction":[{"@type":"SearchAction","target":{"@type":"EntryPoint","urlTemplate":"https:\/\/ellistat.com\/?s={search_term_string}"},"query-input":{"@type":"PropertyValueSpecification","valueRequired":true,"valueName":"search_term_string"}}],"inLanguage":"en-US"}]}},"_links":{"self":[{"href":"https:\/\/ellistat.com\/en\/wp-json\/wp\/v2\/pages\/1309","targetHints":{"allow":["GET"]}}],"collection":[{"href":"https:\/\/ellistat.com\/en\/wp-json\/wp\/v2\/pages"}],"about":[{"href":"https:\/\/ellistat.com\/en\/wp-json\/wp\/v2\/types\/page"}],"author":[{"embeddable":true,"href":"https:\/\/ellistat.com\/en\/wp-json\/wp\/v2\/users\/2"}],"replies":[{"embeddable":true,"href":"https:\/\/ellistat.com\/en\/wp-json\/wp\/v2\/comments?post=1309"}],"version-history":[{"count":26,"href":"https:\/\/ellistat.com\/en\/wp-json\/wp\/v2\/pages\/1309\/revisions"}],"predecessor-version":[{"id":4281,"href":"https:\/\/ellistat.com\/en\/wp-json\/wp\/v2\/pages\/1309\/revisions\/4281"}],"wp:attachment":[{"href":"https:\/\/ellistat.com\/en\/wp-json\/wp\/v2\/media?parent=1309"}],"wp:term":[{"taxonomy":"category","embeddable":true,"href":"https:\/\/ellistat.com\/en\/wp-json\/wp\/v2\/categories?post=1309"},{"taxonomy":"post_tag","embeddable":true,"href":"https:\/\/ellistat.com\/en\/wp-json\/wp\/v2\/tags?post=1309"}],"curies":[{"name":"wp","href":"https:\/\/api.w.org\/{rel}","templated":true}]}}