{"id":1566,"date":"2024-09-13T12:10:21","date_gmt":"2024-09-13T10:10:21","guid":{"rendered":"https:\/\/site.ellistat.com\/?page_id=1566"},"modified":"2025-10-21T10:22:08","modified_gmt":"2025-10-21T08:22:08","slug":"experience-plan","status":"publish","type":"page","link":"https:\/\/ellistat.com\/en\/formation\/plan-dexperience\/","title":{"rendered":"Design of experience training"},"content":{"rendered":"","protected":false},"excerpt":{"rendered":"<p>Reduce the number of trials with the right experimental design<\/p>","protected":false},"author":2,"featured_media":3775,"parent":1754,"menu_order":0,"comment_status":"closed","ping_status":"closed","template":"","meta":{"_acf_changed":false,"footnotes":""},"categories":[8],"tags":[16,17,14],"class_list":["post-1566","page","type-page","status-publish","has-post-thumbnail","hentry","category-formation","tag-e-learning","tag-presentiel","tag-statistiques"],"acf":[],"yoast_head":"<!-- This site is optimized with the Yoast SEO plugin v27.4 - https:\/\/yoast.com\/product\/yoast-seo-wordpress\/ -->\n<title>Formation Plan d&#039;exp\u00e9rience<\/title>\n<meta name=\"description\" content=\"La formation Plan d&#039;Exp\u00e9rience vise \u00e0 former les participants \u00e0 devenir experts dans la conception et l&#039;analyse des plans d&#039;exp\u00e9rience\u200b\u200b.\" \/>\n<meta name=\"robots\" content=\"index, follow, max-snippet:-1, max-image-preview:large, max-video-preview:-1\" \/>\n<link rel=\"canonical\" href=\"https:\/\/ellistat.com\/en\/training\/experience-plan\/\" \/>\n<meta property=\"og:locale\" content=\"en_US\" \/>\n<meta property=\"og:type\" content=\"article\" \/>\n<meta property=\"og:title\" content=\"Formation Plan d&#039;exp\u00e9rience\" \/>\n<meta property=\"og:description\" content=\"La formation Plan d&#039;Exp\u00e9rience vise \u00e0 former les participants \u00e0 devenir experts dans la conception et l&#039;analyse des plans d&#039;exp\u00e9rience\u200b\u200b.\" \/>\n<meta property=\"og:url\" content=\"https:\/\/ellistat.com\/en\/training\/experience-plan\/\" \/>\n<meta property=\"og:site_name\" content=\"Ellistat\" \/>\n<meta property=\"article:modified_time\" content=\"2025-10-21T08:22:08+00:00\" \/>\n<meta property=\"og:image\" content=\"https:\/\/ellistat.com\/wp-content\/uploads\/Formation_picto_GO_Plan-dexperience.png\" \/>\n\t<meta property=\"og:image:width\" content=\"209\" \/>\n\t<meta property=\"og:image:height\" content=\"209\" \/>\n\t<meta property=\"og:image:type\" content=\"image\/png\" \/>\n<meta name=\"twitter:card\" content=\"summary_large_image\" \/>\n<meta name=\"twitter:label1\" content=\"Est. reading time\" \/>\n\t<meta name=\"twitter:data1\" content=\"1 minute\" \/>\n<script type=\"application\/ld+json\" class=\"yoast-schema-graph\">{\"@context\":\"https:\\\/\\\/schema.org\",\"@graph\":[{\"@type\":\"WebPage\",\"@id\":\"https:\\\/\\\/ellistat.com\\\/formation\\\/plan-dexperience\\\/\",\"url\":\"https:\\\/\\\/ellistat.com\\\/formation\\\/plan-dexperience\\\/\",\"name\":\"Formation Plan d'exp\u00e9rience\",\"isPartOf\":{\"@id\":\"https:\\\/\\\/ellistat.com\\\/#website\"},\"primaryImageOfPage\":{\"@id\":\"https:\\\/\\\/ellistat.com\\\/formation\\\/plan-dexperience\\\/#primaryimage\"},\"image\":{\"@id\":\"https:\\\/\\\/ellistat.com\\\/formation\\\/plan-dexperience\\\/#primaryimage\"},\"thumbnailUrl\":\"https:\\\/\\\/ellistat.com\\\/wp-content\\\/uploads\\\/Formation_picto_GO_Plan-dexperience.png\",\"datePublished\":\"2024-09-13T10:10:21+00:00\",\"dateModified\":\"2025-10-21T08:22:08+00:00\",\"description\":\"La formation Plan d'Exp\u00e9rience vise \u00e0 former les participants \u00e0 devenir experts dans la conception et l'analyse des plans d'exp\u00e9rience\u200b\u200b.\",\"breadcrumb\":{\"@id\":\"https:\\\/\\\/ellistat.com\\\/formation\\\/plan-dexperience\\\/#breadcrumb\"},\"inLanguage\":\"en-US\",\"potentialAction\":[{\"@type\":\"ReadAction\",\"target\":[\"https:\\\/\\\/ellistat.com\\\/formation\\\/plan-dexperience\\\/\"]}]},{\"@type\":\"ImageObject\",\"inLanguage\":\"en-US\",\"@id\":\"https:\\\/\\\/ellistat.com\\\/formation\\\/plan-dexperience\\\/#primaryimage\",\"url\":\"https:\\\/\\\/ellistat.com\\\/wp-content\\\/uploads\\\/Formation_picto_GO_Plan-dexperience.png\",\"contentUrl\":\"https:\\\/\\\/ellistat.com\\\/wp-content\\\/uploads\\\/Formation_picto_GO_Plan-dexperience.png\",\"width\":209,\"height\":209,\"caption\":\"Fiche illustration pour un plan d'exp\u00e9rience\"},{\"@type\":\"BreadcrumbList\",\"@id\":\"https:\\\/\\\/ellistat.com\\\/formation\\\/plan-dexperience\\\/#breadcrumb\",\"itemListElement\":[{\"@type\":\"ListItem\",\"position\":1,\"name\":\"Accueil\",\"item\":\"https:\\\/\\\/ellistat.com\\\/\"},{\"@type\":\"ListItem\",\"position\":2,\"name\":\"Formation\",\"item\":\"https:\\\/\\\/ellistat.com\\\/formation\\\/\"},{\"@type\":\"ListItem\",\"position\":3,\"name\":\"Formation Plan d&rsquo;exp\u00e9rience\"}]},{\"@type\":\"WebSite\",\"@id\":\"https:\\\/\\\/ellistat.com\\\/#website\",\"url\":\"https:\\\/\\\/ellistat.com\\\/\",\"name\":\"Ellistat\",\"description\":\"La suite qualit\u00e9 de l&#039;industrie m\u00e9canique\",\"potentialAction\":[{\"@type\":\"SearchAction\",\"target\":{\"@type\":\"EntryPoint\",\"urlTemplate\":\"https:\\\/\\\/ellistat.com\\\/?s={search_term_string}\"},\"query-input\":{\"@type\":\"PropertyValueSpecification\",\"valueRequired\":true,\"valueName\":\"search_term_string\"}}],\"inLanguage\":\"en-US\"}]}<\/script>\n<!-- \/ Yoast SEO plugin. -->","yoast_head_json":{"title":"Design of experience training","description":"The purpose of the Design of Experiments course is to train participants to become experts in the design and analysis of design of experiments.","robots":{"index":"index","follow":"follow","max-snippet":"max-snippet:-1","max-image-preview":"max-image-preview:large","max-video-preview":"max-video-preview:-1"},"canonical":"https:\/\/ellistat.com\/en\/training\/experience-plan\/","og_locale":"en_US","og_type":"article","og_title":"Formation Plan d'exp\u00e9rience","og_description":"La formation Plan d'Exp\u00e9rience vise \u00e0 former les participants \u00e0 devenir experts dans la conception et l'analyse des plans d'exp\u00e9rience\u200b\u200b.","og_url":"https:\/\/ellistat.com\/en\/training\/experience-plan\/","og_site_name":"Ellistat","article_modified_time":"2025-10-21T08:22:08+00:00","og_image":[{"width":209,"height":209,"url":"https:\/\/ellistat.com\/wp-content\/uploads\/Formation_picto_GO_Plan-dexperience.png","type":"image\/png"}],"twitter_card":"summary_large_image","twitter_misc":{"Est. reading time":"1 minute"},"schema":{"@context":"https:\/\/schema.org","@graph":[{"@type":"WebPage","@id":"https:\/\/ellistat.com\/formation\/plan-dexperience\/","url":"https:\/\/ellistat.com\/formation\/plan-dexperience\/","name":"Design of experience training","isPartOf":{"@id":"https:\/\/ellistat.com\/#website"},"primaryImageOfPage":{"@id":"https:\/\/ellistat.com\/formation\/plan-dexperience\/#primaryimage"},"image":{"@id":"https:\/\/ellistat.com\/formation\/plan-dexperience\/#primaryimage"},"thumbnailUrl":"https:\/\/ellistat.com\/wp-content\/uploads\/Formation_picto_GO_Plan-dexperience.png","datePublished":"2024-09-13T10:10:21+00:00","dateModified":"2025-10-21T08:22:08+00:00","description":"The purpose of the Design of Experiments course is to train participants to become experts in the design and analysis of design of experiments.","breadcrumb":{"@id":"https:\/\/ellistat.com\/formation\/plan-dexperience\/#breadcrumb"},"inLanguage":"en-US","potentialAction":[{"@type":"ReadAction","target":["https:\/\/ellistat.com\/formation\/plan-dexperience\/"]}]},{"@type":"ImageObject","inLanguage":"en-US","@id":"https:\/\/ellistat.com\/formation\/plan-dexperience\/#primaryimage","url":"https:\/\/ellistat.com\/wp-content\/uploads\/Formation_picto_GO_Plan-dexperience.png","contentUrl":"https:\/\/ellistat.com\/wp-content\/uploads\/Formation_picto_GO_Plan-dexperience.png","width":209,"height":209,"caption":"Fiche illustration pour un plan d'exp\u00e9rience"},{"@type":"BreadcrumbList","@id":"https:\/\/ellistat.com\/formation\/plan-dexperience\/#breadcrumb","itemListElement":[{"@type":"ListItem","position":1,"name":"Accueil","item":"https:\/\/ellistat.com\/"},{"@type":"ListItem","position":2,"name":"Formation","item":"https:\/\/ellistat.com\/formation\/"},{"@type":"ListItem","position":3,"name":"Formation Plan d&rsquo;exp\u00e9rience"}]},{"@type":"WebSite","@id":"https:\/\/ellistat.com\/#website","url":"https:\/\/ellistat.com\/","name":"Ellistat","description":"The quality suite for the mechanical engineering industry","potentialAction":[{"@type":"SearchAction","target":{"@type":"EntryPoint","urlTemplate":"https:\/\/ellistat.com\/?s={search_term_string}"},"query-input":{"@type":"PropertyValueSpecification","valueRequired":true,"valueName":"search_term_string"}}],"inLanguage":"en-US"}]}},"_links":{"self":[{"href":"https:\/\/ellistat.com\/en\/wp-json\/wp\/v2\/pages\/1566","targetHints":{"allow":["GET"]}}],"collection":[{"href":"https:\/\/ellistat.com\/en\/wp-json\/wp\/v2\/pages"}],"about":[{"href":"https:\/\/ellistat.com\/en\/wp-json\/wp\/v2\/types\/page"}],"author":[{"embeddable":true,"href":"https:\/\/ellistat.com\/en\/wp-json\/wp\/v2\/users\/2"}],"replies":[{"embeddable":true,"href":"https:\/\/ellistat.com\/en\/wp-json\/wp\/v2\/comments?post=1566"}],"version-history":[{"count":37,"href":"https:\/\/ellistat.com\/en\/wp-json\/wp\/v2\/pages\/1566\/revisions"}],"predecessor-version":[{"id":4239,"href":"https:\/\/ellistat.com\/en\/wp-json\/wp\/v2\/pages\/1566\/revisions\/4239"}],"up":[{"embeddable":true,"href":"https:\/\/ellistat.com\/en\/wp-json\/wp\/v2\/pages\/1754"}],"wp:featuredmedia":[{"embeddable":true,"href":"https:\/\/ellistat.com\/en\/wp-json\/wp\/v2\/media\/3775"}],"wp:attachment":[{"href":"https:\/\/ellistat.com\/en\/wp-json\/wp\/v2\/media?parent=1566"}],"wp:term":[{"taxonomy":"category","embeddable":true,"href":"https:\/\/ellistat.com\/en\/wp-json\/wp\/v2\/categories?post=1566"},{"taxonomy":"post_tag","embeddable":true,"href":"https:\/\/ellistat.com\/en\/wp-json\/wp\/v2\/tags?post=1566"}],"curies":[{"name":"wp","href":"https:\/\/api.w.org\/{rel}","templated":true}]}}