{"id":783,"date":"2024-09-03T20:55:38","date_gmt":"2024-09-03T18:55:38","guid":{"rendered":"https:\/\/site.ellistat.com\/?page_id=783"},"modified":"2025-02-05T08:46:39","modified_gmt":"2025-02-05T07:46:39","slug":"intermarche-testimonial","status":"publish","type":"page","link":"https:\/\/ellistat.com\/en\/temoignage-intermarche\/","title":{"rendered":"Testimonial - Intermarch\u00e9"},"content":{"rendered":"","protected":false},"excerpt":{"rendered":"","protected":false},"author":2,"featured_media":0,"parent":0,"menu_order":0,"comment_status":"closed","ping_status":"closed","template":"","meta":{"_acf_changed":false,"footnotes":""},"categories":[],"tags":[],"class_list":["post-783","page","type-page","status-publish","hentry"],"acf":[],"yoast_head":"<!-- This site is optimized with the Yoast SEO plugin v27.4 - https:\/\/yoast.com\/product\/yoast-seo-wordpress\/ -->\n<title>T\u00e9moignage \u2013 Intermarch\u00e9 - Ellistat<\/title>\n<meta name=\"description\" content=\"Le cas du d\u00e9ploiement du SPC dans l&#039;entreprise Celluloses de Broc\u00e9liande, fabricant d&#039;hygi\u00e8ne b\u00e9b\u00e9 et f\u00e9minine pour Intermarch\u00e9.\" \/>\n<meta name=\"robots\" content=\"index, follow, max-snippet:-1, max-image-preview:large, max-video-preview:-1\" \/>\n<link rel=\"canonical\" href=\"https:\/\/ellistat.com\/en\/intermarche-testimonial\/\" \/>\n<meta property=\"og:locale\" content=\"en_US\" \/>\n<meta property=\"og:type\" content=\"article\" \/>\n<meta property=\"og:title\" content=\"T\u00e9moignage \u2013 Intermarch\u00e9 - Ellistat\" \/>\n<meta property=\"og:description\" content=\"Le cas du d\u00e9ploiement du SPC dans l&#039;entreprise Celluloses de Broc\u00e9liande, fabricant d&#039;hygi\u00e8ne b\u00e9b\u00e9 et f\u00e9minine pour Intermarch\u00e9.\" \/>\n<meta property=\"og:url\" content=\"https:\/\/ellistat.com\/en\/intermarche-testimonial\/\" \/>\n<meta property=\"og:site_name\" content=\"Ellistat\" \/>\n<meta property=\"article:modified_time\" content=\"2025-02-05T07:46:39+00:00\" \/>\n<meta name=\"twitter:card\" content=\"summary_large_image\" \/>\n<script type=\"application\/ld+json\" class=\"yoast-schema-graph\">{\"@context\":\"https:\\\/\\\/schema.org\",\"@graph\":[{\"@type\":\"WebPage\",\"@id\":\"https:\\\/\\\/ellistat.com\\\/temoignage-intermarche\\\/\",\"url\":\"https:\\\/\\\/ellistat.com\\\/temoignage-intermarche\\\/\",\"name\":\"T\u00e9moignage \u2013 Intermarch\u00e9 - Ellistat\",\"isPartOf\":{\"@id\":\"https:\\\/\\\/ellistat.com\\\/#website\"},\"datePublished\":\"2024-09-03T18:55:38+00:00\",\"dateModified\":\"2025-02-05T07:46:39+00:00\",\"description\":\"Le cas du d\u00e9ploiement du SPC dans l'entreprise Celluloses de Broc\u00e9liande, fabricant d'hygi\u00e8ne b\u00e9b\u00e9 et f\u00e9minine pour Intermarch\u00e9.\",\"breadcrumb\":{\"@id\":\"https:\\\/\\\/ellistat.com\\\/temoignage-intermarche\\\/#breadcrumb\"},\"inLanguage\":\"en-US\",\"potentialAction\":[{\"@type\":\"ReadAction\",\"target\":[\"https:\\\/\\\/ellistat.com\\\/temoignage-intermarche\\\/\"]}]},{\"@type\":\"BreadcrumbList\",\"@id\":\"https:\\\/\\\/ellistat.com\\\/temoignage-intermarche\\\/#breadcrumb\",\"itemListElement\":[{\"@type\":\"ListItem\",\"position\":1,\"name\":\"Accueil\",\"item\":\"https:\\\/\\\/ellistat.com\\\/\"},{\"@type\":\"ListItem\",\"position\":2,\"name\":\"T\u00e9moignage \u2013 Intermarch\u00e9\"}]},{\"@type\":\"WebSite\",\"@id\":\"https:\\\/\\\/ellistat.com\\\/#website\",\"url\":\"https:\\\/\\\/ellistat.com\\\/\",\"name\":\"Ellistat\",\"description\":\"La suite qualit\u00e9 de l&#039;industrie m\u00e9canique\",\"potentialAction\":[{\"@type\":\"SearchAction\",\"target\":{\"@type\":\"EntryPoint\",\"urlTemplate\":\"https:\\\/\\\/ellistat.com\\\/?s={search_term_string}\"},\"query-input\":{\"@type\":\"PropertyValueSpecification\",\"valueRequired\":true,\"valueName\":\"search_term_string\"}}],\"inLanguage\":\"en-US\"}]}<\/script>\n<!-- \/ Yoast SEO plugin. -->","yoast_head_json":{"title":"Testimonial - Intermarch\u00e9 - Ellistat","description":"The case of SPC deployment at Celluloses de Broc\u00e9liande, a manufacturer of baby and feminine hygiene products for Intermarch\u00e9.","robots":{"index":"index","follow":"follow","max-snippet":"max-snippet:-1","max-image-preview":"max-image-preview:large","max-video-preview":"max-video-preview:-1"},"canonical":"https:\/\/ellistat.com\/en\/intermarche-testimonial\/","og_locale":"en_US","og_type":"article","og_title":"T\u00e9moignage \u2013 Intermarch\u00e9 - Ellistat","og_description":"Le cas du d\u00e9ploiement du SPC dans l'entreprise Celluloses de Broc\u00e9liande, fabricant d'hygi\u00e8ne b\u00e9b\u00e9 et f\u00e9minine pour Intermarch\u00e9.","og_url":"https:\/\/ellistat.com\/en\/intermarche-testimonial\/","og_site_name":"Ellistat","article_modified_time":"2025-02-05T07:46:39+00:00","twitter_card":"summary_large_image","schema":{"@context":"https:\/\/schema.org","@graph":[{"@type":"WebPage","@id":"https:\/\/ellistat.com\/temoignage-intermarche\/","url":"https:\/\/ellistat.com\/temoignage-intermarche\/","name":"Testimonial - Intermarch\u00e9 - Ellistat","isPartOf":{"@id":"https:\/\/ellistat.com\/#website"},"datePublished":"2024-09-03T18:55:38+00:00","dateModified":"2025-02-05T07:46:39+00:00","description":"The case of SPC deployment at Celluloses de Broc\u00e9liande, a manufacturer of baby and feminine hygiene products for Intermarch\u00e9.","breadcrumb":{"@id":"https:\/\/ellistat.com\/temoignage-intermarche\/#breadcrumb"},"inLanguage":"en-US","potentialAction":[{"@type":"ReadAction","target":["https:\/\/ellistat.com\/temoignage-intermarche\/"]}]},{"@type":"BreadcrumbList","@id":"https:\/\/ellistat.com\/temoignage-intermarche\/#breadcrumb","itemListElement":[{"@type":"ListItem","position":1,"name":"Accueil","item":"https:\/\/ellistat.com\/"},{"@type":"ListItem","position":2,"name":"T\u00e9moignage \u2013 Intermarch\u00e9"}]},{"@type":"WebSite","@id":"https:\/\/ellistat.com\/#website","url":"https:\/\/ellistat.com\/","name":"Ellistat","description":"The quality suite for the mechanical engineering industry","potentialAction":[{"@type":"SearchAction","target":{"@type":"EntryPoint","urlTemplate":"https:\/\/ellistat.com\/?s={search_term_string}"},"query-input":{"@type":"PropertyValueSpecification","valueRequired":true,"valueName":"search_term_string"}}],"inLanguage":"en-US"}]}},"_links":{"self":[{"href":"https:\/\/ellistat.com\/en\/wp-json\/wp\/v2\/pages\/783","targetHints":{"allow":["GET"]}}],"collection":[{"href":"https:\/\/ellistat.com\/en\/wp-json\/wp\/v2\/pages"}],"about":[{"href":"https:\/\/ellistat.com\/en\/wp-json\/wp\/v2\/types\/page"}],"author":[{"embeddable":true,"href":"https:\/\/ellistat.com\/en\/wp-json\/wp\/v2\/users\/2"}],"replies":[{"embeddable":true,"href":"https:\/\/ellistat.com\/en\/wp-json\/wp\/v2\/comments?post=783"}],"version-history":[{"count":3,"href":"https:\/\/ellistat.com\/en\/wp-json\/wp\/v2\/pages\/783\/revisions"}],"predecessor-version":[{"id":3716,"href":"https:\/\/ellistat.com\/en\/wp-json\/wp\/v2\/pages\/783\/revisions\/3716"}],"wp:attachment":[{"href":"https:\/\/ellistat.com\/en\/wp-json\/wp\/v2\/media?parent=783"}],"wp:term":[{"taxonomy":"category","embeddable":true,"href":"https:\/\/ellistat.com\/en\/wp-json\/wp\/v2\/categories?post=783"},{"taxonomy":"post_tag","embeddable":true,"href":"https:\/\/ellistat.com\/en\/wp-json\/wp\/v2\/tags?post=783"}],"curies":[{"name":"wp","href":"https:\/\/api.w.org\/{rel}","templated":true}]}}