{"id":883,"date":"2024-09-04T15:00:41","date_gmt":"2024-09-04T13:00:41","guid":{"rendered":"https:\/\/site.ellistat.com\/?page_id=883"},"modified":"2025-10-01T16:49:04","modified_gmt":"2025-10-01T14:49:04","slug":"metrology-software","status":"publish","type":"page","link":"https:\/\/ellistat.com\/en\/logiciel-de-metrologie\/","title":{"rendered":"Metro solution"},"content":{"rendered":"","protected":false},"excerpt":{"rendered":"","protected":false},"author":4,"featured_media":98,"parent":0,"menu_order":0,"comment_status":"closed","ping_status":"closed","template":"","meta":{"_acf_changed":false,"footnotes":""},"categories":[],"tags":[],"class_list":["post-883","page","type-page","status-publish","has-post-thumbnail","hentry"],"acf":[],"yoast_head":"<!-- This site is optimized with the Yoast SEO plugin v27.3 - https:\/\/yoast.com\/product\/yoast-seo-wordpress\/ -->\n<title>Ellistat - Logiciel de M\u00e9trologie<\/title>\n<meta name=\"description\" content=\"Le logiciel de m\u00e9trologie d&#039;Ellistat est con\u00e7u pour optimiser la gestion de votre parc d&#039;instrument de mesure.\" \/>\n<meta name=\"robots\" content=\"index, follow, max-snippet:-1, max-image-preview:large, max-video-preview:-1\" \/>\n<link rel=\"canonical\" href=\"https:\/\/ellistat.com\/en\/metrology-software\/\" \/>\n<meta property=\"og:locale\" content=\"en_US\" \/>\n<meta property=\"og:type\" content=\"article\" \/>\n<meta property=\"og:title\" content=\"Ellistat - Logiciel de M\u00e9trologie\" \/>\n<meta property=\"og:description\" content=\"Le logiciel de m\u00e9trologie d&#039;Ellistat est con\u00e7u pour optimiser la gestion de votre parc d&#039;instrument de mesure.\" \/>\n<meta property=\"og:url\" content=\"https:\/\/ellistat.com\/en\/metrology-software\/\" \/>\n<meta property=\"og:site_name\" content=\"Ellistat\" \/>\n<meta property=\"article:modified_time\" content=\"2025-10-01T14:49:04+00:00\" \/>\n<meta property=\"og:image\" content=\"https:\/\/ellistat.com\/wp-content\/uploads\/2024\/08\/Management-Measurement-Equipment.png\" \/>\n\t<meta property=\"og:image:width\" content=\"541\" \/>\n\t<meta property=\"og:image:height\" content=\"377\" \/>\n\t<meta property=\"og:image:type\" content=\"image\/png\" \/>\n<meta name=\"twitter:card\" content=\"summary_large_image\" \/>\n<meta name=\"twitter:label1\" content=\"Est. reading time\" \/>\n\t<meta name=\"twitter:data1\" content=\"1 minute\" \/>\n<script type=\"application\/ld+json\" class=\"yoast-schema-graph\">{\"@context\":\"https:\\\/\\\/schema.org\",\"@graph\":[{\"@type\":\"WebPage\",\"@id\":\"https:\\\/\\\/ellistat.com\\\/logiciel-de-metrologie\\\/\",\"url\":\"https:\\\/\\\/ellistat.com\\\/logiciel-de-metrologie\\\/\",\"name\":\"Ellistat - Logiciel de M\u00e9trologie\",\"isPartOf\":{\"@id\":\"https:\\\/\\\/ellistat.com\\\/#website\"},\"primaryImageOfPage\":{\"@id\":\"https:\\\/\\\/ellistat.com\\\/logiciel-de-metrologie\\\/#primaryimage\"},\"image\":{\"@id\":\"https:\\\/\\\/ellistat.com\\\/logiciel-de-metrologie\\\/#primaryimage\"},\"thumbnailUrl\":\"https:\\\/\\\/ellistat.com\\\/wp-content\\\/uploads\\\/2024\\\/08\\\/Management-Measurement-Equipment.png\",\"datePublished\":\"2024-09-04T13:00:41+00:00\",\"dateModified\":\"2025-10-01T14:49:04+00:00\",\"description\":\"Le logiciel de m\u00e9trologie d'Ellistat est con\u00e7u pour optimiser la gestion de votre parc d'instrument de mesure.\",\"breadcrumb\":{\"@id\":\"https:\\\/\\\/ellistat.com\\\/logiciel-de-metrologie\\\/#breadcrumb\"},\"inLanguage\":\"en-US\",\"potentialAction\":[{\"@type\":\"ReadAction\",\"target\":[\"https:\\\/\\\/ellistat.com\\\/logiciel-de-metrologie\\\/\"]}]},{\"@type\":\"ImageObject\",\"inLanguage\":\"en-US\",\"@id\":\"https:\\\/\\\/ellistat.com\\\/logiciel-de-metrologie\\\/#primaryimage\",\"url\":\"https:\\\/\\\/ellistat.com\\\/wp-content\\\/uploads\\\/2024\\\/08\\\/Management-Measurement-Equipment.png\",\"contentUrl\":\"https:\\\/\\\/ellistat.com\\\/wp-content\\\/uploads\\\/2024\\\/08\\\/Management-Measurement-Equipment.png\",\"width\":541,\"height\":377,\"caption\":\"Logiciel Qualit\u00e9 - Module METRO pour le suivi de l'\u00e9talonnage de vos moyens de mesure. Fiche de vie.\"},{\"@type\":\"BreadcrumbList\",\"@id\":\"https:\\\/\\\/ellistat.com\\\/logiciel-de-metrologie\\\/#breadcrumb\",\"itemListElement\":[{\"@type\":\"ListItem\",\"position\":1,\"name\":\"Accueil\",\"item\":\"https:\\\/\\\/ellistat.com\\\/\"},{\"@type\":\"ListItem\",\"position\":2,\"name\":\"Solution Metro\"}]},{\"@type\":\"WebSite\",\"@id\":\"https:\\\/\\\/ellistat.com\\\/#website\",\"url\":\"https:\\\/\\\/ellistat.com\\\/\",\"name\":\"Ellistat\",\"description\":\"La suite qualit\u00e9 de l&#039;industrie m\u00e9canique\",\"potentialAction\":[{\"@type\":\"SearchAction\",\"target\":{\"@type\":\"EntryPoint\",\"urlTemplate\":\"https:\\\/\\\/ellistat.com\\\/?s={search_term_string}\"},\"query-input\":{\"@type\":\"PropertyValueSpecification\",\"valueRequired\":true,\"valueName\":\"search_term_string\"}}],\"inLanguage\":\"en-US\"}]}<\/script>\n<!-- \/ Yoast SEO plugin. -->","yoast_head_json":{"title":"Ellistat - Metrology Software","description":"Ellistat's metrology software is designed to optimize the management of your fleet of measuring instruments.","robots":{"index":"index","follow":"follow","max-snippet":"max-snippet:-1","max-image-preview":"max-image-preview:large","max-video-preview":"max-video-preview:-1"},"canonical":"https:\/\/ellistat.com\/en\/metrology-software\/","og_locale":"en_US","og_type":"article","og_title":"Ellistat - Logiciel de M\u00e9trologie","og_description":"Le logiciel de m\u00e9trologie d'Ellistat est con\u00e7u pour optimiser la gestion de votre parc d'instrument de mesure.","og_url":"https:\/\/ellistat.com\/en\/metrology-software\/","og_site_name":"Ellistat","article_modified_time":"2025-10-01T14:49:04+00:00","og_image":[{"width":541,"height":377,"url":"https:\/\/ellistat.com\/wp-content\/uploads\/2024\/08\/Management-Measurement-Equipment.png","type":"image\/png"}],"twitter_card":"summary_large_image","twitter_misc":{"Est. reading time":"1 minute"},"schema":{"@context":"https:\/\/schema.org","@graph":[{"@type":"WebPage","@id":"https:\/\/ellistat.com\/logiciel-de-metrologie\/","url":"https:\/\/ellistat.com\/logiciel-de-metrologie\/","name":"Ellistat - Metrology Software","isPartOf":{"@id":"https:\/\/ellistat.com\/#website"},"primaryImageOfPage":{"@id":"https:\/\/ellistat.com\/logiciel-de-metrologie\/#primaryimage"},"image":{"@id":"https:\/\/ellistat.com\/logiciel-de-metrologie\/#primaryimage"},"thumbnailUrl":"https:\/\/ellistat.com\/wp-content\/uploads\/2024\/08\/Management-Measurement-Equipment.png","datePublished":"2024-09-04T13:00:41+00:00","dateModified":"2025-10-01T14:49:04+00:00","description":"Ellistat's metrology software is designed to optimize the management of your fleet of measuring instruments.","breadcrumb":{"@id":"https:\/\/ellistat.com\/logiciel-de-metrologie\/#breadcrumb"},"inLanguage":"en-US","potentialAction":[{"@type":"ReadAction","target":["https:\/\/ellistat.com\/logiciel-de-metrologie\/"]}]},{"@type":"ImageObject","inLanguage":"en-US","@id":"https:\/\/ellistat.com\/logiciel-de-metrologie\/#primaryimage","url":"https:\/\/ellistat.com\/wp-content\/uploads\/2024\/08\/Management-Measurement-Equipment.png","contentUrl":"https:\/\/ellistat.com\/wp-content\/uploads\/2024\/08\/Management-Measurement-Equipment.png","width":541,"height":377,"caption":"Logiciel Qualit\u00e9 - Module METRO pour le suivi de l'\u00e9talonnage de vos moyens de mesure. Fiche de vie."},{"@type":"BreadcrumbList","@id":"https:\/\/ellistat.com\/logiciel-de-metrologie\/#breadcrumb","itemListElement":[{"@type":"ListItem","position":1,"name":"Accueil","item":"https:\/\/ellistat.com\/"},{"@type":"ListItem","position":2,"name":"Solution Metro"}]},{"@type":"WebSite","@id":"https:\/\/ellistat.com\/#website","url":"https:\/\/ellistat.com\/","name":"Ellistat","description":"The quality suite for the mechanical engineering industry","potentialAction":[{"@type":"SearchAction","target":{"@type":"EntryPoint","urlTemplate":"https:\/\/ellistat.com\/?s={search_term_string}"},"query-input":{"@type":"PropertyValueSpecification","valueRequired":true,"valueName":"search_term_string"}}],"inLanguage":"en-US"}]}},"_links":{"self":[{"href":"https:\/\/ellistat.com\/en\/wp-json\/wp\/v2\/pages\/883","targetHints":{"allow":["GET"]}}],"collection":[{"href":"https:\/\/ellistat.com\/en\/wp-json\/wp\/v2\/pages"}],"about":[{"href":"https:\/\/ellistat.com\/en\/wp-json\/wp\/v2\/types\/page"}],"author":[{"embeddable":true,"href":"https:\/\/ellistat.com\/en\/wp-json\/wp\/v2\/users\/4"}],"replies":[{"embeddable":true,"href":"https:\/\/ellistat.com\/en\/wp-json\/wp\/v2\/comments?post=883"}],"version-history":[{"count":27,"href":"https:\/\/ellistat.com\/en\/wp-json\/wp\/v2\/pages\/883\/revisions"}],"predecessor-version":[{"id":4194,"href":"https:\/\/ellistat.com\/en\/wp-json\/wp\/v2\/pages\/883\/revisions\/4194"}],"wp:featuredmedia":[{"embeddable":true,"href":"https:\/\/ellistat.com\/en\/wp-json\/wp\/v2\/media\/98"}],"wp:attachment":[{"href":"https:\/\/ellistat.com\/en\/wp-json\/wp\/v2\/media?parent=883"}],"wp:term":[{"taxonomy":"category","embeddable":true,"href":"https:\/\/ellistat.com\/en\/wp-json\/wp\/v2\/categories?post=883"},{"taxonomy":"post_tag","embeddable":true,"href":"https:\/\/ellistat.com\/en\/wp-json\/wp\/v2\/tags?post=883"}],"curies":[{"name":"wp","href":"https:\/\/api.w.org\/{rel}","templated":true}]}}