{"id":1080,"date":"2024-09-05T15:57:23","date_gmt":"2024-09-05T13:57:23","guid":{"rendered":"https:\/\/site.ellistat.com\/?page_id=1080"},"modified":"2025-02-27T12:38:47","modified_gmt":"2025-02-27T11:38:47","slug":"sector-del-automovil","status":"publish","type":"page","link":"https:\/\/ellistat.com\/es\/secteur-automobile\/","title":{"rendered":"Sector - Automoci\u00f3n"},"content":{"rendered":"","protected":false},"excerpt":{"rendered":"","protected":false},"author":4,"featured_media":0,"parent":0,"menu_order":0,"comment_status":"closed","ping_status":"closed","template":"","meta":{"_acf_changed":false,"footnotes":""},"categories":[],"tags":[],"class_list":["post-1080","page","type-page","status-publish","hentry"],"acf":[],"yoast_head":"<!-- This site is optimized with the Yoast SEO plugin v27.4 - https:\/\/yoast.com\/product\/yoast-seo-wordpress\/ -->\n<title>Secteur - Automobile - Ellistat<\/title>\n<meta name=\"description\" content=\"La suite logicielle qualit\u00e9 d&#039;Ellistat vous permet de r\u00e9pondre aux exigences de la norme ISO 9001 pour la fabrication des pi\u00e8ces automobile.\" \/>\n<meta name=\"robots\" content=\"index, follow, max-snippet:-1, max-image-preview:large, max-video-preview:-1\" \/>\n<link rel=\"canonical\" href=\"https:\/\/ellistat.com\/es\/sector-del-automovil\/\" \/>\n<meta property=\"og:locale\" content=\"es_ES\" \/>\n<meta property=\"og:type\" content=\"article\" \/>\n<meta property=\"og:title\" content=\"Secteur - Automobile - Ellistat\" \/>\n<meta property=\"og:description\" content=\"La suite logicielle qualit\u00e9 d&#039;Ellistat vous permet de r\u00e9pondre aux exigences de la norme ISO 9001 pour la fabrication des pi\u00e8ces automobile.\" \/>\n<meta property=\"og:url\" content=\"https:\/\/ellistat.com\/es\/sector-del-automovil\/\" \/>\n<meta property=\"og:site_name\" content=\"Ellistat\" \/>\n<meta property=\"article:modified_time\" content=\"2025-02-27T11:38:47+00:00\" \/>\n<meta name=\"twitter:card\" content=\"summary_large_image\" \/>\n<script type=\"application\/ld+json\" class=\"yoast-schema-graph\">{\"@context\":\"https:\\\/\\\/schema.org\",\"@graph\":[{\"@type\":\"WebPage\",\"@id\":\"https:\\\/\\\/ellistat.com\\\/secteur-automobile\\\/\",\"url\":\"https:\\\/\\\/ellistat.com\\\/secteur-automobile\\\/\",\"name\":\"Secteur - Automobile - Ellistat\",\"isPartOf\":{\"@id\":\"https:\\\/\\\/ellistat.com\\\/#website\"},\"datePublished\":\"2024-09-05T13:57:23+00:00\",\"dateModified\":\"2025-02-27T11:38:47+00:00\",\"description\":\"La suite logicielle qualit\u00e9 d'Ellistat vous permet de r\u00e9pondre aux exigences de la norme ISO 9001 pour la fabrication des pi\u00e8ces automobile.\",\"breadcrumb\":{\"@id\":\"https:\\\/\\\/ellistat.com\\\/secteur-automobile\\\/#breadcrumb\"},\"inLanguage\":\"es\",\"potentialAction\":[{\"@type\":\"ReadAction\",\"target\":[\"https:\\\/\\\/ellistat.com\\\/secteur-automobile\\\/\"]}]},{\"@type\":\"BreadcrumbList\",\"@id\":\"https:\\\/\\\/ellistat.com\\\/secteur-automobile\\\/#breadcrumb\",\"itemListElement\":[{\"@type\":\"ListItem\",\"position\":1,\"name\":\"Accueil\",\"item\":\"https:\\\/\\\/ellistat.com\\\/\"},{\"@type\":\"ListItem\",\"position\":2,\"name\":\"Secteur &#8211; Automobile\"}]},{\"@type\":\"WebSite\",\"@id\":\"https:\\\/\\\/ellistat.com\\\/#website\",\"url\":\"https:\\\/\\\/ellistat.com\\\/\",\"name\":\"Ellistat\",\"description\":\"La suite qualit\u00e9 de l&#039;industrie m\u00e9canique\",\"potentialAction\":[{\"@type\":\"SearchAction\",\"target\":{\"@type\":\"EntryPoint\",\"urlTemplate\":\"https:\\\/\\\/ellistat.com\\\/?s={search_term_string}\"},\"query-input\":{\"@type\":\"PropertyValueSpecification\",\"valueRequired\":true,\"valueName\":\"search_term_string\"}}],\"inLanguage\":\"es\"}]}<\/script>\n<!-- \/ Yoast SEO plugin. -->","yoast_head_json":{"title":"Sector - Automoci\u00f3n - Ellistat","description":"El paquete de software de calidad de Ellistat le permite cumplir los requisitos de la norma ISO 9001 para la fabricaci\u00f3n de piezas de automoci\u00f3n.","robots":{"index":"index","follow":"follow","max-snippet":"max-snippet:-1","max-image-preview":"max-image-preview:large","max-video-preview":"max-video-preview:-1"},"canonical":"https:\/\/ellistat.com\/es\/sector-del-automovil\/","og_locale":"es_ES","og_type":"article","og_title":"Secteur - Automobile - Ellistat","og_description":"La suite logicielle qualit\u00e9 d'Ellistat vous permet de r\u00e9pondre aux exigences de la norme ISO 9001 pour la fabrication des pi\u00e8ces automobile.","og_url":"https:\/\/ellistat.com\/es\/sector-del-automovil\/","og_site_name":"Ellistat","article_modified_time":"2025-02-27T11:38:47+00:00","twitter_card":"summary_large_image","schema":{"@context":"https:\/\/schema.org","@graph":[{"@type":"WebPage","@id":"https:\/\/ellistat.com\/secteur-automobile\/","url":"https:\/\/ellistat.com\/secteur-automobile\/","name":"Sector - Automoci\u00f3n - Ellistat","isPartOf":{"@id":"https:\/\/ellistat.com\/#website"},"datePublished":"2024-09-05T13:57:23+00:00","dateModified":"2025-02-27T11:38:47+00:00","description":"El paquete de software de calidad de Ellistat le permite cumplir los requisitos de la norma ISO 9001 para la fabricaci\u00f3n de piezas de automoci\u00f3n.","breadcrumb":{"@id":"https:\/\/ellistat.com\/secteur-automobile\/#breadcrumb"},"inLanguage":"es","potentialAction":[{"@type":"ReadAction","target":["https:\/\/ellistat.com\/secteur-automobile\/"]}]},{"@type":"BreadcrumbList","@id":"https:\/\/ellistat.com\/secteur-automobile\/#breadcrumb","itemListElement":[{"@type":"ListItem","position":1,"name":"Accueil","item":"https:\/\/ellistat.com\/"},{"@type":"ListItem","position":2,"name":"Secteur &#8211; Automobile"}]},{"@type":"WebSite","@id":"https:\/\/ellistat.com\/#website","url":"https:\/\/ellistat.com\/","name":"Ellistat","description":"La suite de calidad para la industria de la ingenier\u00eda mec\u00e1nica","potentialAction":[{"@type":"SearchAction","target":{"@type":"EntryPoint","urlTemplate":"https:\/\/ellistat.com\/?s={search_term_string}"},"query-input":{"@type":"PropertyValueSpecification","valueRequired":true,"valueName":"search_term_string"}}],"inLanguage":"es"}]}},"_links":{"self":[{"href":"https:\/\/ellistat.com\/es\/wp-json\/wp\/v2\/pages\/1080","targetHints":{"allow":["GET"]}}],"collection":[{"href":"https:\/\/ellistat.com\/es\/wp-json\/wp\/v2\/pages"}],"about":[{"href":"https:\/\/ellistat.com\/es\/wp-json\/wp\/v2\/types\/page"}],"author":[{"embeddable":true,"href":"https:\/\/ellistat.com\/es\/wp-json\/wp\/v2\/users\/4"}],"replies":[{"embeddable":true,"href":"https:\/\/ellistat.com\/es\/wp-json\/wp\/v2\/comments?post=1080"}],"version-history":[{"count":36,"href":"https:\/\/ellistat.com\/es\/wp-json\/wp\/v2\/pages\/1080\/revisions"}],"predecessor-version":[{"id":3928,"href":"https:\/\/ellistat.com\/es\/wp-json\/wp\/v2\/pages\/1080\/revisions\/3928"}],"wp:attachment":[{"href":"https:\/\/ellistat.com\/es\/wp-json\/wp\/v2\/media?parent=1080"}],"wp:term":[{"taxonomy":"category","embeddable":true,"href":"https:\/\/ellistat.com\/es\/wp-json\/wp\/v2\/categories?post=1080"},{"taxonomy":"post_tag","embeddable":true,"href":"https:\/\/ellistat.com\/es\/wp-json\/wp\/v2\/tags?post=1080"}],"curies":[{"name":"wp","href":"https:\/\/api.w.org\/{rel}","templated":true}]}}