{"id":1457,"date":"2024-09-10T11:00:34","date_gmt":"2024-09-10T09:00:34","guid":{"rendered":"https:\/\/site.ellistat.com\/?page_id=1457"},"modified":"2026-03-16T11:12:55","modified_gmt":"2026-03-16T10:12:55","slug":"pack-de-formacion-ilimitada","status":"publish","type":"page","link":"https:\/\/ellistat.com\/es\/formation\/pack-formation-illimite\/","title":{"rendered":"Formaci\u00f3n - Pack de formaci\u00f3n"},"content":{"rendered":"","protected":false},"excerpt":{"rendered":"","protected":false},"author":4,"featured_media":0,"parent":1754,"menu_order":0,"comment_status":"closed","ping_status":"closed","template":"","meta":{"_acf_changed":false,"footnotes":""},"categories":[],"tags":[],"class_list":["post-1457","page","type-page","status-publish","hentry"],"acf":[],"yoast_head":"<!-- This site is optimized with the Yoast SEO plugin v27.4 - https:\/\/yoast.com\/product\/yoast-seo-wordpress\/ -->\n<title>Pack Formation - Ellistat<\/title>\n<meta name=\"description\" content=\"Profitez d&#039;un acc\u00e8s illimit\u00e9 \u00e0 notre pack formation. Un panel de formation en Lean et Six Sigma d\u00e9velopp\u00e9 par Maurice Pillet.\" \/>\n<meta name=\"robots\" content=\"index, follow, max-snippet:-1, max-image-preview:large, max-video-preview:-1\" \/>\n<link rel=\"canonical\" href=\"https:\/\/ellistat.com\/es\/formacion\/pack-de-formacion-ilimitada\/\" \/>\n<meta property=\"og:locale\" content=\"es_ES\" \/>\n<meta property=\"og:type\" content=\"article\" \/>\n<meta property=\"og:title\" content=\"Pack Formation - Ellistat\" \/>\n<meta property=\"og:description\" content=\"Profitez d&#039;un acc\u00e8s illimit\u00e9 \u00e0 notre pack formation. Un panel de formation en Lean et Six Sigma d\u00e9velopp\u00e9 par Maurice Pillet.\" \/>\n<meta property=\"og:url\" content=\"https:\/\/ellistat.com\/es\/formacion\/pack-de-formacion-ilimitada\/\" \/>\n<meta property=\"og:site_name\" content=\"Ellistat\" \/>\n<meta property=\"article:modified_time\" content=\"2026-03-16T10:12:55+00:00\" \/>\n<meta name=\"twitter:card\" content=\"summary_large_image\" \/>\n<script type=\"application\/ld+json\" class=\"yoast-schema-graph\">{\"@context\":\"https:\\\/\\\/schema.org\",\"@graph\":[{\"@type\":\"WebPage\",\"@id\":\"https:\\\/\\\/ellistat.com\\\/formation\\\/pack-formation-illimite\\\/\",\"url\":\"https:\\\/\\\/ellistat.com\\\/formation\\\/pack-formation-illimite\\\/\",\"name\":\"Pack Formation - Ellistat\",\"isPartOf\":{\"@id\":\"https:\\\/\\\/ellistat.com\\\/#website\"},\"datePublished\":\"2024-09-10T09:00:34+00:00\",\"dateModified\":\"2026-03-16T10:12:55+00:00\",\"description\":\"Profitez d'un acc\u00e8s illimit\u00e9 \u00e0 notre pack formation. Un panel de formation en Lean et Six Sigma d\u00e9velopp\u00e9 par Maurice Pillet.\",\"breadcrumb\":{\"@id\":\"https:\\\/\\\/ellistat.com\\\/formation\\\/pack-formation-illimite\\\/#breadcrumb\"},\"inLanguage\":\"es\",\"potentialAction\":[{\"@type\":\"ReadAction\",\"target\":[\"https:\\\/\\\/ellistat.com\\\/formation\\\/pack-formation-illimite\\\/\"]}]},{\"@type\":\"BreadcrumbList\",\"@id\":\"https:\\\/\\\/ellistat.com\\\/formation\\\/pack-formation-illimite\\\/#breadcrumb\",\"itemListElement\":[{\"@type\":\"ListItem\",\"position\":1,\"name\":\"Accueil\",\"item\":\"https:\\\/\\\/ellistat.com\\\/\"},{\"@type\":\"ListItem\",\"position\":2,\"name\":\"Formation\",\"item\":\"https:\\\/\\\/ellistat.com\\\/formation\\\/\"},{\"@type\":\"ListItem\",\"position\":3,\"name\":\"Formation &#8211; Pack Formation\"}]},{\"@type\":\"WebSite\",\"@id\":\"https:\\\/\\\/ellistat.com\\\/#website\",\"url\":\"https:\\\/\\\/ellistat.com\\\/\",\"name\":\"Ellistat\",\"description\":\"La suite qualit\u00e9 de l&#039;industrie m\u00e9canique\",\"potentialAction\":[{\"@type\":\"SearchAction\",\"target\":{\"@type\":\"EntryPoint\",\"urlTemplate\":\"https:\\\/\\\/ellistat.com\\\/?s={search_term_string}\"},\"query-input\":{\"@type\":\"PropertyValueSpecification\",\"valueRequired\":true,\"valueName\":\"search_term_string\"}}],\"inLanguage\":\"es\"}]}<\/script>\n<!-- \/ Yoast SEO plugin. -->","yoast_head_json":{"title":"Pack de formaci\u00f3n - Ellistat","description":"Disfrute de acceso ilimitado a nuestro pack de formaci\u00f3n. Una gama de cursos de formaci\u00f3n Lean y Six Sigma desarrollados por Maurice Pillet.","robots":{"index":"index","follow":"follow","max-snippet":"max-snippet:-1","max-image-preview":"max-image-preview:large","max-video-preview":"max-video-preview:-1"},"canonical":"https:\/\/ellistat.com\/es\/formacion\/pack-de-formacion-ilimitada\/","og_locale":"es_ES","og_type":"article","og_title":"Pack Formation - Ellistat","og_description":"Profitez d'un acc\u00e8s illimit\u00e9 \u00e0 notre pack formation. Un panel de formation en Lean et Six Sigma d\u00e9velopp\u00e9 par Maurice Pillet.","og_url":"https:\/\/ellistat.com\/es\/formacion\/pack-de-formacion-ilimitada\/","og_site_name":"Ellistat","article_modified_time":"2026-03-16T10:12:55+00:00","twitter_card":"summary_large_image","schema":{"@context":"https:\/\/schema.org","@graph":[{"@type":"WebPage","@id":"https:\/\/ellistat.com\/formation\/pack-formation-illimite\/","url":"https:\/\/ellistat.com\/formation\/pack-formation-illimite\/","name":"Pack de formaci\u00f3n - Ellistat","isPartOf":{"@id":"https:\/\/ellistat.com\/#website"},"datePublished":"2024-09-10T09:00:34+00:00","dateModified":"2026-03-16T10:12:55+00:00","description":"Disfrute de acceso ilimitado a nuestro pack de formaci\u00f3n. Una gama de cursos de formaci\u00f3n Lean y Six Sigma desarrollados por Maurice Pillet.","breadcrumb":{"@id":"https:\/\/ellistat.com\/formation\/pack-formation-illimite\/#breadcrumb"},"inLanguage":"es","potentialAction":[{"@type":"ReadAction","target":["https:\/\/ellistat.com\/formation\/pack-formation-illimite\/"]}]},{"@type":"BreadcrumbList","@id":"https:\/\/ellistat.com\/formation\/pack-formation-illimite\/#breadcrumb","itemListElement":[{"@type":"ListItem","position":1,"name":"Accueil","item":"https:\/\/ellistat.com\/"},{"@type":"ListItem","position":2,"name":"Formation","item":"https:\/\/ellistat.com\/formation\/"},{"@type":"ListItem","position":3,"name":"Formation &#8211; Pack Formation"}]},{"@type":"WebSite","@id":"https:\/\/ellistat.com\/#website","url":"https:\/\/ellistat.com\/","name":"Ellistat","description":"La suite de calidad para la industria de la ingenier\u00eda mec\u00e1nica","potentialAction":[{"@type":"SearchAction","target":{"@type":"EntryPoint","urlTemplate":"https:\/\/ellistat.com\/?s={search_term_string}"},"query-input":{"@type":"PropertyValueSpecification","valueRequired":true,"valueName":"search_term_string"}}],"inLanguage":"es"}]}},"_links":{"self":[{"href":"https:\/\/ellistat.com\/es\/wp-json\/wp\/v2\/pages\/1457","targetHints":{"allow":["GET"]}}],"collection":[{"href":"https:\/\/ellistat.com\/es\/wp-json\/wp\/v2\/pages"}],"about":[{"href":"https:\/\/ellistat.com\/es\/wp-json\/wp\/v2\/types\/page"}],"author":[{"embeddable":true,"href":"https:\/\/ellistat.com\/es\/wp-json\/wp\/v2\/users\/4"}],"replies":[{"embeddable":true,"href":"https:\/\/ellistat.com\/es\/wp-json\/wp\/v2\/comments?post=1457"}],"version-history":[{"count":16,"href":"https:\/\/ellistat.com\/es\/wp-json\/wp\/v2\/pages\/1457\/revisions"}],"predecessor-version":[{"id":4298,"href":"https:\/\/ellistat.com\/es\/wp-json\/wp\/v2\/pages\/1457\/revisions\/4298"}],"up":[{"embeddable":true,"href":"https:\/\/ellistat.com\/es\/wp-json\/wp\/v2\/pages\/1754"}],"wp:attachment":[{"href":"https:\/\/ellistat.com\/es\/wp-json\/wp\/v2\/media?parent=1457"}],"wp:term":[{"taxonomy":"category","embeddable":true,"href":"https:\/\/ellistat.com\/es\/wp-json\/wp\/v2\/categories?post=1457"},{"taxonomy":"post_tag","embeddable":true,"href":"https:\/\/ellistat.com\/es\/wp-json\/wp\/v2\/tags?post=1457"}],"curies":[{"name":"wp","href":"https:\/\/api.w.org\/{rel}","templated":true}]}}