{"id":1468,"date":"2024-09-11T15:00:54","date_gmt":"2024-09-11T13:00:54","guid":{"rendered":"https:\/\/site.ellistat.com\/?page_id=1468"},"modified":"2025-10-01T16:10:59","modified_gmt":"2025-10-01T14:10:59","slug":"cinturon-verde-six-sigma","status":"publish","type":"page","link":"https:\/\/ellistat.com\/es\/formation\/six-sigma-green-belt\/","title":{"rendered":"Formaci\u00f3n - Cintur\u00f3n Verde Seis Sigma"},"content":{"rendered":"","protected":false},"excerpt":{"rendered":"<p>Ejecutar un proyecto Seis Sigma utilizando el m\u00e9todo DMAIC<\/p>","protected":false},"author":4,"featured_media":3773,"parent":1754,"menu_order":0,"comment_status":"closed","ping_status":"closed","template":"","meta":{"_acf_changed":false,"footnotes":""},"categories":[8],"tags":[16,12],"class_list":["post-1468","page","type-page","status-publish","has-post-thumbnail","hentry","category-formation","tag-e-learning","tag-six-sigma"],"acf":[],"yoast_head":"<!-- This site is optimized with the Yoast SEO plugin v27.3 - https:\/\/yoast.com\/product\/yoast-seo-wordpress\/ -->\n<title>Formation Green Belt Six Sigma<\/title>\n<meta name=\"description\" content=\"La formation Green Belt Six Sigma d&#039;Ellistat offre une formation permettant de ma\u00eetriser la m\u00e9thodologie Six Sigma et d&#039;am\u00e9liorer significativement la qualit\u00e9 et l&#039;efficacit\u00e9 dans leurs domaines de travail\u200b\u200b\" \/>\n<meta name=\"robots\" content=\"index, follow, max-snippet:-1, max-image-preview:large, max-video-preview:-1\" \/>\n<link rel=\"canonical\" href=\"https:\/\/ellistat.com\/es\/formacion\/cinturon-verde-six-sigma\/\" \/>\n<meta property=\"og:locale\" content=\"es_ES\" \/>\n<meta property=\"og:type\" content=\"article\" \/>\n<meta property=\"og:title\" content=\"Formation Green Belt Six Sigma\" \/>\n<meta property=\"og:description\" content=\"La formation Green Belt Six Sigma d&#039;Ellistat offre une formation permettant de ma\u00eetriser la m\u00e9thodologie Six Sigma et d&#039;am\u00e9liorer significativement la qualit\u00e9 et l&#039;efficacit\u00e9 dans leurs domaines de travail\u200b\u200b\" \/>\n<meta property=\"og:url\" content=\"https:\/\/ellistat.com\/es\/formacion\/cinturon-verde-six-sigma\/\" \/>\n<meta property=\"og:site_name\" content=\"Ellistat\" \/>\n<meta property=\"article:modified_time\" content=\"2025-10-01T14:10:59+00:00\" \/>\n<meta property=\"og:image\" content=\"https:\/\/ellistat.com\/wp-content\/uploads\/Formation_picto_GO_Green-belt-Six-Sigma.png\" \/>\n\t<meta property=\"og:image:width\" content=\"209\" \/>\n\t<meta property=\"og:image:height\" content=\"209\" \/>\n\t<meta property=\"og:image:type\" content=\"image\/png\" \/>\n<meta name=\"twitter:card\" content=\"summary_large_image\" \/>\n<meta name=\"twitter:label1\" content=\"Tiempo de lectura\" \/>\n\t<meta name=\"twitter:data1\" content=\"1 minuto\" \/>\n<script type=\"application\/ld+json\" class=\"yoast-schema-graph\">{\"@context\":\"https:\\\/\\\/schema.org\",\"@graph\":[{\"@type\":\"WebPage\",\"@id\":\"https:\\\/\\\/ellistat.com\\\/formation\\\/six-sigma-green-belt\\\/\",\"url\":\"https:\\\/\\\/ellistat.com\\\/formation\\\/six-sigma-green-belt\\\/\",\"name\":\"Formation Green Belt Six Sigma\",\"isPartOf\":{\"@id\":\"https:\\\/\\\/ellistat.com\\\/#website\"},\"primaryImageOfPage\":{\"@id\":\"https:\\\/\\\/ellistat.com\\\/formation\\\/six-sigma-green-belt\\\/#primaryimage\"},\"image\":{\"@id\":\"https:\\\/\\\/ellistat.com\\\/formation\\\/six-sigma-green-belt\\\/#primaryimage\"},\"thumbnailUrl\":\"https:\\\/\\\/ellistat.com\\\/wp-content\\\/uploads\\\/Formation_picto_GO_Green-belt-Six-Sigma.png\",\"datePublished\":\"2024-09-11T13:00:54+00:00\",\"dateModified\":\"2025-10-01T14:10:59+00:00\",\"description\":\"La formation Green Belt Six Sigma d'Ellistat offre une formation permettant de ma\u00eetriser la m\u00e9thodologie Six Sigma et d'am\u00e9liorer significativement la qualit\u00e9 et l'efficacit\u00e9 dans leurs domaines de travail\u200b\u200b\",\"breadcrumb\":{\"@id\":\"https:\\\/\\\/ellistat.com\\\/formation\\\/six-sigma-green-belt\\\/#breadcrumb\"},\"inLanguage\":\"es\",\"potentialAction\":[{\"@type\":\"ReadAction\",\"target\":[\"https:\\\/\\\/ellistat.com\\\/formation\\\/six-sigma-green-belt\\\/\"]}]},{\"@type\":\"ImageObject\",\"inLanguage\":\"es\",\"@id\":\"https:\\\/\\\/ellistat.com\\\/formation\\\/six-sigma-green-belt\\\/#primaryimage\",\"url\":\"https:\\\/\\\/ellistat.com\\\/wp-content\\\/uploads\\\/Formation_picto_GO_Green-belt-Six-Sigma.png\",\"contentUrl\":\"https:\\\/\\\/ellistat.com\\\/wp-content\\\/uploads\\\/Formation_picto_GO_Green-belt-Six-Sigma.png\",\"width\":209,\"height\":209,\"caption\":\"Illustration d'une ceinture verte d judo pour la formation Green Belt Six Sigma\"},{\"@type\":\"BreadcrumbList\",\"@id\":\"https:\\\/\\\/ellistat.com\\\/formation\\\/six-sigma-green-belt\\\/#breadcrumb\",\"itemListElement\":[{\"@type\":\"ListItem\",\"position\":1,\"name\":\"Accueil\",\"item\":\"https:\\\/\\\/ellistat.com\\\/\"},{\"@type\":\"ListItem\",\"position\":2,\"name\":\"Formation\",\"item\":\"https:\\\/\\\/ellistat.com\\\/formation\\\/\"},{\"@type\":\"ListItem\",\"position\":3,\"name\":\"Formation &#8211; Green Belt Six Sigma\"}]},{\"@type\":\"WebSite\",\"@id\":\"https:\\\/\\\/ellistat.com\\\/#website\",\"url\":\"https:\\\/\\\/ellistat.com\\\/\",\"name\":\"Ellistat\",\"description\":\"La suite qualit\u00e9 de l&#039;industrie m\u00e9canique\",\"potentialAction\":[{\"@type\":\"SearchAction\",\"target\":{\"@type\":\"EntryPoint\",\"urlTemplate\":\"https:\\\/\\\/ellistat.com\\\/?s={search_term_string}\"},\"query-input\":{\"@type\":\"PropertyValueSpecification\",\"valueRequired\":true,\"valueName\":\"search_term_string\"}}],\"inLanguage\":\"es\"}]}<\/script>\n<!-- \/ Yoast SEO plugin. -->","yoast_head_json":{"title":"Formaci\u00f3n Cintur\u00f3n Verde Seis Sigma","description":"El curso Six Sigma Green Belt de Ellistat ofrece formaci\u00f3n para dominar la metodolog\u00eda Six Sigma y mejorar significativamente la calidad y la eficiencia en sus \u00e1reas de trabajo.","robots":{"index":"index","follow":"follow","max-snippet":"max-snippet:-1","max-image-preview":"max-image-preview:large","max-video-preview":"max-video-preview:-1"},"canonical":"https:\/\/ellistat.com\/es\/formacion\/cinturon-verde-six-sigma\/","og_locale":"es_ES","og_type":"article","og_title":"Formation Green Belt Six Sigma","og_description":"La formation Green Belt Six Sigma d'Ellistat offre une formation permettant de ma\u00eetriser la m\u00e9thodologie Six Sigma et d'am\u00e9liorer significativement la qualit\u00e9 et l'efficacit\u00e9 dans leurs domaines de travail\u200b\u200b","og_url":"https:\/\/ellistat.com\/es\/formacion\/cinturon-verde-six-sigma\/","og_site_name":"Ellistat","article_modified_time":"2025-10-01T14:10:59+00:00","og_image":[{"width":209,"height":209,"url":"https:\/\/ellistat.com\/wp-content\/uploads\/Formation_picto_GO_Green-belt-Six-Sigma.png","type":"image\/png"}],"twitter_card":"summary_large_image","twitter_misc":{"Tiempo de lectura":"1 minuto"},"schema":{"@context":"https:\/\/schema.org","@graph":[{"@type":"WebPage","@id":"https:\/\/ellistat.com\/formation\/six-sigma-green-belt\/","url":"https:\/\/ellistat.com\/formation\/six-sigma-green-belt\/","name":"Formaci\u00f3n Cintur\u00f3n Verde Seis Sigma","isPartOf":{"@id":"https:\/\/ellistat.com\/#website"},"primaryImageOfPage":{"@id":"https:\/\/ellistat.com\/formation\/six-sigma-green-belt\/#primaryimage"},"image":{"@id":"https:\/\/ellistat.com\/formation\/six-sigma-green-belt\/#primaryimage"},"thumbnailUrl":"https:\/\/ellistat.com\/wp-content\/uploads\/Formation_picto_GO_Green-belt-Six-Sigma.png","datePublished":"2024-09-11T13:00:54+00:00","dateModified":"2025-10-01T14:10:59+00:00","description":"El curso Six Sigma Green Belt de Ellistat ofrece formaci\u00f3n para dominar la metodolog\u00eda Six Sigma y mejorar significativamente la calidad y la eficiencia en sus \u00e1reas de trabajo.","breadcrumb":{"@id":"https:\/\/ellistat.com\/formation\/six-sigma-green-belt\/#breadcrumb"},"inLanguage":"es","potentialAction":[{"@type":"ReadAction","target":["https:\/\/ellistat.com\/formation\/six-sigma-green-belt\/"]}]},{"@type":"ImageObject","inLanguage":"es","@id":"https:\/\/ellistat.com\/formation\/six-sigma-green-belt\/#primaryimage","url":"https:\/\/ellistat.com\/wp-content\/uploads\/Formation_picto_GO_Green-belt-Six-Sigma.png","contentUrl":"https:\/\/ellistat.com\/wp-content\/uploads\/Formation_picto_GO_Green-belt-Six-Sigma.png","width":209,"height":209,"caption":"Illustration d'une ceinture verte d judo pour la formation Green Belt Six Sigma"},{"@type":"BreadcrumbList","@id":"https:\/\/ellistat.com\/formation\/six-sigma-green-belt\/#breadcrumb","itemListElement":[{"@type":"ListItem","position":1,"name":"Accueil","item":"https:\/\/ellistat.com\/"},{"@type":"ListItem","position":2,"name":"Formation","item":"https:\/\/ellistat.com\/formation\/"},{"@type":"ListItem","position":3,"name":"Formation &#8211; Green Belt Six Sigma"}]},{"@type":"WebSite","@id":"https:\/\/ellistat.com\/#website","url":"https:\/\/ellistat.com\/","name":"Ellistat","description":"La suite de calidad para la industria de la ingenier\u00eda mec\u00e1nica","potentialAction":[{"@type":"SearchAction","target":{"@type":"EntryPoint","urlTemplate":"https:\/\/ellistat.com\/?s={search_term_string}"},"query-input":{"@type":"PropertyValueSpecification","valueRequired":true,"valueName":"search_term_string"}}],"inLanguage":"es"}]}},"_links":{"self":[{"href":"https:\/\/ellistat.com\/es\/wp-json\/wp\/v2\/pages\/1468","targetHints":{"allow":["GET"]}}],"collection":[{"href":"https:\/\/ellistat.com\/es\/wp-json\/wp\/v2\/pages"}],"about":[{"href":"https:\/\/ellistat.com\/es\/wp-json\/wp\/v2\/types\/page"}],"author":[{"embeddable":true,"href":"https:\/\/ellistat.com\/es\/wp-json\/wp\/v2\/users\/4"}],"replies":[{"embeddable":true,"href":"https:\/\/ellistat.com\/es\/wp-json\/wp\/v2\/comments?post=1468"}],"version-history":[{"count":34,"href":"https:\/\/ellistat.com\/es\/wp-json\/wp\/v2\/pages\/1468\/revisions"}],"predecessor-version":[{"id":4179,"href":"https:\/\/ellistat.com\/es\/wp-json\/wp\/v2\/pages\/1468\/revisions\/4179"}],"up":[{"embeddable":true,"href":"https:\/\/ellistat.com\/es\/wp-json\/wp\/v2\/pages\/1754"}],"wp:featuredmedia":[{"embeddable":true,"href":"https:\/\/ellistat.com\/es\/wp-json\/wp\/v2\/media\/3773"}],"wp:attachment":[{"href":"https:\/\/ellistat.com\/es\/wp-json\/wp\/v2\/media?parent=1468"}],"wp:term":[{"taxonomy":"category","embeddable":true,"href":"https:\/\/ellistat.com\/es\/wp-json\/wp\/v2\/categories?post=1468"},{"taxonomy":"post_tag","embeddable":true,"href":"https:\/\/ellistat.com\/es\/wp-json\/wp\/v2\/tags?post=1468"}],"curies":[{"name":"wp","href":"https:\/\/api.w.org\/{rel}","templated":true}]}}