{"id":1472,"date":"2024-09-11T14:45:15","date_gmt":"2024-09-11T12:45:15","guid":{"rendered":"https:\/\/site.ellistat.com\/?page_id=1472"},"modified":"2025-10-01T16:14:23","modified_gmt":"2025-10-01T14:14:23","slug":"cinturon-negro-six-sigma","status":"publish","type":"page","link":"https:\/\/ellistat.com\/es\/formation\/six-sigma-black-belt\/","title":{"rendered":"Formaci\u00f3n - Cintur\u00f3n negro Seis Sigma"},"content":{"rendered":"","protected":false},"excerpt":{"rendered":"<p>Gestionar proyectos complejos utilizando el m\u00e9todo DMAIC<\/p>","protected":false},"author":4,"featured_media":3772,"parent":1754,"menu_order":0,"comment_status":"closed","ping_status":"closed","template":"","meta":{"_acf_changed":false,"footnotes":""},"categories":[8],"tags":[16,12],"class_list":["post-1472","page","type-page","status-publish","has-post-thumbnail","hentry","category-formation","tag-e-learning","tag-six-sigma"],"acf":[],"yoast_head":"<!-- This site is optimized with the Yoast SEO plugin v27.4 - https:\/\/yoast.com\/product\/yoast-seo-wordpress\/ -->\n<title>Formation Black Belt Six Sigma - E-Learning<\/title>\n<meta name=\"description\" content=\"La formation Six Sigma Black Belt forme les participants \u00e0 devenir des r\u00e9f\u00e9rents pour les outils d&#039;analyse des proc\u00e9d\u00e9s industriels, en leur enseignant une ma\u00eetrise avanc\u00e9e de la m\u00e9thodologie Six Sigma.\" \/>\n<meta name=\"robots\" content=\"index, follow, max-snippet:-1, max-image-preview:large, max-video-preview:-1\" \/>\n<link rel=\"canonical\" href=\"https:\/\/ellistat.com\/es\/formacion\/cinturon-negro-six-sigma\/\" \/>\n<meta property=\"og:locale\" content=\"es_ES\" \/>\n<meta property=\"og:type\" content=\"article\" \/>\n<meta property=\"og:title\" content=\"Formation Black Belt Six Sigma - E-Learning\" \/>\n<meta property=\"og:description\" content=\"La formation Six Sigma Black Belt forme les participants \u00e0 devenir des r\u00e9f\u00e9rents pour les outils d&#039;analyse des proc\u00e9d\u00e9s industriels, en leur enseignant une ma\u00eetrise avanc\u00e9e de la m\u00e9thodologie Six Sigma.\" \/>\n<meta property=\"og:url\" content=\"https:\/\/ellistat.com\/es\/formacion\/cinturon-negro-six-sigma\/\" \/>\n<meta property=\"og:site_name\" content=\"Ellistat\" \/>\n<meta property=\"article:modified_time\" content=\"2025-10-01T14:14:23+00:00\" \/>\n<meta property=\"og:image\" content=\"https:\/\/ellistat.com\/wp-content\/uploads\/Formation_picto_GO_Black-belt-Six-Sigma.png\" \/>\n\t<meta property=\"og:image:width\" content=\"210\" \/>\n\t<meta property=\"og:image:height\" content=\"209\" \/>\n\t<meta property=\"og:image:type\" content=\"image\/png\" \/>\n<meta name=\"twitter:card\" content=\"summary_large_image\" \/>\n<meta name=\"twitter:label1\" content=\"Tiempo de lectura\" \/>\n\t<meta name=\"twitter:data1\" content=\"1 minuto\" \/>\n<script type=\"application\/ld+json\" class=\"yoast-schema-graph\">{\"@context\":\"https:\\\/\\\/schema.org\",\"@graph\":[{\"@type\":\"WebPage\",\"@id\":\"https:\\\/\\\/ellistat.com\\\/formation\\\/six-sigma-black-belt\\\/\",\"url\":\"https:\\\/\\\/ellistat.com\\\/formation\\\/six-sigma-black-belt\\\/\",\"name\":\"Formation Black Belt Six Sigma - E-Learning\",\"isPartOf\":{\"@id\":\"https:\\\/\\\/ellistat.com\\\/#website\"},\"primaryImageOfPage\":{\"@id\":\"https:\\\/\\\/ellistat.com\\\/formation\\\/six-sigma-black-belt\\\/#primaryimage\"},\"image\":{\"@id\":\"https:\\\/\\\/ellistat.com\\\/formation\\\/six-sigma-black-belt\\\/#primaryimage\"},\"thumbnailUrl\":\"https:\\\/\\\/ellistat.com\\\/wp-content\\\/uploads\\\/Formation_picto_GO_Black-belt-Six-Sigma.png\",\"datePublished\":\"2024-09-11T12:45:15+00:00\",\"dateModified\":\"2025-10-01T14:14:23+00:00\",\"description\":\"La formation Six Sigma Black Belt forme les participants \u00e0 devenir des r\u00e9f\u00e9rents pour les outils d'analyse des proc\u00e9d\u00e9s industriels, en leur enseignant une ma\u00eetrise avanc\u00e9e de la m\u00e9thodologie Six Sigma.\",\"breadcrumb\":{\"@id\":\"https:\\\/\\\/ellistat.com\\\/formation\\\/six-sigma-black-belt\\\/#breadcrumb\"},\"inLanguage\":\"es\",\"potentialAction\":[{\"@type\":\"ReadAction\",\"target\":[\"https:\\\/\\\/ellistat.com\\\/formation\\\/six-sigma-black-belt\\\/\"]}]},{\"@type\":\"ImageObject\",\"inLanguage\":\"es\",\"@id\":\"https:\\\/\\\/ellistat.com\\\/formation\\\/six-sigma-black-belt\\\/#primaryimage\",\"url\":\"https:\\\/\\\/ellistat.com\\\/wp-content\\\/uploads\\\/Formation_picto_GO_Black-belt-Six-Sigma.png\",\"contentUrl\":\"https:\\\/\\\/ellistat.com\\\/wp-content\\\/uploads\\\/Formation_picto_GO_Black-belt-Six-Sigma.png\",\"width\":210,\"height\":209,\"caption\":\"Illustration d'une ceinture noire de judo pour la formation Black Belt Six Sigma\"},{\"@type\":\"BreadcrumbList\",\"@id\":\"https:\\\/\\\/ellistat.com\\\/formation\\\/six-sigma-black-belt\\\/#breadcrumb\",\"itemListElement\":[{\"@type\":\"ListItem\",\"position\":1,\"name\":\"Accueil\",\"item\":\"https:\\\/\\\/ellistat.com\\\/\"},{\"@type\":\"ListItem\",\"position\":2,\"name\":\"Formation\",\"item\":\"https:\\\/\\\/ellistat.com\\\/formation\\\/\"},{\"@type\":\"ListItem\",\"position\":3,\"name\":\"Formation &#8211; Black Belt Six Sigma\"}]},{\"@type\":\"WebSite\",\"@id\":\"https:\\\/\\\/ellistat.com\\\/#website\",\"url\":\"https:\\\/\\\/ellistat.com\\\/\",\"name\":\"Ellistat\",\"description\":\"La suite qualit\u00e9 de l&#039;industrie m\u00e9canique\",\"potentialAction\":[{\"@type\":\"SearchAction\",\"target\":{\"@type\":\"EntryPoint\",\"urlTemplate\":\"https:\\\/\\\/ellistat.com\\\/?s={search_term_string}\"},\"query-input\":{\"@type\":\"PropertyValueSpecification\",\"valueRequired\":true,\"valueName\":\"search_term_string\"}}],\"inLanguage\":\"es\"}]}<\/script>\n<!-- \/ Yoast SEO plugin. -->","yoast_head_json":{"title":"Formaci\u00f3n Seis Sigma Cintur\u00f3n Negro - E-Learning","description":"El curso Six Sigma Black Belt forma a los participantes para que se conviertan en referentes de las herramientas de an\u00e1lisis de procesos industriales, ense\u00f1\u00e1ndoles un dominio avanzado de la metodolog\u00eda Six Sigma.","robots":{"index":"index","follow":"follow","max-snippet":"max-snippet:-1","max-image-preview":"max-image-preview:large","max-video-preview":"max-video-preview:-1"},"canonical":"https:\/\/ellistat.com\/es\/formacion\/cinturon-negro-six-sigma\/","og_locale":"es_ES","og_type":"article","og_title":"Formation Black Belt Six Sigma - E-Learning","og_description":"La formation Six Sigma Black Belt forme les participants \u00e0 devenir des r\u00e9f\u00e9rents pour les outils d'analyse des proc\u00e9d\u00e9s industriels, en leur enseignant une ma\u00eetrise avanc\u00e9e de la m\u00e9thodologie Six Sigma.","og_url":"https:\/\/ellistat.com\/es\/formacion\/cinturon-negro-six-sigma\/","og_site_name":"Ellistat","article_modified_time":"2025-10-01T14:14:23+00:00","og_image":[{"width":210,"height":209,"url":"https:\/\/ellistat.com\/wp-content\/uploads\/Formation_picto_GO_Black-belt-Six-Sigma.png","type":"image\/png"}],"twitter_card":"summary_large_image","twitter_misc":{"Tiempo de lectura":"1 minuto"},"schema":{"@context":"https:\/\/schema.org","@graph":[{"@type":"WebPage","@id":"https:\/\/ellistat.com\/formation\/six-sigma-black-belt\/","url":"https:\/\/ellistat.com\/formation\/six-sigma-black-belt\/","name":"Formaci\u00f3n Seis Sigma Cintur\u00f3n Negro - E-Learning","isPartOf":{"@id":"https:\/\/ellistat.com\/#website"},"primaryImageOfPage":{"@id":"https:\/\/ellistat.com\/formation\/six-sigma-black-belt\/#primaryimage"},"image":{"@id":"https:\/\/ellistat.com\/formation\/six-sigma-black-belt\/#primaryimage"},"thumbnailUrl":"https:\/\/ellistat.com\/wp-content\/uploads\/Formation_picto_GO_Black-belt-Six-Sigma.png","datePublished":"2024-09-11T12:45:15+00:00","dateModified":"2025-10-01T14:14:23+00:00","description":"El curso Six Sigma Black Belt forma a los participantes para que se conviertan en referentes de las herramientas de an\u00e1lisis de procesos industriales, ense\u00f1\u00e1ndoles un dominio avanzado de la metodolog\u00eda Six Sigma.","breadcrumb":{"@id":"https:\/\/ellistat.com\/formation\/six-sigma-black-belt\/#breadcrumb"},"inLanguage":"es","potentialAction":[{"@type":"ReadAction","target":["https:\/\/ellistat.com\/formation\/six-sigma-black-belt\/"]}]},{"@type":"ImageObject","inLanguage":"es","@id":"https:\/\/ellistat.com\/formation\/six-sigma-black-belt\/#primaryimage","url":"https:\/\/ellistat.com\/wp-content\/uploads\/Formation_picto_GO_Black-belt-Six-Sigma.png","contentUrl":"https:\/\/ellistat.com\/wp-content\/uploads\/Formation_picto_GO_Black-belt-Six-Sigma.png","width":210,"height":209,"caption":"Illustration d'une ceinture noire de judo pour la formation Black Belt Six Sigma"},{"@type":"BreadcrumbList","@id":"https:\/\/ellistat.com\/formation\/six-sigma-black-belt\/#breadcrumb","itemListElement":[{"@type":"ListItem","position":1,"name":"Accueil","item":"https:\/\/ellistat.com\/"},{"@type":"ListItem","position":2,"name":"Formation","item":"https:\/\/ellistat.com\/formation\/"},{"@type":"ListItem","position":3,"name":"Formation &#8211; Black Belt Six Sigma"}]},{"@type":"WebSite","@id":"https:\/\/ellistat.com\/#website","url":"https:\/\/ellistat.com\/","name":"Ellistat","description":"La suite de calidad para la industria de la ingenier\u00eda mec\u00e1nica","potentialAction":[{"@type":"SearchAction","target":{"@type":"EntryPoint","urlTemplate":"https:\/\/ellistat.com\/?s={search_term_string}"},"query-input":{"@type":"PropertyValueSpecification","valueRequired":true,"valueName":"search_term_string"}}],"inLanguage":"es"}]}},"_links":{"self":[{"href":"https:\/\/ellistat.com\/es\/wp-json\/wp\/v2\/pages\/1472","targetHints":{"allow":["GET"]}}],"collection":[{"href":"https:\/\/ellistat.com\/es\/wp-json\/wp\/v2\/pages"}],"about":[{"href":"https:\/\/ellistat.com\/es\/wp-json\/wp\/v2\/types\/page"}],"author":[{"embeddable":true,"href":"https:\/\/ellistat.com\/es\/wp-json\/wp\/v2\/users\/4"}],"replies":[{"embeddable":true,"href":"https:\/\/ellistat.com\/es\/wp-json\/wp\/v2\/comments?post=1472"}],"version-history":[{"count":34,"href":"https:\/\/ellistat.com\/es\/wp-json\/wp\/v2\/pages\/1472\/revisions"}],"predecessor-version":[{"id":4180,"href":"https:\/\/ellistat.com\/es\/wp-json\/wp\/v2\/pages\/1472\/revisions\/4180"}],"up":[{"embeddable":true,"href":"https:\/\/ellistat.com\/es\/wp-json\/wp\/v2\/pages\/1754"}],"wp:featuredmedia":[{"embeddable":true,"href":"https:\/\/ellistat.com\/es\/wp-json\/wp\/v2\/media\/3772"}],"wp:attachment":[{"href":"https:\/\/ellistat.com\/es\/wp-json\/wp\/v2\/media?parent=1472"}],"wp:term":[{"taxonomy":"category","embeddable":true,"href":"https:\/\/ellistat.com\/es\/wp-json\/wp\/v2\/categories?post=1472"},{"taxonomy":"post_tag","embeddable":true,"href":"https:\/\/ellistat.com\/es\/wp-json\/wp\/v2\/tags?post=1472"}],"curies":[{"name":"wp","href":"https:\/\/api.w.org\/{rel}","templated":true}]}}