{"id":2,"date":"2024-08-05T11:03:25","date_gmt":"2024-08-05T09:03:25","guid":{"rendered":"https:\/\/site.ellistat.com\/?page_id=2"},"modified":"2025-10-28T16:36:59","modified_gmt":"2025-10-28T15:36:59","slug":"ellistat-la-suite-qualite-de-lindustrie-mecanique","status":"publish","type":"page","link":"https:\/\/ellistat.com\/es\/","title":{"rendered":"Inicio"},"content":{"rendered":"","protected":false},"excerpt":{"rendered":"","protected":false},"author":1,"featured_media":1387,"parent":0,"menu_order":0,"comment_status":"closed","ping_status":"closed","template":"","meta":{"_acf_changed":false,"footnotes":""},"categories":[],"tags":[],"class_list":["post-2","page","type-page","status-publish","has-post-thumbnail","hentry"],"acf":[],"yoast_head":"<!-- This site is optimized with the Yoast SEO plugin v27.3 - https:\/\/yoast.com\/product\/yoast-seo-wordpress\/ -->\n<title>Ellistat, le logiciel qualit\u00e9 de l&#039;industrie m\u00e9canique<\/title>\n<meta name=\"description\" content=\"Logiciel qualit\u00e9 innovant : Pilotage de la production - SPC en temps r\u00e9el - Contr\u00f4le qualit\u00e9 - Formations - Analyse Statistiques\" \/>\n<meta name=\"robots\" content=\"index, follow, max-snippet:-1, max-image-preview:large, max-video-preview:-1\" \/>\n<link rel=\"canonical\" href=\"https:\/\/ellistat.com\/es\/\" \/>\n<meta property=\"og:locale\" content=\"es_ES\" \/>\n<meta property=\"og:type\" content=\"article\" \/>\n<meta property=\"og:title\" content=\"Ellistat, le logiciel qualit\u00e9 de l&#039;industrie m\u00e9canique\" \/>\n<meta property=\"og:description\" content=\"Logiciel qualit\u00e9 innovant : Pilotage de la production - SPC en temps r\u00e9el - Contr\u00f4le qualit\u00e9 - Formations - Analyse Statistiques\" \/>\n<meta property=\"og:url\" content=\"https:\/\/ellistat.com\/es\/\" \/>\n<meta property=\"og:site_name\" content=\"Ellistat\" \/>\n<meta property=\"article:modified_time\" content=\"2025-10-28T15:36:59+00:00\" \/>\n<meta property=\"og:image\" content=\"https:\/\/ellistat.com\/wp-content\/uploads\/2024\/09\/cropped-ellistat_icon.png\" \/>\n\t<meta property=\"og:image:width\" content=\"512\" \/>\n\t<meta property=\"og:image:height\" content=\"512\" \/>\n\t<meta property=\"og:image:type\" content=\"image\/png\" \/>\n<meta name=\"twitter:card\" content=\"summary_large_image\" \/>\n<meta name=\"twitter:label1\" content=\"Tiempo de lectura\" \/>\n\t<meta name=\"twitter:data1\" content=\"12 minutos\" \/>\n<script type=\"application\/ld+json\" class=\"yoast-schema-graph\">{\"@context\":\"https:\\\/\\\/schema.org\",\"@graph\":[{\"@type\":\"WebPage\",\"@id\":\"https:\\\/\\\/ellistat.com\\\/\",\"url\":\"https:\\\/\\\/ellistat.com\\\/\",\"name\":\"Ellistat, le logiciel qualit\u00e9 de l'industrie m\u00e9canique\",\"isPartOf\":{\"@id\":\"https:\\\/\\\/ellistat.com\\\/#website\"},\"primaryImageOfPage\":{\"@id\":\"https:\\\/\\\/ellistat.com\\\/#primaryimage\"},\"image\":{\"@id\":\"https:\\\/\\\/ellistat.com\\\/#primaryimage\"},\"thumbnailUrl\":\"https:\\\/\\\/ellistat.com\\\/wp-content\\\/uploads\\\/2024\\\/09\\\/cropped-ellistat_icon.png\",\"datePublished\":\"2024-08-05T09:03:25+00:00\",\"dateModified\":\"2025-10-28T15:36:59+00:00\",\"description\":\"Logiciel qualit\u00e9 innovant : Pilotage de la production - SPC en temps r\u00e9el - Contr\u00f4le qualit\u00e9 - Formations - Analyse Statistiques\",\"breadcrumb\":{\"@id\":\"https:\\\/\\\/ellistat.com\\\/#breadcrumb\"},\"inLanguage\":\"es\",\"potentialAction\":[{\"@type\":\"ReadAction\",\"target\":[\"https:\\\/\\\/ellistat.com\\\/\"]}]},{\"@type\":\"ImageObject\",\"inLanguage\":\"es\",\"@id\":\"https:\\\/\\\/ellistat.com\\\/#primaryimage\",\"url\":\"https:\\\/\\\/ellistat.com\\\/wp-content\\\/uploads\\\/2024\\\/09\\\/cropped-ellistat_icon.png\",\"contentUrl\":\"https:\\\/\\\/ellistat.com\\\/wp-content\\\/uploads\\\/2024\\\/09\\\/cropped-ellistat_icon.png\",\"width\":512,\"height\":512,\"caption\":\"Logo Ellistat\"},{\"@type\":\"BreadcrumbList\",\"@id\":\"https:\\\/\\\/ellistat.com\\\/#breadcrumb\",\"itemListElement\":[{\"@type\":\"ListItem\",\"position\":1,\"name\":\"Accueil\",\"item\":\"https:\\\/\\\/ellistat.com\\\/\"},{\"@type\":\"ListItem\",\"position\":2,\"name\":\"Accueil\"}]},{\"@type\":\"WebSite\",\"@id\":\"https:\\\/\\\/ellistat.com\\\/#website\",\"url\":\"https:\\\/\\\/ellistat.com\\\/\",\"name\":\"Ellistat\",\"description\":\"La suite qualit\u00e9 de l&#039;industrie m\u00e9canique\",\"potentialAction\":[{\"@type\":\"SearchAction\",\"target\":{\"@type\":\"EntryPoint\",\"urlTemplate\":\"https:\\\/\\\/ellistat.com\\\/?s={search_term_string}\"},\"query-input\":{\"@type\":\"PropertyValueSpecification\",\"valueRequired\":true,\"valueName\":\"search_term_string\"}}],\"inLanguage\":\"es\"}]}<\/script>\n<!-- \/ Yoast SEO plugin. -->","yoast_head_json":{"title":"Ellistat, software de calidad para la industria de la ingenier\u00eda mec\u00e1nica","description":"Software de calidad innovador : Gesti\u00f3n de la producci\u00f3n - SPC en tiempo real - Control de calidad - Formaci\u00f3n - An\u00e1lisis estad\u00edstico","robots":{"index":"index","follow":"follow","max-snippet":"max-snippet:-1","max-image-preview":"max-image-preview:large","max-video-preview":"max-video-preview:-1"},"canonical":"https:\/\/ellistat.com\/es\/","og_locale":"es_ES","og_type":"article","og_title":"Ellistat, le logiciel qualit\u00e9 de l'industrie m\u00e9canique","og_description":"Logiciel qualit\u00e9 innovant : Pilotage de la production - SPC en temps r\u00e9el - Contr\u00f4le qualit\u00e9 - Formations - Analyse Statistiques","og_url":"https:\/\/ellistat.com\/es\/","og_site_name":"Ellistat","article_modified_time":"2025-10-28T15:36:59+00:00","og_image":[{"width":512,"height":512,"url":"https:\/\/ellistat.com\/wp-content\/uploads\/2024\/09\/cropped-ellistat_icon.png","type":"image\/png"}],"twitter_card":"summary_large_image","twitter_misc":{"Tiempo de lectura":"12 minutos"},"schema":{"@context":"https:\/\/schema.org","@graph":[{"@type":"WebPage","@id":"https:\/\/ellistat.com\/","url":"https:\/\/ellistat.com\/","name":"Ellistat, software de calidad para la industria de la ingenier\u00eda mec\u00e1nica","isPartOf":{"@id":"https:\/\/ellistat.com\/#website"},"primaryImageOfPage":{"@id":"https:\/\/ellistat.com\/#primaryimage"},"image":{"@id":"https:\/\/ellistat.com\/#primaryimage"},"thumbnailUrl":"https:\/\/ellistat.com\/wp-content\/uploads\/2024\/09\/cropped-ellistat_icon.png","datePublished":"2024-08-05T09:03:25+00:00","dateModified":"2025-10-28T15:36:59+00:00","description":"Software de calidad innovador : Gesti\u00f3n de la producci\u00f3n - SPC en tiempo real - Control de calidad - Formaci\u00f3n - An\u00e1lisis estad\u00edstico","breadcrumb":{"@id":"https:\/\/ellistat.com\/#breadcrumb"},"inLanguage":"es","potentialAction":[{"@type":"ReadAction","target":["https:\/\/ellistat.com\/"]}]},{"@type":"ImageObject","inLanguage":"es","@id":"https:\/\/ellistat.com\/#primaryimage","url":"https:\/\/ellistat.com\/wp-content\/uploads\/2024\/09\/cropped-ellistat_icon.png","contentUrl":"https:\/\/ellistat.com\/wp-content\/uploads\/2024\/09\/cropped-ellistat_icon.png","width":512,"height":512,"caption":"Logo Ellistat"},{"@type":"BreadcrumbList","@id":"https:\/\/ellistat.com\/#breadcrumb","itemListElement":[{"@type":"ListItem","position":1,"name":"Accueil","item":"https:\/\/ellistat.com\/"},{"@type":"ListItem","position":2,"name":"Accueil"}]},{"@type":"WebSite","@id":"https:\/\/ellistat.com\/#website","url":"https:\/\/ellistat.com\/","name":"Ellistat","description":"La suite de calidad para la industria de la ingenier\u00eda mec\u00e1nica","potentialAction":[{"@type":"SearchAction","target":{"@type":"EntryPoint","urlTemplate":"https:\/\/ellistat.com\/?s={search_term_string}"},"query-input":{"@type":"PropertyValueSpecification","valueRequired":true,"valueName":"search_term_string"}}],"inLanguage":"es"}]}},"_links":{"self":[{"href":"https:\/\/ellistat.com\/es\/wp-json\/wp\/v2\/pages\/2","targetHints":{"allow":["GET"]}}],"collection":[{"href":"https:\/\/ellistat.com\/es\/wp-json\/wp\/v2\/pages"}],"about":[{"href":"https:\/\/ellistat.com\/es\/wp-json\/wp\/v2\/types\/page"}],"author":[{"embeddable":true,"href":"https:\/\/ellistat.com\/es\/wp-json\/wp\/v2\/users\/1"}],"replies":[{"embeddable":true,"href":"https:\/\/ellistat.com\/es\/wp-json\/wp\/v2\/comments?post=2"}],"version-history":[{"count":100,"href":"https:\/\/ellistat.com\/es\/wp-json\/wp\/v2\/pages\/2\/revisions"}],"predecessor-version":[{"id":4241,"href":"https:\/\/ellistat.com\/es\/wp-json\/wp\/v2\/pages\/2\/revisions\/4241"}],"wp:featuredmedia":[{"embeddable":true,"href":"https:\/\/ellistat.com\/es\/wp-json\/wp\/v2\/media\/1387"}],"wp:attachment":[{"href":"https:\/\/ellistat.com\/es\/wp-json\/wp\/v2\/media?parent=2"}],"wp:term":[{"taxonomy":"category","embeddable":true,"href":"https:\/\/ellistat.com\/es\/wp-json\/wp\/v2\/categories?post=2"},{"taxonomy":"post_tag","embeddable":true,"href":"https:\/\/ellistat.com\/es\/wp-json\/wp\/v2\/tags?post=2"}],"curies":[{"name":"wp","href":"https:\/\/api.w.org\/{rel}","templated":true}]}}