{"id":1042,"date":"2024-09-05T14:16:18","date_gmt":"2024-09-05T12:16:18","guid":{"rendered":"https:\/\/site.ellistat.com\/?page_id=1042"},"modified":"2025-07-31T14:17:34","modified_gmt":"2025-07-31T12:17:34","slug":"e-learning-megoldasok","status":"publish","type":"page","link":"https:\/\/ellistat.com\/hu\/solutions-e-learning\/","title":{"rendered":"E-Learning megold\u00e1s"},"content":{"rendered":"","protected":false},"excerpt":{"rendered":"","protected":false},"author":4,"featured_media":100,"parent":0,"menu_order":0,"comment_status":"closed","ping_status":"closed","template":"","meta":{"_acf_changed":false,"footnotes":""},"categories":[],"tags":[],"class_list":["post-1042","page","type-page","status-publish","has-post-thumbnail","hentry"],"acf":[],"yoast_head":"<!-- This site is optimized with the Yoast SEO plugin v27.4 - https:\/\/yoast.com\/product\/yoast-seo-wordpress\/ -->\n<title>Formation E-Learning Lean et Six Sigma - Ellistat<\/title>\n<meta name=\"description\" content=\"Les formations E-Learning d&#039;Ellistat propose une formation compl\u00e8te en ligne sur la qualit\u00e9, le Lean et le Six Sigma, permettant aux utilisateurs de d\u00e9velopper rapidement leur expertise et d&#039;am\u00e9liorer leurs comp\u00e9tences.\" \/>\n<meta name=\"robots\" content=\"index, follow, max-snippet:-1, max-image-preview:large, max-video-preview:-1\" \/>\n<link rel=\"canonical\" href=\"https:\/\/ellistat.com\/hu\/e-learning-megoldasok\/\" \/>\n<meta property=\"og:locale\" content=\"hu_HU\" \/>\n<meta property=\"og:type\" content=\"article\" \/>\n<meta property=\"og:title\" content=\"Formation E-Learning Lean et Six Sigma - Ellistat\" \/>\n<meta property=\"og:description\" content=\"Les formations E-Learning d&#039;Ellistat propose une formation compl\u00e8te en ligne sur la qualit\u00e9, le Lean et le Six Sigma, permettant aux utilisateurs de d\u00e9velopper rapidement leur expertise et d&#039;am\u00e9liorer leurs comp\u00e9tences.\" \/>\n<meta property=\"og:url\" content=\"https:\/\/ellistat.com\/hu\/e-learning-megoldasok\/\" \/>\n<meta property=\"og:site_name\" content=\"Ellistat\" \/>\n<meta property=\"article:modified_time\" content=\"2025-07-31T12:17:34+00:00\" \/>\n<meta property=\"og:image\" content=\"https:\/\/ellistat.com\/wp-content\/uploads\/2024\/08\/E-learning-2.png\" \/>\n\t<meta property=\"og:image:width\" content=\"540\" \/>\n\t<meta property=\"og:image:height\" content=\"377\" \/>\n\t<meta property=\"og:image:type\" content=\"image\/png\" \/>\n<meta name=\"twitter:card\" content=\"summary_large_image\" \/>\n<meta name=\"twitter:label1\" content=\"Becs\u00fclt olvas\u00e1si id\u0151\" \/>\n\t<meta name=\"twitter:data1\" content=\"1 perc\" \/>\n<script type=\"application\/ld+json\" class=\"yoast-schema-graph\">{\"@context\":\"https:\\\/\\\/schema.org\",\"@graph\":[{\"@type\":\"WebPage\",\"@id\":\"https:\\\/\\\/ellistat.com\\\/solutions-e-learning\\\/\",\"url\":\"https:\\\/\\\/ellistat.com\\\/solutions-e-learning\\\/\",\"name\":\"Formation E-Learning Lean et Six Sigma - Ellistat\",\"isPartOf\":{\"@id\":\"https:\\\/\\\/ellistat.com\\\/#website\"},\"primaryImageOfPage\":{\"@id\":\"https:\\\/\\\/ellistat.com\\\/solutions-e-learning\\\/#primaryimage\"},\"image\":{\"@id\":\"https:\\\/\\\/ellistat.com\\\/solutions-e-learning\\\/#primaryimage\"},\"thumbnailUrl\":\"https:\\\/\\\/ellistat.com\\\/wp-content\\\/uploads\\\/2024\\\/08\\\/E-learning-2.png\",\"datePublished\":\"2024-09-05T12:16:18+00:00\",\"dateModified\":\"2025-07-31T12:17:34+00:00\",\"description\":\"Les formations E-Learning d'Ellistat propose une formation compl\u00e8te en ligne sur la qualit\u00e9, le Lean et le Six Sigma, permettant aux utilisateurs de d\u00e9velopper rapidement leur expertise et d'am\u00e9liorer leurs comp\u00e9tences.\",\"breadcrumb\":{\"@id\":\"https:\\\/\\\/ellistat.com\\\/solutions-e-learning\\\/#breadcrumb\"},\"inLanguage\":\"hu\",\"potentialAction\":[{\"@type\":\"ReadAction\",\"target\":[\"https:\\\/\\\/ellistat.com\\\/solutions-e-learning\\\/\"]}]},{\"@type\":\"ImageObject\",\"inLanguage\":\"hu\",\"@id\":\"https:\\\/\\\/ellistat.com\\\/solutions-e-learning\\\/#primaryimage\",\"url\":\"https:\\\/\\\/ellistat.com\\\/wp-content\\\/uploads\\\/2024\\\/08\\\/E-learning-2.png\",\"contentUrl\":\"https:\\\/\\\/ellistat.com\\\/wp-content\\\/uploads\\\/2024\\\/08\\\/E-learning-2.png\",\"width\":540,\"height\":377,\"caption\":\"Logiciel Qualit\u00e9 - Module E-Learning pour former tous vos collaborateurs au Lean, Six Sigma et aux outils Qualit\u00e9\"},{\"@type\":\"BreadcrumbList\",\"@id\":\"https:\\\/\\\/ellistat.com\\\/solutions-e-learning\\\/#breadcrumb\",\"itemListElement\":[{\"@type\":\"ListItem\",\"position\":1,\"name\":\"Accueil\",\"item\":\"https:\\\/\\\/ellistat.com\\\/\"},{\"@type\":\"ListItem\",\"position\":2,\"name\":\"Solution E-Learning\"}]},{\"@type\":\"WebSite\",\"@id\":\"https:\\\/\\\/ellistat.com\\\/#website\",\"url\":\"https:\\\/\\\/ellistat.com\\\/\",\"name\":\"Ellistat\",\"description\":\"La suite qualit\u00e9 de l&#039;industrie m\u00e9canique\",\"potentialAction\":[{\"@type\":\"SearchAction\",\"target\":{\"@type\":\"EntryPoint\",\"urlTemplate\":\"https:\\\/\\\/ellistat.com\\\/?s={search_term_string}\"},\"query-input\":{\"@type\":\"PropertyValueSpecification\",\"valueRequired\":true,\"valueName\":\"search_term_string\"}}],\"inLanguage\":\"hu\"}]}<\/script>\n<!-- \/ Yoast SEO plugin. -->","yoast_head_json":{"title":"Lean \u00e9s Six Sigma E-Learning k\u00e9pz\u00e9s - Ellistat","description":"Az Ellistat E-Learning tanfolyamai \u00e1tfog\u00f3 online k\u00e9pz\u00e9st k\u00edn\u00e1lnak a min\u0151s\u00e9g\u00fcgy, a Lean \u00e9s a Hat Szigma ter\u00fclet\u00e9n, lehet\u0151v\u00e9 t\u00e9ve a felhaszn\u00e1l\u00f3k sz\u00e1m\u00e1ra, hogy gyorsan fejlessz\u00e9k szaktud\u00e1sukat \u00e9s fejlessz\u00e9k k\u00e9szs\u00e9geiket.","robots":{"index":"index","follow":"follow","max-snippet":"max-snippet:-1","max-image-preview":"max-image-preview:large","max-video-preview":"max-video-preview:-1"},"canonical":"https:\/\/ellistat.com\/hu\/e-learning-megoldasok\/","og_locale":"hu_HU","og_type":"article","og_title":"Formation E-Learning Lean et Six Sigma - Ellistat","og_description":"Les formations E-Learning d'Ellistat propose une formation compl\u00e8te en ligne sur la qualit\u00e9, le Lean et le Six Sigma, permettant aux utilisateurs de d\u00e9velopper rapidement leur expertise et d'am\u00e9liorer leurs comp\u00e9tences.","og_url":"https:\/\/ellistat.com\/hu\/e-learning-megoldasok\/","og_site_name":"Ellistat","article_modified_time":"2025-07-31T12:17:34+00:00","og_image":[{"width":540,"height":377,"url":"https:\/\/ellistat.com\/wp-content\/uploads\/2024\/08\/E-learning-2.png","type":"image\/png"}],"twitter_card":"summary_large_image","twitter_misc":{"Becs\u00fclt olvas\u00e1si id\u0151":"1 perc"},"schema":{"@context":"https:\/\/schema.org","@graph":[{"@type":"WebPage","@id":"https:\/\/ellistat.com\/solutions-e-learning\/","url":"https:\/\/ellistat.com\/solutions-e-learning\/","name":"Lean \u00e9s Six Sigma E-Learning k\u00e9pz\u00e9s - Ellistat","isPartOf":{"@id":"https:\/\/ellistat.com\/#website"},"primaryImageOfPage":{"@id":"https:\/\/ellistat.com\/solutions-e-learning\/#primaryimage"},"image":{"@id":"https:\/\/ellistat.com\/solutions-e-learning\/#primaryimage"},"thumbnailUrl":"https:\/\/ellistat.com\/wp-content\/uploads\/2024\/08\/E-learning-2.png","datePublished":"2024-09-05T12:16:18+00:00","dateModified":"2025-07-31T12:17:34+00:00","description":"Az Ellistat E-Learning tanfolyamai \u00e1tfog\u00f3 online k\u00e9pz\u00e9st k\u00edn\u00e1lnak a min\u0151s\u00e9g\u00fcgy, a Lean \u00e9s a Hat Szigma ter\u00fclet\u00e9n, lehet\u0151v\u00e9 t\u00e9ve a felhaszn\u00e1l\u00f3k sz\u00e1m\u00e1ra, hogy gyorsan fejlessz\u00e9k szaktud\u00e1sukat \u00e9s fejlessz\u00e9k k\u00e9szs\u00e9geiket.","breadcrumb":{"@id":"https:\/\/ellistat.com\/solutions-e-learning\/#breadcrumb"},"inLanguage":"hu","potentialAction":[{"@type":"ReadAction","target":["https:\/\/ellistat.com\/solutions-e-learning\/"]}]},{"@type":"ImageObject","inLanguage":"hu","@id":"https:\/\/ellistat.com\/solutions-e-learning\/#primaryimage","url":"https:\/\/ellistat.com\/wp-content\/uploads\/2024\/08\/E-learning-2.png","contentUrl":"https:\/\/ellistat.com\/wp-content\/uploads\/2024\/08\/E-learning-2.png","width":540,"height":377,"caption":"Logiciel Qualit\u00e9 - Module E-Learning pour former tous vos collaborateurs au Lean, Six Sigma et aux outils Qualit\u00e9"},{"@type":"BreadcrumbList","@id":"https:\/\/ellistat.com\/solutions-e-learning\/#breadcrumb","itemListElement":[{"@type":"ListItem","position":1,"name":"Accueil","item":"https:\/\/ellistat.com\/"},{"@type":"ListItem","position":2,"name":"Solution E-Learning"}]},{"@type":"WebSite","@id":"https:\/\/ellistat.com\/#website","url":"https:\/\/ellistat.com\/","name":"Ellistat","description":"A min\u0151s\u00e9gbiztos\u00edt\u00e1si csomag a g\u00e9pipar sz\u00e1m\u00e1ra","potentialAction":[{"@type":"SearchAction","target":{"@type":"EntryPoint","urlTemplate":"https:\/\/ellistat.com\/?s={search_term_string}"},"query-input":{"@type":"PropertyValueSpecification","valueRequired":true,"valueName":"search_term_string"}}],"inLanguage":"hu"}]}},"_links":{"self":[{"href":"https:\/\/ellistat.com\/hu\/wp-json\/wp\/v2\/pages\/1042","targetHints":{"allow":["GET"]}}],"collection":[{"href":"https:\/\/ellistat.com\/hu\/wp-json\/wp\/v2\/pages"}],"about":[{"href":"https:\/\/ellistat.com\/hu\/wp-json\/wp\/v2\/types\/page"}],"author":[{"embeddable":true,"href":"https:\/\/ellistat.com\/hu\/wp-json\/wp\/v2\/users\/4"}],"replies":[{"embeddable":true,"href":"https:\/\/ellistat.com\/hu\/wp-json\/wp\/v2\/comments?post=1042"}],"version-history":[{"count":48,"href":"https:\/\/ellistat.com\/hu\/wp-json\/wp\/v2\/pages\/1042\/revisions"}],"predecessor-version":[{"id":4119,"href":"https:\/\/ellistat.com\/hu\/wp-json\/wp\/v2\/pages\/1042\/revisions\/4119"}],"wp:featuredmedia":[{"embeddable":true,"href":"https:\/\/ellistat.com\/hu\/wp-json\/wp\/v2\/media\/100"}],"wp:attachment":[{"href":"https:\/\/ellistat.com\/hu\/wp-json\/wp\/v2\/media?parent=1042"}],"wp:term":[{"taxonomy":"category","embeddable":true,"href":"https:\/\/ellistat.com\/hu\/wp-json\/wp\/v2\/categories?post=1042"},{"taxonomy":"post_tag","embeddable":true,"href":"https:\/\/ellistat.com\/hu\/wp-json\/wp\/v2\/tags?post=1042"}],"curies":[{"name":"wp","href":"https:\/\/api.w.org\/{rel}","templated":true}]}}