{"id":1103,"date":"2024-09-05T21:27:41","date_gmt":"2024-09-05T19:27:41","guid":{"rendered":"https:\/\/site.ellistat.com\/?page_id=1103"},"modified":"2025-02-04T10:17:03","modified_gmt":"2025-02-04T09:17:03","slug":"statisztikai-elemzes","status":"publish","type":"page","link":"https:\/\/ellistat.com\/hu\/analyse-statistique\/","title":{"rendered":"Adatelemz\u00e9s - Statisztikai elemz\u00e9s"},"content":{"rendered":"","protected":false},"excerpt":{"rendered":"","protected":false},"author":2,"featured_media":0,"parent":0,"menu_order":0,"comment_status":"closed","ping_status":"closed","template":"","meta":{"_acf_changed":false,"footnotes":""},"categories":[],"tags":[],"class_list":["post-1103","page","type-page","status-publish","hentry"],"acf":[],"yoast_head":"<!-- This site is optimized with the Yoast SEO plugin v27.3 - https:\/\/yoast.com\/product\/yoast-seo-wordpress\/ -->\n<title>Ellistat: Logiciel d&#039;analyse statistique intuitif<\/title>\n<meta name=\"description\" content=\"Logiciel d\u2019analyse statistique intuitif. Interpr\u00e9tez vos donn\u00e9es gr\u00e2ce \u00e0 des outils avanc\u00e9s (r\u00e9gression lin\u00e9aire, machine learning).\" \/>\n<meta name=\"robots\" content=\"index, follow, max-snippet:-1, max-image-preview:large, max-video-preview:-1\" \/>\n<link rel=\"canonical\" href=\"https:\/\/ellistat.com\/hu\/statisztikai-elemzes\/\" \/>\n<meta property=\"og:locale\" content=\"hu_HU\" \/>\n<meta property=\"og:type\" content=\"article\" \/>\n<meta property=\"og:title\" content=\"Ellistat: Logiciel d&#039;analyse statistique intuitif\" \/>\n<meta property=\"og:description\" content=\"Logiciel d\u2019analyse statistique intuitif. Interpr\u00e9tez vos donn\u00e9es gr\u00e2ce \u00e0 des outils avanc\u00e9s (r\u00e9gression lin\u00e9aire, machine learning).\" \/>\n<meta property=\"og:url\" content=\"https:\/\/ellistat.com\/hu\/statisztikai-elemzes\/\" \/>\n<meta property=\"og:site_name\" content=\"Ellistat\" \/>\n<meta property=\"article:modified_time\" content=\"2025-02-04T09:17:03+00:00\" \/>\n<meta name=\"twitter:card\" content=\"summary_large_image\" \/>\n<script type=\"application\/ld+json\" class=\"yoast-schema-graph\">{\"@context\":\"https:\\\/\\\/schema.org\",\"@graph\":[{\"@type\":\"WebPage\",\"@id\":\"https:\\\/\\\/ellistat.com\\\/analyse-statistique\\\/\",\"url\":\"https:\\\/\\\/ellistat.com\\\/analyse-statistique\\\/\",\"name\":\"Ellistat: Logiciel d'analyse statistique intuitif\",\"isPartOf\":{\"@id\":\"https:\\\/\\\/ellistat.com\\\/#website\"},\"datePublished\":\"2024-09-05T19:27:41+00:00\",\"dateModified\":\"2025-02-04T09:17:03+00:00\",\"description\":\"Logiciel d\u2019analyse statistique intuitif. Interpr\u00e9tez vos donn\u00e9es gr\u00e2ce \u00e0 des outils avanc\u00e9s (r\u00e9gression lin\u00e9aire, machine learning).\",\"breadcrumb\":{\"@id\":\"https:\\\/\\\/ellistat.com\\\/analyse-statistique\\\/#breadcrumb\"},\"inLanguage\":\"hu\",\"potentialAction\":[{\"@type\":\"ReadAction\",\"target\":[\"https:\\\/\\\/ellistat.com\\\/analyse-statistique\\\/\"]}]},{\"@type\":\"BreadcrumbList\",\"@id\":\"https:\\\/\\\/ellistat.com\\\/analyse-statistique\\\/#breadcrumb\",\"itemListElement\":[{\"@type\":\"ListItem\",\"position\":1,\"name\":\"Accueil\",\"item\":\"https:\\\/\\\/ellistat.com\\\/\"},{\"@type\":\"ListItem\",\"position\":2,\"name\":\"Data Analysis &#8211; Analyse statistique\"}]},{\"@type\":\"WebSite\",\"@id\":\"https:\\\/\\\/ellistat.com\\\/#website\",\"url\":\"https:\\\/\\\/ellistat.com\\\/\",\"name\":\"Ellistat\",\"description\":\"La suite qualit\u00e9 de l&#039;industrie m\u00e9canique\",\"potentialAction\":[{\"@type\":\"SearchAction\",\"target\":{\"@type\":\"EntryPoint\",\"urlTemplate\":\"https:\\\/\\\/ellistat.com\\\/?s={search_term_string}\"},\"query-input\":{\"@type\":\"PropertyValueSpecification\",\"valueRequired\":true,\"valueName\":\"search_term_string\"}}],\"inLanguage\":\"hu\"}]}<\/script>\n<!-- \/ Yoast SEO plugin. -->","yoast_head_json":{"title":"Ellistat: Intuit\u00edv statisztikai elemz\u0151 szoftver","description":"Intuit\u00edv statisztikai elemz\u0151 szoftver. \u00c9rtelmezze adatait fejlett eszk\u00f6z\u00f6kkel (line\u00e1ris regresszi\u00f3, g\u00e9pi tanul\u00e1s).","robots":{"index":"index","follow":"follow","max-snippet":"max-snippet:-1","max-image-preview":"max-image-preview:large","max-video-preview":"max-video-preview:-1"},"canonical":"https:\/\/ellistat.com\/hu\/statisztikai-elemzes\/","og_locale":"hu_HU","og_type":"article","og_title":"Ellistat: Logiciel d'analyse statistique intuitif","og_description":"Logiciel d\u2019analyse statistique intuitif. Interpr\u00e9tez vos donn\u00e9es gr\u00e2ce \u00e0 des outils avanc\u00e9s (r\u00e9gression lin\u00e9aire, machine learning).","og_url":"https:\/\/ellistat.com\/hu\/statisztikai-elemzes\/","og_site_name":"Ellistat","article_modified_time":"2025-02-04T09:17:03+00:00","twitter_card":"summary_large_image","schema":{"@context":"https:\/\/schema.org","@graph":[{"@type":"WebPage","@id":"https:\/\/ellistat.com\/analyse-statistique\/","url":"https:\/\/ellistat.com\/analyse-statistique\/","name":"Ellistat: Intuit\u00edv statisztikai elemz\u0151 szoftver","isPartOf":{"@id":"https:\/\/ellistat.com\/#website"},"datePublished":"2024-09-05T19:27:41+00:00","dateModified":"2025-02-04T09:17:03+00:00","description":"Intuit\u00edv statisztikai elemz\u0151 szoftver. \u00c9rtelmezze adatait fejlett eszk\u00f6z\u00f6kkel (line\u00e1ris regresszi\u00f3, g\u00e9pi tanul\u00e1s).","breadcrumb":{"@id":"https:\/\/ellistat.com\/analyse-statistique\/#breadcrumb"},"inLanguage":"hu","potentialAction":[{"@type":"ReadAction","target":["https:\/\/ellistat.com\/analyse-statistique\/"]}]},{"@type":"BreadcrumbList","@id":"https:\/\/ellistat.com\/analyse-statistique\/#breadcrumb","itemListElement":[{"@type":"ListItem","position":1,"name":"Accueil","item":"https:\/\/ellistat.com\/"},{"@type":"ListItem","position":2,"name":"Data Analysis &#8211; Analyse statistique"}]},{"@type":"WebSite","@id":"https:\/\/ellistat.com\/#website","url":"https:\/\/ellistat.com\/","name":"Ellistat","description":"A min\u0151s\u00e9gbiztos\u00edt\u00e1si csomag a g\u00e9pipar sz\u00e1m\u00e1ra","potentialAction":[{"@type":"SearchAction","target":{"@type":"EntryPoint","urlTemplate":"https:\/\/ellistat.com\/?s={search_term_string}"},"query-input":{"@type":"PropertyValueSpecification","valueRequired":true,"valueName":"search_term_string"}}],"inLanguage":"hu"}]}},"_links":{"self":[{"href":"https:\/\/ellistat.com\/hu\/wp-json\/wp\/v2\/pages\/1103","targetHints":{"allow":["GET"]}}],"collection":[{"href":"https:\/\/ellistat.com\/hu\/wp-json\/wp\/v2\/pages"}],"about":[{"href":"https:\/\/ellistat.com\/hu\/wp-json\/wp\/v2\/types\/page"}],"author":[{"embeddable":true,"href":"https:\/\/ellistat.com\/hu\/wp-json\/wp\/v2\/users\/2"}],"replies":[{"embeddable":true,"href":"https:\/\/ellistat.com\/hu\/wp-json\/wp\/v2\/comments?post=1103"}],"version-history":[{"count":19,"href":"https:\/\/ellistat.com\/hu\/wp-json\/wp\/v2\/pages\/1103\/revisions"}],"predecessor-version":[{"id":3662,"href":"https:\/\/ellistat.com\/hu\/wp-json\/wp\/v2\/pages\/1103\/revisions\/3662"}],"wp:attachment":[{"href":"https:\/\/ellistat.com\/hu\/wp-json\/wp\/v2\/media?parent=1103"}],"wp:term":[{"taxonomy":"category","embeddable":true,"href":"https:\/\/ellistat.com\/hu\/wp-json\/wp\/v2\/categories?post=1103"},{"taxonomy":"post_tag","embeddable":true,"href":"https:\/\/ellistat.com\/hu\/wp-json\/wp\/v2\/tags?post=1103"}],"curies":[{"name":"wp","href":"https:\/\/api.w.org\/{rel}","templated":true}]}}