{"id":1252,"date":"2024-09-06T14:18:47","date_gmt":"2024-09-06T12:18:47","guid":{"rendered":"https:\/\/site.ellistat.com\/?page_id=1252"},"modified":"2025-03-07T13:38:56","modified_gmt":"2025-03-07T12:38:56","slug":"tapasztalati-tervek-a-taguchi-modszer-alkalmazasaval","status":"publish","type":"page","link":"https:\/\/ellistat.com\/hu\/les-plans-dexperiences-par-la-methodes-taguchi\/","title":{"rendered":"K\u00eds\u00e9rletek tervez\u00e9se a Taguchi-m\u00f3dszerrel"},"content":{"rendered":"","protected":false},"excerpt":{"rendered":"<p>A k\u00eds\u00e9rletek sz\u00e1m\u00e1nak cs\u00f6kkent\u00e9se a megfelel\u0151 k\u00eds\u00e9rleti tervvel<\/p>","protected":false},"author":2,"featured_media":0,"parent":0,"menu_order":0,"comment_status":"closed","ping_status":"closed","template":"","meta":{"_acf_changed":false,"footnotes":""},"categories":[],"tags":[],"class_list":["post-1252","page","type-page","status-publish","hentry"],"acf":[],"yoast_head":"<!-- This site is optimized with the Yoast SEO plugin v27.4 - https:\/\/yoast.com\/product\/yoast-seo-wordpress\/ -->\n<title>Les plans d&#039;exp\u00e9riences par la m\u00e9thode Taguchi - Ellistat<\/title>\n<meta name=\"description\" content=\"Cet ouvrage a \u00e9t\u00e9 con\u00e7u, pour permettre au professionnel d\u2019aborder les concepts de base sur les plans d\u2019exp\u00e9riences, et de r\u00e9aliser tr\u00e8s facilement ses premiers plans\" \/>\n<meta name=\"robots\" content=\"index, follow, max-snippet:-1, max-image-preview:large, max-video-preview:-1\" \/>\n<link rel=\"canonical\" href=\"https:\/\/ellistat.com\/hu\/tapasztalati-tervek-a-taguchi-modszer-alkalmazasaval\/\" \/>\n<meta property=\"og:locale\" content=\"hu_HU\" \/>\n<meta property=\"og:type\" content=\"article\" \/>\n<meta property=\"og:title\" content=\"Les plans d&#039;exp\u00e9riences par la m\u00e9thode Taguchi - Ellistat\" \/>\n<meta property=\"og:description\" content=\"Cet ouvrage a \u00e9t\u00e9 con\u00e7u, pour permettre au professionnel d\u2019aborder les concepts de base sur les plans d\u2019exp\u00e9riences, et de r\u00e9aliser tr\u00e8s facilement ses premiers plans\" \/>\n<meta property=\"og:url\" content=\"https:\/\/ellistat.com\/hu\/tapasztalati-tervek-a-taguchi-modszer-alkalmazasaval\/\" \/>\n<meta property=\"og:site_name\" content=\"Ellistat\" \/>\n<meta property=\"article:modified_time\" content=\"2025-03-07T12:38:56+00:00\" \/>\n<meta name=\"twitter:card\" content=\"summary_large_image\" \/>\n<meta name=\"twitter:label1\" content=\"Becs\u00fclt olvas\u00e1si id\u0151\" \/>\n\t<meta name=\"twitter:data1\" content=\"4 perc\" \/>\n<script type=\"application\/ld+json\" class=\"yoast-schema-graph\">{\"@context\":\"https:\\\/\\\/schema.org\",\"@graph\":[{\"@type\":\"WebPage\",\"@id\":\"https:\\\/\\\/ellistat.com\\\/les-plans-dexperiences-par-la-methodes-taguchi\\\/\",\"url\":\"https:\\\/\\\/ellistat.com\\\/les-plans-dexperiences-par-la-methodes-taguchi\\\/\",\"name\":\"Les plans d'exp\u00e9riences par la m\u00e9thode Taguchi - Ellistat\",\"isPartOf\":{\"@id\":\"https:\\\/\\\/ellistat.com\\\/#website\"},\"datePublished\":\"2024-09-06T12:18:47+00:00\",\"dateModified\":\"2025-03-07T12:38:56+00:00\",\"description\":\"Cet ouvrage a \u00e9t\u00e9 con\u00e7u, pour permettre au professionnel d\u2019aborder les concepts de base sur les plans d\u2019exp\u00e9riences, et de r\u00e9aliser tr\u00e8s facilement ses premiers plans\",\"breadcrumb\":{\"@id\":\"https:\\\/\\\/ellistat.com\\\/les-plans-dexperiences-par-la-methodes-taguchi\\\/#breadcrumb\"},\"inLanguage\":\"hu\",\"potentialAction\":[{\"@type\":\"ReadAction\",\"target\":[\"https:\\\/\\\/ellistat.com\\\/les-plans-dexperiences-par-la-methodes-taguchi\\\/\"]}]},{\"@type\":\"BreadcrumbList\",\"@id\":\"https:\\\/\\\/ellistat.com\\\/les-plans-dexperiences-par-la-methodes-taguchi\\\/#breadcrumb\",\"itemListElement\":[{\"@type\":\"ListItem\",\"position\":1,\"name\":\"Accueil\",\"item\":\"https:\\\/\\\/ellistat.com\\\/\"},{\"@type\":\"ListItem\",\"position\":2,\"name\":\"Les plans d&rsquo;exp\u00e9riences par la m\u00e9thode Taguchi\"}]},{\"@type\":\"WebSite\",\"@id\":\"https:\\\/\\\/ellistat.com\\\/#website\",\"url\":\"https:\\\/\\\/ellistat.com\\\/\",\"name\":\"Ellistat\",\"description\":\"La suite qualit\u00e9 de l&#039;industrie m\u00e9canique\",\"potentialAction\":[{\"@type\":\"SearchAction\",\"target\":{\"@type\":\"EntryPoint\",\"urlTemplate\":\"https:\\\/\\\/ellistat.com\\\/?s={search_term_string}\"},\"query-input\":{\"@type\":\"PropertyValueSpecification\",\"valueRequired\":true,\"valueName\":\"search_term_string\"}}],\"inLanguage\":\"hu\"}]}<\/script>\n<!-- \/ Yoast SEO plugin. -->","yoast_head_json":{"title":"K\u00eds\u00e9rletek tervez\u00e9se a Taguchi-m\u00f3dszerrel - Ellistat","description":"Ezt a k\u00f6nyvet \u00fagy tervezt\u00fck, hogy a szakemberek megismerkedhessenek a k\u00eds\u00e9rlettervez\u00e9s alapfogalmaival, \u00e9s nagyon k\u00f6nnyen elk\u00e9sz\u00edthess\u00e9k els\u0151 terveiket.","robots":{"index":"index","follow":"follow","max-snippet":"max-snippet:-1","max-image-preview":"max-image-preview:large","max-video-preview":"max-video-preview:-1"},"canonical":"https:\/\/ellistat.com\/hu\/tapasztalati-tervek-a-taguchi-modszer-alkalmazasaval\/","og_locale":"hu_HU","og_type":"article","og_title":"Les plans d'exp\u00e9riences par la m\u00e9thode Taguchi - Ellistat","og_description":"Cet ouvrage a \u00e9t\u00e9 con\u00e7u, pour permettre au professionnel d\u2019aborder les concepts de base sur les plans d\u2019exp\u00e9riences, et de r\u00e9aliser tr\u00e8s facilement ses premiers plans","og_url":"https:\/\/ellistat.com\/hu\/tapasztalati-tervek-a-taguchi-modszer-alkalmazasaval\/","og_site_name":"Ellistat","article_modified_time":"2025-03-07T12:38:56+00:00","twitter_card":"summary_large_image","twitter_misc":{"Becs\u00fclt olvas\u00e1si id\u0151":"4 perc"},"schema":{"@context":"https:\/\/schema.org","@graph":[{"@type":"WebPage","@id":"https:\/\/ellistat.com\/les-plans-dexperiences-par-la-methodes-taguchi\/","url":"https:\/\/ellistat.com\/les-plans-dexperiences-par-la-methodes-taguchi\/","name":"K\u00eds\u00e9rletek tervez\u00e9se a Taguchi-m\u00f3dszerrel - Ellistat","isPartOf":{"@id":"https:\/\/ellistat.com\/#website"},"datePublished":"2024-09-06T12:18:47+00:00","dateModified":"2025-03-07T12:38:56+00:00","description":"Ezt a k\u00f6nyvet \u00fagy tervezt\u00fck, hogy a szakemberek megismerkedhessenek a k\u00eds\u00e9rlettervez\u00e9s alapfogalmaival, \u00e9s nagyon k\u00f6nnyen elk\u00e9sz\u00edthess\u00e9k els\u0151 terveiket.","breadcrumb":{"@id":"https:\/\/ellistat.com\/les-plans-dexperiences-par-la-methodes-taguchi\/#breadcrumb"},"inLanguage":"hu","potentialAction":[{"@type":"ReadAction","target":["https:\/\/ellistat.com\/les-plans-dexperiences-par-la-methodes-taguchi\/"]}]},{"@type":"BreadcrumbList","@id":"https:\/\/ellistat.com\/les-plans-dexperiences-par-la-methodes-taguchi\/#breadcrumb","itemListElement":[{"@type":"ListItem","position":1,"name":"Accueil","item":"https:\/\/ellistat.com\/"},{"@type":"ListItem","position":2,"name":"Les plans d&rsquo;exp\u00e9riences par la m\u00e9thode Taguchi"}]},{"@type":"WebSite","@id":"https:\/\/ellistat.com\/#website","url":"https:\/\/ellistat.com\/","name":"Ellistat","description":"A min\u0151s\u00e9gbiztos\u00edt\u00e1si csomag a g\u00e9pipar sz\u00e1m\u00e1ra","potentialAction":[{"@type":"SearchAction","target":{"@type":"EntryPoint","urlTemplate":"https:\/\/ellistat.com\/?s={search_term_string}"},"query-input":{"@type":"PropertyValueSpecification","valueRequired":true,"valueName":"search_term_string"}}],"inLanguage":"hu"}]}},"_links":{"self":[{"href":"https:\/\/ellistat.com\/hu\/wp-json\/wp\/v2\/pages\/1252","targetHints":{"allow":["GET"]}}],"collection":[{"href":"https:\/\/ellistat.com\/hu\/wp-json\/wp\/v2\/pages"}],"about":[{"href":"https:\/\/ellistat.com\/hu\/wp-json\/wp\/v2\/types\/page"}],"author":[{"embeddable":true,"href":"https:\/\/ellistat.com\/hu\/wp-json\/wp\/v2\/users\/2"}],"replies":[{"embeddable":true,"href":"https:\/\/ellistat.com\/hu\/wp-json\/wp\/v2\/comments?post=1252"}],"version-history":[{"count":10,"href":"https:\/\/ellistat.com\/hu\/wp-json\/wp\/v2\/pages\/1252\/revisions"}],"predecessor-version":[{"id":3934,"href":"https:\/\/ellistat.com\/hu\/wp-json\/wp\/v2\/pages\/1252\/revisions\/3934"}],"wp:attachment":[{"href":"https:\/\/ellistat.com\/hu\/wp-json\/wp\/v2\/media?parent=1252"}],"wp:term":[{"taxonomy":"category","embeddable":true,"href":"https:\/\/ellistat.com\/hu\/wp-json\/wp\/v2\/categories?post=1252"},{"taxonomy":"post_tag","embeddable":true,"href":"https:\/\/ellistat.com\/hu\/wp-json\/wp\/v2\/tags?post=1252"}],"curies":[{"name":"wp","href":"https:\/\/api.w.org\/{rel}","templated":true}]}}