{"id":1302,"date":"2024-09-06T16:16:57","date_gmt":"2024-09-06T14:16:57","guid":{"rendered":"https:\/\/site.ellistat.com\/?page_id=1302"},"modified":"2025-02-25T11:59:50","modified_gmt":"2025-02-25T10:59:50","slug":"on-minosegugyi-vezeto","status":"publish","type":"page","link":"https:\/\/ellistat.com\/hu\/vous-etes-responsable-qualite\/","title":{"rendered":"\u00d6n - Min\u0151s\u00e9g\u00fcgyi vezet\u0151"},"content":{"rendered":"","protected":false},"excerpt":{"rendered":"","protected":false},"author":2,"featured_media":0,"parent":0,"menu_order":0,"comment_status":"closed","ping_status":"closed","template":"","meta":{"_acf_changed":false,"footnotes":""},"categories":[],"tags":[],"class_list":["post-1302","page","type-page","status-publish","hentry"],"acf":[],"yoast_head":"<!-- This site is optimized with the Yoast SEO plugin v27.3 - https:\/\/yoast.com\/product\/yoast-seo-wordpress\/ -->\n<title>Vous \u00eates responsable qualit\u00e9<\/title>\n<meta name=\"description\" content=\"Vous \u00eates Responsable Qualit\u00e9 ? Vous cherchez un outil pour la digitalisation du flux de production ? D\u00e9couvrez la suite logiciel Ellistat !\" \/>\n<meta name=\"robots\" content=\"index, follow, max-snippet:-1, max-image-preview:large, max-video-preview:-1\" \/>\n<link rel=\"canonical\" href=\"https:\/\/ellistat.com\/hu\/on-minosegugyi-vezeto\/\" \/>\n<meta property=\"og:locale\" content=\"hu_HU\" \/>\n<meta property=\"og:type\" content=\"article\" \/>\n<meta property=\"og:title\" content=\"Vous \u00eates responsable qualit\u00e9\" \/>\n<meta property=\"og:description\" content=\"Vous \u00eates Responsable Qualit\u00e9 ? Vous cherchez un outil pour la digitalisation du flux de production ? D\u00e9couvrez la suite logiciel Ellistat !\" \/>\n<meta property=\"og:url\" content=\"https:\/\/ellistat.com\/hu\/on-minosegugyi-vezeto\/\" \/>\n<meta property=\"og:site_name\" content=\"Ellistat\" \/>\n<meta property=\"article:modified_time\" content=\"2025-02-25T10:59:50+00:00\" \/>\n<meta name=\"twitter:card\" content=\"summary_large_image\" \/>\n<script type=\"application\/ld+json\" class=\"yoast-schema-graph\">{\"@context\":\"https:\\\/\\\/schema.org\",\"@graph\":[{\"@type\":\"WebPage\",\"@id\":\"https:\\\/\\\/ellistat.com\\\/vous-etes-responsable-qualite\\\/\",\"url\":\"https:\\\/\\\/ellistat.com\\\/vous-etes-responsable-qualite\\\/\",\"name\":\"Vous \u00eates responsable qualit\u00e9\",\"isPartOf\":{\"@id\":\"https:\\\/\\\/ellistat.com\\\/#website\"},\"datePublished\":\"2024-09-06T14:16:57+00:00\",\"dateModified\":\"2025-02-25T10:59:50+00:00\",\"description\":\"Vous \u00eates Responsable Qualit\u00e9 ? Vous cherchez un outil pour la digitalisation du flux de production ? D\u00e9couvrez la suite logiciel Ellistat !\",\"breadcrumb\":{\"@id\":\"https:\\\/\\\/ellistat.com\\\/vous-etes-responsable-qualite\\\/#breadcrumb\"},\"inLanguage\":\"hu\",\"potentialAction\":[{\"@type\":\"ReadAction\",\"target\":[\"https:\\\/\\\/ellistat.com\\\/vous-etes-responsable-qualite\\\/\"]}]},{\"@type\":\"BreadcrumbList\",\"@id\":\"https:\\\/\\\/ellistat.com\\\/vous-etes-responsable-qualite\\\/#breadcrumb\",\"itemListElement\":[{\"@type\":\"ListItem\",\"position\":1,\"name\":\"Accueil\",\"item\":\"https:\\\/\\\/ellistat.com\\\/\"},{\"@type\":\"ListItem\",\"position\":2,\"name\":\"Vous \u00eates &#8211; Responsable Qualit\u00e9\"}]},{\"@type\":\"WebSite\",\"@id\":\"https:\\\/\\\/ellistat.com\\\/#website\",\"url\":\"https:\\\/\\\/ellistat.com\\\/\",\"name\":\"Ellistat\",\"description\":\"La suite qualit\u00e9 de l&#039;industrie m\u00e9canique\",\"potentialAction\":[{\"@type\":\"SearchAction\",\"target\":{\"@type\":\"EntryPoint\",\"urlTemplate\":\"https:\\\/\\\/ellistat.com\\\/?s={search_term_string}\"},\"query-input\":{\"@type\":\"PropertyValueSpecification\",\"valueRequired\":true,\"valueName\":\"search_term_string\"}}],\"inLanguage\":\"hu\"}]}<\/script>\n<!-- \/ Yoast SEO plugin. -->","yoast_head_json":{"title":"\u00d6n min\u0151s\u00e9g\u00fcgyi vezet\u0151","description":"\u00d6n min\u0151s\u00e9g\u00fcgyi vezet\u0151? Olyan eszk\u00f6zt keres, amellyel digitaliz\u00e1lhatja a gy\u00e1rt\u00e1si folyamatokat? Fedezze fel az Ellistat szoftvercsomagot!","robots":{"index":"index","follow":"follow","max-snippet":"max-snippet:-1","max-image-preview":"max-image-preview:large","max-video-preview":"max-video-preview:-1"},"canonical":"https:\/\/ellistat.com\/hu\/on-minosegugyi-vezeto\/","og_locale":"hu_HU","og_type":"article","og_title":"Vous \u00eates responsable qualit\u00e9","og_description":"Vous \u00eates Responsable Qualit\u00e9 ? Vous cherchez un outil pour la digitalisation du flux de production ? D\u00e9couvrez la suite logiciel Ellistat !","og_url":"https:\/\/ellistat.com\/hu\/on-minosegugyi-vezeto\/","og_site_name":"Ellistat","article_modified_time":"2025-02-25T10:59:50+00:00","twitter_card":"summary_large_image","schema":{"@context":"https:\/\/schema.org","@graph":[{"@type":"WebPage","@id":"https:\/\/ellistat.com\/vous-etes-responsable-qualite\/","url":"https:\/\/ellistat.com\/vous-etes-responsable-qualite\/","name":"\u00d6n min\u0151s\u00e9g\u00fcgyi vezet\u0151","isPartOf":{"@id":"https:\/\/ellistat.com\/#website"},"datePublished":"2024-09-06T14:16:57+00:00","dateModified":"2025-02-25T10:59:50+00:00","description":"\u00d6n min\u0151s\u00e9g\u00fcgyi vezet\u0151? Olyan eszk\u00f6zt keres, amellyel digitaliz\u00e1lhatja a gy\u00e1rt\u00e1si folyamatokat? Fedezze fel az Ellistat szoftvercsomagot!","breadcrumb":{"@id":"https:\/\/ellistat.com\/vous-etes-responsable-qualite\/#breadcrumb"},"inLanguage":"hu","potentialAction":[{"@type":"ReadAction","target":["https:\/\/ellistat.com\/vous-etes-responsable-qualite\/"]}]},{"@type":"BreadcrumbList","@id":"https:\/\/ellistat.com\/vous-etes-responsable-qualite\/#breadcrumb","itemListElement":[{"@type":"ListItem","position":1,"name":"Accueil","item":"https:\/\/ellistat.com\/"},{"@type":"ListItem","position":2,"name":"Vous \u00eates &#8211; Responsable Qualit\u00e9"}]},{"@type":"WebSite","@id":"https:\/\/ellistat.com\/#website","url":"https:\/\/ellistat.com\/","name":"Ellistat","description":"A min\u0151s\u00e9gbiztos\u00edt\u00e1si csomag a g\u00e9pipar sz\u00e1m\u00e1ra","potentialAction":[{"@type":"SearchAction","target":{"@type":"EntryPoint","urlTemplate":"https:\/\/ellistat.com\/?s={search_term_string}"},"query-input":{"@type":"PropertyValueSpecification","valueRequired":true,"valueName":"search_term_string"}}],"inLanguage":"hu"}]}},"_links":{"self":[{"href":"https:\/\/ellistat.com\/hu\/wp-json\/wp\/v2\/pages\/1302","targetHints":{"allow":["GET"]}}],"collection":[{"href":"https:\/\/ellistat.com\/hu\/wp-json\/wp\/v2\/pages"}],"about":[{"href":"https:\/\/ellistat.com\/hu\/wp-json\/wp\/v2\/types\/page"}],"author":[{"embeddable":true,"href":"https:\/\/ellistat.com\/hu\/wp-json\/wp\/v2\/users\/2"}],"replies":[{"embeddable":true,"href":"https:\/\/ellistat.com\/hu\/wp-json\/wp\/v2\/comments?post=1302"}],"version-history":[{"count":14,"href":"https:\/\/ellistat.com\/hu\/wp-json\/wp\/v2\/pages\/1302\/revisions"}],"predecessor-version":[{"id":3902,"href":"https:\/\/ellistat.com\/hu\/wp-json\/wp\/v2\/pages\/1302\/revisions\/3902"}],"wp:attachment":[{"href":"https:\/\/ellistat.com\/hu\/wp-json\/wp\/v2\/media?parent=1302"}],"wp:term":[{"taxonomy":"category","embeddable":true,"href":"https:\/\/ellistat.com\/hu\/wp-json\/wp\/v2\/categories?post=1302"},{"taxonomy":"post_tag","embeddable":true,"href":"https:\/\/ellistat.com\/hu\/wp-json\/wp\/v2\/tags?post=1302"}],"curies":[{"name":"wp","href":"https:\/\/api.w.org\/{rel}","templated":true}]}}