{"id":1468,"date":"2024-09-11T15:00:54","date_gmt":"2024-09-11T13:00:54","guid":{"rendered":"https:\/\/site.ellistat.com\/?page_id=1468"},"modified":"2025-10-01T16:10:59","modified_gmt":"2025-10-01T14:10:59","slug":"hat-szigma-zold-ov","status":"publish","type":"page","link":"https:\/\/ellistat.com\/hu\/formation\/six-sigma-green-belt\/","title":{"rendered":"K\u00e9pz\u00e9s - Z\u00f6ld \u00f6ves Six Sigma"},"content":{"rendered":"","protected":false},"excerpt":{"rendered":"<p>Hat Szigma projekt lefuttat\u00e1sa a DMAIC m\u00f3dszerrel<\/p>","protected":false},"author":4,"featured_media":3773,"parent":1754,"menu_order":0,"comment_status":"closed","ping_status":"closed","template":"","meta":{"_acf_changed":false,"footnotes":""},"categories":[8],"tags":[16,12],"class_list":["post-1468","page","type-page","status-publish","has-post-thumbnail","hentry","category-formation","tag-e-learning","tag-six-sigma"],"acf":[],"yoast_head":"<!-- This site is optimized with the Yoast SEO plugin v27.3 - https:\/\/yoast.com\/product\/yoast-seo-wordpress\/ -->\n<title>Formation Green Belt Six Sigma<\/title>\n<meta name=\"description\" content=\"La formation Green Belt Six Sigma d&#039;Ellistat offre une formation permettant de ma\u00eetriser la m\u00e9thodologie Six Sigma et d&#039;am\u00e9liorer significativement la qualit\u00e9 et l&#039;efficacit\u00e9 dans leurs domaines de travail\u200b\u200b\" \/>\n<meta name=\"robots\" content=\"index, follow, max-snippet:-1, max-image-preview:large, max-video-preview:-1\" \/>\n<link rel=\"canonical\" href=\"https:\/\/ellistat.com\/hu\/kepzes\/hat-szigma-zold-ov\/\" \/>\n<meta property=\"og:locale\" content=\"hu_HU\" \/>\n<meta property=\"og:type\" content=\"article\" \/>\n<meta property=\"og:title\" content=\"Formation Green Belt Six Sigma\" \/>\n<meta property=\"og:description\" content=\"La formation Green Belt Six Sigma d&#039;Ellistat offre une formation permettant de ma\u00eetriser la m\u00e9thodologie Six Sigma et d&#039;am\u00e9liorer significativement la qualit\u00e9 et l&#039;efficacit\u00e9 dans leurs domaines de travail\u200b\u200b\" \/>\n<meta property=\"og:url\" content=\"https:\/\/ellistat.com\/hu\/kepzes\/hat-szigma-zold-ov\/\" \/>\n<meta property=\"og:site_name\" content=\"Ellistat\" \/>\n<meta property=\"article:modified_time\" content=\"2025-10-01T14:10:59+00:00\" \/>\n<meta property=\"og:image\" content=\"https:\/\/ellistat.com\/wp-content\/uploads\/Formation_picto_GO_Green-belt-Six-Sigma.png\" \/>\n\t<meta property=\"og:image:width\" content=\"209\" \/>\n\t<meta property=\"og:image:height\" content=\"209\" \/>\n\t<meta property=\"og:image:type\" content=\"image\/png\" \/>\n<meta name=\"twitter:card\" content=\"summary_large_image\" \/>\n<meta name=\"twitter:label1\" content=\"Becs\u00fclt olvas\u00e1si id\u0151\" \/>\n\t<meta name=\"twitter:data1\" content=\"1 perc\" \/>\n<script type=\"application\/ld+json\" class=\"yoast-schema-graph\">{\"@context\":\"https:\\\/\\\/schema.org\",\"@graph\":[{\"@type\":\"WebPage\",\"@id\":\"https:\\\/\\\/ellistat.com\\\/formation\\\/six-sigma-green-belt\\\/\",\"url\":\"https:\\\/\\\/ellistat.com\\\/formation\\\/six-sigma-green-belt\\\/\",\"name\":\"Formation Green Belt Six Sigma\",\"isPartOf\":{\"@id\":\"https:\\\/\\\/ellistat.com\\\/#website\"},\"primaryImageOfPage\":{\"@id\":\"https:\\\/\\\/ellistat.com\\\/formation\\\/six-sigma-green-belt\\\/#primaryimage\"},\"image\":{\"@id\":\"https:\\\/\\\/ellistat.com\\\/formation\\\/six-sigma-green-belt\\\/#primaryimage\"},\"thumbnailUrl\":\"https:\\\/\\\/ellistat.com\\\/wp-content\\\/uploads\\\/Formation_picto_GO_Green-belt-Six-Sigma.png\",\"datePublished\":\"2024-09-11T13:00:54+00:00\",\"dateModified\":\"2025-10-01T14:10:59+00:00\",\"description\":\"La formation Green Belt Six Sigma d'Ellistat offre une formation permettant de ma\u00eetriser la m\u00e9thodologie Six Sigma et d'am\u00e9liorer significativement la qualit\u00e9 et l'efficacit\u00e9 dans leurs domaines de travail\u200b\u200b\",\"breadcrumb\":{\"@id\":\"https:\\\/\\\/ellistat.com\\\/formation\\\/six-sigma-green-belt\\\/#breadcrumb\"},\"inLanguage\":\"hu\",\"potentialAction\":[{\"@type\":\"ReadAction\",\"target\":[\"https:\\\/\\\/ellistat.com\\\/formation\\\/six-sigma-green-belt\\\/\"]}]},{\"@type\":\"ImageObject\",\"inLanguage\":\"hu\",\"@id\":\"https:\\\/\\\/ellistat.com\\\/formation\\\/six-sigma-green-belt\\\/#primaryimage\",\"url\":\"https:\\\/\\\/ellistat.com\\\/wp-content\\\/uploads\\\/Formation_picto_GO_Green-belt-Six-Sigma.png\",\"contentUrl\":\"https:\\\/\\\/ellistat.com\\\/wp-content\\\/uploads\\\/Formation_picto_GO_Green-belt-Six-Sigma.png\",\"width\":209,\"height\":209,\"caption\":\"Illustration d'une ceinture verte d judo pour la formation Green Belt Six Sigma\"},{\"@type\":\"BreadcrumbList\",\"@id\":\"https:\\\/\\\/ellistat.com\\\/formation\\\/six-sigma-green-belt\\\/#breadcrumb\",\"itemListElement\":[{\"@type\":\"ListItem\",\"position\":1,\"name\":\"Accueil\",\"item\":\"https:\\\/\\\/ellistat.com\\\/\"},{\"@type\":\"ListItem\",\"position\":2,\"name\":\"Formation\",\"item\":\"https:\\\/\\\/ellistat.com\\\/formation\\\/\"},{\"@type\":\"ListItem\",\"position\":3,\"name\":\"Formation &#8211; Green Belt Six Sigma\"}]},{\"@type\":\"WebSite\",\"@id\":\"https:\\\/\\\/ellistat.com\\\/#website\",\"url\":\"https:\\\/\\\/ellistat.com\\\/\",\"name\":\"Ellistat\",\"description\":\"La suite qualit\u00e9 de l&#039;industrie m\u00e9canique\",\"potentialAction\":[{\"@type\":\"SearchAction\",\"target\":{\"@type\":\"EntryPoint\",\"urlTemplate\":\"https:\\\/\\\/ellistat.com\\\/?s={search_term_string}\"},\"query-input\":{\"@type\":\"PropertyValueSpecification\",\"valueRequired\":true,\"valueName\":\"search_term_string\"}}],\"inLanguage\":\"hu\"}]}<\/script>\n<!-- \/ Yoast SEO plugin. -->","yoast_head_json":{"title":"Z\u00f6ld \u00f6ves Six Sigma k\u00e9pz\u00e9s","description":"Az Ellistat Six Sigma Green Belt tanfolyama a Six Sigma m\u00f3dszertan elsaj\u00e1t\u00edt\u00e1s\u00e1hoz \u00e9s a munkater\u00fcletek min\u0151s\u00e9g\u00e9nek \u00e9s hat\u00e9konys\u00e1g\u00e1nak jelent\u0151s jav\u00edt\u00e1s\u00e1hoz ny\u00fajt k\u00e9pz\u00e9st.","robots":{"index":"index","follow":"follow","max-snippet":"max-snippet:-1","max-image-preview":"max-image-preview:large","max-video-preview":"max-video-preview:-1"},"canonical":"https:\/\/ellistat.com\/hu\/kepzes\/hat-szigma-zold-ov\/","og_locale":"hu_HU","og_type":"article","og_title":"Formation Green Belt Six Sigma","og_description":"La formation Green Belt Six Sigma d'Ellistat offre une formation permettant de ma\u00eetriser la m\u00e9thodologie Six Sigma et d'am\u00e9liorer significativement la qualit\u00e9 et l'efficacit\u00e9 dans leurs domaines de travail\u200b\u200b","og_url":"https:\/\/ellistat.com\/hu\/kepzes\/hat-szigma-zold-ov\/","og_site_name":"Ellistat","article_modified_time":"2025-10-01T14:10:59+00:00","og_image":[{"width":209,"height":209,"url":"https:\/\/ellistat.com\/wp-content\/uploads\/Formation_picto_GO_Green-belt-Six-Sigma.png","type":"image\/png"}],"twitter_card":"summary_large_image","twitter_misc":{"Becs\u00fclt olvas\u00e1si id\u0151":"1 perc"},"schema":{"@context":"https:\/\/schema.org","@graph":[{"@type":"WebPage","@id":"https:\/\/ellistat.com\/formation\/six-sigma-green-belt\/","url":"https:\/\/ellistat.com\/formation\/six-sigma-green-belt\/","name":"Z\u00f6ld \u00f6ves Six Sigma k\u00e9pz\u00e9s","isPartOf":{"@id":"https:\/\/ellistat.com\/#website"},"primaryImageOfPage":{"@id":"https:\/\/ellistat.com\/formation\/six-sigma-green-belt\/#primaryimage"},"image":{"@id":"https:\/\/ellistat.com\/formation\/six-sigma-green-belt\/#primaryimage"},"thumbnailUrl":"https:\/\/ellistat.com\/wp-content\/uploads\/Formation_picto_GO_Green-belt-Six-Sigma.png","datePublished":"2024-09-11T13:00:54+00:00","dateModified":"2025-10-01T14:10:59+00:00","description":"Az Ellistat Six Sigma Green Belt tanfolyama a Six Sigma m\u00f3dszertan elsaj\u00e1t\u00edt\u00e1s\u00e1hoz \u00e9s a munkater\u00fcletek min\u0151s\u00e9g\u00e9nek \u00e9s hat\u00e9konys\u00e1g\u00e1nak jelent\u0151s jav\u00edt\u00e1s\u00e1hoz ny\u00fajt k\u00e9pz\u00e9st.","breadcrumb":{"@id":"https:\/\/ellistat.com\/formation\/six-sigma-green-belt\/#breadcrumb"},"inLanguage":"hu","potentialAction":[{"@type":"ReadAction","target":["https:\/\/ellistat.com\/formation\/six-sigma-green-belt\/"]}]},{"@type":"ImageObject","inLanguage":"hu","@id":"https:\/\/ellistat.com\/formation\/six-sigma-green-belt\/#primaryimage","url":"https:\/\/ellistat.com\/wp-content\/uploads\/Formation_picto_GO_Green-belt-Six-Sigma.png","contentUrl":"https:\/\/ellistat.com\/wp-content\/uploads\/Formation_picto_GO_Green-belt-Six-Sigma.png","width":209,"height":209,"caption":"Illustration d'une ceinture verte d judo pour la formation Green Belt Six Sigma"},{"@type":"BreadcrumbList","@id":"https:\/\/ellistat.com\/formation\/six-sigma-green-belt\/#breadcrumb","itemListElement":[{"@type":"ListItem","position":1,"name":"Accueil","item":"https:\/\/ellistat.com\/"},{"@type":"ListItem","position":2,"name":"Formation","item":"https:\/\/ellistat.com\/formation\/"},{"@type":"ListItem","position":3,"name":"Formation &#8211; Green Belt Six Sigma"}]},{"@type":"WebSite","@id":"https:\/\/ellistat.com\/#website","url":"https:\/\/ellistat.com\/","name":"Ellistat","description":"A min\u0151s\u00e9gbiztos\u00edt\u00e1si csomag a g\u00e9pipar sz\u00e1m\u00e1ra","potentialAction":[{"@type":"SearchAction","target":{"@type":"EntryPoint","urlTemplate":"https:\/\/ellistat.com\/?s={search_term_string}"},"query-input":{"@type":"PropertyValueSpecification","valueRequired":true,"valueName":"search_term_string"}}],"inLanguage":"hu"}]}},"_links":{"self":[{"href":"https:\/\/ellistat.com\/hu\/wp-json\/wp\/v2\/pages\/1468","targetHints":{"allow":["GET"]}}],"collection":[{"href":"https:\/\/ellistat.com\/hu\/wp-json\/wp\/v2\/pages"}],"about":[{"href":"https:\/\/ellistat.com\/hu\/wp-json\/wp\/v2\/types\/page"}],"author":[{"embeddable":true,"href":"https:\/\/ellistat.com\/hu\/wp-json\/wp\/v2\/users\/4"}],"replies":[{"embeddable":true,"href":"https:\/\/ellistat.com\/hu\/wp-json\/wp\/v2\/comments?post=1468"}],"version-history":[{"count":34,"href":"https:\/\/ellistat.com\/hu\/wp-json\/wp\/v2\/pages\/1468\/revisions"}],"predecessor-version":[{"id":4179,"href":"https:\/\/ellistat.com\/hu\/wp-json\/wp\/v2\/pages\/1468\/revisions\/4179"}],"up":[{"embeddable":true,"href":"https:\/\/ellistat.com\/hu\/wp-json\/wp\/v2\/pages\/1754"}],"wp:featuredmedia":[{"embeddable":true,"href":"https:\/\/ellistat.com\/hu\/wp-json\/wp\/v2\/media\/3773"}],"wp:attachment":[{"href":"https:\/\/ellistat.com\/hu\/wp-json\/wp\/v2\/media?parent=1468"}],"wp:term":[{"taxonomy":"category","embeddable":true,"href":"https:\/\/ellistat.com\/hu\/wp-json\/wp\/v2\/categories?post=1468"},{"taxonomy":"post_tag","embeddable":true,"href":"https:\/\/ellistat.com\/hu\/wp-json\/wp\/v2\/tags?post=1468"}],"curies":[{"name":"wp","href":"https:\/\/api.w.org\/{rel}","templated":true}]}}