{"id":1477,"date":"2024-09-10T14:49:18","date_gmt":"2024-09-10T12:49:18","guid":{"rendered":"https:\/\/site.ellistat.com\/?page_id=1477"},"modified":"2025-10-01T16:32:52","modified_gmt":"2025-10-01T14:32:52","slug":"gepi-tanulas","status":"publish","type":"page","link":"https:\/\/ellistat.com\/hu\/formation\/machine-learning\/","title":{"rendered":"K\u00e9pz\u00e9s - G\u00e9pi tanul\u00e1s"},"content":{"rendered":"","protected":false},"excerpt":{"rendered":"<p>A g\u00e9pi tanul\u00e1s eszk\u00f6zeinek elsaj\u00e1t\u00edt\u00e1sa ipari kontextusban<\/p>","protected":false},"author":4,"featured_media":3759,"parent":1754,"menu_order":0,"comment_status":"closed","ping_status":"closed","template":"","meta":{"_acf_changed":false,"footnotes":""},"categories":[8],"tags":[16,14],"class_list":["post-1477","page","type-page","status-publish","has-post-thumbnail","hentry","category-formation","tag-e-learning","tag-statistiques"],"acf":[],"yoast_head":"<!-- This site is optimized with the Yoast SEO plugin v27.4 - https:\/\/yoast.com\/product\/yoast-seo-wordpress\/ -->\n<title>Formation Machine Learning<\/title>\n<meta name=\"description\" content=\"La formation Machine Learning a pour objectif de donner des connaissances approfondies de l&#039;utilisation des outils dans un cadre industriel.\" \/>\n<meta name=\"robots\" content=\"index, follow, max-snippet:-1, max-image-preview:large, max-video-preview:-1\" \/>\n<link rel=\"canonical\" href=\"https:\/\/ellistat.com\/hu\/kepzes\/gepi-tanulas\/\" \/>\n<meta property=\"og:locale\" content=\"hu_HU\" \/>\n<meta property=\"og:type\" content=\"article\" \/>\n<meta property=\"og:title\" content=\"Formation Machine Learning\" \/>\n<meta property=\"og:description\" content=\"La formation Machine Learning a pour objectif de donner des connaissances approfondies de l&#039;utilisation des outils dans un cadre industriel.\" \/>\n<meta property=\"og:url\" content=\"https:\/\/ellistat.com\/hu\/kepzes\/gepi-tanulas\/\" \/>\n<meta property=\"og:site_name\" content=\"Ellistat\" \/>\n<meta property=\"article:modified_time\" content=\"2025-10-01T14:32:52+00:00\" \/>\n<meta property=\"og:image\" content=\"https:\/\/ellistat.com\/wp-content\/uploads\/Formation_picto_GO_Machine-learning.png\" \/>\n\t<meta property=\"og:image:width\" content=\"209\" \/>\n\t<meta property=\"og:image:height\" content=\"209\" \/>\n\t<meta property=\"og:image:type\" content=\"image\/png\" \/>\n<meta name=\"twitter:card\" content=\"summary_large_image\" \/>\n<meta name=\"twitter:label1\" content=\"Becs\u00fclt olvas\u00e1si id\u0151\" \/>\n\t<meta name=\"twitter:data1\" content=\"1 perc\" \/>\n<script type=\"application\/ld+json\" class=\"yoast-schema-graph\">{\"@context\":\"https:\\\/\\\/schema.org\",\"@graph\":[{\"@type\":\"WebPage\",\"@id\":\"https:\\\/\\\/ellistat.com\\\/formation\\\/machine-learning\\\/\",\"url\":\"https:\\\/\\\/ellistat.com\\\/formation\\\/machine-learning\\\/\",\"name\":\"Formation Machine Learning\",\"isPartOf\":{\"@id\":\"https:\\\/\\\/ellistat.com\\\/#website\"},\"primaryImageOfPage\":{\"@id\":\"https:\\\/\\\/ellistat.com\\\/formation\\\/machine-learning\\\/#primaryimage\"},\"image\":{\"@id\":\"https:\\\/\\\/ellistat.com\\\/formation\\\/machine-learning\\\/#primaryimage\"},\"thumbnailUrl\":\"https:\\\/\\\/ellistat.com\\\/wp-content\\\/uploads\\\/Formation_picto_GO_Machine-learning.png\",\"datePublished\":\"2024-09-10T12:49:18+00:00\",\"dateModified\":\"2025-10-01T14:32:52+00:00\",\"description\":\"La formation Machine Learning a pour objectif de donner des connaissances approfondies de l'utilisation des outils dans un cadre industriel.\",\"breadcrumb\":{\"@id\":\"https:\\\/\\\/ellistat.com\\\/formation\\\/machine-learning\\\/#breadcrumb\"},\"inLanguage\":\"hu\",\"potentialAction\":[{\"@type\":\"ReadAction\",\"target\":[\"https:\\\/\\\/ellistat.com\\\/formation\\\/machine-learning\\\/\"]}]},{\"@type\":\"ImageObject\",\"inLanguage\":\"hu\",\"@id\":\"https:\\\/\\\/ellistat.com\\\/formation\\\/machine-learning\\\/#primaryimage\",\"url\":\"https:\\\/\\\/ellistat.com\\\/wp-content\\\/uploads\\\/Formation_picto_GO_Machine-learning.png\",\"contentUrl\":\"https:\\\/\\\/ellistat.com\\\/wp-content\\\/uploads\\\/Formation_picto_GO_Machine-learning.png\",\"width\":209,\"height\":209,\"caption\":\"Illustration repr\u00e9sentant un engrenage et des r\u00e9seau de neurone pour illustrer la formation Machine Learning\"},{\"@type\":\"BreadcrumbList\",\"@id\":\"https:\\\/\\\/ellistat.com\\\/formation\\\/machine-learning\\\/#breadcrumb\",\"itemListElement\":[{\"@type\":\"ListItem\",\"position\":1,\"name\":\"Accueil\",\"item\":\"https:\\\/\\\/ellistat.com\\\/\"},{\"@type\":\"ListItem\",\"position\":2,\"name\":\"Formation\",\"item\":\"https:\\\/\\\/ellistat.com\\\/formation\\\/\"},{\"@type\":\"ListItem\",\"position\":3,\"name\":\"Formation &#8211; Machine Learning\"}]},{\"@type\":\"WebSite\",\"@id\":\"https:\\\/\\\/ellistat.com\\\/#website\",\"url\":\"https:\\\/\\\/ellistat.com\\\/\",\"name\":\"Ellistat\",\"description\":\"La suite qualit\u00e9 de l&#039;industrie m\u00e9canique\",\"potentialAction\":[{\"@type\":\"SearchAction\",\"target\":{\"@type\":\"EntryPoint\",\"urlTemplate\":\"https:\\\/\\\/ellistat.com\\\/?s={search_term_string}\"},\"query-input\":{\"@type\":\"PropertyValueSpecification\",\"valueRequired\":true,\"valueName\":\"search_term_string\"}}],\"inLanguage\":\"hu\"}]}<\/script>\n<!-- \/ Yoast SEO plugin. -->","yoast_head_json":{"title":"G\u00e9pi tanul\u00e1si k\u00e9pz\u00e9s","description":"A Machine Learning kurzus c\u00e9lja, hogy m\u00e9lyrehat\u00f3 ismereteket ny\u00fajtson ezen eszk\u00f6z\u00f6k ipari k\u00f6rnyezetben t\u00f6rt\u00e9n\u0151 haszn\u00e1lat\u00e1r\u00f3l.","robots":{"index":"index","follow":"follow","max-snippet":"max-snippet:-1","max-image-preview":"max-image-preview:large","max-video-preview":"max-video-preview:-1"},"canonical":"https:\/\/ellistat.com\/hu\/kepzes\/gepi-tanulas\/","og_locale":"hu_HU","og_type":"article","og_title":"Formation Machine Learning","og_description":"La formation Machine Learning a pour objectif de donner des connaissances approfondies de l'utilisation des outils dans un cadre industriel.","og_url":"https:\/\/ellistat.com\/hu\/kepzes\/gepi-tanulas\/","og_site_name":"Ellistat","article_modified_time":"2025-10-01T14:32:52+00:00","og_image":[{"width":209,"height":209,"url":"https:\/\/ellistat.com\/wp-content\/uploads\/Formation_picto_GO_Machine-learning.png","type":"image\/png"}],"twitter_card":"summary_large_image","twitter_misc":{"Becs\u00fclt olvas\u00e1si id\u0151":"1 perc"},"schema":{"@context":"https:\/\/schema.org","@graph":[{"@type":"WebPage","@id":"https:\/\/ellistat.com\/formation\/machine-learning\/","url":"https:\/\/ellistat.com\/formation\/machine-learning\/","name":"G\u00e9pi tanul\u00e1si k\u00e9pz\u00e9s","isPartOf":{"@id":"https:\/\/ellistat.com\/#website"},"primaryImageOfPage":{"@id":"https:\/\/ellistat.com\/formation\/machine-learning\/#primaryimage"},"image":{"@id":"https:\/\/ellistat.com\/formation\/machine-learning\/#primaryimage"},"thumbnailUrl":"https:\/\/ellistat.com\/wp-content\/uploads\/Formation_picto_GO_Machine-learning.png","datePublished":"2024-09-10T12:49:18+00:00","dateModified":"2025-10-01T14:32:52+00:00","description":"A Machine Learning kurzus c\u00e9lja, hogy m\u00e9lyrehat\u00f3 ismereteket ny\u00fajtson ezen eszk\u00f6z\u00f6k ipari k\u00f6rnyezetben t\u00f6rt\u00e9n\u0151 haszn\u00e1lat\u00e1r\u00f3l.","breadcrumb":{"@id":"https:\/\/ellistat.com\/formation\/machine-learning\/#breadcrumb"},"inLanguage":"hu","potentialAction":[{"@type":"ReadAction","target":["https:\/\/ellistat.com\/formation\/machine-learning\/"]}]},{"@type":"ImageObject","inLanguage":"hu","@id":"https:\/\/ellistat.com\/formation\/machine-learning\/#primaryimage","url":"https:\/\/ellistat.com\/wp-content\/uploads\/Formation_picto_GO_Machine-learning.png","contentUrl":"https:\/\/ellistat.com\/wp-content\/uploads\/Formation_picto_GO_Machine-learning.png","width":209,"height":209,"caption":"Illustration repr\u00e9sentant un engrenage et des r\u00e9seau de neurone pour illustrer la formation Machine Learning"},{"@type":"BreadcrumbList","@id":"https:\/\/ellistat.com\/formation\/machine-learning\/#breadcrumb","itemListElement":[{"@type":"ListItem","position":1,"name":"Accueil","item":"https:\/\/ellistat.com\/"},{"@type":"ListItem","position":2,"name":"Formation","item":"https:\/\/ellistat.com\/formation\/"},{"@type":"ListItem","position":3,"name":"Formation &#8211; Machine Learning"}]},{"@type":"WebSite","@id":"https:\/\/ellistat.com\/#website","url":"https:\/\/ellistat.com\/","name":"Ellistat","description":"A min\u0151s\u00e9gbiztos\u00edt\u00e1si csomag a g\u00e9pipar sz\u00e1m\u00e1ra","potentialAction":[{"@type":"SearchAction","target":{"@type":"EntryPoint","urlTemplate":"https:\/\/ellistat.com\/?s={search_term_string}"},"query-input":{"@type":"PropertyValueSpecification","valueRequired":true,"valueName":"search_term_string"}}],"inLanguage":"hu"}]}},"_links":{"self":[{"href":"https:\/\/ellistat.com\/hu\/wp-json\/wp\/v2\/pages\/1477","targetHints":{"allow":["GET"]}}],"collection":[{"href":"https:\/\/ellistat.com\/hu\/wp-json\/wp\/v2\/pages"}],"about":[{"href":"https:\/\/ellistat.com\/hu\/wp-json\/wp\/v2\/types\/page"}],"author":[{"embeddable":true,"href":"https:\/\/ellistat.com\/hu\/wp-json\/wp\/v2\/users\/4"}],"replies":[{"embeddable":true,"href":"https:\/\/ellistat.com\/hu\/wp-json\/wp\/v2\/comments?post=1477"}],"version-history":[{"count":35,"href":"https:\/\/ellistat.com\/hu\/wp-json\/wp\/v2\/pages\/1477\/revisions"}],"predecessor-version":[{"id":4186,"href":"https:\/\/ellistat.com\/hu\/wp-json\/wp\/v2\/pages\/1477\/revisions\/4186"}],"up":[{"embeddable":true,"href":"https:\/\/ellistat.com\/hu\/wp-json\/wp\/v2\/pages\/1754"}],"wp:featuredmedia":[{"embeddable":true,"href":"https:\/\/ellistat.com\/hu\/wp-json\/wp\/v2\/media\/3759"}],"wp:attachment":[{"href":"https:\/\/ellistat.com\/hu\/wp-json\/wp\/v2\/media?parent=1477"}],"wp:term":[{"taxonomy":"category","embeddable":true,"href":"https:\/\/ellistat.com\/hu\/wp-json\/wp\/v2\/categories?post=1477"},{"taxonomy":"post_tag","embeddable":true,"href":"https:\/\/ellistat.com\/hu\/wp-json\/wp\/v2\/tags?post=1477"}],"curies":[{"name":"wp","href":"https:\/\/api.w.org\/{rel}","templated":true}]}}