{"id":1488,"date":"2024-09-13T10:15:43","date_gmt":"2024-09-13T08:15:43","guid":{"rendered":"https:\/\/site.ellistat.com\/?page_id=1488"},"modified":"2025-10-01T15:51:27","modified_gmt":"2025-10-01T13:51:27","slug":"problemamegoldas-8d","status":"publish","type":"page","link":"https:\/\/ellistat.com\/hu\/formation\/resolution-de-probleme-8d\/","title":{"rendered":"K\u00e9pz\u00e9s - 8D probl\u00e9mamegold\u00e1s"},"content":{"rendered":"","protected":false},"excerpt":{"rendered":"<p>Haszn\u00e1lja a munkacsoport vezet\u00e9s\u00e9hez sz\u00fcks\u00e9ges \u00f6sszes eszk\u00f6zt<\/p>","protected":false},"author":4,"featured_media":3748,"parent":1754,"menu_order":0,"comment_status":"closed","ping_status":"closed","template":"","meta":{"_acf_changed":false,"footnotes":""},"categories":[8],"tags":[16,17,15],"class_list":["post-1488","page","type-page","status-publish","has-post-thumbnail","hentry","category-formation","tag-e-learning","tag-presentiel","tag-resolution-de-probleme"],"acf":[],"yoast_head":"<!-- This site is optimized with the Yoast SEO plugin v27.4 - https:\/\/yoast.com\/product\/yoast-seo-wordpress\/ -->\n<title>Formation R\u00e9solution de probl\u00e8mes 8D - Ellistat<\/title>\n<meta name=\"description\" content=\"La formation R\u00e9solution de Probl\u00e8me 8D offre une compr\u00e9hension approfondie pour r\u00e9soudre efficacement des probl\u00e8mes dans divers contextes industriels\u200b\u200b.\" \/>\n<meta name=\"robots\" content=\"index, follow, max-snippet:-1, max-image-preview:large, max-video-preview:-1\" \/>\n<link rel=\"canonical\" href=\"https:\/\/ellistat.com\/hu\/kepzes\/problemamegoldas-8d\/\" \/>\n<meta property=\"og:locale\" content=\"hu_HU\" \/>\n<meta property=\"og:type\" content=\"article\" \/>\n<meta property=\"og:title\" content=\"Formation R\u00e9solution de probl\u00e8mes 8D - Ellistat\" \/>\n<meta property=\"og:description\" content=\"La formation R\u00e9solution de Probl\u00e8me 8D offre une compr\u00e9hension approfondie pour r\u00e9soudre efficacement des probl\u00e8mes dans divers contextes industriels\u200b\u200b.\" \/>\n<meta property=\"og:url\" content=\"https:\/\/ellistat.com\/hu\/kepzes\/problemamegoldas-8d\/\" \/>\n<meta property=\"og:site_name\" content=\"Ellistat\" \/>\n<meta property=\"article:modified_time\" content=\"2025-10-01T13:51:27+00:00\" \/>\n<meta property=\"og:image\" content=\"https:\/\/ellistat.com\/wp-content\/uploads\/Formation_picto_GO_8D.png\" \/>\n\t<meta property=\"og:image:width\" content=\"209\" \/>\n\t<meta property=\"og:image:height\" content=\"209\" \/>\n\t<meta property=\"og:image:type\" content=\"image\/png\" \/>\n<meta name=\"twitter:card\" content=\"summary_large_image\" \/>\n<meta name=\"twitter:label1\" content=\"Becs\u00fclt olvas\u00e1si id\u0151\" \/>\n\t<meta name=\"twitter:data1\" content=\"1 perc\" \/>\n<script type=\"application\/ld+json\" class=\"yoast-schema-graph\">{\"@context\":\"https:\\\/\\\/schema.org\",\"@graph\":[{\"@type\":\"WebPage\",\"@id\":\"https:\\\/\\\/ellistat.com\\\/formation\\\/resolution-de-probleme-8d\\\/\",\"url\":\"https:\\\/\\\/ellistat.com\\\/formation\\\/resolution-de-probleme-8d\\\/\",\"name\":\"Formation R\u00e9solution de probl\u00e8mes 8D - Ellistat\",\"isPartOf\":{\"@id\":\"https:\\\/\\\/ellistat.com\\\/#website\"},\"primaryImageOfPage\":{\"@id\":\"https:\\\/\\\/ellistat.com\\\/formation\\\/resolution-de-probleme-8d\\\/#primaryimage\"},\"image\":{\"@id\":\"https:\\\/\\\/ellistat.com\\\/formation\\\/resolution-de-probleme-8d\\\/#primaryimage\"},\"thumbnailUrl\":\"https:\\\/\\\/ellistat.com\\\/wp-content\\\/uploads\\\/Formation_picto_GO_8D.png\",\"datePublished\":\"2024-09-13T08:15:43+00:00\",\"dateModified\":\"2025-10-01T13:51:27+00:00\",\"description\":\"La formation R\u00e9solution de Probl\u00e8me 8D offre une compr\u00e9hension approfondie pour r\u00e9soudre efficacement des probl\u00e8mes dans divers contextes industriels\u200b\u200b.\",\"breadcrumb\":{\"@id\":\"https:\\\/\\\/ellistat.com\\\/formation\\\/resolution-de-probleme-8d\\\/#breadcrumb\"},\"inLanguage\":\"hu\",\"potentialAction\":[{\"@type\":\"ReadAction\",\"target\":[\"https:\\\/\\\/ellistat.com\\\/formation\\\/resolution-de-probleme-8d\\\/\"]}]},{\"@type\":\"ImageObject\",\"inLanguage\":\"hu\",\"@id\":\"https:\\\/\\\/ellistat.com\\\/formation\\\/resolution-de-probleme-8d\\\/#primaryimage\",\"url\":\"https:\\\/\\\/ellistat.com\\\/wp-content\\\/uploads\\\/Formation_picto_GO_8D.png\",\"contentUrl\":\"https:\\\/\\\/ellistat.com\\\/wp-content\\\/uploads\\\/Formation_picto_GO_8D.png\",\"width\":209,\"height\":209,\"caption\":\"Illustration pour la formation E-Learning R\u00e9solution de Probl\u00e8me 8D\"},{\"@type\":\"BreadcrumbList\",\"@id\":\"https:\\\/\\\/ellistat.com\\\/formation\\\/resolution-de-probleme-8d\\\/#breadcrumb\",\"itemListElement\":[{\"@type\":\"ListItem\",\"position\":1,\"name\":\"Accueil\",\"item\":\"https:\\\/\\\/ellistat.com\\\/\"},{\"@type\":\"ListItem\",\"position\":2,\"name\":\"Formation\",\"item\":\"https:\\\/\\\/ellistat.com\\\/formation\\\/\"},{\"@type\":\"ListItem\",\"position\":3,\"name\":\"Formation &#8211; R\u00e9solution de probl\u00e8mes 8D\"}]},{\"@type\":\"WebSite\",\"@id\":\"https:\\\/\\\/ellistat.com\\\/#website\",\"url\":\"https:\\\/\\\/ellistat.com\\\/\",\"name\":\"Ellistat\",\"description\":\"La suite qualit\u00e9 de l&#039;industrie m\u00e9canique\",\"potentialAction\":[{\"@type\":\"SearchAction\",\"target\":{\"@type\":\"EntryPoint\",\"urlTemplate\":\"https:\\\/\\\/ellistat.com\\\/?s={search_term_string}\"},\"query-input\":{\"@type\":\"PropertyValueSpecification\",\"valueRequired\":true,\"valueName\":\"search_term_string\"}}],\"inLanguage\":\"hu\"}]}<\/script>\n<!-- \/ Yoast SEO plugin. -->","yoast_head_json":{"title":"8D probl\u00e9mamegold\u00f3 tr\u00e9ning - Ellistat","description":"A 8D Probl\u00e9mamegold\u00e1s kurzus m\u00e9lyrehat\u00f3 ismereteket ny\u00fajt arr\u00f3l, hogyan lehet hat\u00e9konyan megoldani probl\u00e9m\u00e1kat k\u00fcl\u00f6nb\u00f6z\u0151 ipari kontextusokban.","robots":{"index":"index","follow":"follow","max-snippet":"max-snippet:-1","max-image-preview":"max-image-preview:large","max-video-preview":"max-video-preview:-1"},"canonical":"https:\/\/ellistat.com\/hu\/kepzes\/problemamegoldas-8d\/","og_locale":"hu_HU","og_type":"article","og_title":"Formation R\u00e9solution de probl\u00e8mes 8D - Ellistat","og_description":"La formation R\u00e9solution de Probl\u00e8me 8D offre une compr\u00e9hension approfondie pour r\u00e9soudre efficacement des probl\u00e8mes dans divers contextes industriels\u200b\u200b.","og_url":"https:\/\/ellistat.com\/hu\/kepzes\/problemamegoldas-8d\/","og_site_name":"Ellistat","article_modified_time":"2025-10-01T13:51:27+00:00","og_image":[{"width":209,"height":209,"url":"https:\/\/ellistat.com\/wp-content\/uploads\/Formation_picto_GO_8D.png","type":"image\/png"}],"twitter_card":"summary_large_image","twitter_misc":{"Becs\u00fclt olvas\u00e1si id\u0151":"1 perc"},"schema":{"@context":"https:\/\/schema.org","@graph":[{"@type":"WebPage","@id":"https:\/\/ellistat.com\/formation\/resolution-de-probleme-8d\/","url":"https:\/\/ellistat.com\/formation\/resolution-de-probleme-8d\/","name":"8D probl\u00e9mamegold\u00f3 tr\u00e9ning - Ellistat","isPartOf":{"@id":"https:\/\/ellistat.com\/#website"},"primaryImageOfPage":{"@id":"https:\/\/ellistat.com\/formation\/resolution-de-probleme-8d\/#primaryimage"},"image":{"@id":"https:\/\/ellistat.com\/formation\/resolution-de-probleme-8d\/#primaryimage"},"thumbnailUrl":"https:\/\/ellistat.com\/wp-content\/uploads\/Formation_picto_GO_8D.png","datePublished":"2024-09-13T08:15:43+00:00","dateModified":"2025-10-01T13:51:27+00:00","description":"A 8D Probl\u00e9mamegold\u00e1s kurzus m\u00e9lyrehat\u00f3 ismereteket ny\u00fajt arr\u00f3l, hogyan lehet hat\u00e9konyan megoldani probl\u00e9m\u00e1kat k\u00fcl\u00f6nb\u00f6z\u0151 ipari kontextusokban.","breadcrumb":{"@id":"https:\/\/ellistat.com\/formation\/resolution-de-probleme-8d\/#breadcrumb"},"inLanguage":"hu","potentialAction":[{"@type":"ReadAction","target":["https:\/\/ellistat.com\/formation\/resolution-de-probleme-8d\/"]}]},{"@type":"ImageObject","inLanguage":"hu","@id":"https:\/\/ellistat.com\/formation\/resolution-de-probleme-8d\/#primaryimage","url":"https:\/\/ellistat.com\/wp-content\/uploads\/Formation_picto_GO_8D.png","contentUrl":"https:\/\/ellistat.com\/wp-content\/uploads\/Formation_picto_GO_8D.png","width":209,"height":209,"caption":"Illustration pour la formation E-Learning R\u00e9solution de Probl\u00e8me 8D"},{"@type":"BreadcrumbList","@id":"https:\/\/ellistat.com\/formation\/resolution-de-probleme-8d\/#breadcrumb","itemListElement":[{"@type":"ListItem","position":1,"name":"Accueil","item":"https:\/\/ellistat.com\/"},{"@type":"ListItem","position":2,"name":"Formation","item":"https:\/\/ellistat.com\/formation\/"},{"@type":"ListItem","position":3,"name":"Formation &#8211; R\u00e9solution de probl\u00e8mes 8D"}]},{"@type":"WebSite","@id":"https:\/\/ellistat.com\/#website","url":"https:\/\/ellistat.com\/","name":"Ellistat","description":"A min\u0151s\u00e9gbiztos\u00edt\u00e1si csomag a g\u00e9pipar sz\u00e1m\u00e1ra","potentialAction":[{"@type":"SearchAction","target":{"@type":"EntryPoint","urlTemplate":"https:\/\/ellistat.com\/?s={search_term_string}"},"query-input":{"@type":"PropertyValueSpecification","valueRequired":true,"valueName":"search_term_string"}}],"inLanguage":"hu"}]}},"_links":{"self":[{"href":"https:\/\/ellistat.com\/hu\/wp-json\/wp\/v2\/pages\/1488","targetHints":{"allow":["GET"]}}],"collection":[{"href":"https:\/\/ellistat.com\/hu\/wp-json\/wp\/v2\/pages"}],"about":[{"href":"https:\/\/ellistat.com\/hu\/wp-json\/wp\/v2\/types\/page"}],"author":[{"embeddable":true,"href":"https:\/\/ellistat.com\/hu\/wp-json\/wp\/v2\/users\/4"}],"replies":[{"embeddable":true,"href":"https:\/\/ellistat.com\/hu\/wp-json\/wp\/v2\/comments?post=1488"}],"version-history":[{"count":29,"href":"https:\/\/ellistat.com\/hu\/wp-json\/wp\/v2\/pages\/1488\/revisions"}],"predecessor-version":[{"id":4174,"href":"https:\/\/ellistat.com\/hu\/wp-json\/wp\/v2\/pages\/1488\/revisions\/4174"}],"up":[{"embeddable":true,"href":"https:\/\/ellistat.com\/hu\/wp-json\/wp\/v2\/pages\/1754"}],"wp:featuredmedia":[{"embeddable":true,"href":"https:\/\/ellistat.com\/hu\/wp-json\/wp\/v2\/media\/3748"}],"wp:attachment":[{"href":"https:\/\/ellistat.com\/hu\/wp-json\/wp\/v2\/media?parent=1488"}],"wp:term":[{"taxonomy":"category","embeddable":true,"href":"https:\/\/ellistat.com\/hu\/wp-json\/wp\/v2\/categories?post=1488"},{"taxonomy":"post_tag","embeddable":true,"href":"https:\/\/ellistat.com\/hu\/wp-json\/wp\/v2\/tags?post=1488"}],"curies":[{"name":"wp","href":"https:\/\/api.w.org\/{rel}","templated":true}]}}