{"id":1528,"date":"2024-09-11T15:15:01","date_gmt":"2024-09-11T13:15:01","guid":{"rendered":"https:\/\/site.ellistat.com\/?page_id=1528"},"modified":"2025-10-01T16:07:56","modified_gmt":"2025-10-01T14:07:56","slug":"lean-six-sigma-fekete-ov","status":"publish","type":"page","link":"https:\/\/ellistat.com\/hu\/formation\/lean-six-sigma-black-belt\/","title":{"rendered":"K\u00e9pz\u00e9s - Fekete \u00f6ves Lean Six Sigma"},"content":{"rendered":"","protected":false},"excerpt":{"rendered":"<p>Coaching z\u00f6ld\u00f6vi projektek<\/p>","protected":false},"author":2,"featured_media":3766,"parent":1754,"menu_order":0,"comment_status":"closed","ping_status":"closed","template":"","meta":{"_acf_changed":false,"footnotes":""},"categories":[8],"tags":[16,10,12],"class_list":["post-1528","page","type-page","status-publish","has-post-thumbnail","hentry","category-formation","tag-e-learning","tag-lean","tag-six-sigma"],"acf":[],"yoast_head":"<!-- This site is optimized with the Yoast SEO plugin v27.4 - https:\/\/yoast.com\/product\/yoast-seo-wordpress\/ -->\n<title>Formation Black Belt Lean Six Sigma - E-Learning<\/title>\n<meta name=\"description\" content=\"La formation Black Belt Lean Six Sigma d&#039;Ellistat est un programme destin\u00e9 \u00e0 former des r\u00e9f\u00e9rents en strat\u00e9gie d&#039;am\u00e9lioration continue.\" \/>\n<meta name=\"robots\" content=\"index, follow, max-snippet:-1, max-image-preview:large, max-video-preview:-1\" \/>\n<link rel=\"canonical\" href=\"https:\/\/ellistat.com\/hu\/kepzes\/lean-six-sigma-fekete-ov\/\" \/>\n<meta property=\"og:locale\" content=\"hu_HU\" \/>\n<meta property=\"og:type\" content=\"article\" \/>\n<meta property=\"og:title\" content=\"Formation Black Belt Lean Six Sigma - E-Learning\" \/>\n<meta property=\"og:description\" content=\"La formation Black Belt Lean Six Sigma d&#039;Ellistat est un programme destin\u00e9 \u00e0 former des r\u00e9f\u00e9rents en strat\u00e9gie d&#039;am\u00e9lioration continue.\" \/>\n<meta property=\"og:url\" content=\"https:\/\/ellistat.com\/hu\/kepzes\/lean-six-sigma-fekete-ov\/\" \/>\n<meta property=\"og:site_name\" content=\"Ellistat\" \/>\n<meta property=\"article:modified_time\" content=\"2025-10-01T14:07:56+00:00\" \/>\n<meta property=\"og:image\" content=\"https:\/\/ellistat.com\/wp-content\/uploads\/Formation_picto_GO_Black-belt-Lean-Six-Sigma.png\" \/>\n\t<meta property=\"og:image:width\" content=\"210\" \/>\n\t<meta property=\"og:image:height\" content=\"209\" \/>\n\t<meta property=\"og:image:type\" content=\"image\/png\" \/>\n<meta name=\"twitter:card\" content=\"summary_large_image\" \/>\n<meta name=\"twitter:label1\" content=\"Becs\u00fclt olvas\u00e1si id\u0151\" \/>\n\t<meta name=\"twitter:data1\" content=\"8 perc\" \/>\n<script type=\"application\/ld+json\" class=\"yoast-schema-graph\">{\"@context\":\"https:\\\/\\\/schema.org\",\"@graph\":[{\"@type\":\"WebPage\",\"@id\":\"https:\\\/\\\/ellistat.com\\\/formation\\\/lean-six-sigma-black-belt\\\/\",\"url\":\"https:\\\/\\\/ellistat.com\\\/formation\\\/lean-six-sigma-black-belt\\\/\",\"name\":\"Formation Black Belt Lean Six Sigma - E-Learning\",\"isPartOf\":{\"@id\":\"https:\\\/\\\/ellistat.com\\\/#website\"},\"primaryImageOfPage\":{\"@id\":\"https:\\\/\\\/ellistat.com\\\/formation\\\/lean-six-sigma-black-belt\\\/#primaryimage\"},\"image\":{\"@id\":\"https:\\\/\\\/ellistat.com\\\/formation\\\/lean-six-sigma-black-belt\\\/#primaryimage\"},\"thumbnailUrl\":\"https:\\\/\\\/ellistat.com\\\/wp-content\\\/uploads\\\/Formation_picto_GO_Black-belt-Lean-Six-Sigma.png\",\"datePublished\":\"2024-09-11T13:15:01+00:00\",\"dateModified\":\"2025-10-01T14:07:56+00:00\",\"description\":\"La formation Black Belt Lean Six Sigma d'Ellistat est un programme destin\u00e9 \u00e0 former des r\u00e9f\u00e9rents en strat\u00e9gie d'am\u00e9lioration continue.\",\"breadcrumb\":{\"@id\":\"https:\\\/\\\/ellistat.com\\\/formation\\\/lean-six-sigma-black-belt\\\/#breadcrumb\"},\"inLanguage\":\"hu\",\"potentialAction\":[{\"@type\":\"ReadAction\",\"target\":[\"https:\\\/\\\/ellistat.com\\\/formation\\\/lean-six-sigma-black-belt\\\/\"]}]},{\"@type\":\"ImageObject\",\"inLanguage\":\"hu\",\"@id\":\"https:\\\/\\\/ellistat.com\\\/formation\\\/lean-six-sigma-black-belt\\\/#primaryimage\",\"url\":\"https:\\\/\\\/ellistat.com\\\/wp-content\\\/uploads\\\/Formation_picto_GO_Black-belt-Lean-Six-Sigma.png\",\"contentUrl\":\"https:\\\/\\\/ellistat.com\\\/wp-content\\\/uploads\\\/Formation_picto_GO_Black-belt-Lean-Six-Sigma.png\",\"width\":210,\"height\":209,\"caption\":\"Illustration d'une ceinture de judo noire pour illustrer la formation Black Belt Lean Six Sigma\"},{\"@type\":\"BreadcrumbList\",\"@id\":\"https:\\\/\\\/ellistat.com\\\/formation\\\/lean-six-sigma-black-belt\\\/#breadcrumb\",\"itemListElement\":[{\"@type\":\"ListItem\",\"position\":1,\"name\":\"Accueil\",\"item\":\"https:\\\/\\\/ellistat.com\\\/\"},{\"@type\":\"ListItem\",\"position\":2,\"name\":\"Formation\",\"item\":\"https:\\\/\\\/ellistat.com\\\/formation\\\/\"},{\"@type\":\"ListItem\",\"position\":3,\"name\":\"Formation &#8211; Black Belt Lean Six Sigma\"}]},{\"@type\":\"WebSite\",\"@id\":\"https:\\\/\\\/ellistat.com\\\/#website\",\"url\":\"https:\\\/\\\/ellistat.com\\\/\",\"name\":\"Ellistat\",\"description\":\"La suite qualit\u00e9 de l&#039;industrie m\u00e9canique\",\"potentialAction\":[{\"@type\":\"SearchAction\",\"target\":{\"@type\":\"EntryPoint\",\"urlTemplate\":\"https:\\\/\\\/ellistat.com\\\/?s={search_term_string}\"},\"query-input\":{\"@type\":\"PropertyValueSpecification\",\"valueRequired\":true,\"valueName\":\"search_term_string\"}}],\"inLanguage\":\"hu\"}]}<\/script>\n<!-- \/ Yoast SEO plugin. -->","yoast_head_json":{"title":"Lean Six Sigma Black Belt k\u00e9pz\u00e9s - E-Learning","description":"Az Ellistat Black Belt Lean Six Sigma k\u00e9pz\u00e9se egy olyan program, amelynek c\u00e9lja a vezet\u0151k k\u00e9pz\u00e9se a folyamatos fejleszt\u00e9si strat\u00e9gi\u00e1k ter\u00e9n.","robots":{"index":"index","follow":"follow","max-snippet":"max-snippet:-1","max-image-preview":"max-image-preview:large","max-video-preview":"max-video-preview:-1"},"canonical":"https:\/\/ellistat.com\/hu\/kepzes\/lean-six-sigma-fekete-ov\/","og_locale":"hu_HU","og_type":"article","og_title":"Formation Black Belt Lean Six Sigma - E-Learning","og_description":"La formation Black Belt Lean Six Sigma d'Ellistat est un programme destin\u00e9 \u00e0 former des r\u00e9f\u00e9rents en strat\u00e9gie d'am\u00e9lioration continue.","og_url":"https:\/\/ellistat.com\/hu\/kepzes\/lean-six-sigma-fekete-ov\/","og_site_name":"Ellistat","article_modified_time":"2025-10-01T14:07:56+00:00","og_image":[{"width":210,"height":209,"url":"https:\/\/ellistat.com\/wp-content\/uploads\/Formation_picto_GO_Black-belt-Lean-Six-Sigma.png","type":"image\/png"}],"twitter_card":"summary_large_image","twitter_misc":{"Becs\u00fclt olvas\u00e1si id\u0151":"8 perc"},"schema":{"@context":"https:\/\/schema.org","@graph":[{"@type":"WebPage","@id":"https:\/\/ellistat.com\/formation\/lean-six-sigma-black-belt\/","url":"https:\/\/ellistat.com\/formation\/lean-six-sigma-black-belt\/","name":"Lean Six Sigma Black Belt k\u00e9pz\u00e9s - E-Learning","isPartOf":{"@id":"https:\/\/ellistat.com\/#website"},"primaryImageOfPage":{"@id":"https:\/\/ellistat.com\/formation\/lean-six-sigma-black-belt\/#primaryimage"},"image":{"@id":"https:\/\/ellistat.com\/formation\/lean-six-sigma-black-belt\/#primaryimage"},"thumbnailUrl":"https:\/\/ellistat.com\/wp-content\/uploads\/Formation_picto_GO_Black-belt-Lean-Six-Sigma.png","datePublished":"2024-09-11T13:15:01+00:00","dateModified":"2025-10-01T14:07:56+00:00","description":"Az Ellistat Black Belt Lean Six Sigma k\u00e9pz\u00e9se egy olyan program, amelynek c\u00e9lja a vezet\u0151k k\u00e9pz\u00e9se a folyamatos fejleszt\u00e9si strat\u00e9gi\u00e1k ter\u00e9n.","breadcrumb":{"@id":"https:\/\/ellistat.com\/formation\/lean-six-sigma-black-belt\/#breadcrumb"},"inLanguage":"hu","potentialAction":[{"@type":"ReadAction","target":["https:\/\/ellistat.com\/formation\/lean-six-sigma-black-belt\/"]}]},{"@type":"ImageObject","inLanguage":"hu","@id":"https:\/\/ellistat.com\/formation\/lean-six-sigma-black-belt\/#primaryimage","url":"https:\/\/ellistat.com\/wp-content\/uploads\/Formation_picto_GO_Black-belt-Lean-Six-Sigma.png","contentUrl":"https:\/\/ellistat.com\/wp-content\/uploads\/Formation_picto_GO_Black-belt-Lean-Six-Sigma.png","width":210,"height":209,"caption":"Illustration d'une ceinture de judo noire pour illustrer la formation Black Belt Lean Six Sigma"},{"@type":"BreadcrumbList","@id":"https:\/\/ellistat.com\/formation\/lean-six-sigma-black-belt\/#breadcrumb","itemListElement":[{"@type":"ListItem","position":1,"name":"Accueil","item":"https:\/\/ellistat.com\/"},{"@type":"ListItem","position":2,"name":"Formation","item":"https:\/\/ellistat.com\/formation\/"},{"@type":"ListItem","position":3,"name":"Formation &#8211; Black Belt Lean Six Sigma"}]},{"@type":"WebSite","@id":"https:\/\/ellistat.com\/#website","url":"https:\/\/ellistat.com\/","name":"Ellistat","description":"A min\u0151s\u00e9gbiztos\u00edt\u00e1si csomag a g\u00e9pipar sz\u00e1m\u00e1ra","potentialAction":[{"@type":"SearchAction","target":{"@type":"EntryPoint","urlTemplate":"https:\/\/ellistat.com\/?s={search_term_string}"},"query-input":{"@type":"PropertyValueSpecification","valueRequired":true,"valueName":"search_term_string"}}],"inLanguage":"hu"}]}},"_links":{"self":[{"href":"https:\/\/ellistat.com\/hu\/wp-json\/wp\/v2\/pages\/1528","targetHints":{"allow":["GET"]}}],"collection":[{"href":"https:\/\/ellistat.com\/hu\/wp-json\/wp\/v2\/pages"}],"about":[{"href":"https:\/\/ellistat.com\/hu\/wp-json\/wp\/v2\/types\/page"}],"author":[{"embeddable":true,"href":"https:\/\/ellistat.com\/hu\/wp-json\/wp\/v2\/users\/2"}],"replies":[{"embeddable":true,"href":"https:\/\/ellistat.com\/hu\/wp-json\/wp\/v2\/comments?post=1528"}],"version-history":[{"count":27,"href":"https:\/\/ellistat.com\/hu\/wp-json\/wp\/v2\/pages\/1528\/revisions"}],"predecessor-version":[{"id":4178,"href":"https:\/\/ellistat.com\/hu\/wp-json\/wp\/v2\/pages\/1528\/revisions\/4178"}],"up":[{"embeddable":true,"href":"https:\/\/ellistat.com\/hu\/wp-json\/wp\/v2\/pages\/1754"}],"wp:featuredmedia":[{"embeddable":true,"href":"https:\/\/ellistat.com\/hu\/wp-json\/wp\/v2\/media\/3766"}],"wp:attachment":[{"href":"https:\/\/ellistat.com\/hu\/wp-json\/wp\/v2\/media?parent=1528"}],"wp:term":[{"taxonomy":"category","embeddable":true,"href":"https:\/\/ellistat.com\/hu\/wp-json\/wp\/v2\/categories?post=1528"},{"taxonomy":"post_tag","embeddable":true,"href":"https:\/\/ellistat.com\/hu\/wp-json\/wp\/v2\/tags?post=1528"}],"curies":[{"name":"wp","href":"https:\/\/api.w.org\/{rel}","templated":true}]}}