{"id":1566,"date":"2024-09-13T12:10:21","date_gmt":"2024-09-13T10:10:21","guid":{"rendered":"https:\/\/site.ellistat.com\/?page_id=1566"},"modified":"2025-10-21T10:22:08","modified_gmt":"2025-10-21T08:22:08","slug":"tapasztalati-terv","status":"publish","type":"page","link":"https:\/\/ellistat.com\/hu\/formation\/plan-dexperience\/","title":{"rendered":"Tapasztalati terv k\u00e9pz\u00e9s"},"content":{"rendered":"","protected":false},"excerpt":{"rendered":"<p>A k\u00eds\u00e9rletek sz\u00e1m\u00e1nak cs\u00f6kkent\u00e9se a megfelel\u0151 k\u00eds\u00e9rleti tervvel<\/p>","protected":false},"author":2,"featured_media":3775,"parent":1754,"menu_order":0,"comment_status":"closed","ping_status":"closed","template":"","meta":{"_acf_changed":false,"footnotes":""},"categories":[8],"tags":[16,17,14],"class_list":["post-1566","page","type-page","status-publish","has-post-thumbnail","hentry","category-formation","tag-e-learning","tag-presentiel","tag-statistiques"],"acf":[],"yoast_head":"<!-- This site is optimized with the Yoast SEO plugin v27.4 - https:\/\/yoast.com\/product\/yoast-seo-wordpress\/ -->\n<title>Formation Plan d&#039;exp\u00e9rience<\/title>\n<meta name=\"description\" content=\"La formation Plan d&#039;Exp\u00e9rience vise \u00e0 former les participants \u00e0 devenir experts dans la conception et l&#039;analyse des plans d&#039;exp\u00e9rience\u200b\u200b.\" \/>\n<meta name=\"robots\" content=\"index, follow, max-snippet:-1, max-image-preview:large, max-video-preview:-1\" \/>\n<link rel=\"canonical\" href=\"https:\/\/ellistat.com\/hu\/kepzes\/tapasztalati-terv\/\" \/>\n<meta property=\"og:locale\" content=\"hu_HU\" \/>\n<meta property=\"og:type\" content=\"article\" \/>\n<meta property=\"og:title\" content=\"Formation Plan d&#039;exp\u00e9rience\" \/>\n<meta property=\"og:description\" content=\"La formation Plan d&#039;Exp\u00e9rience vise \u00e0 former les participants \u00e0 devenir experts dans la conception et l&#039;analyse des plans d&#039;exp\u00e9rience\u200b\u200b.\" \/>\n<meta property=\"og:url\" content=\"https:\/\/ellistat.com\/hu\/kepzes\/tapasztalati-terv\/\" \/>\n<meta property=\"og:site_name\" content=\"Ellistat\" \/>\n<meta property=\"article:modified_time\" content=\"2025-10-21T08:22:08+00:00\" \/>\n<meta property=\"og:image\" content=\"https:\/\/ellistat.com\/wp-content\/uploads\/Formation_picto_GO_Plan-dexperience.png\" \/>\n\t<meta property=\"og:image:width\" content=\"209\" \/>\n\t<meta property=\"og:image:height\" content=\"209\" \/>\n\t<meta property=\"og:image:type\" content=\"image\/png\" \/>\n<meta name=\"twitter:card\" content=\"summary_large_image\" \/>\n<meta name=\"twitter:label1\" content=\"Becs\u00fclt olvas\u00e1si id\u0151\" \/>\n\t<meta name=\"twitter:data1\" content=\"1 perc\" \/>\n<script type=\"application\/ld+json\" class=\"yoast-schema-graph\">{\"@context\":\"https:\\\/\\\/schema.org\",\"@graph\":[{\"@type\":\"WebPage\",\"@id\":\"https:\\\/\\\/ellistat.com\\\/formation\\\/plan-dexperience\\\/\",\"url\":\"https:\\\/\\\/ellistat.com\\\/formation\\\/plan-dexperience\\\/\",\"name\":\"Formation Plan d'exp\u00e9rience\",\"isPartOf\":{\"@id\":\"https:\\\/\\\/ellistat.com\\\/#website\"},\"primaryImageOfPage\":{\"@id\":\"https:\\\/\\\/ellistat.com\\\/formation\\\/plan-dexperience\\\/#primaryimage\"},\"image\":{\"@id\":\"https:\\\/\\\/ellistat.com\\\/formation\\\/plan-dexperience\\\/#primaryimage\"},\"thumbnailUrl\":\"https:\\\/\\\/ellistat.com\\\/wp-content\\\/uploads\\\/Formation_picto_GO_Plan-dexperience.png\",\"datePublished\":\"2024-09-13T10:10:21+00:00\",\"dateModified\":\"2025-10-21T08:22:08+00:00\",\"description\":\"La formation Plan d'Exp\u00e9rience vise \u00e0 former les participants \u00e0 devenir experts dans la conception et l'analyse des plans d'exp\u00e9rience\u200b\u200b.\",\"breadcrumb\":{\"@id\":\"https:\\\/\\\/ellistat.com\\\/formation\\\/plan-dexperience\\\/#breadcrumb\"},\"inLanguage\":\"hu\",\"potentialAction\":[{\"@type\":\"ReadAction\",\"target\":[\"https:\\\/\\\/ellistat.com\\\/formation\\\/plan-dexperience\\\/\"]}]},{\"@type\":\"ImageObject\",\"inLanguage\":\"hu\",\"@id\":\"https:\\\/\\\/ellistat.com\\\/formation\\\/plan-dexperience\\\/#primaryimage\",\"url\":\"https:\\\/\\\/ellistat.com\\\/wp-content\\\/uploads\\\/Formation_picto_GO_Plan-dexperience.png\",\"contentUrl\":\"https:\\\/\\\/ellistat.com\\\/wp-content\\\/uploads\\\/Formation_picto_GO_Plan-dexperience.png\",\"width\":209,\"height\":209,\"caption\":\"Fiche illustration pour un plan d'exp\u00e9rience\"},{\"@type\":\"BreadcrumbList\",\"@id\":\"https:\\\/\\\/ellistat.com\\\/formation\\\/plan-dexperience\\\/#breadcrumb\",\"itemListElement\":[{\"@type\":\"ListItem\",\"position\":1,\"name\":\"Accueil\",\"item\":\"https:\\\/\\\/ellistat.com\\\/\"},{\"@type\":\"ListItem\",\"position\":2,\"name\":\"Formation\",\"item\":\"https:\\\/\\\/ellistat.com\\\/formation\\\/\"},{\"@type\":\"ListItem\",\"position\":3,\"name\":\"Formation Plan d&rsquo;exp\u00e9rience\"}]},{\"@type\":\"WebSite\",\"@id\":\"https:\\\/\\\/ellistat.com\\\/#website\",\"url\":\"https:\\\/\\\/ellistat.com\\\/\",\"name\":\"Ellistat\",\"description\":\"La suite qualit\u00e9 de l&#039;industrie m\u00e9canique\",\"potentialAction\":[{\"@type\":\"SearchAction\",\"target\":{\"@type\":\"EntryPoint\",\"urlTemplate\":\"https:\\\/\\\/ellistat.com\\\/?s={search_term_string}\"},\"query-input\":{\"@type\":\"PropertyValueSpecification\",\"valueRequired\":true,\"valueName\":\"search_term_string\"}}],\"inLanguage\":\"hu\"}]}<\/script>\n<!-- \/ Yoast SEO plugin. -->","yoast_head_json":{"title":"Tapasztalati terv k\u00e9pz\u00e9s","description":"A K\u00eds\u00e9rlettervez\u00e9s tanfolyam c\u00e9lja, hogy a r\u00e9sztvev\u0151k a K\u00eds\u00e9rlettervez\u00e9s tervez\u00e9s\u00e9nek \u00e9s elemz\u00e9s\u00e9nek szak\u00e9rt\u0151iv\u00e9 v\u00e1ljanak.","robots":{"index":"index","follow":"follow","max-snippet":"max-snippet:-1","max-image-preview":"max-image-preview:large","max-video-preview":"max-video-preview:-1"},"canonical":"https:\/\/ellistat.com\/hu\/kepzes\/tapasztalati-terv\/","og_locale":"hu_HU","og_type":"article","og_title":"Formation Plan d'exp\u00e9rience","og_description":"La formation Plan d'Exp\u00e9rience vise \u00e0 former les participants \u00e0 devenir experts dans la conception et l'analyse des plans d'exp\u00e9rience\u200b\u200b.","og_url":"https:\/\/ellistat.com\/hu\/kepzes\/tapasztalati-terv\/","og_site_name":"Ellistat","article_modified_time":"2025-10-21T08:22:08+00:00","og_image":[{"width":209,"height":209,"url":"https:\/\/ellistat.com\/wp-content\/uploads\/Formation_picto_GO_Plan-dexperience.png","type":"image\/png"}],"twitter_card":"summary_large_image","twitter_misc":{"Becs\u00fclt olvas\u00e1si id\u0151":"1 perc"},"schema":{"@context":"https:\/\/schema.org","@graph":[{"@type":"WebPage","@id":"https:\/\/ellistat.com\/formation\/plan-dexperience\/","url":"https:\/\/ellistat.com\/formation\/plan-dexperience\/","name":"Tapasztalati terv k\u00e9pz\u00e9s","isPartOf":{"@id":"https:\/\/ellistat.com\/#website"},"primaryImageOfPage":{"@id":"https:\/\/ellistat.com\/formation\/plan-dexperience\/#primaryimage"},"image":{"@id":"https:\/\/ellistat.com\/formation\/plan-dexperience\/#primaryimage"},"thumbnailUrl":"https:\/\/ellistat.com\/wp-content\/uploads\/Formation_picto_GO_Plan-dexperience.png","datePublished":"2024-09-13T10:10:21+00:00","dateModified":"2025-10-21T08:22:08+00:00","description":"A K\u00eds\u00e9rlettervez\u00e9s tanfolyam c\u00e9lja, hogy a r\u00e9sztvev\u0151k a K\u00eds\u00e9rlettervez\u00e9s tervez\u00e9s\u00e9nek \u00e9s elemz\u00e9s\u00e9nek szak\u00e9rt\u0151iv\u00e9 v\u00e1ljanak.","breadcrumb":{"@id":"https:\/\/ellistat.com\/formation\/plan-dexperience\/#breadcrumb"},"inLanguage":"hu","potentialAction":[{"@type":"ReadAction","target":["https:\/\/ellistat.com\/formation\/plan-dexperience\/"]}]},{"@type":"ImageObject","inLanguage":"hu","@id":"https:\/\/ellistat.com\/formation\/plan-dexperience\/#primaryimage","url":"https:\/\/ellistat.com\/wp-content\/uploads\/Formation_picto_GO_Plan-dexperience.png","contentUrl":"https:\/\/ellistat.com\/wp-content\/uploads\/Formation_picto_GO_Plan-dexperience.png","width":209,"height":209,"caption":"Fiche illustration pour un plan d'exp\u00e9rience"},{"@type":"BreadcrumbList","@id":"https:\/\/ellistat.com\/formation\/plan-dexperience\/#breadcrumb","itemListElement":[{"@type":"ListItem","position":1,"name":"Accueil","item":"https:\/\/ellistat.com\/"},{"@type":"ListItem","position":2,"name":"Formation","item":"https:\/\/ellistat.com\/formation\/"},{"@type":"ListItem","position":3,"name":"Formation Plan d&rsquo;exp\u00e9rience"}]},{"@type":"WebSite","@id":"https:\/\/ellistat.com\/#website","url":"https:\/\/ellistat.com\/","name":"Ellistat","description":"A min\u0151s\u00e9gbiztos\u00edt\u00e1si csomag a g\u00e9pipar sz\u00e1m\u00e1ra","potentialAction":[{"@type":"SearchAction","target":{"@type":"EntryPoint","urlTemplate":"https:\/\/ellistat.com\/?s={search_term_string}"},"query-input":{"@type":"PropertyValueSpecification","valueRequired":true,"valueName":"search_term_string"}}],"inLanguage":"hu"}]}},"_links":{"self":[{"href":"https:\/\/ellistat.com\/hu\/wp-json\/wp\/v2\/pages\/1566","targetHints":{"allow":["GET"]}}],"collection":[{"href":"https:\/\/ellistat.com\/hu\/wp-json\/wp\/v2\/pages"}],"about":[{"href":"https:\/\/ellistat.com\/hu\/wp-json\/wp\/v2\/types\/page"}],"author":[{"embeddable":true,"href":"https:\/\/ellistat.com\/hu\/wp-json\/wp\/v2\/users\/2"}],"replies":[{"embeddable":true,"href":"https:\/\/ellistat.com\/hu\/wp-json\/wp\/v2\/comments?post=1566"}],"version-history":[{"count":37,"href":"https:\/\/ellistat.com\/hu\/wp-json\/wp\/v2\/pages\/1566\/revisions"}],"predecessor-version":[{"id":4239,"href":"https:\/\/ellistat.com\/hu\/wp-json\/wp\/v2\/pages\/1566\/revisions\/4239"}],"up":[{"embeddable":true,"href":"https:\/\/ellistat.com\/hu\/wp-json\/wp\/v2\/pages\/1754"}],"wp:featuredmedia":[{"embeddable":true,"href":"https:\/\/ellistat.com\/hu\/wp-json\/wp\/v2\/media\/3775"}],"wp:attachment":[{"href":"https:\/\/ellistat.com\/hu\/wp-json\/wp\/v2\/media?parent=1566"}],"wp:term":[{"taxonomy":"category","embeddable":true,"href":"https:\/\/ellistat.com\/hu\/wp-json\/wp\/v2\/categories?post=1566"},{"taxonomy":"post_tag","embeddable":true,"href":"https:\/\/ellistat.com\/hu\/wp-json\/wp\/v2\/tags?post=1566"}],"curies":[{"name":"wp","href":"https:\/\/api.w.org\/{rel}","templated":true}]}}