{"id":1570,"date":"2024-09-13T11:28:57","date_gmt":"2024-09-13T09:28:57","guid":{"rendered":"https:\/\/site.ellistat.com\/?page_id=1570"},"modified":"2025-10-01T15:46:05","modified_gmt":"2025-10-01T13:46:05","slug":"adatelemzes-2","status":"publish","type":"page","link":"https:\/\/ellistat.com\/hu\/formation\/analyse-de-donnees\/","title":{"rendered":"K\u00e9pz\u00e9s - Adatelemz\u00e9s"},"content":{"rendered":"","protected":false},"excerpt":{"rendered":"<p>Ok-okozati \u00f6sszef\u00fcgg\u00e9sek \u00e9s korrel\u00e1ci\u00f3k keres\u00e9se egy adatt\u00e1bl\u00e1zatban<\/p>","protected":false},"author":2,"featured_media":3756,"parent":1754,"menu_order":0,"comment_status":"closed","ping_status":"closed","template":"","meta":{"_acf_changed":false,"footnotes":""},"categories":[8],"tags":[16,17,14],"class_list":["post-1570","page","type-page","status-publish","has-post-thumbnail","hentry","category-formation","tag-e-learning","tag-presentiel","tag-statistiques"],"acf":[],"yoast_head":"<!-- This site is optimized with the Yoast SEO plugin v27.3 - https:\/\/yoast.com\/product\/yoast-seo-wordpress\/ -->\n<title>Formation Analyse de donn\u00e9es<\/title>\n<meta name=\"description\" content=\"La formation Analyse de Donn\u00e9es vous permettra de comprendre les principaux outils statistiques permettant d&#039;analyser les donn\u00e9es.\" \/>\n<meta name=\"robots\" content=\"index, follow, max-snippet:-1, max-image-preview:large, max-video-preview:-1\" \/>\n<link rel=\"canonical\" href=\"https:\/\/ellistat.com\/hu\/kepzes\/adatelemzes-2\/\" \/>\n<meta property=\"og:locale\" content=\"hu_HU\" \/>\n<meta property=\"og:type\" content=\"article\" \/>\n<meta property=\"og:title\" content=\"Formation Analyse de donn\u00e9es\" \/>\n<meta property=\"og:description\" content=\"La formation Analyse de Donn\u00e9es vous permettra de comprendre les principaux outils statistiques permettant d&#039;analyser les donn\u00e9es.\" \/>\n<meta property=\"og:url\" content=\"https:\/\/ellistat.com\/hu\/kepzes\/adatelemzes-2\/\" \/>\n<meta property=\"og:site_name\" content=\"Ellistat\" \/>\n<meta property=\"article:modified_time\" content=\"2025-10-01T13:46:05+00:00\" \/>\n<meta property=\"og:image\" content=\"https:\/\/ellistat.com\/wp-content\/uploads\/Formation_picto_GO_Analyse-donnee.png\" \/>\n\t<meta property=\"og:image:width\" content=\"209\" \/>\n\t<meta property=\"og:image:height\" content=\"209\" \/>\n\t<meta property=\"og:image:type\" content=\"image\/png\" \/>\n<meta name=\"twitter:card\" content=\"summary_large_image\" \/>\n<meta name=\"twitter:label1\" content=\"Becs\u00fclt olvas\u00e1si id\u0151\" \/>\n\t<meta name=\"twitter:data1\" content=\"1 perc\" \/>\n<script type=\"application\/ld+json\" class=\"yoast-schema-graph\">{\"@context\":\"https:\\\/\\\/schema.org\",\"@graph\":[{\"@type\":\"WebPage\",\"@id\":\"https:\\\/\\\/ellistat.com\\\/formation\\\/analyse-de-donnees\\\/\",\"url\":\"https:\\\/\\\/ellistat.com\\\/formation\\\/analyse-de-donnees\\\/\",\"name\":\"Formation Analyse de donn\u00e9es\",\"isPartOf\":{\"@id\":\"https:\\\/\\\/ellistat.com\\\/#website\"},\"primaryImageOfPage\":{\"@id\":\"https:\\\/\\\/ellistat.com\\\/formation\\\/analyse-de-donnees\\\/#primaryimage\"},\"image\":{\"@id\":\"https:\\\/\\\/ellistat.com\\\/formation\\\/analyse-de-donnees\\\/#primaryimage\"},\"thumbnailUrl\":\"https:\\\/\\\/ellistat.com\\\/wp-content\\\/uploads\\\/Formation_picto_GO_Analyse-donnee.png\",\"datePublished\":\"2024-09-13T09:28:57+00:00\",\"dateModified\":\"2025-10-01T13:46:05+00:00\",\"description\":\"La formation Analyse de Donn\u00e9es vous permettra de comprendre les principaux outils statistiques permettant d'analyser les donn\u00e9es.\",\"breadcrumb\":{\"@id\":\"https:\\\/\\\/ellistat.com\\\/formation\\\/analyse-de-donnees\\\/#breadcrumb\"},\"inLanguage\":\"hu\",\"potentialAction\":[{\"@type\":\"ReadAction\",\"target\":[\"https:\\\/\\\/ellistat.com\\\/formation\\\/analyse-de-donnees\\\/\"]}]},{\"@type\":\"ImageObject\",\"inLanguage\":\"hu\",\"@id\":\"https:\\\/\\\/ellistat.com\\\/formation\\\/analyse-de-donnees\\\/#primaryimage\",\"url\":\"https:\\\/\\\/ellistat.com\\\/wp-content\\\/uploads\\\/Formation_picto_GO_Analyse-donnee.png\",\"contentUrl\":\"https:\\\/\\\/ellistat.com\\\/wp-content\\\/uploads\\\/Formation_picto_GO_Analyse-donnee.png\",\"width\":209,\"height\":209,\"caption\":\"El\u00e9ment montrant une loupe et des courbes statistiques pour illustrer la formation analyse de donn\u00e9es\"},{\"@type\":\"BreadcrumbList\",\"@id\":\"https:\\\/\\\/ellistat.com\\\/formation\\\/analyse-de-donnees\\\/#breadcrumb\",\"itemListElement\":[{\"@type\":\"ListItem\",\"position\":1,\"name\":\"Accueil\",\"item\":\"https:\\\/\\\/ellistat.com\\\/\"},{\"@type\":\"ListItem\",\"position\":2,\"name\":\"Formation\",\"item\":\"https:\\\/\\\/ellistat.com\\\/formation\\\/\"},{\"@type\":\"ListItem\",\"position\":3,\"name\":\"Formation &#8211; Analyse de donn\u00e9es\"}]},{\"@type\":\"WebSite\",\"@id\":\"https:\\\/\\\/ellistat.com\\\/#website\",\"url\":\"https:\\\/\\\/ellistat.com\\\/\",\"name\":\"Ellistat\",\"description\":\"La suite qualit\u00e9 de l&#039;industrie m\u00e9canique\",\"potentialAction\":[{\"@type\":\"SearchAction\",\"target\":{\"@type\":\"EntryPoint\",\"urlTemplate\":\"https:\\\/\\\/ellistat.com\\\/?s={search_term_string}\"},\"query-input\":{\"@type\":\"PropertyValueSpecification\",\"valueRequired\":true,\"valueName\":\"search_term_string\"}}],\"inLanguage\":\"hu\"}]}<\/script>\n<!-- \/ Yoast SEO plugin. -->","yoast_head_json":{"title":"Adatelemz\u00e9si k\u00e9pz\u00e9s","description":"Az Adatelemz\u00e9s tanfolyam seg\u00edt meg\u00e9rteni az adatok elemz\u00e9s\u00e9hez haszn\u00e1lt f\u0151bb statisztikai eszk\u00f6z\u00f6ket.","robots":{"index":"index","follow":"follow","max-snippet":"max-snippet:-1","max-image-preview":"max-image-preview:large","max-video-preview":"max-video-preview:-1"},"canonical":"https:\/\/ellistat.com\/hu\/kepzes\/adatelemzes-2\/","og_locale":"hu_HU","og_type":"article","og_title":"Formation Analyse de donn\u00e9es","og_description":"La formation Analyse de Donn\u00e9es vous permettra de comprendre les principaux outils statistiques permettant d'analyser les donn\u00e9es.","og_url":"https:\/\/ellistat.com\/hu\/kepzes\/adatelemzes-2\/","og_site_name":"Ellistat","article_modified_time":"2025-10-01T13:46:05+00:00","og_image":[{"width":209,"height":209,"url":"https:\/\/ellistat.com\/wp-content\/uploads\/Formation_picto_GO_Analyse-donnee.png","type":"image\/png"}],"twitter_card":"summary_large_image","twitter_misc":{"Becs\u00fclt olvas\u00e1si id\u0151":"1 perc"},"schema":{"@context":"https:\/\/schema.org","@graph":[{"@type":"WebPage","@id":"https:\/\/ellistat.com\/formation\/analyse-de-donnees\/","url":"https:\/\/ellistat.com\/formation\/analyse-de-donnees\/","name":"Adatelemz\u00e9si k\u00e9pz\u00e9s","isPartOf":{"@id":"https:\/\/ellistat.com\/#website"},"primaryImageOfPage":{"@id":"https:\/\/ellistat.com\/formation\/analyse-de-donnees\/#primaryimage"},"image":{"@id":"https:\/\/ellistat.com\/formation\/analyse-de-donnees\/#primaryimage"},"thumbnailUrl":"https:\/\/ellistat.com\/wp-content\/uploads\/Formation_picto_GO_Analyse-donnee.png","datePublished":"2024-09-13T09:28:57+00:00","dateModified":"2025-10-01T13:46:05+00:00","description":"Az Adatelemz\u00e9s tanfolyam seg\u00edt meg\u00e9rteni az adatok elemz\u00e9s\u00e9hez haszn\u00e1lt f\u0151bb statisztikai eszk\u00f6z\u00f6ket.","breadcrumb":{"@id":"https:\/\/ellistat.com\/formation\/analyse-de-donnees\/#breadcrumb"},"inLanguage":"hu","potentialAction":[{"@type":"ReadAction","target":["https:\/\/ellistat.com\/formation\/analyse-de-donnees\/"]}]},{"@type":"ImageObject","inLanguage":"hu","@id":"https:\/\/ellistat.com\/formation\/analyse-de-donnees\/#primaryimage","url":"https:\/\/ellistat.com\/wp-content\/uploads\/Formation_picto_GO_Analyse-donnee.png","contentUrl":"https:\/\/ellistat.com\/wp-content\/uploads\/Formation_picto_GO_Analyse-donnee.png","width":209,"height":209,"caption":"El\u00e9ment montrant une loupe et des courbes statistiques pour illustrer la formation analyse de donn\u00e9es"},{"@type":"BreadcrumbList","@id":"https:\/\/ellistat.com\/formation\/analyse-de-donnees\/#breadcrumb","itemListElement":[{"@type":"ListItem","position":1,"name":"Accueil","item":"https:\/\/ellistat.com\/"},{"@type":"ListItem","position":2,"name":"Formation","item":"https:\/\/ellistat.com\/formation\/"},{"@type":"ListItem","position":3,"name":"Formation &#8211; Analyse de donn\u00e9es"}]},{"@type":"WebSite","@id":"https:\/\/ellistat.com\/#website","url":"https:\/\/ellistat.com\/","name":"Ellistat","description":"A min\u0151s\u00e9gbiztos\u00edt\u00e1si csomag a g\u00e9pipar sz\u00e1m\u00e1ra","potentialAction":[{"@type":"SearchAction","target":{"@type":"EntryPoint","urlTemplate":"https:\/\/ellistat.com\/?s={search_term_string}"},"query-input":{"@type":"PropertyValueSpecification","valueRequired":true,"valueName":"search_term_string"}}],"inLanguage":"hu"}]}},"_links":{"self":[{"href":"https:\/\/ellistat.com\/hu\/wp-json\/wp\/v2\/pages\/1570","targetHints":{"allow":["GET"]}}],"collection":[{"href":"https:\/\/ellistat.com\/hu\/wp-json\/wp\/v2\/pages"}],"about":[{"href":"https:\/\/ellistat.com\/hu\/wp-json\/wp\/v2\/types\/page"}],"author":[{"embeddable":true,"href":"https:\/\/ellistat.com\/hu\/wp-json\/wp\/v2\/users\/2"}],"replies":[{"embeddable":true,"href":"https:\/\/ellistat.com\/hu\/wp-json\/wp\/v2\/comments?post=1570"}],"version-history":[{"count":41,"href":"https:\/\/ellistat.com\/hu\/wp-json\/wp\/v2\/pages\/1570\/revisions"}],"predecessor-version":[{"id":4172,"href":"https:\/\/ellistat.com\/hu\/wp-json\/wp\/v2\/pages\/1570\/revisions\/4172"}],"up":[{"embeddable":true,"href":"https:\/\/ellistat.com\/hu\/wp-json\/wp\/v2\/pages\/1754"}],"wp:featuredmedia":[{"embeddable":true,"href":"https:\/\/ellistat.com\/hu\/wp-json\/wp\/v2\/media\/3756"}],"wp:attachment":[{"href":"https:\/\/ellistat.com\/hu\/wp-json\/wp\/v2\/media?parent=1570"}],"wp:term":[{"taxonomy":"category","embeddable":true,"href":"https:\/\/ellistat.com\/hu\/wp-json\/wp\/v2\/categories?post=1570"},{"taxonomy":"post_tag","embeddable":true,"href":"https:\/\/ellistat.com\/hu\/wp-json\/wp\/v2\/tags?post=1570"}],"curies":[{"name":"wp","href":"https:\/\/api.w.org\/{rel}","templated":true}]}}