{"id":2340,"date":"2023-09-26T12:00:09","date_gmt":"2023-09-26T10:00:09","guid":{"rendered":"https:\/\/ellistat.com\/?page_id=2340"},"modified":"2025-10-01T16:41:05","modified_gmt":"2025-10-01T14:41:05","slug":"gps-tolerancia-kepzes","status":"publish","type":"page","link":"https:\/\/ellistat.com\/hu\/formation\/formation-tolerancement-gps\/","title":{"rendered":"K\u00e9pz\u00e9s - GPS-t\u0171r\u00e9s"},"content":{"rendered":"","protected":false},"excerpt":{"rendered":"<p>A GPS-szabv\u00e1ny elemeinek azonos\u00edt\u00e1sa a t\u00e9rk\u00e9pen<\/p>","protected":false},"author":4,"featured_media":3751,"parent":1754,"menu_order":0,"comment_status":"closed","ping_status":"closed","template":"","meta":{"_acf_changed":false,"footnotes":""},"categories":[8],"tags":[17,18],"class_list":["post-2340","page","type-page","status-publish","has-post-thumbnail","hentry","category-formation","tag-presentiel","tag-qualite"],"acf":[],"yoast_head":"<!-- This site is optimized with the Yoast SEO plugin v27.4 - https:\/\/yoast.com\/product\/yoast-seo-wordpress\/ -->\n<title>Formation Tol\u00e9rancement GPS<\/title>\n<meta name=\"description\" content=\"La formation Tol\u00e9rancement GPS est con\u00e7ue pour les professionnels souhaitant d\u00e9velopper une compr\u00e9hension des normes GPS dans le domaine industriel.\" \/>\n<meta name=\"robots\" content=\"index, follow, max-snippet:-1, max-image-preview:large, max-video-preview:-1\" \/>\n<link rel=\"canonical\" href=\"https:\/\/ellistat.com\/hu\/kepzes\/gps-tolerancia-kepzes\/\" \/>\n<meta property=\"og:locale\" content=\"hu_HU\" \/>\n<meta property=\"og:type\" content=\"article\" \/>\n<meta property=\"og:title\" content=\"Formation Tol\u00e9rancement GPS\" \/>\n<meta property=\"og:description\" content=\"La formation Tol\u00e9rancement GPS est con\u00e7ue pour les professionnels souhaitant d\u00e9velopper une compr\u00e9hension des normes GPS dans le domaine industriel.\" \/>\n<meta property=\"og:url\" content=\"https:\/\/ellistat.com\/hu\/kepzes\/gps-tolerancia-kepzes\/\" \/>\n<meta property=\"og:site_name\" content=\"Ellistat\" \/>\n<meta property=\"article:modified_time\" content=\"2025-10-01T14:41:05+00:00\" \/>\n<meta property=\"og:image\" content=\"https:\/\/ellistat.com\/wp-content\/uploads\/Formation_picto_GO_Tolerancement-GPS.png\" \/>\n\t<meta property=\"og:image:width\" content=\"209\" \/>\n\t<meta property=\"og:image:height\" content=\"209\" \/>\n\t<meta property=\"og:image:type\" content=\"image\/png\" \/>\n<meta name=\"twitter:card\" content=\"summary_large_image\" \/>\n<meta name=\"twitter:label1\" content=\"Becs\u00fclt olvas\u00e1si id\u0151\" \/>\n\t<meta name=\"twitter:data1\" content=\"6 perc\" \/>\n<script type=\"application\/ld+json\" class=\"yoast-schema-graph\">{\"@context\":\"https:\\\/\\\/schema.org\",\"@graph\":[{\"@type\":\"WebPage\",\"@id\":\"https:\\\/\\\/ellistat.com\\\/formation\\\/formation-tolerancement-gps\\\/\",\"url\":\"https:\\\/\\\/ellistat.com\\\/formation\\\/formation-tolerancement-gps\\\/\",\"name\":\"Formation Tol\u00e9rancement GPS\",\"isPartOf\":{\"@id\":\"https:\\\/\\\/ellistat.com\\\/#website\"},\"primaryImageOfPage\":{\"@id\":\"https:\\\/\\\/ellistat.com\\\/formation\\\/formation-tolerancement-gps\\\/#primaryimage\"},\"image\":{\"@id\":\"https:\\\/\\\/ellistat.com\\\/formation\\\/formation-tolerancement-gps\\\/#primaryimage\"},\"thumbnailUrl\":\"https:\\\/\\\/ellistat.com\\\/wp-content\\\/uploads\\\/Formation_picto_GO_Tolerancement-GPS.png\",\"datePublished\":\"2023-09-26T10:00:09+00:00\",\"dateModified\":\"2025-10-01T14:41:05+00:00\",\"description\":\"La formation Tol\u00e9rancement GPS est con\u00e7ue pour les professionnels souhaitant d\u00e9velopper une compr\u00e9hension des normes GPS dans le domaine industriel.\",\"breadcrumb\":{\"@id\":\"https:\\\/\\\/ellistat.com\\\/formation\\\/formation-tolerancement-gps\\\/#breadcrumb\"},\"inLanguage\":\"hu\",\"potentialAction\":[{\"@type\":\"ReadAction\",\"target\":[\"https:\\\/\\\/ellistat.com\\\/formation\\\/formation-tolerancement-gps\\\/\"]}]},{\"@type\":\"ImageObject\",\"inLanguage\":\"hu\",\"@id\":\"https:\\\/\\\/ellistat.com\\\/formation\\\/formation-tolerancement-gps\\\/#primaryimage\",\"url\":\"https:\\\/\\\/ellistat.com\\\/wp-content\\\/uploads\\\/Formation_picto_GO_Tolerancement-GPS.png\",\"contentUrl\":\"https:\\\/\\\/ellistat.com\\\/wp-content\\\/uploads\\\/Formation_picto_GO_Tolerancement-GPS.png\",\"width\":209,\"height\":209,\"caption\":\"Illustration repr\u00e9sentant une pi\u00e8ce pour d\u00e9finir la formation tol\u00e9rancement GPS\"},{\"@type\":\"BreadcrumbList\",\"@id\":\"https:\\\/\\\/ellistat.com\\\/formation\\\/formation-tolerancement-gps\\\/#breadcrumb\",\"itemListElement\":[{\"@type\":\"ListItem\",\"position\":1,\"name\":\"Accueil\",\"item\":\"https:\\\/\\\/ellistat.com\\\/\"},{\"@type\":\"ListItem\",\"position\":2,\"name\":\"Formation\",\"item\":\"https:\\\/\\\/ellistat.com\\\/formation\\\/\"},{\"@type\":\"ListItem\",\"position\":3,\"name\":\"Formation &#8211; Tol\u00e9rancement GPS\"}]},{\"@type\":\"WebSite\",\"@id\":\"https:\\\/\\\/ellistat.com\\\/#website\",\"url\":\"https:\\\/\\\/ellistat.com\\\/\",\"name\":\"Ellistat\",\"description\":\"La suite qualit\u00e9 de l&#039;industrie m\u00e9canique\",\"potentialAction\":[{\"@type\":\"SearchAction\",\"target\":{\"@type\":\"EntryPoint\",\"urlTemplate\":\"https:\\\/\\\/ellistat.com\\\/?s={search_term_string}\"},\"query-input\":{\"@type\":\"PropertyValueSpecification\",\"valueRequired\":true,\"valueName\":\"search_term_string\"}}],\"inLanguage\":\"hu\"}]}<\/script>\n<!-- \/ Yoast SEO plugin. -->","yoast_head_json":{"title":"GPS t\u0171r\u00e9sk\u00e9pz\u00e9s","description":"A GPS-t\u0171r\u00e9s tanfolyamot olyan szakemberek sz\u00e1m\u00e1ra tervezt\u00e9k, akik szeretn\u00e9k elsaj\u00e1t\u00edtani az ipari ter\u00fcleten alkalmazott GPS-szabv\u00e1nyok ismeret\u00e9t.","robots":{"index":"index","follow":"follow","max-snippet":"max-snippet:-1","max-image-preview":"max-image-preview:large","max-video-preview":"max-video-preview:-1"},"canonical":"https:\/\/ellistat.com\/hu\/kepzes\/gps-tolerancia-kepzes\/","og_locale":"hu_HU","og_type":"article","og_title":"Formation Tol\u00e9rancement GPS","og_description":"La formation Tol\u00e9rancement GPS est con\u00e7ue pour les professionnels souhaitant d\u00e9velopper une compr\u00e9hension des normes GPS dans le domaine industriel.","og_url":"https:\/\/ellistat.com\/hu\/kepzes\/gps-tolerancia-kepzes\/","og_site_name":"Ellistat","article_modified_time":"2025-10-01T14:41:05+00:00","og_image":[{"width":209,"height":209,"url":"https:\/\/ellistat.com\/wp-content\/uploads\/Formation_picto_GO_Tolerancement-GPS.png","type":"image\/png"}],"twitter_card":"summary_large_image","twitter_misc":{"Becs\u00fclt olvas\u00e1si id\u0151":"6 perc"},"schema":{"@context":"https:\/\/schema.org","@graph":[{"@type":"WebPage","@id":"https:\/\/ellistat.com\/formation\/formation-tolerancement-gps\/","url":"https:\/\/ellistat.com\/formation\/formation-tolerancement-gps\/","name":"GPS t\u0171r\u00e9sk\u00e9pz\u00e9s","isPartOf":{"@id":"https:\/\/ellistat.com\/#website"},"primaryImageOfPage":{"@id":"https:\/\/ellistat.com\/formation\/formation-tolerancement-gps\/#primaryimage"},"image":{"@id":"https:\/\/ellistat.com\/formation\/formation-tolerancement-gps\/#primaryimage"},"thumbnailUrl":"https:\/\/ellistat.com\/wp-content\/uploads\/Formation_picto_GO_Tolerancement-GPS.png","datePublished":"2023-09-26T10:00:09+00:00","dateModified":"2025-10-01T14:41:05+00:00","description":"A GPS-t\u0171r\u00e9s tanfolyamot olyan szakemberek sz\u00e1m\u00e1ra tervezt\u00e9k, akik szeretn\u00e9k elsaj\u00e1t\u00edtani az ipari ter\u00fcleten alkalmazott GPS-szabv\u00e1nyok ismeret\u00e9t.","breadcrumb":{"@id":"https:\/\/ellistat.com\/formation\/formation-tolerancement-gps\/#breadcrumb"},"inLanguage":"hu","potentialAction":[{"@type":"ReadAction","target":["https:\/\/ellistat.com\/formation\/formation-tolerancement-gps\/"]}]},{"@type":"ImageObject","inLanguage":"hu","@id":"https:\/\/ellistat.com\/formation\/formation-tolerancement-gps\/#primaryimage","url":"https:\/\/ellistat.com\/wp-content\/uploads\/Formation_picto_GO_Tolerancement-GPS.png","contentUrl":"https:\/\/ellistat.com\/wp-content\/uploads\/Formation_picto_GO_Tolerancement-GPS.png","width":209,"height":209,"caption":"Illustration repr\u00e9sentant une pi\u00e8ce pour d\u00e9finir la formation tol\u00e9rancement GPS"},{"@type":"BreadcrumbList","@id":"https:\/\/ellistat.com\/formation\/formation-tolerancement-gps\/#breadcrumb","itemListElement":[{"@type":"ListItem","position":1,"name":"Accueil","item":"https:\/\/ellistat.com\/"},{"@type":"ListItem","position":2,"name":"Formation","item":"https:\/\/ellistat.com\/formation\/"},{"@type":"ListItem","position":3,"name":"Formation &#8211; Tol\u00e9rancement GPS"}]},{"@type":"WebSite","@id":"https:\/\/ellistat.com\/#website","url":"https:\/\/ellistat.com\/","name":"Ellistat","description":"A min\u0151s\u00e9gbiztos\u00edt\u00e1si csomag a g\u00e9pipar sz\u00e1m\u00e1ra","potentialAction":[{"@type":"SearchAction","target":{"@type":"EntryPoint","urlTemplate":"https:\/\/ellistat.com\/?s={search_term_string}"},"query-input":{"@type":"PropertyValueSpecification","valueRequired":true,"valueName":"search_term_string"}}],"inLanguage":"hu"}]}},"_links":{"self":[{"href":"https:\/\/ellistat.com\/hu\/wp-json\/wp\/v2\/pages\/2340","targetHints":{"allow":["GET"]}}],"collection":[{"href":"https:\/\/ellistat.com\/hu\/wp-json\/wp\/v2\/pages"}],"about":[{"href":"https:\/\/ellistat.com\/hu\/wp-json\/wp\/v2\/types\/page"}],"author":[{"embeddable":true,"href":"https:\/\/ellistat.com\/hu\/wp-json\/wp\/v2\/users\/4"}],"replies":[{"embeddable":true,"href":"https:\/\/ellistat.com\/hu\/wp-json\/wp\/v2\/comments?post=2340"}],"version-history":[{"count":16,"href":"https:\/\/ellistat.com\/hu\/wp-json\/wp\/v2\/pages\/2340\/revisions"}],"predecessor-version":[{"id":4190,"href":"https:\/\/ellistat.com\/hu\/wp-json\/wp\/v2\/pages\/2340\/revisions\/4190"}],"up":[{"embeddable":true,"href":"https:\/\/ellistat.com\/hu\/wp-json\/wp\/v2\/pages\/1754"}],"wp:featuredmedia":[{"embeddable":true,"href":"https:\/\/ellistat.com\/hu\/wp-json\/wp\/v2\/media\/3751"}],"wp:attachment":[{"href":"https:\/\/ellistat.com\/hu\/wp-json\/wp\/v2\/media?parent=2340"}],"wp:term":[{"taxonomy":"category","embeddable":true,"href":"https:\/\/ellistat.com\/hu\/wp-json\/wp\/v2\/categories?post=2340"},{"taxonomy":"post_tag","embeddable":true,"href":"https:\/\/ellistat.com\/hu\/wp-json\/wp\/v2\/tags?post=2340"}],"curies":[{"name":"wp","href":"https:\/\/api.w.org\/{rel}","templated":true}]}}