{"id":2355,"date":"2023-10-04T14:15:08","date_gmt":"2023-10-04T12:15:08","guid":{"rendered":"https:\/\/ellistat.com\/?page_id=2355"},"modified":"2025-10-01T16:39:10","modified_gmt":"2025-10-01T14:39:10","slug":"amdec-kepzes","status":"publish","type":"page","link":"https:\/\/ellistat.com\/hu\/formation\/formation-amdec\/","title":{"rendered":"K\u00e9pz\u00e9s - FMECA"},"content":{"rendered":"","protected":false},"excerpt":{"rendered":"<p>Tudja, hogyan kell vezetni \u00e9s v\u00e9grehajtani a term\u00e9k- vagy folyamat FMEA-kat.<\/p>","protected":false},"author":4,"featured_media":3752,"parent":1754,"menu_order":0,"comment_status":"closed","ping_status":"closed","template":"","meta":{"_acf_changed":false,"footnotes":""},"categories":[8],"tags":[17,18],"class_list":["post-2355","page","type-page","status-publish","has-post-thumbnail","hentry","category-formation","tag-presentiel","tag-qualite"],"acf":[],"yoast_head":"<!-- This site is optimized with the Yoast SEO plugin v27.4 - https:\/\/yoast.com\/product\/yoast-seo-wordpress\/ -->\n<title>Formation AMDEC<\/title>\n<meta name=\"description\" content=\"La formation AMEDC permet d&#039;acqu\u00e9rir les techniques d&#039;animation de r\u00e9unions et de l&#039;appliquer sur un cas concret.\" \/>\n<meta name=\"robots\" content=\"index, follow, max-snippet:-1, max-image-preview:large, max-video-preview:-1\" \/>\n<link rel=\"canonical\" href=\"https:\/\/ellistat.com\/hu\/kepzes\/amdec-kepzes\/\" \/>\n<meta property=\"og:locale\" content=\"hu_HU\" \/>\n<meta property=\"og:type\" content=\"article\" \/>\n<meta property=\"og:title\" content=\"Formation AMDEC\" \/>\n<meta property=\"og:description\" content=\"La formation AMEDC permet d&#039;acqu\u00e9rir les techniques d&#039;animation de r\u00e9unions et de l&#039;appliquer sur un cas concret.\" \/>\n<meta property=\"og:url\" content=\"https:\/\/ellistat.com\/hu\/kepzes\/amdec-kepzes\/\" \/>\n<meta property=\"og:site_name\" content=\"Ellistat\" \/>\n<meta property=\"article:modified_time\" content=\"2025-10-01T14:39:10+00:00\" \/>\n<meta property=\"og:image\" content=\"https:\/\/ellistat.com\/wp-content\/uploads\/Formation_picto_GO_AMDEC.png\" \/>\n\t<meta property=\"og:image:width\" content=\"209\" \/>\n\t<meta property=\"og:image:height\" content=\"209\" \/>\n\t<meta property=\"og:image:type\" content=\"image\/png\" \/>\n<meta name=\"twitter:card\" content=\"summary_large_image\" \/>\n<meta name=\"twitter:label1\" content=\"Becs\u00fclt olvas\u00e1si id\u0151\" \/>\n\t<meta name=\"twitter:data1\" content=\"1 perc\" \/>\n<script type=\"application\/ld+json\" class=\"yoast-schema-graph\">{\"@context\":\"https:\\\/\\\/schema.org\",\"@graph\":[{\"@type\":\"WebPage\",\"@id\":\"https:\\\/\\\/ellistat.com\\\/formation\\\/formation-amdec\\\/\",\"url\":\"https:\\\/\\\/ellistat.com\\\/formation\\\/formation-amdec\\\/\",\"name\":\"Formation AMDEC\",\"isPartOf\":{\"@id\":\"https:\\\/\\\/ellistat.com\\\/#website\"},\"primaryImageOfPage\":{\"@id\":\"https:\\\/\\\/ellistat.com\\\/formation\\\/formation-amdec\\\/#primaryimage\"},\"image\":{\"@id\":\"https:\\\/\\\/ellistat.com\\\/formation\\\/formation-amdec\\\/#primaryimage\"},\"thumbnailUrl\":\"https:\\\/\\\/ellistat.com\\\/wp-content\\\/uploads\\\/Formation_picto_GO_AMDEC.png\",\"datePublished\":\"2023-10-04T12:15:08+00:00\",\"dateModified\":\"2025-10-01T14:39:10+00:00\",\"description\":\"La formation AMEDC permet d'acqu\u00e9rir les techniques d'animation de r\u00e9unions et de l'appliquer sur un cas concret.\",\"breadcrumb\":{\"@id\":\"https:\\\/\\\/ellistat.com\\\/formation\\\/formation-amdec\\\/#breadcrumb\"},\"inLanguage\":\"hu\",\"potentialAction\":[{\"@type\":\"ReadAction\",\"target\":[\"https:\\\/\\\/ellistat.com\\\/formation\\\/formation-amdec\\\/\"]}]},{\"@type\":\"ImageObject\",\"inLanguage\":\"hu\",\"@id\":\"https:\\\/\\\/ellistat.com\\\/formation\\\/formation-amdec\\\/#primaryimage\",\"url\":\"https:\\\/\\\/ellistat.com\\\/wp-content\\\/uploads\\\/Formation_picto_GO_AMDEC.png\",\"contentUrl\":\"https:\\\/\\\/ellistat.com\\\/wp-content\\\/uploads\\\/Formation_picto_GO_AMDEC.png\",\"width\":209,\"height\":209,\"caption\":\"Fiche montrant le fonctionnement d'un AMDEC produit\"},{\"@type\":\"BreadcrumbList\",\"@id\":\"https:\\\/\\\/ellistat.com\\\/formation\\\/formation-amdec\\\/#breadcrumb\",\"itemListElement\":[{\"@type\":\"ListItem\",\"position\":1,\"name\":\"Accueil\",\"item\":\"https:\\\/\\\/ellistat.com\\\/\"},{\"@type\":\"ListItem\",\"position\":2,\"name\":\"Formation\",\"item\":\"https:\\\/\\\/ellistat.com\\\/formation\\\/\"},{\"@type\":\"ListItem\",\"position\":3,\"name\":\"Formation &#8211; AMDEC\"}]},{\"@type\":\"WebSite\",\"@id\":\"https:\\\/\\\/ellistat.com\\\/#website\",\"url\":\"https:\\\/\\\/ellistat.com\\\/\",\"name\":\"Ellistat\",\"description\":\"La suite qualit\u00e9 de l&#039;industrie m\u00e9canique\",\"potentialAction\":[{\"@type\":\"SearchAction\",\"target\":{\"@type\":\"EntryPoint\",\"urlTemplate\":\"https:\\\/\\\/ellistat.com\\\/?s={search_term_string}\"},\"query-input\":{\"@type\":\"PropertyValueSpecification\",\"valueRequired\":true,\"valueName\":\"search_term_string\"}}],\"inLanguage\":\"hu\"}]}<\/script>\n<!-- \/ Yoast SEO plugin. -->","yoast_head_json":{"title":"FMECA k\u00e9pz\u00e9s","description":"Az AMEDC tanfolyam lehet\u0151v\u00e9 teszi, hogy elsaj\u00e1t\u00edtsa az \u00e9rtekezletek moder\u00e1l\u00e1s\u00e1nak technik\u00e1it, \u00e9s azokat egy konkr\u00e9t esetre alkalmazza.","robots":{"index":"index","follow":"follow","max-snippet":"max-snippet:-1","max-image-preview":"max-image-preview:large","max-video-preview":"max-video-preview:-1"},"canonical":"https:\/\/ellistat.com\/hu\/kepzes\/amdec-kepzes\/","og_locale":"hu_HU","og_type":"article","og_title":"Formation AMDEC","og_description":"La formation AMEDC permet d'acqu\u00e9rir les techniques d'animation de r\u00e9unions et de l'appliquer sur un cas concret.","og_url":"https:\/\/ellistat.com\/hu\/kepzes\/amdec-kepzes\/","og_site_name":"Ellistat","article_modified_time":"2025-10-01T14:39:10+00:00","og_image":[{"width":209,"height":209,"url":"https:\/\/ellistat.com\/wp-content\/uploads\/Formation_picto_GO_AMDEC.png","type":"image\/png"}],"twitter_card":"summary_large_image","twitter_misc":{"Becs\u00fclt olvas\u00e1si id\u0151":"1 perc"},"schema":{"@context":"https:\/\/schema.org","@graph":[{"@type":"WebPage","@id":"https:\/\/ellistat.com\/formation\/formation-amdec\/","url":"https:\/\/ellistat.com\/formation\/formation-amdec\/","name":"FMECA k\u00e9pz\u00e9s","isPartOf":{"@id":"https:\/\/ellistat.com\/#website"},"primaryImageOfPage":{"@id":"https:\/\/ellistat.com\/formation\/formation-amdec\/#primaryimage"},"image":{"@id":"https:\/\/ellistat.com\/formation\/formation-amdec\/#primaryimage"},"thumbnailUrl":"https:\/\/ellistat.com\/wp-content\/uploads\/Formation_picto_GO_AMDEC.png","datePublished":"2023-10-04T12:15:08+00:00","dateModified":"2025-10-01T14:39:10+00:00","description":"Az AMEDC tanfolyam lehet\u0151v\u00e9 teszi, hogy elsaj\u00e1t\u00edtsa az \u00e9rtekezletek moder\u00e1l\u00e1s\u00e1nak technik\u00e1it, \u00e9s azokat egy konkr\u00e9t esetre alkalmazza.","breadcrumb":{"@id":"https:\/\/ellistat.com\/formation\/formation-amdec\/#breadcrumb"},"inLanguage":"hu","potentialAction":[{"@type":"ReadAction","target":["https:\/\/ellistat.com\/formation\/formation-amdec\/"]}]},{"@type":"ImageObject","inLanguage":"hu","@id":"https:\/\/ellistat.com\/formation\/formation-amdec\/#primaryimage","url":"https:\/\/ellistat.com\/wp-content\/uploads\/Formation_picto_GO_AMDEC.png","contentUrl":"https:\/\/ellistat.com\/wp-content\/uploads\/Formation_picto_GO_AMDEC.png","width":209,"height":209,"caption":"Fiche montrant le fonctionnement d'un AMDEC produit"},{"@type":"BreadcrumbList","@id":"https:\/\/ellistat.com\/formation\/formation-amdec\/#breadcrumb","itemListElement":[{"@type":"ListItem","position":1,"name":"Accueil","item":"https:\/\/ellistat.com\/"},{"@type":"ListItem","position":2,"name":"Formation","item":"https:\/\/ellistat.com\/formation\/"},{"@type":"ListItem","position":3,"name":"Formation &#8211; AMDEC"}]},{"@type":"WebSite","@id":"https:\/\/ellistat.com\/#website","url":"https:\/\/ellistat.com\/","name":"Ellistat","description":"A min\u0151s\u00e9gbiztos\u00edt\u00e1si csomag a g\u00e9pipar sz\u00e1m\u00e1ra","potentialAction":[{"@type":"SearchAction","target":{"@type":"EntryPoint","urlTemplate":"https:\/\/ellistat.com\/?s={search_term_string}"},"query-input":{"@type":"PropertyValueSpecification","valueRequired":true,"valueName":"search_term_string"}}],"inLanguage":"hu"}]}},"_links":{"self":[{"href":"https:\/\/ellistat.com\/hu\/wp-json\/wp\/v2\/pages\/2355","targetHints":{"allow":["GET"]}}],"collection":[{"href":"https:\/\/ellistat.com\/hu\/wp-json\/wp\/v2\/pages"}],"about":[{"href":"https:\/\/ellistat.com\/hu\/wp-json\/wp\/v2\/types\/page"}],"author":[{"embeddable":true,"href":"https:\/\/ellistat.com\/hu\/wp-json\/wp\/v2\/users\/4"}],"replies":[{"embeddable":true,"href":"https:\/\/ellistat.com\/hu\/wp-json\/wp\/v2\/comments?post=2355"}],"version-history":[{"count":15,"href":"https:\/\/ellistat.com\/hu\/wp-json\/wp\/v2\/pages\/2355\/revisions"}],"predecessor-version":[{"id":4189,"href":"https:\/\/ellistat.com\/hu\/wp-json\/wp\/v2\/pages\/2355\/revisions\/4189"}],"up":[{"embeddable":true,"href":"https:\/\/ellistat.com\/hu\/wp-json\/wp\/v2\/pages\/1754"}],"wp:featuredmedia":[{"embeddable":true,"href":"https:\/\/ellistat.com\/hu\/wp-json\/wp\/v2\/media\/3752"}],"wp:attachment":[{"href":"https:\/\/ellistat.com\/hu\/wp-json\/wp\/v2\/media?parent=2355"}],"wp:term":[{"taxonomy":"category","embeddable":true,"href":"https:\/\/ellistat.com\/hu\/wp-json\/wp\/v2\/categories?post=2355"},{"taxonomy":"post_tag","embeddable":true,"href":"https:\/\/ellistat.com\/hu\/wp-json\/wp\/v2\/tags?post=2355"}],"curies":[{"name":"wp","href":"https:\/\/api.w.org\/{rel}","templated":true}]}}