{"id":621,"date":"2024-09-03T20:55:24","date_gmt":"2024-09-03T18:55:24","guid":{"rendered":"https:\/\/site.ellistat.com\/?page_id=621"},"modified":"2025-02-05T08:49:06","modified_gmt":"2025-02-05T07:49:06","slug":"bien-air-ajanlolevel","status":"publish","type":"page","link":"https:\/\/ellistat.com\/hu\/temoignage-bien-air\/","title":{"rendered":"Aj\u00e1nl\u00e1s - Bien Air"},"content":{"rendered":"","protected":false},"excerpt":{"rendered":"","protected":false},"author":2,"featured_media":0,"parent":0,"menu_order":0,"comment_status":"closed","ping_status":"closed","template":"","meta":{"_acf_changed":false,"footnotes":""},"categories":[],"tags":[],"class_list":["post-621","page","type-page","status-publish","hentry"],"acf":[],"yoast_head":"<!-- This site is optimized with the Yoast SEO plugin v27.4 - https:\/\/yoast.com\/product\/yoast-seo-wordpress\/ -->\n<title>T\u00e9moignage - Bien Air - Ellistat<\/title>\n<meta name=\"description\" content=\"Bien-Air Surgery optimise son efficience en contr\u00f4le avec la solution logicielle IQC (Incoming Quality Control) d\u2019Ellistat.\" \/>\n<meta name=\"robots\" content=\"index, follow, max-snippet:-1, max-image-preview:large, max-video-preview:-1\" \/>\n<link rel=\"canonical\" href=\"https:\/\/ellistat.com\/hu\/bien-air-ajanlolevel\/\" \/>\n<meta property=\"og:locale\" content=\"hu_HU\" \/>\n<meta property=\"og:type\" content=\"article\" \/>\n<meta property=\"og:title\" content=\"T\u00e9moignage - Bien Air - Ellistat\" \/>\n<meta property=\"og:description\" content=\"Bien-Air Surgery optimise son efficience en contr\u00f4le avec la solution logicielle IQC (Incoming Quality Control) d\u2019Ellistat.\" \/>\n<meta property=\"og:url\" content=\"https:\/\/ellistat.com\/hu\/bien-air-ajanlolevel\/\" \/>\n<meta property=\"og:site_name\" content=\"Ellistat\" \/>\n<meta property=\"article:modified_time\" content=\"2025-02-05T07:49:06+00:00\" \/>\n<meta name=\"twitter:card\" content=\"summary_large_image\" \/>\n<script type=\"application\/ld+json\" class=\"yoast-schema-graph\">{\"@context\":\"https:\\\/\\\/schema.org\",\"@graph\":[{\"@type\":\"WebPage\",\"@id\":\"https:\\\/\\\/ellistat.com\\\/temoignage-bien-air\\\/\",\"url\":\"https:\\\/\\\/ellistat.com\\\/temoignage-bien-air\\\/\",\"name\":\"T\u00e9moignage - Bien Air - Ellistat\",\"isPartOf\":{\"@id\":\"https:\\\/\\\/ellistat.com\\\/#website\"},\"datePublished\":\"2024-09-03T18:55:24+00:00\",\"dateModified\":\"2025-02-05T07:49:06+00:00\",\"description\":\"Bien-Air Surgery optimise son efficience en contr\u00f4le avec la solution logicielle IQC (Incoming Quality Control) d\u2019Ellistat.\",\"breadcrumb\":{\"@id\":\"https:\\\/\\\/ellistat.com\\\/temoignage-bien-air\\\/#breadcrumb\"},\"inLanguage\":\"hu\",\"potentialAction\":[{\"@type\":\"ReadAction\",\"target\":[\"https:\\\/\\\/ellistat.com\\\/temoignage-bien-air\\\/\"]}]},{\"@type\":\"BreadcrumbList\",\"@id\":\"https:\\\/\\\/ellistat.com\\\/temoignage-bien-air\\\/#breadcrumb\",\"itemListElement\":[{\"@type\":\"ListItem\",\"position\":1,\"name\":\"Accueil\",\"item\":\"https:\\\/\\\/ellistat.com\\\/\"},{\"@type\":\"ListItem\",\"position\":2,\"name\":\"T\u00e9moignage &#8211; Bien Air\"}]},{\"@type\":\"WebSite\",\"@id\":\"https:\\\/\\\/ellistat.com\\\/#website\",\"url\":\"https:\\\/\\\/ellistat.com\\\/\",\"name\":\"Ellistat\",\"description\":\"La suite qualit\u00e9 de l&#039;industrie m\u00e9canique\",\"potentialAction\":[{\"@type\":\"SearchAction\",\"target\":{\"@type\":\"EntryPoint\",\"urlTemplate\":\"https:\\\/\\\/ellistat.com\\\/?s={search_term_string}\"},\"query-input\":{\"@type\":\"PropertyValueSpecification\",\"valueRequired\":true,\"valueName\":\"search_term_string\"}}],\"inLanguage\":\"hu\"}]}<\/script>\n<!-- \/ Yoast SEO plugin. -->","yoast_head_json":{"title":"Aj\u00e1nl\u00e1s - Bien Air - Ellistat","description":"A Bien-Air Surgery az Ellistat IQC (Incoming Quality Control) szoftvermegold\u00e1s\u00e1val optimaliz\u00e1lja az ellen\u0151rz\u00e9s hat\u00e9konys\u00e1g\u00e1t.","robots":{"index":"index","follow":"follow","max-snippet":"max-snippet:-1","max-image-preview":"max-image-preview:large","max-video-preview":"max-video-preview:-1"},"canonical":"https:\/\/ellistat.com\/hu\/bien-air-ajanlolevel\/","og_locale":"hu_HU","og_type":"article","og_title":"T\u00e9moignage - Bien Air - Ellistat","og_description":"Bien-Air Surgery optimise son efficience en contr\u00f4le avec la solution logicielle IQC (Incoming Quality Control) d\u2019Ellistat.","og_url":"https:\/\/ellistat.com\/hu\/bien-air-ajanlolevel\/","og_site_name":"Ellistat","article_modified_time":"2025-02-05T07:49:06+00:00","twitter_card":"summary_large_image","schema":{"@context":"https:\/\/schema.org","@graph":[{"@type":"WebPage","@id":"https:\/\/ellistat.com\/temoignage-bien-air\/","url":"https:\/\/ellistat.com\/temoignage-bien-air\/","name":"Aj\u00e1nl\u00e1s - Bien Air - Ellistat","isPartOf":{"@id":"https:\/\/ellistat.com\/#website"},"datePublished":"2024-09-03T18:55:24+00:00","dateModified":"2025-02-05T07:49:06+00:00","description":"A Bien-Air Surgery az Ellistat IQC (Incoming Quality Control) szoftvermegold\u00e1s\u00e1val optimaliz\u00e1lja az ellen\u0151rz\u00e9s hat\u00e9konys\u00e1g\u00e1t.","breadcrumb":{"@id":"https:\/\/ellistat.com\/temoignage-bien-air\/#breadcrumb"},"inLanguage":"hu","potentialAction":[{"@type":"ReadAction","target":["https:\/\/ellistat.com\/temoignage-bien-air\/"]}]},{"@type":"BreadcrumbList","@id":"https:\/\/ellistat.com\/temoignage-bien-air\/#breadcrumb","itemListElement":[{"@type":"ListItem","position":1,"name":"Accueil","item":"https:\/\/ellistat.com\/"},{"@type":"ListItem","position":2,"name":"T\u00e9moignage &#8211; Bien Air"}]},{"@type":"WebSite","@id":"https:\/\/ellistat.com\/#website","url":"https:\/\/ellistat.com\/","name":"Ellistat","description":"A min\u0151s\u00e9gbiztos\u00edt\u00e1si csomag a g\u00e9pipar sz\u00e1m\u00e1ra","potentialAction":[{"@type":"SearchAction","target":{"@type":"EntryPoint","urlTemplate":"https:\/\/ellistat.com\/?s={search_term_string}"},"query-input":{"@type":"PropertyValueSpecification","valueRequired":true,"valueName":"search_term_string"}}],"inLanguage":"hu"}]}},"_links":{"self":[{"href":"https:\/\/ellistat.com\/hu\/wp-json\/wp\/v2\/pages\/621","targetHints":{"allow":["GET"]}}],"collection":[{"href":"https:\/\/ellistat.com\/hu\/wp-json\/wp\/v2\/pages"}],"about":[{"href":"https:\/\/ellistat.com\/hu\/wp-json\/wp\/v2\/types\/page"}],"author":[{"embeddable":true,"href":"https:\/\/ellistat.com\/hu\/wp-json\/wp\/v2\/users\/2"}],"replies":[{"embeddable":true,"href":"https:\/\/ellistat.com\/hu\/wp-json\/wp\/v2\/comments?post=621"}],"version-history":[{"count":3,"href":"https:\/\/ellistat.com\/hu\/wp-json\/wp\/v2\/pages\/621\/revisions"}],"predecessor-version":[{"id":3719,"href":"https:\/\/ellistat.com\/hu\/wp-json\/wp\/v2\/pages\/621\/revisions\/3719"}],"wp:attachment":[{"href":"https:\/\/ellistat.com\/hu\/wp-json\/wp\/v2\/media?parent=621"}],"wp:term":[{"taxonomy":"category","embeddable":true,"href":"https:\/\/ellistat.com\/hu\/wp-json\/wp\/v2\/categories?post=621"},{"taxonomy":"post_tag","embeddable":true,"href":"https:\/\/ellistat.com\/hu\/wp-json\/wp\/v2\/tags?post=621"}],"curies":[{"name":"wp","href":"https:\/\/api.w.org\/{rel}","templated":true}]}}