{"id":787,"date":"2024-09-03T21:05:52","date_gmt":"2024-09-03T19:05:52","guid":{"rendered":"https:\/\/site.ellistat.com\/?page_id=787"},"modified":"2025-07-29T10:43:36","modified_gmt":"2025-07-29T08:43:36","slug":"tanuvallomas-utilita","status":"publish","type":"page","link":"https:\/\/ellistat.com\/hu\/temoignage-utilita\/","title":{"rendered":"Aj\u00e1nl\u00e1s - Utilita"},"content":{"rendered":"","protected":false},"excerpt":{"rendered":"","protected":false},"author":2,"featured_media":0,"parent":0,"menu_order":0,"comment_status":"closed","ping_status":"closed","template":"","meta":{"_acf_changed":false,"footnotes":""},"categories":[],"tags":[],"class_list":["post-787","page","type-page","status-publish","hentry"],"acf":[],"yoast_head":"<!-- This site is optimized with the Yoast SEO plugin v27.3 - https:\/\/yoast.com\/product\/yoast-seo-wordpress\/ -->\n<title>T\u00e9moignage - Utilita - Ellistat<\/title>\n<meta name=\"description\" content=\"Utilita : l&#039;excellence de la microm\u00e9canique renforc\u00e9e par la solution APC (Automated Process Control) d&#039;Ellistat\u200b.\" \/>\n<meta name=\"robots\" content=\"index, follow, max-snippet:-1, max-image-preview:large, max-video-preview:-1\" \/>\n<link rel=\"canonical\" href=\"https:\/\/ellistat.com\/hu\/tanuvallomas-utilita\/\" \/>\n<meta property=\"og:locale\" content=\"hu_HU\" \/>\n<meta property=\"og:type\" content=\"article\" \/>\n<meta property=\"og:title\" content=\"T\u00e9moignage - Utilita - Ellistat\" \/>\n<meta property=\"og:description\" content=\"Utilita : l&#039;excellence de la microm\u00e9canique renforc\u00e9e par la solution APC (Automated Process Control) d&#039;Ellistat\u200b.\" \/>\n<meta property=\"og:url\" content=\"https:\/\/ellistat.com\/hu\/tanuvallomas-utilita\/\" \/>\n<meta property=\"og:site_name\" content=\"Ellistat\" \/>\n<meta property=\"article:modified_time\" content=\"2025-07-29T08:43:36+00:00\" \/>\n<meta name=\"twitter:card\" content=\"summary_large_image\" \/>\n<meta name=\"twitter:label1\" content=\"Becs\u00fclt olvas\u00e1si id\u0151\" \/>\n\t<meta name=\"twitter:data1\" content=\"6 perc\" \/>\n<script type=\"application\/ld+json\" class=\"yoast-schema-graph\">{\"@context\":\"https:\\\/\\\/schema.org\",\"@graph\":[{\"@type\":\"WebPage\",\"@id\":\"https:\\\/\\\/ellistat.com\\\/temoignage-utilita\\\/\",\"url\":\"https:\\\/\\\/ellistat.com\\\/temoignage-utilita\\\/\",\"name\":\"T\u00e9moignage - Utilita - Ellistat\",\"isPartOf\":{\"@id\":\"https:\\\/\\\/ellistat.com\\\/#website\"},\"datePublished\":\"2024-09-03T19:05:52+00:00\",\"dateModified\":\"2025-07-29T08:43:36+00:00\",\"description\":\"Utilita : l'excellence de la microm\u00e9canique renforc\u00e9e par la solution APC (Automated Process Control) d'Ellistat\u200b.\",\"breadcrumb\":{\"@id\":\"https:\\\/\\\/ellistat.com\\\/temoignage-utilita\\\/#breadcrumb\"},\"inLanguage\":\"hu\",\"potentialAction\":[{\"@type\":\"ReadAction\",\"target\":[\"https:\\\/\\\/ellistat.com\\\/temoignage-utilita\\\/\"]}]},{\"@type\":\"BreadcrumbList\",\"@id\":\"https:\\\/\\\/ellistat.com\\\/temoignage-utilita\\\/#breadcrumb\",\"itemListElement\":[{\"@type\":\"ListItem\",\"position\":1,\"name\":\"Accueil\",\"item\":\"https:\\\/\\\/ellistat.com\\\/\"},{\"@type\":\"ListItem\",\"position\":2,\"name\":\"T\u00e9moignage &#8211; Utilita\"}]},{\"@type\":\"WebSite\",\"@id\":\"https:\\\/\\\/ellistat.com\\\/#website\",\"url\":\"https:\\\/\\\/ellistat.com\\\/\",\"name\":\"Ellistat\",\"description\":\"La suite qualit\u00e9 de l&#039;industrie m\u00e9canique\",\"potentialAction\":[{\"@type\":\"SearchAction\",\"target\":{\"@type\":\"EntryPoint\",\"urlTemplate\":\"https:\\\/\\\/ellistat.com\\\/?s={search_term_string}\"},\"query-input\":{\"@type\":\"PropertyValueSpecification\",\"valueRequired\":true,\"valueName\":\"search_term_string\"}}],\"inLanguage\":\"hu\"}]}<\/script>\n<!-- \/ Yoast SEO plugin. -->","yoast_head_json":{"title":"Aj\u00e1nl\u00e1s - Utilita - Ellistat","description":"Utilita: az Ellistat APC (Automated Process Control) megold\u00e1s\u00e1val tov\u00e1bbfejlesztett mikromechanikai kiv\u00e1l\u00f3s\u00e1g.","robots":{"index":"index","follow":"follow","max-snippet":"max-snippet:-1","max-image-preview":"max-image-preview:large","max-video-preview":"max-video-preview:-1"},"canonical":"https:\/\/ellistat.com\/hu\/tanuvallomas-utilita\/","og_locale":"hu_HU","og_type":"article","og_title":"T\u00e9moignage - Utilita - Ellistat","og_description":"Utilita : l'excellence de la microm\u00e9canique renforc\u00e9e par la solution APC (Automated Process Control) d'Ellistat\u200b.","og_url":"https:\/\/ellistat.com\/hu\/tanuvallomas-utilita\/","og_site_name":"Ellistat","article_modified_time":"2025-07-29T08:43:36+00:00","twitter_card":"summary_large_image","twitter_misc":{"Becs\u00fclt olvas\u00e1si id\u0151":"6 perc"},"schema":{"@context":"https:\/\/schema.org","@graph":[{"@type":"WebPage","@id":"https:\/\/ellistat.com\/temoignage-utilita\/","url":"https:\/\/ellistat.com\/temoignage-utilita\/","name":"Aj\u00e1nl\u00e1s - Utilita - Ellistat","isPartOf":{"@id":"https:\/\/ellistat.com\/#website"},"datePublished":"2024-09-03T19:05:52+00:00","dateModified":"2025-07-29T08:43:36+00:00","description":"Utilita: az Ellistat APC (Automated Process Control) megold\u00e1s\u00e1val tov\u00e1bbfejlesztett mikromechanikai kiv\u00e1l\u00f3s\u00e1g.","breadcrumb":{"@id":"https:\/\/ellistat.com\/temoignage-utilita\/#breadcrumb"},"inLanguage":"hu","potentialAction":[{"@type":"ReadAction","target":["https:\/\/ellistat.com\/temoignage-utilita\/"]}]},{"@type":"BreadcrumbList","@id":"https:\/\/ellistat.com\/temoignage-utilita\/#breadcrumb","itemListElement":[{"@type":"ListItem","position":1,"name":"Accueil","item":"https:\/\/ellistat.com\/"},{"@type":"ListItem","position":2,"name":"T\u00e9moignage &#8211; Utilita"}]},{"@type":"WebSite","@id":"https:\/\/ellistat.com\/#website","url":"https:\/\/ellistat.com\/","name":"Ellistat","description":"A min\u0151s\u00e9gbiztos\u00edt\u00e1si csomag a g\u00e9pipar sz\u00e1m\u00e1ra","potentialAction":[{"@type":"SearchAction","target":{"@type":"EntryPoint","urlTemplate":"https:\/\/ellistat.com\/?s={search_term_string}"},"query-input":{"@type":"PropertyValueSpecification","valueRequired":true,"valueName":"search_term_string"}}],"inLanguage":"hu"}]}},"_links":{"self":[{"href":"https:\/\/ellistat.com\/hu\/wp-json\/wp\/v2\/pages\/787","targetHints":{"allow":["GET"]}}],"collection":[{"href":"https:\/\/ellistat.com\/hu\/wp-json\/wp\/v2\/pages"}],"about":[{"href":"https:\/\/ellistat.com\/hu\/wp-json\/wp\/v2\/types\/page"}],"author":[{"embeddable":true,"href":"https:\/\/ellistat.com\/hu\/wp-json\/wp\/v2\/users\/2"}],"replies":[{"embeddable":true,"href":"https:\/\/ellistat.com\/hu\/wp-json\/wp\/v2\/comments?post=787"}],"version-history":[{"count":4,"href":"https:\/\/ellistat.com\/hu\/wp-json\/wp\/v2\/pages\/787\/revisions"}],"predecessor-version":[{"id":3746,"href":"https:\/\/ellistat.com\/hu\/wp-json\/wp\/v2\/pages\/787\/revisions\/3746"}],"wp:attachment":[{"href":"https:\/\/ellistat.com\/hu\/wp-json\/wp\/v2\/media?parent=787"}],"wp:term":[{"taxonomy":"category","embeddable":true,"href":"https:\/\/ellistat.com\/hu\/wp-json\/wp\/v2\/categories?post=787"},{"taxonomy":"post_tag","embeddable":true,"href":"https:\/\/ellistat.com\/hu\/wp-json\/wp\/v2\/tags?post=787"}],"curies":[{"name":"wp","href":"https:\/\/api.w.org\/{rel}","templated":true}]}}