{"id":905,"date":"2024-09-04T16:53:56","date_gmt":"2024-09-04T14:53:56","guid":{"rendered":"https:\/\/site.ellistat.com\/?page_id=905"},"modified":"2025-10-01T16:52:11","modified_gmt":"2025-10-01T14:52:11","slug":"adatelemzesi-megoldasok","status":"publish","type":"page","link":"https:\/\/ellistat.com\/hu\/solutions-data-analysis\/","title":{"rendered":"Adatelemz\u00e9si megold\u00e1s"},"content":{"rendered":"","protected":false},"excerpt":{"rendered":"","protected":false},"author":4,"featured_media":99,"parent":0,"menu_order":0,"comment_status":"closed","ping_status":"closed","template":"","meta":{"_acf_changed":false,"footnotes":""},"categories":[],"tags":[],"class_list":["post-905","page","type-page","status-publish","has-post-thumbnail","hentry"],"acf":[],"yoast_head":"<!-- This site is optimized with the Yoast SEO plugin v27.4 - https:\/\/yoast.com\/product\/yoast-seo-wordpress\/ -->\n<title>Ellistat - Analysez statistiquement vos donn\u00e9es en 1 clic<\/title>\n<meta name=\"description\" content=\"Le logiciel Data Analysis est une solution d\u00e9di\u00e9e aux industriels pour analyser et comprendre leurs donn\u00e9es de production en quelques clics.\" \/>\n<meta name=\"robots\" content=\"index, follow, max-snippet:-1, max-image-preview:large, max-video-preview:-1\" \/>\n<link rel=\"canonical\" href=\"https:\/\/ellistat.com\/hu\/adatelemzesi-megoldasok\/\" \/>\n<meta property=\"og:locale\" content=\"hu_HU\" \/>\n<meta property=\"og:type\" content=\"article\" \/>\n<meta property=\"og:title\" content=\"Ellistat - Analysez statistiquement vos donn\u00e9es en 1 clic\" \/>\n<meta property=\"og:description\" content=\"Le logiciel Data Analysis est une solution d\u00e9di\u00e9e aux industriels pour analyser et comprendre leurs donn\u00e9es de production en quelques clics.\" \/>\n<meta property=\"og:url\" content=\"https:\/\/ellistat.com\/hu\/adatelemzesi-megoldasok\/\" \/>\n<meta property=\"og:site_name\" content=\"Ellistat\" \/>\n<meta property=\"article:modified_time\" content=\"2025-10-01T14:52:11+00:00\" \/>\n<meta property=\"og:image\" content=\"https:\/\/ellistat.com\/wp-content\/uploads\/2024\/08\/Data-Analysis-2.png\" \/>\n\t<meta property=\"og:image:width\" content=\"540\" \/>\n\t<meta property=\"og:image:height\" content=\"377\" \/>\n\t<meta property=\"og:image:type\" content=\"image\/png\" \/>\n<meta name=\"twitter:card\" content=\"summary_large_image\" \/>\n<meta name=\"twitter:label1\" content=\"Becs\u00fclt olvas\u00e1si id\u0151\" \/>\n\t<meta name=\"twitter:data1\" content=\"1 perc\" \/>\n<script type=\"application\/ld+json\" class=\"yoast-schema-graph\">{\"@context\":\"https:\\\/\\\/schema.org\",\"@graph\":[{\"@type\":\"WebPage\",\"@id\":\"https:\\\/\\\/ellistat.com\\\/solutions-data-analysis\\\/\",\"url\":\"https:\\\/\\\/ellistat.com\\\/solutions-data-analysis\\\/\",\"name\":\"Ellistat - Analysez statistiquement vos donn\u00e9es en 1 clic\",\"isPartOf\":{\"@id\":\"https:\\\/\\\/ellistat.com\\\/#website\"},\"primaryImageOfPage\":{\"@id\":\"https:\\\/\\\/ellistat.com\\\/solutions-data-analysis\\\/#primaryimage\"},\"image\":{\"@id\":\"https:\\\/\\\/ellistat.com\\\/solutions-data-analysis\\\/#primaryimage\"},\"thumbnailUrl\":\"https:\\\/\\\/ellistat.com\\\/wp-content\\\/uploads\\\/2024\\\/08\\\/Data-Analysis-2.png\",\"datePublished\":\"2024-09-04T14:53:56+00:00\",\"dateModified\":\"2025-10-01T14:52:11+00:00\",\"description\":\"Le logiciel Data Analysis est une solution d\u00e9di\u00e9e aux industriels pour analyser et comprendre leurs donn\u00e9es de production en quelques clics.\",\"breadcrumb\":{\"@id\":\"https:\\\/\\\/ellistat.com\\\/solutions-data-analysis\\\/#breadcrumb\"},\"inLanguage\":\"hu\",\"potentialAction\":[{\"@type\":\"ReadAction\",\"target\":[\"https:\\\/\\\/ellistat.com\\\/solutions-data-analysis\\\/\"]}]},{\"@type\":\"ImageObject\",\"inLanguage\":\"hu\",\"@id\":\"https:\\\/\\\/ellistat.com\\\/solutions-data-analysis\\\/#primaryimage\",\"url\":\"https:\\\/\\\/ellistat.com\\\/wp-content\\\/uploads\\\/2024\\\/08\\\/Data-Analysis-2.png\",\"contentUrl\":\"https:\\\/\\\/ellistat.com\\\/wp-content\\\/uploads\\\/2024\\\/08\\\/Data-Analysis-2.png\",\"width\":540,\"height\":377,\"caption\":\"Logiciel Qualit\u00e9 - Module Data Analysis pour le traitement statistiques de toutes vos donn\u00e9es de production\"},{\"@type\":\"BreadcrumbList\",\"@id\":\"https:\\\/\\\/ellistat.com\\\/solutions-data-analysis\\\/#breadcrumb\",\"itemListElement\":[{\"@type\":\"ListItem\",\"position\":1,\"name\":\"Accueil\",\"item\":\"https:\\\/\\\/ellistat.com\\\/\"},{\"@type\":\"ListItem\",\"position\":2,\"name\":\"Solution Data Analysis\"}]},{\"@type\":\"WebSite\",\"@id\":\"https:\\\/\\\/ellistat.com\\\/#website\",\"url\":\"https:\\\/\\\/ellistat.com\\\/\",\"name\":\"Ellistat\",\"description\":\"La suite qualit\u00e9 de l&#039;industrie m\u00e9canique\",\"potentialAction\":[{\"@type\":\"SearchAction\",\"target\":{\"@type\":\"EntryPoint\",\"urlTemplate\":\"https:\\\/\\\/ellistat.com\\\/?s={search_term_string}\"},\"query-input\":{\"@type\":\"PropertyValueSpecification\",\"valueRequired\":true,\"valueName\":\"search_term_string\"}}],\"inLanguage\":\"hu\"}]}<\/script>\n<!-- \/ Yoast SEO plugin. -->","yoast_head_json":{"title":"Ellistat - Az adatok statisztikai elemz\u00e9se 1 kattint\u00e1ssal","description":"Az adatelemz\u0151 szoftver egy olyan megold\u00e1s, amelyet arra terveztek, hogy seg\u00edtsen a gy\u00e1rt\u00f3knak n\u00e9h\u00e1ny kattint\u00e1ssal elemezni \u00e9s meg\u00e9rteni termel\u00e9si adataikat.","robots":{"index":"index","follow":"follow","max-snippet":"max-snippet:-1","max-image-preview":"max-image-preview:large","max-video-preview":"max-video-preview:-1"},"canonical":"https:\/\/ellistat.com\/hu\/adatelemzesi-megoldasok\/","og_locale":"hu_HU","og_type":"article","og_title":"Ellistat - Analysez statistiquement vos donn\u00e9es en 1 clic","og_description":"Le logiciel Data Analysis est une solution d\u00e9di\u00e9e aux industriels pour analyser et comprendre leurs donn\u00e9es de production en quelques clics.","og_url":"https:\/\/ellistat.com\/hu\/adatelemzesi-megoldasok\/","og_site_name":"Ellistat","article_modified_time":"2025-10-01T14:52:11+00:00","og_image":[{"width":540,"height":377,"url":"https:\/\/ellistat.com\/wp-content\/uploads\/2024\/08\/Data-Analysis-2.png","type":"image\/png"}],"twitter_card":"summary_large_image","twitter_misc":{"Becs\u00fclt olvas\u00e1si id\u0151":"1 perc"},"schema":{"@context":"https:\/\/schema.org","@graph":[{"@type":"WebPage","@id":"https:\/\/ellistat.com\/solutions-data-analysis\/","url":"https:\/\/ellistat.com\/solutions-data-analysis\/","name":"Ellistat - Az adatok statisztikai elemz\u00e9se 1 kattint\u00e1ssal","isPartOf":{"@id":"https:\/\/ellistat.com\/#website"},"primaryImageOfPage":{"@id":"https:\/\/ellistat.com\/solutions-data-analysis\/#primaryimage"},"image":{"@id":"https:\/\/ellistat.com\/solutions-data-analysis\/#primaryimage"},"thumbnailUrl":"https:\/\/ellistat.com\/wp-content\/uploads\/2024\/08\/Data-Analysis-2.png","datePublished":"2024-09-04T14:53:56+00:00","dateModified":"2025-10-01T14:52:11+00:00","description":"Az adatelemz\u0151 szoftver egy olyan megold\u00e1s, amelyet arra terveztek, hogy seg\u00edtsen a gy\u00e1rt\u00f3knak n\u00e9h\u00e1ny kattint\u00e1ssal elemezni \u00e9s meg\u00e9rteni termel\u00e9si adataikat.","breadcrumb":{"@id":"https:\/\/ellistat.com\/solutions-data-analysis\/#breadcrumb"},"inLanguage":"hu","potentialAction":[{"@type":"ReadAction","target":["https:\/\/ellistat.com\/solutions-data-analysis\/"]}]},{"@type":"ImageObject","inLanguage":"hu","@id":"https:\/\/ellistat.com\/solutions-data-analysis\/#primaryimage","url":"https:\/\/ellistat.com\/wp-content\/uploads\/2024\/08\/Data-Analysis-2.png","contentUrl":"https:\/\/ellistat.com\/wp-content\/uploads\/2024\/08\/Data-Analysis-2.png","width":540,"height":377,"caption":"Logiciel Qualit\u00e9 - Module Data Analysis pour le traitement statistiques de toutes vos donn\u00e9es de production"},{"@type":"BreadcrumbList","@id":"https:\/\/ellistat.com\/solutions-data-analysis\/#breadcrumb","itemListElement":[{"@type":"ListItem","position":1,"name":"Accueil","item":"https:\/\/ellistat.com\/"},{"@type":"ListItem","position":2,"name":"Solution Data Analysis"}]},{"@type":"WebSite","@id":"https:\/\/ellistat.com\/#website","url":"https:\/\/ellistat.com\/","name":"Ellistat","description":"A min\u0151s\u00e9gbiztos\u00edt\u00e1si csomag a g\u00e9pipar sz\u00e1m\u00e1ra","potentialAction":[{"@type":"SearchAction","target":{"@type":"EntryPoint","urlTemplate":"https:\/\/ellistat.com\/?s={search_term_string}"},"query-input":{"@type":"PropertyValueSpecification","valueRequired":true,"valueName":"search_term_string"}}],"inLanguage":"hu"}]}},"_links":{"self":[{"href":"https:\/\/ellistat.com\/hu\/wp-json\/wp\/v2\/pages\/905","targetHints":{"allow":["GET"]}}],"collection":[{"href":"https:\/\/ellistat.com\/hu\/wp-json\/wp\/v2\/pages"}],"about":[{"href":"https:\/\/ellistat.com\/hu\/wp-json\/wp\/v2\/types\/page"}],"author":[{"embeddable":true,"href":"https:\/\/ellistat.com\/hu\/wp-json\/wp\/v2\/users\/4"}],"replies":[{"embeddable":true,"href":"https:\/\/ellistat.com\/hu\/wp-json\/wp\/v2\/comments?post=905"}],"version-history":[{"count":33,"href":"https:\/\/ellistat.com\/hu\/wp-json\/wp\/v2\/pages\/905\/revisions"}],"predecessor-version":[{"id":4195,"href":"https:\/\/ellistat.com\/hu\/wp-json\/wp\/v2\/pages\/905\/revisions\/4195"}],"wp:featuredmedia":[{"embeddable":true,"href":"https:\/\/ellistat.com\/hu\/wp-json\/wp\/v2\/media\/99"}],"wp:attachment":[{"href":"https:\/\/ellistat.com\/hu\/wp-json\/wp\/v2\/media?parent=905"}],"wp:term":[{"taxonomy":"category","embeddable":true,"href":"https:\/\/ellistat.com\/hu\/wp-json\/wp\/v2\/categories?post=905"},{"taxonomy":"post_tag","embeddable":true,"href":"https:\/\/ellistat.com\/hu\/wp-json\/wp\/v2\/tags?post=905"}],"curies":[{"name":"wp","href":"https:\/\/api.w.org\/{rel}","templated":true}]}}