{"id":1092,"date":"2024-09-05T21:08:57","date_gmt":"2024-09-05T19:08:57","guid":{"rendered":"https:\/\/site.ellistat.com\/?page_id=1092"},"modified":"2025-02-25T16:08:52","modified_gmt":"2025-02-25T15:08:52","slug":"piano-di-esperienza","status":"publish","type":"page","link":"https:\/\/ellistat.com\/it\/plan-dexperience\/","title":{"rendered":"Analisi dei dati - Disegno sperimentale"},"content":{"rendered":"","protected":false},"excerpt":{"rendered":"","protected":false},"author":2,"featured_media":0,"parent":0,"menu_order":0,"comment_status":"closed","ping_status":"closed","template":"","meta":{"_acf_changed":false,"footnotes":""},"categories":[],"tags":[],"class_list":["post-1092","page","type-page","status-publish","hentry"],"acf":[],"yoast_head":"<!-- This site is optimized with the Yoast SEO plugin v27.3 - https:\/\/yoast.com\/product\/yoast-seo-wordpress\/ -->\n<title>Ellistat - Logiciel plan d&#039;exp\u00e9rience<\/title>\n<meta name=\"description\" content=\"D\u00e9couvrez Ellistat, le logiciel de plan d&#039;exp\u00e9rience intuitif pour cr\u00e9er et analyser vos essais en quelques clics. Testez gratuitement pendant 30 jours !\" \/>\n<meta name=\"robots\" content=\"index, follow, max-snippet:-1, max-image-preview:large, max-video-preview:-1\" \/>\n<link rel=\"canonical\" href=\"https:\/\/ellistat.com\/it\/piano-di-esperienza\/\" \/>\n<meta property=\"og:locale\" content=\"it_IT\" \/>\n<meta property=\"og:type\" content=\"article\" \/>\n<meta property=\"og:title\" content=\"Ellistat - Logiciel plan d&#039;exp\u00e9rience\" \/>\n<meta property=\"og:description\" content=\"D\u00e9couvrez Ellistat, le logiciel de plan d&#039;exp\u00e9rience intuitif pour cr\u00e9er et analyser vos essais en quelques clics. Testez gratuitement pendant 30 jours !\" \/>\n<meta property=\"og:url\" content=\"https:\/\/ellistat.com\/it\/piano-di-esperienza\/\" \/>\n<meta property=\"og:site_name\" content=\"Ellistat\" \/>\n<meta property=\"article:modified_time\" content=\"2025-02-25T15:08:52+00:00\" \/>\n<meta name=\"twitter:card\" content=\"summary_large_image\" \/>\n<script type=\"application\/ld+json\" class=\"yoast-schema-graph\">{\"@context\":\"https:\\\/\\\/schema.org\",\"@graph\":[{\"@type\":\"WebPage\",\"@id\":\"https:\\\/\\\/ellistat.com\\\/plan-dexperience\\\/\",\"url\":\"https:\\\/\\\/ellistat.com\\\/plan-dexperience\\\/\",\"name\":\"Ellistat - Logiciel plan d'exp\u00e9rience\",\"isPartOf\":{\"@id\":\"https:\\\/\\\/ellistat.com\\\/#website\"},\"datePublished\":\"2024-09-05T19:08:57+00:00\",\"dateModified\":\"2025-02-25T15:08:52+00:00\",\"description\":\"D\u00e9couvrez Ellistat, le logiciel de plan d'exp\u00e9rience intuitif pour cr\u00e9er et analyser vos essais en quelques clics. Testez gratuitement pendant 30 jours !\",\"breadcrumb\":{\"@id\":\"https:\\\/\\\/ellistat.com\\\/plan-dexperience\\\/#breadcrumb\"},\"inLanguage\":\"it-IT\",\"potentialAction\":[{\"@type\":\"ReadAction\",\"target\":[\"https:\\\/\\\/ellistat.com\\\/plan-dexperience\\\/\"]}]},{\"@type\":\"BreadcrumbList\",\"@id\":\"https:\\\/\\\/ellistat.com\\\/plan-dexperience\\\/#breadcrumb\",\"itemListElement\":[{\"@type\":\"ListItem\",\"position\":1,\"name\":\"Accueil\",\"item\":\"https:\\\/\\\/ellistat.com\\\/\"},{\"@type\":\"ListItem\",\"position\":2,\"name\":\"Data Analysis &#8211; Plan d&rsquo;exp\u00e9rience\"}]},{\"@type\":\"WebSite\",\"@id\":\"https:\\\/\\\/ellistat.com\\\/#website\",\"url\":\"https:\\\/\\\/ellistat.com\\\/\",\"name\":\"Ellistat\",\"description\":\"La suite qualit\u00e9 de l&#039;industrie m\u00e9canique\",\"potentialAction\":[{\"@type\":\"SearchAction\",\"target\":{\"@type\":\"EntryPoint\",\"urlTemplate\":\"https:\\\/\\\/ellistat.com\\\/?s={search_term_string}\"},\"query-input\":{\"@type\":\"PropertyValueSpecification\",\"valueRequired\":true,\"valueName\":\"search_term_string\"}}],\"inLanguage\":\"it-IT\"}]}<\/script>\n<!-- \/ Yoast SEO plugin. -->","yoast_head_json":{"title":"Ellistat - Software di progettazione sperimentale","description":"Scoprite Ellistat, il software di progettazione sperimentale intuitivo per creare e analizzare i vostri studi in pochi clic. Provatelo gratuitamente per 30 giorni!","robots":{"index":"index","follow":"follow","max-snippet":"max-snippet:-1","max-image-preview":"max-image-preview:large","max-video-preview":"max-video-preview:-1"},"canonical":"https:\/\/ellistat.com\/it\/piano-di-esperienza\/","og_locale":"it_IT","og_type":"article","og_title":"Ellistat - Logiciel plan d'exp\u00e9rience","og_description":"D\u00e9couvrez Ellistat, le logiciel de plan d'exp\u00e9rience intuitif pour cr\u00e9er et analyser vos essais en quelques clics. Testez gratuitement pendant 30 jours !","og_url":"https:\/\/ellistat.com\/it\/piano-di-esperienza\/","og_site_name":"Ellistat","article_modified_time":"2025-02-25T15:08:52+00:00","twitter_card":"summary_large_image","schema":{"@context":"https:\/\/schema.org","@graph":[{"@type":"WebPage","@id":"https:\/\/ellistat.com\/plan-dexperience\/","url":"https:\/\/ellistat.com\/plan-dexperience\/","name":"Ellistat - Software di progettazione sperimentale","isPartOf":{"@id":"https:\/\/ellistat.com\/#website"},"datePublished":"2024-09-05T19:08:57+00:00","dateModified":"2025-02-25T15:08:52+00:00","description":"Scoprite Ellistat, il software di progettazione sperimentale intuitivo per creare e analizzare i vostri studi in pochi clic. Provatelo gratuitamente per 30 giorni!","breadcrumb":{"@id":"https:\/\/ellistat.com\/plan-dexperience\/#breadcrumb"},"inLanguage":"it-IT","potentialAction":[{"@type":"ReadAction","target":["https:\/\/ellistat.com\/plan-dexperience\/"]}]},{"@type":"BreadcrumbList","@id":"https:\/\/ellistat.com\/plan-dexperience\/#breadcrumb","itemListElement":[{"@type":"ListItem","position":1,"name":"Accueil","item":"https:\/\/ellistat.com\/"},{"@type":"ListItem","position":2,"name":"Data Analysis &#8211; Plan d&rsquo;exp\u00e9rience"}]},{"@type":"WebSite","@id":"https:\/\/ellistat.com\/#website","url":"https:\/\/ellistat.com\/","name":"Ellistat","description":"La suite della qualit\u00e0 per l'industria meccanica","potentialAction":[{"@type":"SearchAction","target":{"@type":"EntryPoint","urlTemplate":"https:\/\/ellistat.com\/?s={search_term_string}"},"query-input":{"@type":"PropertyValueSpecification","valueRequired":true,"valueName":"search_term_string"}}],"inLanguage":"it-IT"}]}},"_links":{"self":[{"href":"https:\/\/ellistat.com\/it\/wp-json\/wp\/v2\/pages\/1092","targetHints":{"allow":["GET"]}}],"collection":[{"href":"https:\/\/ellistat.com\/it\/wp-json\/wp\/v2\/pages"}],"about":[{"href":"https:\/\/ellistat.com\/it\/wp-json\/wp\/v2\/types\/page"}],"author":[{"embeddable":true,"href":"https:\/\/ellistat.com\/it\/wp-json\/wp\/v2\/users\/2"}],"replies":[{"embeddable":true,"href":"https:\/\/ellistat.com\/it\/wp-json\/wp\/v2\/comments?post=1092"}],"version-history":[{"count":27,"href":"https:\/\/ellistat.com\/it\/wp-json\/wp\/v2\/pages\/1092\/revisions"}],"predecessor-version":[{"id":3919,"href":"https:\/\/ellistat.com\/it\/wp-json\/wp\/v2\/pages\/1092\/revisions\/3919"}],"wp:attachment":[{"href":"https:\/\/ellistat.com\/it\/wp-json\/wp\/v2\/media?parent=1092"}],"wp:term":[{"taxonomy":"category","embeddable":true,"href":"https:\/\/ellistat.com\/it\/wp-json\/wp\/v2\/categories?post=1092"},{"taxonomy":"post_tag","embeddable":true,"href":"https:\/\/ellistat.com\/it\/wp-json\/wp\/v2\/tags?post=1092"}],"curies":[{"name":"wp","href":"https:\/\/api.w.org\/{rel}","templated":true}]}}