{"id":1098,"date":"2024-09-05T21:13:27","date_gmt":"2024-09-05T19:13:27","guid":{"rendered":"https:\/\/site.ellistat.com\/?page_id=1098"},"modified":"2025-02-25T16:10:14","modified_gmt":"2025-02-25T15:10:14","slug":"apprendimento-automatico","status":"publish","type":"page","link":"https:\/\/ellistat.com\/it\/machine-learning\/","title":{"rendered":"Analisi dei dati - Apprendimento automatico"},"content":{"rendered":"","protected":false},"excerpt":{"rendered":"","protected":false},"author":2,"featured_media":0,"parent":0,"menu_order":0,"comment_status":"closed","ping_status":"closed","template":"","meta":{"_acf_changed":false,"footnotes":""},"categories":[],"tags":[],"class_list":["post-1098","page","type-page","status-publish","hentry"],"acf":[],"yoast_head":"<!-- This site is optimized with the Yoast SEO plugin v27.4 - https:\/\/yoast.com\/product\/yoast-seo-wordpress\/ -->\n<title>Ellistat - Logiciel machine learning et analyse de donn\u00e9es<\/title>\n<meta name=\"description\" content=\"Le logiciel Ellistat int\u00e8gre des fonctionnalit\u00e9s de machine learning, permettant aux utilisateurs de mettre en \u0153uvre des mod\u00e8les pr\u00e9dictifs et des algorithmes d&#039;apprentissage automatique pour analyser de grandes quantit\u00e9s de donn\u00e9es.\" \/>\n<meta name=\"robots\" content=\"index, follow, max-snippet:-1, max-image-preview:large, max-video-preview:-1\" \/>\n<link rel=\"canonical\" href=\"https:\/\/ellistat.com\/it\/apprendimento-automatico\/\" \/>\n<meta property=\"og:locale\" content=\"it_IT\" \/>\n<meta property=\"og:type\" content=\"article\" \/>\n<meta property=\"og:title\" content=\"Ellistat - Logiciel machine learning et analyse de donn\u00e9es\" \/>\n<meta property=\"og:description\" content=\"Le logiciel Ellistat int\u00e8gre des fonctionnalit\u00e9s de machine learning, permettant aux utilisateurs de mettre en \u0153uvre des mod\u00e8les pr\u00e9dictifs et des algorithmes d&#039;apprentissage automatique pour analyser de grandes quantit\u00e9s de donn\u00e9es.\" \/>\n<meta property=\"og:url\" content=\"https:\/\/ellistat.com\/it\/apprendimento-automatico\/\" \/>\n<meta property=\"og:site_name\" content=\"Ellistat\" \/>\n<meta property=\"article:modified_time\" content=\"2025-02-25T15:10:14+00:00\" \/>\n<meta name=\"twitter:card\" content=\"summary_large_image\" \/>\n<script type=\"application\/ld+json\" class=\"yoast-schema-graph\">{\"@context\":\"https:\\\/\\\/schema.org\",\"@graph\":[{\"@type\":\"WebPage\",\"@id\":\"https:\\\/\\\/ellistat.com\\\/machine-learning\\\/\",\"url\":\"https:\\\/\\\/ellistat.com\\\/machine-learning\\\/\",\"name\":\"Ellistat - Logiciel machine learning et analyse de donn\u00e9es\",\"isPartOf\":{\"@id\":\"https:\\\/\\\/ellistat.com\\\/#website\"},\"datePublished\":\"2024-09-05T19:13:27+00:00\",\"dateModified\":\"2025-02-25T15:10:14+00:00\",\"description\":\"Le logiciel Ellistat int\u00e8gre des fonctionnalit\u00e9s de machine learning, permettant aux utilisateurs de mettre en \u0153uvre des mod\u00e8les pr\u00e9dictifs et des algorithmes d'apprentissage automatique pour analyser de grandes quantit\u00e9s de donn\u00e9es.\",\"breadcrumb\":{\"@id\":\"https:\\\/\\\/ellistat.com\\\/machine-learning\\\/#breadcrumb\"},\"inLanguage\":\"it-IT\",\"potentialAction\":[{\"@type\":\"ReadAction\",\"target\":[\"https:\\\/\\\/ellistat.com\\\/machine-learning\\\/\"]}]},{\"@type\":\"BreadcrumbList\",\"@id\":\"https:\\\/\\\/ellistat.com\\\/machine-learning\\\/#breadcrumb\",\"itemListElement\":[{\"@type\":\"ListItem\",\"position\":1,\"name\":\"Accueil\",\"item\":\"https:\\\/\\\/ellistat.com\\\/\"},{\"@type\":\"ListItem\",\"position\":2,\"name\":\"Data Analysis &#8211; Machine learning\"}]},{\"@type\":\"WebSite\",\"@id\":\"https:\\\/\\\/ellistat.com\\\/#website\",\"url\":\"https:\\\/\\\/ellistat.com\\\/\",\"name\":\"Ellistat\",\"description\":\"La suite qualit\u00e9 de l&#039;industrie m\u00e9canique\",\"potentialAction\":[{\"@type\":\"SearchAction\",\"target\":{\"@type\":\"EntryPoint\",\"urlTemplate\":\"https:\\\/\\\/ellistat.com\\\/?s={search_term_string}\"},\"query-input\":{\"@type\":\"PropertyValueSpecification\",\"valueRequired\":true,\"valueName\":\"search_term_string\"}}],\"inLanguage\":\"it-IT\"}]}<\/script>\n<!-- \/ Yoast SEO plugin. -->","yoast_head_json":{"title":"Ellistat - Software di apprendimento automatico e analisi dei dati","description":"Il software Ellistat incorpora funzionalit\u00e0 di apprendimento automatico, consentendo agli utenti di implementare modelli predittivi e algoritmi di apprendimento automatico per analizzare grandi quantit\u00e0 di dati.","robots":{"index":"index","follow":"follow","max-snippet":"max-snippet:-1","max-image-preview":"max-image-preview:large","max-video-preview":"max-video-preview:-1"},"canonical":"https:\/\/ellistat.com\/it\/apprendimento-automatico\/","og_locale":"it_IT","og_type":"article","og_title":"Ellistat - Logiciel machine learning et analyse de donn\u00e9es","og_description":"Le logiciel Ellistat int\u00e8gre des fonctionnalit\u00e9s de machine learning, permettant aux utilisateurs de mettre en \u0153uvre des mod\u00e8les pr\u00e9dictifs et des algorithmes d'apprentissage automatique pour analyser de grandes quantit\u00e9s de donn\u00e9es.","og_url":"https:\/\/ellistat.com\/it\/apprendimento-automatico\/","og_site_name":"Ellistat","article_modified_time":"2025-02-25T15:10:14+00:00","twitter_card":"summary_large_image","schema":{"@context":"https:\/\/schema.org","@graph":[{"@type":"WebPage","@id":"https:\/\/ellistat.com\/machine-learning\/","url":"https:\/\/ellistat.com\/machine-learning\/","name":"Ellistat - Software di apprendimento automatico e analisi dei dati","isPartOf":{"@id":"https:\/\/ellistat.com\/#website"},"datePublished":"2024-09-05T19:13:27+00:00","dateModified":"2025-02-25T15:10:14+00:00","description":"Il software Ellistat incorpora funzionalit\u00e0 di apprendimento automatico, consentendo agli utenti di implementare modelli predittivi e algoritmi di apprendimento automatico per analizzare grandi quantit\u00e0 di dati.","breadcrumb":{"@id":"https:\/\/ellistat.com\/machine-learning\/#breadcrumb"},"inLanguage":"it-IT","potentialAction":[{"@type":"ReadAction","target":["https:\/\/ellistat.com\/machine-learning\/"]}]},{"@type":"BreadcrumbList","@id":"https:\/\/ellistat.com\/machine-learning\/#breadcrumb","itemListElement":[{"@type":"ListItem","position":1,"name":"Accueil","item":"https:\/\/ellistat.com\/"},{"@type":"ListItem","position":2,"name":"Data Analysis &#8211; Machine learning"}]},{"@type":"WebSite","@id":"https:\/\/ellistat.com\/#website","url":"https:\/\/ellistat.com\/","name":"Ellistat","description":"La suite della qualit\u00e0 per l'industria meccanica","potentialAction":[{"@type":"SearchAction","target":{"@type":"EntryPoint","urlTemplate":"https:\/\/ellistat.com\/?s={search_term_string}"},"query-input":{"@type":"PropertyValueSpecification","valueRequired":true,"valueName":"search_term_string"}}],"inLanguage":"it-IT"}]}},"_links":{"self":[{"href":"https:\/\/ellistat.com\/it\/wp-json\/wp\/v2\/pages\/1098","targetHints":{"allow":["GET"]}}],"collection":[{"href":"https:\/\/ellistat.com\/it\/wp-json\/wp\/v2\/pages"}],"about":[{"href":"https:\/\/ellistat.com\/it\/wp-json\/wp\/v2\/types\/page"}],"author":[{"embeddable":true,"href":"https:\/\/ellistat.com\/it\/wp-json\/wp\/v2\/users\/2"}],"replies":[{"embeddable":true,"href":"https:\/\/ellistat.com\/it\/wp-json\/wp\/v2\/comments?post=1098"}],"version-history":[{"count":19,"href":"https:\/\/ellistat.com\/it\/wp-json\/wp\/v2\/pages\/1098\/revisions"}],"predecessor-version":[{"id":3920,"href":"https:\/\/ellistat.com\/it\/wp-json\/wp\/v2\/pages\/1098\/revisions\/3920"}],"wp:attachment":[{"href":"https:\/\/ellistat.com\/it\/wp-json\/wp\/v2\/media?parent=1098"}],"wp:term":[{"taxonomy":"category","embeddable":true,"href":"https:\/\/ellistat.com\/it\/wp-json\/wp\/v2\/categories?post=1098"},{"taxonomy":"post_tag","embeddable":true,"href":"https:\/\/ellistat.com\/it\/wp-json\/wp\/v2\/tags?post=1098"}],"curies":[{"name":"wp","href":"https:\/\/api.w.org\/{rel}","templated":true}]}}