{"id":1371,"date":"2024-09-07T07:18:29","date_gmt":"2024-09-07T05:18:29","guid":{"rendered":"https:\/\/site.ellistat.com\/?page_id=1371"},"modified":"2025-10-15T09:51:32","modified_gmt":"2025-10-15T07:51:32","slug":"supporto-iqc","status":"publish","type":"page","link":"https:\/\/ellistat.com\/it\/accompagnement-iqc\/","title":{"rendered":"Metodologia - Supporto CQI"},"content":{"rendered":"","protected":false},"excerpt":{"rendered":"","protected":false},"author":2,"featured_media":0,"parent":0,"menu_order":0,"comment_status":"closed","ping_status":"closed","template":"","meta":{"_acf_changed":false,"footnotes":""},"categories":[],"tags":[],"class_list":["post-1371","page","type-page","status-publish","hentry"],"acf":[],"yoast_head":"<!-- This site is optimized with the Yoast SEO plugin v27.4 - https:\/\/yoast.com\/product\/yoast-seo-wordpress\/ -->\n<title>M\u00e9thodologie - Accompagnement IQC - Ellistat<\/title>\n<meta name=\"description\" content=\"D\u00e9couvrez notre accompagnement IQC pour structurer votre d\u00e9marche d\u2019am\u00e9lioration continue et vos contr\u00f4le r\u00e9ception.\" \/>\n<meta name=\"robots\" content=\"index, follow, max-snippet:-1, max-image-preview:large, max-video-preview:-1\" \/>\n<link rel=\"canonical\" href=\"https:\/\/ellistat.com\/it\/supporto-iqc\/\" \/>\n<meta property=\"og:locale\" content=\"it_IT\" \/>\n<meta property=\"og:type\" content=\"article\" \/>\n<meta property=\"og:title\" content=\"M\u00e9thodologie - Accompagnement IQC - Ellistat\" \/>\n<meta property=\"og:description\" content=\"D\u00e9couvrez notre accompagnement IQC pour structurer votre d\u00e9marche d\u2019am\u00e9lioration continue et vos contr\u00f4le r\u00e9ception.\" \/>\n<meta property=\"og:url\" content=\"https:\/\/ellistat.com\/it\/supporto-iqc\/\" \/>\n<meta property=\"og:site_name\" content=\"Ellistat\" \/>\n<meta property=\"article:modified_time\" content=\"2025-10-15T07:51:32+00:00\" \/>\n<meta name=\"twitter:card\" content=\"summary_large_image\" \/>\n<script type=\"application\/ld+json\" class=\"yoast-schema-graph\">{\"@context\":\"https:\\\/\\\/schema.org\",\"@graph\":[{\"@type\":\"WebPage\",\"@id\":\"https:\\\/\\\/ellistat.com\\\/accompagnement-iqc\\\/\",\"url\":\"https:\\\/\\\/ellistat.com\\\/accompagnement-iqc\\\/\",\"name\":\"M\u00e9thodologie - Accompagnement IQC - Ellistat\",\"isPartOf\":{\"@id\":\"https:\\\/\\\/ellistat.com\\\/#website\"},\"datePublished\":\"2024-09-07T05:18:29+00:00\",\"dateModified\":\"2025-10-15T07:51:32+00:00\",\"description\":\"D\u00e9couvrez notre accompagnement IQC pour structurer votre d\u00e9marche d\u2019am\u00e9lioration continue et vos contr\u00f4le r\u00e9ception.\",\"breadcrumb\":{\"@id\":\"https:\\\/\\\/ellistat.com\\\/accompagnement-iqc\\\/#breadcrumb\"},\"inLanguage\":\"it-IT\",\"potentialAction\":[{\"@type\":\"ReadAction\",\"target\":[\"https:\\\/\\\/ellistat.com\\\/accompagnement-iqc\\\/\"]}]},{\"@type\":\"BreadcrumbList\",\"@id\":\"https:\\\/\\\/ellistat.com\\\/accompagnement-iqc\\\/#breadcrumb\",\"itemListElement\":[{\"@type\":\"ListItem\",\"position\":1,\"name\":\"Accueil\",\"item\":\"https:\\\/\\\/ellistat.com\\\/\"},{\"@type\":\"ListItem\",\"position\":2,\"name\":\"M\u00e9thodologie &#8211; Accompagnement IQC\"}]},{\"@type\":\"WebSite\",\"@id\":\"https:\\\/\\\/ellistat.com\\\/#website\",\"url\":\"https:\\\/\\\/ellistat.com\\\/\",\"name\":\"Ellistat\",\"description\":\"La suite qualit\u00e9 de l&#039;industrie m\u00e9canique\",\"potentialAction\":[{\"@type\":\"SearchAction\",\"target\":{\"@type\":\"EntryPoint\",\"urlTemplate\":\"https:\\\/\\\/ellistat.com\\\/?s={search_term_string}\"},\"query-input\":{\"@type\":\"PropertyValueSpecification\",\"valueRequired\":true,\"valueName\":\"search_term_string\"}}],\"inLanguage\":\"it-IT\"}]}<\/script>\n<!-- \/ Yoast SEO plugin. -->","yoast_head_json":{"title":"Metodologia - Supporto CQI - Ellistat","description":"Scoprite di pi\u00f9 sul nostro supporto CQI per strutturare il vostro approccio al miglioramento continuo e le vostre ispezioni di accettazione.","robots":{"index":"index","follow":"follow","max-snippet":"max-snippet:-1","max-image-preview":"max-image-preview:large","max-video-preview":"max-video-preview:-1"},"canonical":"https:\/\/ellistat.com\/it\/supporto-iqc\/","og_locale":"it_IT","og_type":"article","og_title":"M\u00e9thodologie - Accompagnement IQC - Ellistat","og_description":"D\u00e9couvrez notre accompagnement IQC pour structurer votre d\u00e9marche d\u2019am\u00e9lioration continue et vos contr\u00f4le r\u00e9ception.","og_url":"https:\/\/ellistat.com\/it\/supporto-iqc\/","og_site_name":"Ellistat","article_modified_time":"2025-10-15T07:51:32+00:00","twitter_card":"summary_large_image","schema":{"@context":"https:\/\/schema.org","@graph":[{"@type":"WebPage","@id":"https:\/\/ellistat.com\/accompagnement-iqc\/","url":"https:\/\/ellistat.com\/accompagnement-iqc\/","name":"Metodologia - Supporto CQI - Ellistat","isPartOf":{"@id":"https:\/\/ellistat.com\/#website"},"datePublished":"2024-09-07T05:18:29+00:00","dateModified":"2025-10-15T07:51:32+00:00","description":"Scoprite di pi\u00f9 sul nostro supporto CQI per strutturare il vostro approccio al miglioramento continuo e le vostre ispezioni di accettazione.","breadcrumb":{"@id":"https:\/\/ellistat.com\/accompagnement-iqc\/#breadcrumb"},"inLanguage":"it-IT","potentialAction":[{"@type":"ReadAction","target":["https:\/\/ellistat.com\/accompagnement-iqc\/"]}]},{"@type":"BreadcrumbList","@id":"https:\/\/ellistat.com\/accompagnement-iqc\/#breadcrumb","itemListElement":[{"@type":"ListItem","position":1,"name":"Accueil","item":"https:\/\/ellistat.com\/"},{"@type":"ListItem","position":2,"name":"M\u00e9thodologie &#8211; Accompagnement IQC"}]},{"@type":"WebSite","@id":"https:\/\/ellistat.com\/#website","url":"https:\/\/ellistat.com\/","name":"Ellistat","description":"La suite della qualit\u00e0 per l'industria meccanica","potentialAction":[{"@type":"SearchAction","target":{"@type":"EntryPoint","urlTemplate":"https:\/\/ellistat.com\/?s={search_term_string}"},"query-input":{"@type":"PropertyValueSpecification","valueRequired":true,"valueName":"search_term_string"}}],"inLanguage":"it-IT"}]}},"_links":{"self":[{"href":"https:\/\/ellistat.com\/it\/wp-json\/wp\/v2\/pages\/1371","targetHints":{"allow":["GET"]}}],"collection":[{"href":"https:\/\/ellistat.com\/it\/wp-json\/wp\/v2\/pages"}],"about":[{"href":"https:\/\/ellistat.com\/it\/wp-json\/wp\/v2\/types\/page"}],"author":[{"embeddable":true,"href":"https:\/\/ellistat.com\/it\/wp-json\/wp\/v2\/users\/2"}],"replies":[{"embeddable":true,"href":"https:\/\/ellistat.com\/it\/wp-json\/wp\/v2\/comments?post=1371"}],"version-history":[{"count":14,"href":"https:\/\/ellistat.com\/it\/wp-json\/wp\/v2\/pages\/1371\/revisions"}],"predecessor-version":[{"id":4236,"href":"https:\/\/ellistat.com\/it\/wp-json\/wp\/v2\/pages\/1371\/revisions\/4236"}],"wp:attachment":[{"href":"https:\/\/ellistat.com\/it\/wp-json\/wp\/v2\/media?parent=1371"}],"wp:term":[{"taxonomy":"category","embeddable":true,"href":"https:\/\/ellistat.com\/it\/wp-json\/wp\/v2\/categories?post=1371"},{"taxonomy":"post_tag","embeddable":true,"href":"https:\/\/ellistat.com\/it\/wp-json\/wp\/v2\/tags?post=1371"}],"curies":[{"name":"wp","href":"https:\/\/api.w.org\/{rel}","templated":true}]}}