{"id":1488,"date":"2024-09-13T10:15:43","date_gmt":"2024-09-13T08:15:43","guid":{"rendered":"https:\/\/site.ellistat.com\/?page_id=1488"},"modified":"2025-10-01T15:51:27","modified_gmt":"2025-10-01T13:51:27","slug":"risoluzione-dei-problemi-8d","status":"publish","type":"page","link":"https:\/\/ellistat.com\/it\/formation\/resolution-de-probleme-8d\/","title":{"rendered":"Formazione - Risoluzione dei problemi 8D"},"content":{"rendered":"","protected":false},"excerpt":{"rendered":"<p>Utilizzate tutti gli strumenti necessari per guidare un gruppo di lavoro<\/p>","protected":false},"author":4,"featured_media":3748,"parent":1754,"menu_order":0,"comment_status":"closed","ping_status":"closed","template":"","meta":{"_acf_changed":false,"footnotes":""},"categories":[8],"tags":[16,17,15],"class_list":["post-1488","page","type-page","status-publish","has-post-thumbnail","hentry","category-formation","tag-e-learning","tag-presentiel","tag-resolution-de-probleme"],"acf":[],"yoast_head":"<!-- This site is optimized with the Yoast SEO plugin v27.4 - https:\/\/yoast.com\/product\/yoast-seo-wordpress\/ -->\n<title>Formation R\u00e9solution de probl\u00e8mes 8D - Ellistat<\/title>\n<meta name=\"description\" content=\"La formation R\u00e9solution de Probl\u00e8me 8D offre une compr\u00e9hension approfondie pour r\u00e9soudre efficacement des probl\u00e8mes dans divers contextes industriels\u200b\u200b.\" \/>\n<meta name=\"robots\" content=\"index, follow, max-snippet:-1, max-image-preview:large, max-video-preview:-1\" \/>\n<link rel=\"canonical\" href=\"https:\/\/ellistat.com\/it\/formazione\/risoluzione-dei-problemi-8d\/\" \/>\n<meta property=\"og:locale\" content=\"it_IT\" \/>\n<meta property=\"og:type\" content=\"article\" \/>\n<meta property=\"og:title\" content=\"Formation R\u00e9solution de probl\u00e8mes 8D - Ellistat\" \/>\n<meta property=\"og:description\" content=\"La formation R\u00e9solution de Probl\u00e8me 8D offre une compr\u00e9hension approfondie pour r\u00e9soudre efficacement des probl\u00e8mes dans divers contextes industriels\u200b\u200b.\" \/>\n<meta property=\"og:url\" content=\"https:\/\/ellistat.com\/it\/formazione\/risoluzione-dei-problemi-8d\/\" \/>\n<meta property=\"og:site_name\" content=\"Ellistat\" \/>\n<meta property=\"article:modified_time\" content=\"2025-10-01T13:51:27+00:00\" \/>\n<meta property=\"og:image\" content=\"https:\/\/ellistat.com\/wp-content\/uploads\/Formation_picto_GO_8D.png\" \/>\n\t<meta property=\"og:image:width\" content=\"209\" \/>\n\t<meta property=\"og:image:height\" content=\"209\" \/>\n\t<meta property=\"og:image:type\" content=\"image\/png\" \/>\n<meta name=\"twitter:card\" content=\"summary_large_image\" \/>\n<meta name=\"twitter:label1\" content=\"Tempo di lettura stimato\" \/>\n\t<meta name=\"twitter:data1\" content=\"1 minuto\" \/>\n<script type=\"application\/ld+json\" class=\"yoast-schema-graph\">{\"@context\":\"https:\\\/\\\/schema.org\",\"@graph\":[{\"@type\":\"WebPage\",\"@id\":\"https:\\\/\\\/ellistat.com\\\/formation\\\/resolution-de-probleme-8d\\\/\",\"url\":\"https:\\\/\\\/ellistat.com\\\/formation\\\/resolution-de-probleme-8d\\\/\",\"name\":\"Formation R\u00e9solution de probl\u00e8mes 8D - Ellistat\",\"isPartOf\":{\"@id\":\"https:\\\/\\\/ellistat.com\\\/#website\"},\"primaryImageOfPage\":{\"@id\":\"https:\\\/\\\/ellistat.com\\\/formation\\\/resolution-de-probleme-8d\\\/#primaryimage\"},\"image\":{\"@id\":\"https:\\\/\\\/ellistat.com\\\/formation\\\/resolution-de-probleme-8d\\\/#primaryimage\"},\"thumbnailUrl\":\"https:\\\/\\\/ellistat.com\\\/wp-content\\\/uploads\\\/Formation_picto_GO_8D.png\",\"datePublished\":\"2024-09-13T08:15:43+00:00\",\"dateModified\":\"2025-10-01T13:51:27+00:00\",\"description\":\"La formation R\u00e9solution de Probl\u00e8me 8D offre une compr\u00e9hension approfondie pour r\u00e9soudre efficacement des probl\u00e8mes dans divers contextes industriels\u200b\u200b.\",\"breadcrumb\":{\"@id\":\"https:\\\/\\\/ellistat.com\\\/formation\\\/resolution-de-probleme-8d\\\/#breadcrumb\"},\"inLanguage\":\"it-IT\",\"potentialAction\":[{\"@type\":\"ReadAction\",\"target\":[\"https:\\\/\\\/ellistat.com\\\/formation\\\/resolution-de-probleme-8d\\\/\"]}]},{\"@type\":\"ImageObject\",\"inLanguage\":\"it-IT\",\"@id\":\"https:\\\/\\\/ellistat.com\\\/formation\\\/resolution-de-probleme-8d\\\/#primaryimage\",\"url\":\"https:\\\/\\\/ellistat.com\\\/wp-content\\\/uploads\\\/Formation_picto_GO_8D.png\",\"contentUrl\":\"https:\\\/\\\/ellistat.com\\\/wp-content\\\/uploads\\\/Formation_picto_GO_8D.png\",\"width\":209,\"height\":209,\"caption\":\"Illustration pour la formation E-Learning R\u00e9solution de Probl\u00e8me 8D\"},{\"@type\":\"BreadcrumbList\",\"@id\":\"https:\\\/\\\/ellistat.com\\\/formation\\\/resolution-de-probleme-8d\\\/#breadcrumb\",\"itemListElement\":[{\"@type\":\"ListItem\",\"position\":1,\"name\":\"Accueil\",\"item\":\"https:\\\/\\\/ellistat.com\\\/\"},{\"@type\":\"ListItem\",\"position\":2,\"name\":\"Formation\",\"item\":\"https:\\\/\\\/ellistat.com\\\/formation\\\/\"},{\"@type\":\"ListItem\",\"position\":3,\"name\":\"Formation &#8211; R\u00e9solution de probl\u00e8mes 8D\"}]},{\"@type\":\"WebSite\",\"@id\":\"https:\\\/\\\/ellistat.com\\\/#website\",\"url\":\"https:\\\/\\\/ellistat.com\\\/\",\"name\":\"Ellistat\",\"description\":\"La suite qualit\u00e9 de l&#039;industrie m\u00e9canique\",\"potentialAction\":[{\"@type\":\"SearchAction\",\"target\":{\"@type\":\"EntryPoint\",\"urlTemplate\":\"https:\\\/\\\/ellistat.com\\\/?s={search_term_string}\"},\"query-input\":{\"@type\":\"PropertyValueSpecification\",\"valueRequired\":true,\"valueName\":\"search_term_string\"}}],\"inLanguage\":\"it-IT\"}]}<\/script>\n<!-- \/ Yoast SEO plugin. -->","yoast_head_json":{"title":"Formazione sulla risoluzione dei problemi 8D - Ellistat","description":"Il corso 8D Problem Solving fornisce una comprensione approfondita di come risolvere efficacemente i problemi in una variet\u00e0 di contesti industriali.","robots":{"index":"index","follow":"follow","max-snippet":"max-snippet:-1","max-image-preview":"max-image-preview:large","max-video-preview":"max-video-preview:-1"},"canonical":"https:\/\/ellistat.com\/it\/formazione\/risoluzione-dei-problemi-8d\/","og_locale":"it_IT","og_type":"article","og_title":"Formation R\u00e9solution de probl\u00e8mes 8D - Ellistat","og_description":"La formation R\u00e9solution de Probl\u00e8me 8D offre une compr\u00e9hension approfondie pour r\u00e9soudre efficacement des probl\u00e8mes dans divers contextes industriels\u200b\u200b.","og_url":"https:\/\/ellistat.com\/it\/formazione\/risoluzione-dei-problemi-8d\/","og_site_name":"Ellistat","article_modified_time":"2025-10-01T13:51:27+00:00","og_image":[{"width":209,"height":209,"url":"https:\/\/ellistat.com\/wp-content\/uploads\/Formation_picto_GO_8D.png","type":"image\/png"}],"twitter_card":"summary_large_image","twitter_misc":{"Tempo di lettura stimato":"1 minuto"},"schema":{"@context":"https:\/\/schema.org","@graph":[{"@type":"WebPage","@id":"https:\/\/ellistat.com\/formation\/resolution-de-probleme-8d\/","url":"https:\/\/ellistat.com\/formation\/resolution-de-probleme-8d\/","name":"Formazione sulla risoluzione dei problemi 8D - Ellistat","isPartOf":{"@id":"https:\/\/ellistat.com\/#website"},"primaryImageOfPage":{"@id":"https:\/\/ellistat.com\/formation\/resolution-de-probleme-8d\/#primaryimage"},"image":{"@id":"https:\/\/ellistat.com\/formation\/resolution-de-probleme-8d\/#primaryimage"},"thumbnailUrl":"https:\/\/ellistat.com\/wp-content\/uploads\/Formation_picto_GO_8D.png","datePublished":"2024-09-13T08:15:43+00:00","dateModified":"2025-10-01T13:51:27+00:00","description":"Il corso 8D Problem Solving fornisce una comprensione approfondita di come risolvere efficacemente i problemi in una variet\u00e0 di contesti industriali.","breadcrumb":{"@id":"https:\/\/ellistat.com\/formation\/resolution-de-probleme-8d\/#breadcrumb"},"inLanguage":"it-IT","potentialAction":[{"@type":"ReadAction","target":["https:\/\/ellistat.com\/formation\/resolution-de-probleme-8d\/"]}]},{"@type":"ImageObject","inLanguage":"it-IT","@id":"https:\/\/ellistat.com\/formation\/resolution-de-probleme-8d\/#primaryimage","url":"https:\/\/ellistat.com\/wp-content\/uploads\/Formation_picto_GO_8D.png","contentUrl":"https:\/\/ellistat.com\/wp-content\/uploads\/Formation_picto_GO_8D.png","width":209,"height":209,"caption":"Illustration pour la formation E-Learning R\u00e9solution de Probl\u00e8me 8D"},{"@type":"BreadcrumbList","@id":"https:\/\/ellistat.com\/formation\/resolution-de-probleme-8d\/#breadcrumb","itemListElement":[{"@type":"ListItem","position":1,"name":"Accueil","item":"https:\/\/ellistat.com\/"},{"@type":"ListItem","position":2,"name":"Formation","item":"https:\/\/ellistat.com\/formation\/"},{"@type":"ListItem","position":3,"name":"Formation &#8211; R\u00e9solution de probl\u00e8mes 8D"}]},{"@type":"WebSite","@id":"https:\/\/ellistat.com\/#website","url":"https:\/\/ellistat.com\/","name":"Ellistat","description":"La suite della qualit\u00e0 per l'industria meccanica","potentialAction":[{"@type":"SearchAction","target":{"@type":"EntryPoint","urlTemplate":"https:\/\/ellistat.com\/?s={search_term_string}"},"query-input":{"@type":"PropertyValueSpecification","valueRequired":true,"valueName":"search_term_string"}}],"inLanguage":"it-IT"}]}},"_links":{"self":[{"href":"https:\/\/ellistat.com\/it\/wp-json\/wp\/v2\/pages\/1488","targetHints":{"allow":["GET"]}}],"collection":[{"href":"https:\/\/ellistat.com\/it\/wp-json\/wp\/v2\/pages"}],"about":[{"href":"https:\/\/ellistat.com\/it\/wp-json\/wp\/v2\/types\/page"}],"author":[{"embeddable":true,"href":"https:\/\/ellistat.com\/it\/wp-json\/wp\/v2\/users\/4"}],"replies":[{"embeddable":true,"href":"https:\/\/ellistat.com\/it\/wp-json\/wp\/v2\/comments?post=1488"}],"version-history":[{"count":29,"href":"https:\/\/ellistat.com\/it\/wp-json\/wp\/v2\/pages\/1488\/revisions"}],"predecessor-version":[{"id":4174,"href":"https:\/\/ellistat.com\/it\/wp-json\/wp\/v2\/pages\/1488\/revisions\/4174"}],"up":[{"embeddable":true,"href":"https:\/\/ellistat.com\/it\/wp-json\/wp\/v2\/pages\/1754"}],"wp:featuredmedia":[{"embeddable":true,"href":"https:\/\/ellistat.com\/it\/wp-json\/wp\/v2\/media\/3748"}],"wp:attachment":[{"href":"https:\/\/ellistat.com\/it\/wp-json\/wp\/v2\/media?parent=1488"}],"wp:term":[{"taxonomy":"category","embeddable":true,"href":"https:\/\/ellistat.com\/it\/wp-json\/wp\/v2\/categories?post=1488"},{"taxonomy":"post_tag","embeddable":true,"href":"https:\/\/ellistat.com\/it\/wp-json\/wp\/v2\/tags?post=1488"}],"curies":[{"name":"wp","href":"https:\/\/api.w.org\/{rel}","templated":true}]}}