{"id":1540,"date":"2024-09-11T06:15:59","date_gmt":"2024-09-11T04:15:59","guid":{"rendered":"https:\/\/site.ellistat.com\/?page_id=1540"},"modified":"2025-10-01T16:28:50","modified_gmt":"2025-10-01T14:28:50","slug":"controllo-del-processo","status":"publish","type":"page","link":"https:\/\/ellistat.com\/it\/formation\/maitrise-des-procedes\/","title":{"rendered":"Formazione - Controllo dei processi"},"content":{"rendered":"","protected":false},"excerpt":{"rendered":"<p>Controllare un processo quotidiano<\/p>","protected":false},"author":2,"featured_media":3763,"parent":1754,"menu_order":0,"comment_status":"closed","ping_status":"closed","template":"","meta":{"_acf_changed":false,"footnotes":""},"categories":[8],"tags":[16,17,14],"class_list":["post-1540","page","type-page","status-publish","has-post-thumbnail","hentry","category-formation","tag-e-learning","tag-presentiel","tag-statistiques"],"acf":[],"yoast_head":"<!-- This site is optimized with the Yoast SEO plugin v27.4 - https:\/\/yoast.com\/product\/yoast-seo-wordpress\/ -->\n<title>Formation Maitrise des proc\u00e9d\u00e9s<\/title>\n<meta name=\"description\" content=\"La formation Ma\u00eetrise des Proc\u00e9d\u00e9s couvre des sujets essentiels comme la variabilit\u00e9, la capabilit\u00e9, Gage R&amp;R, et les cartes de contr\u00f4le.\" \/>\n<meta name=\"robots\" content=\"index, follow, max-snippet:-1, max-image-preview:large, max-video-preview:-1\" \/>\n<link rel=\"canonical\" href=\"https:\/\/ellistat.com\/it\/formazione\/controllo-del-processo\/\" \/>\n<meta property=\"og:locale\" content=\"it_IT\" \/>\n<meta property=\"og:type\" content=\"article\" \/>\n<meta property=\"og:title\" content=\"Formation Maitrise des proc\u00e9d\u00e9s\" \/>\n<meta property=\"og:description\" content=\"La formation Ma\u00eetrise des Proc\u00e9d\u00e9s couvre des sujets essentiels comme la variabilit\u00e9, la capabilit\u00e9, Gage R&amp;R, et les cartes de contr\u00f4le.\" \/>\n<meta property=\"og:url\" content=\"https:\/\/ellistat.com\/it\/formazione\/controllo-del-processo\/\" \/>\n<meta property=\"og:site_name\" content=\"Ellistat\" \/>\n<meta property=\"article:modified_time\" content=\"2025-10-01T14:28:50+00:00\" \/>\n<meta property=\"og:image\" content=\"https:\/\/ellistat.com\/wp-content\/uploads\/Formation_picto_GO_Maitrise-procedes.png\" \/>\n\t<meta property=\"og:image:width\" content=\"209\" \/>\n\t<meta property=\"og:image:height\" content=\"209\" \/>\n\t<meta property=\"og:image:type\" content=\"image\/png\" \/>\n<meta name=\"twitter:card\" content=\"summary_large_image\" \/>\n<meta name=\"twitter:label1\" content=\"Tempo di lettura stimato\" \/>\n\t<meta name=\"twitter:data1\" content=\"1 minuto\" \/>\n<script type=\"application\/ld+json\" class=\"yoast-schema-graph\">{\"@context\":\"https:\\\/\\\/schema.org\",\"@graph\":[{\"@type\":\"WebPage\",\"@id\":\"https:\\\/\\\/ellistat.com\\\/formation\\\/maitrise-des-procedes\\\/\",\"url\":\"https:\\\/\\\/ellistat.com\\\/formation\\\/maitrise-des-procedes\\\/\",\"name\":\"Formation Maitrise des proc\u00e9d\u00e9s\",\"isPartOf\":{\"@id\":\"https:\\\/\\\/ellistat.com\\\/#website\"},\"primaryImageOfPage\":{\"@id\":\"https:\\\/\\\/ellistat.com\\\/formation\\\/maitrise-des-procedes\\\/#primaryimage\"},\"image\":{\"@id\":\"https:\\\/\\\/ellistat.com\\\/formation\\\/maitrise-des-procedes\\\/#primaryimage\"},\"thumbnailUrl\":\"https:\\\/\\\/ellistat.com\\\/wp-content\\\/uploads\\\/Formation_picto_GO_Maitrise-procedes.png\",\"datePublished\":\"2024-09-11T04:15:59+00:00\",\"dateModified\":\"2025-10-01T14:28:50+00:00\",\"description\":\"La formation Ma\u00eetrise des Proc\u00e9d\u00e9s couvre des sujets essentiels comme la variabilit\u00e9, la capabilit\u00e9, Gage R&R, et les cartes de contr\u00f4le.\",\"breadcrumb\":{\"@id\":\"https:\\\/\\\/ellistat.com\\\/formation\\\/maitrise-des-procedes\\\/#breadcrumb\"},\"inLanguage\":\"it-IT\",\"potentialAction\":[{\"@type\":\"ReadAction\",\"target\":[\"https:\\\/\\\/ellistat.com\\\/formation\\\/maitrise-des-procedes\\\/\"]}]},{\"@type\":\"ImageObject\",\"inLanguage\":\"it-IT\",\"@id\":\"https:\\\/\\\/ellistat.com\\\/formation\\\/maitrise-des-procedes\\\/#primaryimage\",\"url\":\"https:\\\/\\\/ellistat.com\\\/wp-content\\\/uploads\\\/Formation_picto_GO_Maitrise-procedes.png\",\"contentUrl\":\"https:\\\/\\\/ellistat.com\\\/wp-content\\\/uploads\\\/Formation_picto_GO_Maitrise-procedes.png\",\"width\":209,\"height\":209,\"caption\":\"Carte de contr\u00f4le pour illustrer la formation MSP\"},{\"@type\":\"BreadcrumbList\",\"@id\":\"https:\\\/\\\/ellistat.com\\\/formation\\\/maitrise-des-procedes\\\/#breadcrumb\",\"itemListElement\":[{\"@type\":\"ListItem\",\"position\":1,\"name\":\"Accueil\",\"item\":\"https:\\\/\\\/ellistat.com\\\/\"},{\"@type\":\"ListItem\",\"position\":2,\"name\":\"Formation\",\"item\":\"https:\\\/\\\/ellistat.com\\\/formation\\\/\"},{\"@type\":\"ListItem\",\"position\":3,\"name\":\"Formation &#8211; Ma\u00eetrise des proc\u00e9d\u00e9s\"}]},{\"@type\":\"WebSite\",\"@id\":\"https:\\\/\\\/ellistat.com\\\/#website\",\"url\":\"https:\\\/\\\/ellistat.com\\\/\",\"name\":\"Ellistat\",\"description\":\"La suite qualit\u00e9 de l&#039;industrie m\u00e9canique\",\"potentialAction\":[{\"@type\":\"SearchAction\",\"target\":{\"@type\":\"EntryPoint\",\"urlTemplate\":\"https:\\\/\\\/ellistat.com\\\/?s={search_term_string}\"},\"query-input\":{\"@type\":\"PropertyValueSpecification\",\"valueRequired\":true,\"valueName\":\"search_term_string\"}}],\"inLanguage\":\"it-IT\"}]}<\/script>\n<!-- \/ Yoast SEO plugin. -->","yoast_head_json":{"title":"Formazione sul controllo di processo","description":"Il corso sul controllo di processo copre argomenti essenziali come la variabilit\u00e0, la capacit\u00e0, il Gage R&amp;R e le carte di controllo.","robots":{"index":"index","follow":"follow","max-snippet":"max-snippet:-1","max-image-preview":"max-image-preview:large","max-video-preview":"max-video-preview:-1"},"canonical":"https:\/\/ellistat.com\/it\/formazione\/controllo-del-processo\/","og_locale":"it_IT","og_type":"article","og_title":"Formation Maitrise des proc\u00e9d\u00e9s","og_description":"La formation Ma\u00eetrise des Proc\u00e9d\u00e9s couvre des sujets essentiels comme la variabilit\u00e9, la capabilit\u00e9, Gage R&R, et les cartes de contr\u00f4le.","og_url":"https:\/\/ellistat.com\/it\/formazione\/controllo-del-processo\/","og_site_name":"Ellistat","article_modified_time":"2025-10-01T14:28:50+00:00","og_image":[{"width":209,"height":209,"url":"https:\/\/ellistat.com\/wp-content\/uploads\/Formation_picto_GO_Maitrise-procedes.png","type":"image\/png"}],"twitter_card":"summary_large_image","twitter_misc":{"Tempo di lettura stimato":"1 minuto"},"schema":{"@context":"https:\/\/schema.org","@graph":[{"@type":"WebPage","@id":"https:\/\/ellistat.com\/formation\/maitrise-des-procedes\/","url":"https:\/\/ellistat.com\/formation\/maitrise-des-procedes\/","name":"Formazione sul controllo di processo","isPartOf":{"@id":"https:\/\/ellistat.com\/#website"},"primaryImageOfPage":{"@id":"https:\/\/ellistat.com\/formation\/maitrise-des-procedes\/#primaryimage"},"image":{"@id":"https:\/\/ellistat.com\/formation\/maitrise-des-procedes\/#primaryimage"},"thumbnailUrl":"https:\/\/ellistat.com\/wp-content\/uploads\/Formation_picto_GO_Maitrise-procedes.png","datePublished":"2024-09-11T04:15:59+00:00","dateModified":"2025-10-01T14:28:50+00:00","description":"Il corso sul controllo di processo copre argomenti essenziali come la variabilit\u00e0, la capacit\u00e0, il Gage R&amp;R e le carte di controllo.","breadcrumb":{"@id":"https:\/\/ellistat.com\/formation\/maitrise-des-procedes\/#breadcrumb"},"inLanguage":"it-IT","potentialAction":[{"@type":"ReadAction","target":["https:\/\/ellistat.com\/formation\/maitrise-des-procedes\/"]}]},{"@type":"ImageObject","inLanguage":"it-IT","@id":"https:\/\/ellistat.com\/formation\/maitrise-des-procedes\/#primaryimage","url":"https:\/\/ellistat.com\/wp-content\/uploads\/Formation_picto_GO_Maitrise-procedes.png","contentUrl":"https:\/\/ellistat.com\/wp-content\/uploads\/Formation_picto_GO_Maitrise-procedes.png","width":209,"height":209,"caption":"Carte de contr\u00f4le pour illustrer la formation MSP"},{"@type":"BreadcrumbList","@id":"https:\/\/ellistat.com\/formation\/maitrise-des-procedes\/#breadcrumb","itemListElement":[{"@type":"ListItem","position":1,"name":"Accueil","item":"https:\/\/ellistat.com\/"},{"@type":"ListItem","position":2,"name":"Formation","item":"https:\/\/ellistat.com\/formation\/"},{"@type":"ListItem","position":3,"name":"Formation &#8211; Ma\u00eetrise des proc\u00e9d\u00e9s"}]},{"@type":"WebSite","@id":"https:\/\/ellistat.com\/#website","url":"https:\/\/ellistat.com\/","name":"Ellistat","description":"La suite della qualit\u00e0 per l'industria meccanica","potentialAction":[{"@type":"SearchAction","target":{"@type":"EntryPoint","urlTemplate":"https:\/\/ellistat.com\/?s={search_term_string}"},"query-input":{"@type":"PropertyValueSpecification","valueRequired":true,"valueName":"search_term_string"}}],"inLanguage":"it-IT"}]}},"_links":{"self":[{"href":"https:\/\/ellistat.com\/it\/wp-json\/wp\/v2\/pages\/1540","targetHints":{"allow":["GET"]}}],"collection":[{"href":"https:\/\/ellistat.com\/it\/wp-json\/wp\/v2\/pages"}],"about":[{"href":"https:\/\/ellistat.com\/it\/wp-json\/wp\/v2\/types\/page"}],"author":[{"embeddable":true,"href":"https:\/\/ellistat.com\/it\/wp-json\/wp\/v2\/users\/2"}],"replies":[{"embeddable":true,"href":"https:\/\/ellistat.com\/it\/wp-json\/wp\/v2\/comments?post=1540"}],"version-history":[{"count":32,"href":"https:\/\/ellistat.com\/it\/wp-json\/wp\/v2\/pages\/1540\/revisions"}],"predecessor-version":[{"id":4185,"href":"https:\/\/ellistat.com\/it\/wp-json\/wp\/v2\/pages\/1540\/revisions\/4185"}],"up":[{"embeddable":true,"href":"https:\/\/ellistat.com\/it\/wp-json\/wp\/v2\/pages\/1754"}],"wp:featuredmedia":[{"embeddable":true,"href":"https:\/\/ellistat.com\/it\/wp-json\/wp\/v2\/media\/3763"}],"wp:attachment":[{"href":"https:\/\/ellistat.com\/it\/wp-json\/wp\/v2\/media?parent=1540"}],"wp:term":[{"taxonomy":"category","embeddable":true,"href":"https:\/\/ellistat.com\/it\/wp-json\/wp\/v2\/categories?post=1540"},{"taxonomy":"post_tag","embeddable":true,"href":"https:\/\/ellistat.com\/it\/wp-json\/wp\/v2\/tags?post=1540"}],"curies":[{"name":"wp","href":"https:\/\/api.w.org\/{rel}","templated":true}]}}