{"id":1544,"date":"2024-09-11T06:27:52","date_gmt":"2024-09-11T04:27:52","guid":{"rendered":"https:\/\/site.ellistat.com\/?page_id=1544"},"modified":"2025-10-01T16:26:43","modified_gmt":"2025-10-01T14:26:43","slug":"controllo-per-campionamento","status":"publish","type":"page","link":"https:\/\/ellistat.com\/it\/formation\/controle-par-echantillonnage\/","title":{"rendered":"Formazione - Controllo del campionamento"},"content":{"rendered":"","protected":false},"excerpt":{"rendered":"<p>Impostare un sistema di controllo dell'accettazione per garantire che tutto sia a posto<\/p>","protected":false},"author":2,"featured_media":3761,"parent":1754,"menu_order":0,"comment_status":"closed","ping_status":"closed","template":"","meta":{"_acf_changed":false,"footnotes":""},"categories":[8],"tags":[16,17,14],"class_list":["post-1544","page","type-page","status-publish","has-post-thumbnail","hentry","category-formation","tag-e-learning","tag-presentiel","tag-statistiques"],"acf":[],"yoast_head":"<!-- This site is optimized with the Yoast SEO plugin v27.4 - https:\/\/yoast.com\/product\/yoast-seo-wordpress\/ -->\n<title>Formation Contr\u00f4le par \u00e9chantillonnage<\/title>\n<meta name=\"description\" content=\"La formation Contr\u00f4le par \u00c9chantillonnage enseigne comment mettre en place un contr\u00f4le de r\u00e9ception efficace.\" \/>\n<meta name=\"robots\" content=\"index, follow, max-snippet:-1, max-image-preview:large, max-video-preview:-1\" \/>\n<link rel=\"canonical\" href=\"https:\/\/ellistat.com\/it\/formazione\/controllo-per-campionamento\/\" \/>\n<meta property=\"og:locale\" content=\"it_IT\" \/>\n<meta property=\"og:type\" content=\"article\" \/>\n<meta property=\"og:title\" content=\"Formation Contr\u00f4le par \u00e9chantillonnage\" \/>\n<meta property=\"og:description\" content=\"La formation Contr\u00f4le par \u00c9chantillonnage enseigne comment mettre en place un contr\u00f4le de r\u00e9ception efficace.\" \/>\n<meta property=\"og:url\" content=\"https:\/\/ellistat.com\/it\/formazione\/controllo-per-campionamento\/\" \/>\n<meta property=\"og:site_name\" content=\"Ellistat\" \/>\n<meta property=\"article:modified_time\" content=\"2025-10-01T14:26:43+00:00\" \/>\n<meta property=\"og:image\" content=\"https:\/\/ellistat.com\/wp-content\/uploads\/Formation_picto_GO_Controle-echantillonage.png\" \/>\n\t<meta property=\"og:image:width\" content=\"209\" \/>\n\t<meta property=\"og:image:height\" content=\"209\" \/>\n\t<meta property=\"og:image:type\" content=\"image\/png\" \/>\n<meta name=\"twitter:card\" content=\"summary_large_image\" \/>\n<meta name=\"twitter:label1\" content=\"Tempo di lettura stimato\" \/>\n\t<meta name=\"twitter:data1\" content=\"1 minuto\" \/>\n<script type=\"application\/ld+json\" class=\"yoast-schema-graph\">{\"@context\":\"https:\\\/\\\/schema.org\",\"@graph\":[{\"@type\":\"WebPage\",\"@id\":\"https:\\\/\\\/ellistat.com\\\/formation\\\/controle-par-echantillonnage\\\/\",\"url\":\"https:\\\/\\\/ellistat.com\\\/formation\\\/controle-par-echantillonnage\\\/\",\"name\":\"Formation Contr\u00f4le par \u00e9chantillonnage\",\"isPartOf\":{\"@id\":\"https:\\\/\\\/ellistat.com\\\/#website\"},\"primaryImageOfPage\":{\"@id\":\"https:\\\/\\\/ellistat.com\\\/formation\\\/controle-par-echantillonnage\\\/#primaryimage\"},\"image\":{\"@id\":\"https:\\\/\\\/ellistat.com\\\/formation\\\/controle-par-echantillonnage\\\/#primaryimage\"},\"thumbnailUrl\":\"https:\\\/\\\/ellistat.com\\\/wp-content\\\/uploads\\\/Formation_picto_GO_Controle-echantillonage.png\",\"datePublished\":\"2024-09-11T04:27:52+00:00\",\"dateModified\":\"2025-10-01T14:26:43+00:00\",\"description\":\"La formation Contr\u00f4le par \u00c9chantillonnage enseigne comment mettre en place un contr\u00f4le de r\u00e9ception efficace.\",\"breadcrumb\":{\"@id\":\"https:\\\/\\\/ellistat.com\\\/formation\\\/controle-par-echantillonnage\\\/#breadcrumb\"},\"inLanguage\":\"it-IT\",\"potentialAction\":[{\"@type\":\"ReadAction\",\"target\":[\"https:\\\/\\\/ellistat.com\\\/formation\\\/controle-par-echantillonnage\\\/\"]}]},{\"@type\":\"ImageObject\",\"inLanguage\":\"it-IT\",\"@id\":\"https:\\\/\\\/ellistat.com\\\/formation\\\/controle-par-echantillonnage\\\/#primaryimage\",\"url\":\"https:\\\/\\\/ellistat.com\\\/wp-content\\\/uploads\\\/Formation_picto_GO_Controle-echantillonage.png\",\"contentUrl\":\"https:\\\/\\\/ellistat.com\\\/wp-content\\\/uploads\\\/Formation_picto_GO_Controle-echantillonage.png\",\"width\":209,\"height\":209,\"caption\":\"Illustration de colis avec une check box pour montrer le contr\u00f4le r\u00e9ception\"},{\"@type\":\"BreadcrumbList\",\"@id\":\"https:\\\/\\\/ellistat.com\\\/formation\\\/controle-par-echantillonnage\\\/#breadcrumb\",\"itemListElement\":[{\"@type\":\"ListItem\",\"position\":1,\"name\":\"Accueil\",\"item\":\"https:\\\/\\\/ellistat.com\\\/\"},{\"@type\":\"ListItem\",\"position\":2,\"name\":\"Formation\",\"item\":\"https:\\\/\\\/ellistat.com\\\/formation\\\/\"},{\"@type\":\"ListItem\",\"position\":3,\"name\":\"Formation &#8211; Contr\u00f4le par \u00e9chantillonnage\"}]},{\"@type\":\"WebSite\",\"@id\":\"https:\\\/\\\/ellistat.com\\\/#website\",\"url\":\"https:\\\/\\\/ellistat.com\\\/\",\"name\":\"Ellistat\",\"description\":\"La suite qualit\u00e9 de l&#039;industrie m\u00e9canique\",\"potentialAction\":[{\"@type\":\"SearchAction\",\"target\":{\"@type\":\"EntryPoint\",\"urlTemplate\":\"https:\\\/\\\/ellistat.com\\\/?s={search_term_string}\"},\"query-input\":{\"@type\":\"PropertyValueSpecification\",\"valueRequired\":true,\"valueName\":\"search_term_string\"}}],\"inLanguage\":\"it-IT\"}]}<\/script>\n<!-- \/ Yoast SEO plugin. -->","yoast_head_json":{"title":"Formazione sul controllo del campionamento","description":"Il corso Controllo a campione insegna come impostare un'efficace ispezione in entrata.","robots":{"index":"index","follow":"follow","max-snippet":"max-snippet:-1","max-image-preview":"max-image-preview:large","max-video-preview":"max-video-preview:-1"},"canonical":"https:\/\/ellistat.com\/it\/formazione\/controllo-per-campionamento\/","og_locale":"it_IT","og_type":"article","og_title":"Formation Contr\u00f4le par \u00e9chantillonnage","og_description":"La formation Contr\u00f4le par \u00c9chantillonnage enseigne comment mettre en place un contr\u00f4le de r\u00e9ception efficace.","og_url":"https:\/\/ellistat.com\/it\/formazione\/controllo-per-campionamento\/","og_site_name":"Ellistat","article_modified_time":"2025-10-01T14:26:43+00:00","og_image":[{"width":209,"height":209,"url":"https:\/\/ellistat.com\/wp-content\/uploads\/Formation_picto_GO_Controle-echantillonage.png","type":"image\/png"}],"twitter_card":"summary_large_image","twitter_misc":{"Tempo di lettura stimato":"1 minuto"},"schema":{"@context":"https:\/\/schema.org","@graph":[{"@type":"WebPage","@id":"https:\/\/ellistat.com\/formation\/controle-par-echantillonnage\/","url":"https:\/\/ellistat.com\/formation\/controle-par-echantillonnage\/","name":"Formazione sul controllo del campionamento","isPartOf":{"@id":"https:\/\/ellistat.com\/#website"},"primaryImageOfPage":{"@id":"https:\/\/ellistat.com\/formation\/controle-par-echantillonnage\/#primaryimage"},"image":{"@id":"https:\/\/ellistat.com\/formation\/controle-par-echantillonnage\/#primaryimage"},"thumbnailUrl":"https:\/\/ellistat.com\/wp-content\/uploads\/Formation_picto_GO_Controle-echantillonage.png","datePublished":"2024-09-11T04:27:52+00:00","dateModified":"2025-10-01T14:26:43+00:00","description":"Il corso Controllo a campione insegna come impostare un'efficace ispezione in entrata.","breadcrumb":{"@id":"https:\/\/ellistat.com\/formation\/controle-par-echantillonnage\/#breadcrumb"},"inLanguage":"it-IT","potentialAction":[{"@type":"ReadAction","target":["https:\/\/ellistat.com\/formation\/controle-par-echantillonnage\/"]}]},{"@type":"ImageObject","inLanguage":"it-IT","@id":"https:\/\/ellistat.com\/formation\/controle-par-echantillonnage\/#primaryimage","url":"https:\/\/ellistat.com\/wp-content\/uploads\/Formation_picto_GO_Controle-echantillonage.png","contentUrl":"https:\/\/ellistat.com\/wp-content\/uploads\/Formation_picto_GO_Controle-echantillonage.png","width":209,"height":209,"caption":"Illustration de colis avec une check box pour montrer le contr\u00f4le r\u00e9ception"},{"@type":"BreadcrumbList","@id":"https:\/\/ellistat.com\/formation\/controle-par-echantillonnage\/#breadcrumb","itemListElement":[{"@type":"ListItem","position":1,"name":"Accueil","item":"https:\/\/ellistat.com\/"},{"@type":"ListItem","position":2,"name":"Formation","item":"https:\/\/ellistat.com\/formation\/"},{"@type":"ListItem","position":3,"name":"Formation &#8211; Contr\u00f4le par \u00e9chantillonnage"}]},{"@type":"WebSite","@id":"https:\/\/ellistat.com\/#website","url":"https:\/\/ellistat.com\/","name":"Ellistat","description":"La suite della qualit\u00e0 per l'industria meccanica","potentialAction":[{"@type":"SearchAction","target":{"@type":"EntryPoint","urlTemplate":"https:\/\/ellistat.com\/?s={search_term_string}"},"query-input":{"@type":"PropertyValueSpecification","valueRequired":true,"valueName":"search_term_string"}}],"inLanguage":"it-IT"}]}},"_links":{"self":[{"href":"https:\/\/ellistat.com\/it\/wp-json\/wp\/v2\/pages\/1544","targetHints":{"allow":["GET"]}}],"collection":[{"href":"https:\/\/ellistat.com\/it\/wp-json\/wp\/v2\/pages"}],"about":[{"href":"https:\/\/ellistat.com\/it\/wp-json\/wp\/v2\/types\/page"}],"author":[{"embeddable":true,"href":"https:\/\/ellistat.com\/it\/wp-json\/wp\/v2\/users\/2"}],"replies":[{"embeddable":true,"href":"https:\/\/ellistat.com\/it\/wp-json\/wp\/v2\/comments?post=1544"}],"version-history":[{"count":30,"href":"https:\/\/ellistat.com\/it\/wp-json\/wp\/v2\/pages\/1544\/revisions"}],"predecessor-version":[{"id":4184,"href":"https:\/\/ellistat.com\/it\/wp-json\/wp\/v2\/pages\/1544\/revisions\/4184"}],"up":[{"embeddable":true,"href":"https:\/\/ellistat.com\/it\/wp-json\/wp\/v2\/pages\/1754"}],"wp:featuredmedia":[{"embeddable":true,"href":"https:\/\/ellistat.com\/it\/wp-json\/wp\/v2\/media\/3761"}],"wp:attachment":[{"href":"https:\/\/ellistat.com\/it\/wp-json\/wp\/v2\/media?parent=1544"}],"wp:term":[{"taxonomy":"category","embeddable":true,"href":"https:\/\/ellistat.com\/it\/wp-json\/wp\/v2\/categories?post=1544"},{"taxonomy":"post_tag","embeddable":true,"href":"https:\/\/ellistat.com\/it\/wp-json\/wp\/v2\/tags?post=1544"}],"curies":[{"name":"wp","href":"https:\/\/api.w.org\/{rel}","templated":true}]}}