{"id":1551,"date":"2024-07-11T06:46:11","date_gmt":"2024-07-11T04:46:11","guid":{"rendered":"https:\/\/site.ellistat.com\/?page_id=1551"},"modified":"2025-10-01T16:37:24","modified_gmt":"2025-10-01T14:37:24","slug":"analisi-dei-sistemi-di-misura","status":"publish","type":"page","link":"https:\/\/ellistat.com\/it\/formation\/analyse-des-systemes-de-mesure\/","title":{"rendered":"Formazione - Analisi dei sistemi di misura"},"content":{"rendered":"","protected":false},"excerpt":{"rendered":"<p>Garantire la validit\u00e0 dei sistemi di misura<\/p>","protected":false},"author":2,"featured_media":3754,"parent":1754,"menu_order":0,"comment_status":"closed","ping_status":"closed","template":"","meta":{"_acf_changed":false,"footnotes":""},"categories":[8],"tags":[16,17,14],"class_list":["post-1551","page","type-page","status-publish","has-post-thumbnail","hentry","category-formation","tag-e-learning","tag-presentiel","tag-statistiques"],"acf":[],"yoast_head":"<!-- This site is optimized with the Yoast SEO plugin v27.4 - https:\/\/yoast.com\/product\/yoast-seo-wordpress\/ -->\n<title>Formation Analyse des syst\u00e8mes de mesure<\/title>\n<meta name=\"description\" content=\"La formation Analyse des Syst\u00e8mes de Mesure se concentre sur l&#039;analyse et la validation de syst\u00e8mes de mesure en suivant la norme MSA.\" \/>\n<meta name=\"robots\" content=\"index, follow, max-snippet:-1, max-image-preview:large, max-video-preview:-1\" \/>\n<link rel=\"canonical\" href=\"https:\/\/ellistat.com\/it\/formazione\/analisi-dei-sistemi-di-misura\/\" \/>\n<meta property=\"og:locale\" content=\"it_IT\" \/>\n<meta property=\"og:type\" content=\"article\" \/>\n<meta property=\"og:title\" content=\"Formation Analyse des syst\u00e8mes de mesure\" \/>\n<meta property=\"og:description\" content=\"La formation Analyse des Syst\u00e8mes de Mesure se concentre sur l&#039;analyse et la validation de syst\u00e8mes de mesure en suivant la norme MSA.\" \/>\n<meta property=\"og:url\" content=\"https:\/\/ellistat.com\/it\/formazione\/analisi-dei-sistemi-di-misura\/\" \/>\n<meta property=\"og:site_name\" content=\"Ellistat\" \/>\n<meta property=\"article:modified_time\" content=\"2025-10-01T14:37:24+00:00\" \/>\n<meta property=\"og:image\" content=\"https:\/\/ellistat.com\/wp-content\/uploads\/Formation_picto_GO_Analyse-systeme-mesure.png\" \/>\n\t<meta property=\"og:image:width\" content=\"209\" \/>\n\t<meta property=\"og:image:height\" content=\"209\" \/>\n\t<meta property=\"og:image:type\" content=\"image\/png\" \/>\n<meta name=\"twitter:card\" content=\"summary_large_image\" \/>\n<meta name=\"twitter:label1\" content=\"Tempo di lettura stimato\" \/>\n\t<meta name=\"twitter:data1\" content=\"6 minuti\" \/>\n<script type=\"application\/ld+json\" class=\"yoast-schema-graph\">{\"@context\":\"https:\\\/\\\/schema.org\",\"@graph\":[{\"@type\":\"WebPage\",\"@id\":\"https:\\\/\\\/ellistat.com\\\/formation\\\/analyse-des-systemes-de-mesure\\\/\",\"url\":\"https:\\\/\\\/ellistat.com\\\/formation\\\/analyse-des-systemes-de-mesure\\\/\",\"name\":\"Formation Analyse des syst\u00e8mes de mesure\",\"isPartOf\":{\"@id\":\"https:\\\/\\\/ellistat.com\\\/#website\"},\"primaryImageOfPage\":{\"@id\":\"https:\\\/\\\/ellistat.com\\\/formation\\\/analyse-des-systemes-de-mesure\\\/#primaryimage\"},\"image\":{\"@id\":\"https:\\\/\\\/ellistat.com\\\/formation\\\/analyse-des-systemes-de-mesure\\\/#primaryimage\"},\"thumbnailUrl\":\"https:\\\/\\\/ellistat.com\\\/wp-content\\\/uploads\\\/Formation_picto_GO_Analyse-systeme-mesure.png\",\"datePublished\":\"2024-07-11T04:46:11+00:00\",\"dateModified\":\"2025-10-01T14:37:24+00:00\",\"description\":\"La formation Analyse des Syst\u00e8mes de Mesure se concentre sur l'analyse et la validation de syst\u00e8mes de mesure en suivant la norme MSA.\",\"breadcrumb\":{\"@id\":\"https:\\\/\\\/ellistat.com\\\/formation\\\/analyse-des-systemes-de-mesure\\\/#breadcrumb\"},\"inLanguage\":\"it-IT\",\"potentialAction\":[{\"@type\":\"ReadAction\",\"target\":[\"https:\\\/\\\/ellistat.com\\\/formation\\\/analyse-des-systemes-de-mesure\\\/\"]}]},{\"@type\":\"ImageObject\",\"inLanguage\":\"it-IT\",\"@id\":\"https:\\\/\\\/ellistat.com\\\/formation\\\/analyse-des-systemes-de-mesure\\\/#primaryimage\",\"url\":\"https:\\\/\\\/ellistat.com\\\/wp-content\\\/uploads\\\/Formation_picto_GO_Analyse-systeme-mesure.png\",\"contentUrl\":\"https:\\\/\\\/ellistat.com\\\/wp-content\\\/uploads\\\/Formation_picto_GO_Analyse-systeme-mesure.png\",\"width\":209,\"height\":209,\"caption\":\"Illustration d'un pied \u00e0 coulisse pour repr\u00e9senter la formation Analyse des Syst\u00e8mes de Mesure\"},{\"@type\":\"BreadcrumbList\",\"@id\":\"https:\\\/\\\/ellistat.com\\\/formation\\\/analyse-des-systemes-de-mesure\\\/#breadcrumb\",\"itemListElement\":[{\"@type\":\"ListItem\",\"position\":1,\"name\":\"Accueil\",\"item\":\"https:\\\/\\\/ellistat.com\\\/\"},{\"@type\":\"ListItem\",\"position\":2,\"name\":\"Formation\",\"item\":\"https:\\\/\\\/ellistat.com\\\/formation\\\/\"},{\"@type\":\"ListItem\",\"position\":3,\"name\":\"Formation &#8211; Analyse des syst\u00e8mes de mesure\"}]},{\"@type\":\"WebSite\",\"@id\":\"https:\\\/\\\/ellistat.com\\\/#website\",\"url\":\"https:\\\/\\\/ellistat.com\\\/\",\"name\":\"Ellistat\",\"description\":\"La suite qualit\u00e9 de l&#039;industrie m\u00e9canique\",\"potentialAction\":[{\"@type\":\"SearchAction\",\"target\":{\"@type\":\"EntryPoint\",\"urlTemplate\":\"https:\\\/\\\/ellistat.com\\\/?s={search_term_string}\"},\"query-input\":{\"@type\":\"PropertyValueSpecification\",\"valueRequired\":true,\"valueName\":\"search_term_string\"}}],\"inLanguage\":\"it-IT\"}]}<\/script>\n<!-- \/ Yoast SEO plugin. -->","yoast_head_json":{"title":"Formazione sull'analisi dei sistemi di misura","description":"Il corso di Analisi dei sistemi di misura si concentra sull'analisi e sulla convalida dei sistemi di misura in conformit\u00e0 allo standard MSA.","robots":{"index":"index","follow":"follow","max-snippet":"max-snippet:-1","max-image-preview":"max-image-preview:large","max-video-preview":"max-video-preview:-1"},"canonical":"https:\/\/ellistat.com\/it\/formazione\/analisi-dei-sistemi-di-misura\/","og_locale":"it_IT","og_type":"article","og_title":"Formation Analyse des syst\u00e8mes de mesure","og_description":"La formation Analyse des Syst\u00e8mes de Mesure se concentre sur l'analyse et la validation de syst\u00e8mes de mesure en suivant la norme MSA.","og_url":"https:\/\/ellistat.com\/it\/formazione\/analisi-dei-sistemi-di-misura\/","og_site_name":"Ellistat","article_modified_time":"2025-10-01T14:37:24+00:00","og_image":[{"width":209,"height":209,"url":"https:\/\/ellistat.com\/wp-content\/uploads\/Formation_picto_GO_Analyse-systeme-mesure.png","type":"image\/png"}],"twitter_card":"summary_large_image","twitter_misc":{"Tempo di lettura stimato":"6 minuti"},"schema":{"@context":"https:\/\/schema.org","@graph":[{"@type":"WebPage","@id":"https:\/\/ellistat.com\/formation\/analyse-des-systemes-de-mesure\/","url":"https:\/\/ellistat.com\/formation\/analyse-des-systemes-de-mesure\/","name":"Formazione sull'analisi dei sistemi di misura","isPartOf":{"@id":"https:\/\/ellistat.com\/#website"},"primaryImageOfPage":{"@id":"https:\/\/ellistat.com\/formation\/analyse-des-systemes-de-mesure\/#primaryimage"},"image":{"@id":"https:\/\/ellistat.com\/formation\/analyse-des-systemes-de-mesure\/#primaryimage"},"thumbnailUrl":"https:\/\/ellistat.com\/wp-content\/uploads\/Formation_picto_GO_Analyse-systeme-mesure.png","datePublished":"2024-07-11T04:46:11+00:00","dateModified":"2025-10-01T14:37:24+00:00","description":"Il corso di Analisi dei sistemi di misura si concentra sull'analisi e sulla convalida dei sistemi di misura in conformit\u00e0 allo standard MSA.","breadcrumb":{"@id":"https:\/\/ellistat.com\/formation\/analyse-des-systemes-de-mesure\/#breadcrumb"},"inLanguage":"it-IT","potentialAction":[{"@type":"ReadAction","target":["https:\/\/ellistat.com\/formation\/analyse-des-systemes-de-mesure\/"]}]},{"@type":"ImageObject","inLanguage":"it-IT","@id":"https:\/\/ellistat.com\/formation\/analyse-des-systemes-de-mesure\/#primaryimage","url":"https:\/\/ellistat.com\/wp-content\/uploads\/Formation_picto_GO_Analyse-systeme-mesure.png","contentUrl":"https:\/\/ellistat.com\/wp-content\/uploads\/Formation_picto_GO_Analyse-systeme-mesure.png","width":209,"height":209,"caption":"Illustration d'un pied \u00e0 coulisse pour repr\u00e9senter la formation Analyse des Syst\u00e8mes de Mesure"},{"@type":"BreadcrumbList","@id":"https:\/\/ellistat.com\/formation\/analyse-des-systemes-de-mesure\/#breadcrumb","itemListElement":[{"@type":"ListItem","position":1,"name":"Accueil","item":"https:\/\/ellistat.com\/"},{"@type":"ListItem","position":2,"name":"Formation","item":"https:\/\/ellistat.com\/formation\/"},{"@type":"ListItem","position":3,"name":"Formation &#8211; Analyse des syst\u00e8mes de mesure"}]},{"@type":"WebSite","@id":"https:\/\/ellistat.com\/#website","url":"https:\/\/ellistat.com\/","name":"Ellistat","description":"La suite della qualit\u00e0 per l'industria meccanica","potentialAction":[{"@type":"SearchAction","target":{"@type":"EntryPoint","urlTemplate":"https:\/\/ellistat.com\/?s={search_term_string}"},"query-input":{"@type":"PropertyValueSpecification","valueRequired":true,"valueName":"search_term_string"}}],"inLanguage":"it-IT"}]}},"_links":{"self":[{"href":"https:\/\/ellistat.com\/it\/wp-json\/wp\/v2\/pages\/1551","targetHints":{"allow":["GET"]}}],"collection":[{"href":"https:\/\/ellistat.com\/it\/wp-json\/wp\/v2\/pages"}],"about":[{"href":"https:\/\/ellistat.com\/it\/wp-json\/wp\/v2\/types\/page"}],"author":[{"embeddable":true,"href":"https:\/\/ellistat.com\/it\/wp-json\/wp\/v2\/users\/2"}],"replies":[{"embeddable":true,"href":"https:\/\/ellistat.com\/it\/wp-json\/wp\/v2\/comments?post=1551"}],"version-history":[{"count":28,"href":"https:\/\/ellistat.com\/it\/wp-json\/wp\/v2\/pages\/1551\/revisions"}],"predecessor-version":[{"id":4188,"href":"https:\/\/ellistat.com\/it\/wp-json\/wp\/v2\/pages\/1551\/revisions\/4188"}],"up":[{"embeddable":true,"href":"https:\/\/ellistat.com\/it\/wp-json\/wp\/v2\/pages\/1754"}],"wp:featuredmedia":[{"embeddable":true,"href":"https:\/\/ellistat.com\/it\/wp-json\/wp\/v2\/media\/3754"}],"wp:attachment":[{"href":"https:\/\/ellistat.com\/it\/wp-json\/wp\/v2\/media?parent=1551"}],"wp:term":[{"taxonomy":"category","embeddable":true,"href":"https:\/\/ellistat.com\/it\/wp-json\/wp\/v2\/categories?post=1551"},{"taxonomy":"post_tag","embeddable":true,"href":"https:\/\/ellistat.com\/it\/wp-json\/wp\/v2\/tags?post=1551"}],"curies":[{"name":"wp","href":"https:\/\/api.w.org\/{rel}","templated":true}]}}