{"id":350,"date":"2024-08-25T09:33:03","date_gmt":"2024-08-25T07:33:03","guid":{"rendered":"https:\/\/site.ellistat.com\/?page_id=350"},"modified":"2025-10-01T16:58:12","modified_gmt":"2025-10-01T14:58:12","slug":"aeronautica","status":"publish","type":"page","link":"https:\/\/ellistat.com\/it\/aeronautique\/","title":{"rendered":"Settore - Aeronautica"},"content":{"rendered":"","protected":false},"excerpt":{"rendered":"","protected":false},"author":3,"featured_media":0,"parent":0,"menu_order":0,"comment_status":"closed","ping_status":"closed","template":"","meta":{"_acf_changed":false,"footnotes":""},"categories":[],"tags":[],"class_list":["post-350","page","type-page","status-publish","hentry"],"acf":[],"yoast_head":"<!-- This site is optimized with the Yoast SEO plugin v27.3 - https:\/\/yoast.com\/product\/yoast-seo-wordpress\/ -->\n<title>Secteur - A\u00e9ronautique - Ellistat<\/title>\n<meta name=\"description\" content=\"La suite qualit\u00e9 logicielle d&#039;Ellistat vous permet de r\u00e9pondre aux exigences de la norme ISO 9100 pour la fabrication des pi\u00e8ces a\u00e9ronautique.\" \/>\n<meta name=\"robots\" content=\"index, follow, max-snippet:-1, max-image-preview:large, max-video-preview:-1\" \/>\n<link rel=\"canonical\" href=\"https:\/\/ellistat.com\/it\/aeronautica\/\" \/>\n<meta property=\"og:locale\" content=\"it_IT\" \/>\n<meta property=\"og:type\" content=\"article\" \/>\n<meta property=\"og:title\" content=\"Secteur - A\u00e9ronautique - Ellistat\" \/>\n<meta property=\"og:description\" content=\"La suite qualit\u00e9 logicielle d&#039;Ellistat vous permet de r\u00e9pondre aux exigences de la norme ISO 9100 pour la fabrication des pi\u00e8ces a\u00e9ronautique.\" \/>\n<meta property=\"og:url\" content=\"https:\/\/ellistat.com\/it\/aeronautica\/\" \/>\n<meta property=\"og:site_name\" content=\"Ellistat\" \/>\n<meta property=\"article:modified_time\" content=\"2025-10-01T14:58:12+00:00\" \/>\n<meta name=\"twitter:card\" content=\"summary_large_image\" \/>\n<script type=\"application\/ld+json\" class=\"yoast-schema-graph\">{\"@context\":\"https:\\\/\\\/schema.org\",\"@graph\":[{\"@type\":\"WebPage\",\"@id\":\"https:\\\/\\\/ellistat.com\\\/aeronautique\\\/\",\"url\":\"https:\\\/\\\/ellistat.com\\\/aeronautique\\\/\",\"name\":\"Secteur - A\u00e9ronautique - Ellistat\",\"isPartOf\":{\"@id\":\"https:\\\/\\\/ellistat.com\\\/#website\"},\"datePublished\":\"2024-08-25T07:33:03+00:00\",\"dateModified\":\"2025-10-01T14:58:12+00:00\",\"description\":\"La suite qualit\u00e9 logicielle d'Ellistat vous permet de r\u00e9pondre aux exigences de la norme ISO 9100 pour la fabrication des pi\u00e8ces a\u00e9ronautique.\",\"breadcrumb\":{\"@id\":\"https:\\\/\\\/ellistat.com\\\/aeronautique\\\/#breadcrumb\"},\"inLanguage\":\"it-IT\",\"potentialAction\":[{\"@type\":\"ReadAction\",\"target\":[\"https:\\\/\\\/ellistat.com\\\/aeronautique\\\/\"]}]},{\"@type\":\"BreadcrumbList\",\"@id\":\"https:\\\/\\\/ellistat.com\\\/aeronautique\\\/#breadcrumb\",\"itemListElement\":[{\"@type\":\"ListItem\",\"position\":1,\"name\":\"Accueil\",\"item\":\"https:\\\/\\\/ellistat.com\\\/\"},{\"@type\":\"ListItem\",\"position\":2,\"name\":\"Secteur &#8211; A\u00e9ronautique\"}]},{\"@type\":\"WebSite\",\"@id\":\"https:\\\/\\\/ellistat.com\\\/#website\",\"url\":\"https:\\\/\\\/ellistat.com\\\/\",\"name\":\"Ellistat\",\"description\":\"La suite qualit\u00e9 de l&#039;industrie m\u00e9canique\",\"potentialAction\":[{\"@type\":\"SearchAction\",\"target\":{\"@type\":\"EntryPoint\",\"urlTemplate\":\"https:\\\/\\\/ellistat.com\\\/?s={search_term_string}\"},\"query-input\":{\"@type\":\"PropertyValueSpecification\",\"valueRequired\":true,\"valueName\":\"search_term_string\"}}],\"inLanguage\":\"it-IT\"}]}<\/script>\n<!-- \/ Yoast SEO plugin. -->","yoast_head_json":{"title":"Settore - Aeronautica - Ellistat","description":"La suite di software per la qualit\u00e0 di Ellistat consente di soddisfare i requisiti della norma ISO 9100 per la produzione di componenti aeronautici.","robots":{"index":"index","follow":"follow","max-snippet":"max-snippet:-1","max-image-preview":"max-image-preview:large","max-video-preview":"max-video-preview:-1"},"canonical":"https:\/\/ellistat.com\/it\/aeronautica\/","og_locale":"it_IT","og_type":"article","og_title":"Secteur - A\u00e9ronautique - Ellistat","og_description":"La suite qualit\u00e9 logicielle d'Ellistat vous permet de r\u00e9pondre aux exigences de la norme ISO 9100 pour la fabrication des pi\u00e8ces a\u00e9ronautique.","og_url":"https:\/\/ellistat.com\/it\/aeronautica\/","og_site_name":"Ellistat","article_modified_time":"2025-10-01T14:58:12+00:00","twitter_card":"summary_large_image","schema":{"@context":"https:\/\/schema.org","@graph":[{"@type":"WebPage","@id":"https:\/\/ellistat.com\/aeronautique\/","url":"https:\/\/ellistat.com\/aeronautique\/","name":"Settore - Aeronautica - Ellistat","isPartOf":{"@id":"https:\/\/ellistat.com\/#website"},"datePublished":"2024-08-25T07:33:03+00:00","dateModified":"2025-10-01T14:58:12+00:00","description":"La suite di software per la qualit\u00e0 di Ellistat consente di soddisfare i requisiti della norma ISO 9100 per la produzione di componenti aeronautici.","breadcrumb":{"@id":"https:\/\/ellistat.com\/aeronautique\/#breadcrumb"},"inLanguage":"it-IT","potentialAction":[{"@type":"ReadAction","target":["https:\/\/ellistat.com\/aeronautique\/"]}]},{"@type":"BreadcrumbList","@id":"https:\/\/ellistat.com\/aeronautique\/#breadcrumb","itemListElement":[{"@type":"ListItem","position":1,"name":"Accueil","item":"https:\/\/ellistat.com\/"},{"@type":"ListItem","position":2,"name":"Secteur &#8211; A\u00e9ronautique"}]},{"@type":"WebSite","@id":"https:\/\/ellistat.com\/#website","url":"https:\/\/ellistat.com\/","name":"Ellistat","description":"La suite della qualit\u00e0 per l'industria meccanica","potentialAction":[{"@type":"SearchAction","target":{"@type":"EntryPoint","urlTemplate":"https:\/\/ellistat.com\/?s={search_term_string}"},"query-input":{"@type":"PropertyValueSpecification","valueRequired":true,"valueName":"search_term_string"}}],"inLanguage":"it-IT"}]}},"_links":{"self":[{"href":"https:\/\/ellistat.com\/it\/wp-json\/wp\/v2\/pages\/350","targetHints":{"allow":["GET"]}}],"collection":[{"href":"https:\/\/ellistat.com\/it\/wp-json\/wp\/v2\/pages"}],"about":[{"href":"https:\/\/ellistat.com\/it\/wp-json\/wp\/v2\/types\/page"}],"author":[{"embeddable":true,"href":"https:\/\/ellistat.com\/it\/wp-json\/wp\/v2\/users\/3"}],"replies":[{"embeddable":true,"href":"https:\/\/ellistat.com\/it\/wp-json\/wp\/v2\/comments?post=350"}],"version-history":[{"count":42,"href":"https:\/\/ellistat.com\/it\/wp-json\/wp\/v2\/pages\/350\/revisions"}],"predecessor-version":[{"id":4197,"href":"https:\/\/ellistat.com\/it\/wp-json\/wp\/v2\/pages\/350\/revisions\/4197"}],"wp:attachment":[{"href":"https:\/\/ellistat.com\/it\/wp-json\/wp\/v2\/media?parent=350"}],"wp:term":[{"taxonomy":"category","embeddable":true,"href":"https:\/\/ellistat.com\/it\/wp-json\/wp\/v2\/categories?post=350"},{"taxonomy":"post_tag","embeddable":true,"href":"https:\/\/ellistat.com\/it\/wp-json\/wp\/v2\/tags?post=350"}],"curies":[{"name":"wp","href":"https:\/\/api.w.org\/{rel}","templated":true}]}}